{"id":31536,"date":"2025-11-10T11:11:06","date_gmt":"2025-11-10T11:11:06","guid":{"rendered":"https:\/\/e-maestros.ma\/?page_id=31536"},"modified":"2025-11-11T15:49:57","modified_gmt":"2025-11-11T15:49:57","slug":"categories","status":"publish","type":"page","link":"https:\/\/e-maestros.ma\/fr\/categories\/","title":{"rendered":"Cat\u00e9gories"},"content":{"rendered":"<div data-elementor-type=\"wp-page\" data-elementor-id=\"31536\" class=\"elementor elementor-31536\" data-elementor-post-type=\"page\">\n\t\t\t\t<div class=\"wd-negative-gap elementor-element elementor-element-e2d528d e-flex e-con-boxed e-con e-parent\" data-id=\"e2d528d\" data-element_type=\"container\" data-e-type=\"container\">\n\t\t\t\t\t<div class=\"e-con-inner\">\n\t\t\t\t<div class=\"elementor-element elementor-element-6c11745 elementor-widget elementor-widget-heading\" data-id=\"6c11745\" data-element_type=\"widget\" data-e-type=\"widget\" data-widget_type=\"heading.default\">\n\t\t\t\t\t<h2 class=\"elementor-heading-title elementor-size-default\">Cat\u00e9gories<\/h2>\t\t\t\t<\/div>\n\t\t\t\t\t<\/div>\n\t\t\t\t<\/div>\n\t\t<div class=\"wd-negative-gap elementor-element elementor-element-9e12995 e-flex e-con-boxed e-con e-parent\" data-id=\"9e12995\" data-element_type=\"container\" data-e-type=\"container\">\n\t\t\t\t\t<div class=\"e-con-inner\">\n\t\t\t\t<div class=\"elementor-element elementor-element-2991cef elementor-widget-divider--view-line elementor-widget elementor-widget-divider\" data-id=\"2991cef\" data-element_type=\"widget\" data-e-type=\"widget\" data-widget_type=\"divider.default\">\n\t\t\t\t\t\t\t<div class=\"elementor-divider\">\n\t\t\t<span class=\"elementor-divider-separator\">\n\t\t\t\t\t\t<\/span>\n\t\t<\/div>\n\t\t\t\t\t\t<\/div>\n\t\t\t\t<div class=\"elementor-element elementor-element-26dc734 elementor-widget elementor-widget-spacer\" data-id=\"26dc734\" data-element_type=\"widget\" data-e-type=\"widget\" data-widget_type=\"spacer.default\">\n\t\t\t\t\t\t\t<div class=\"elementor-spacer\">\n\t\t\t<div class=\"elementor-spacer-inner\"><\/div>\n\t\t<\/div>\n\t\t\t\t\t\t<\/div>\n\t\t\t\t\t<\/div>\n\t\t\t\t<\/div>\n\t\t<div class=\"wd-negative-gap elementor-element elementor-element-e584c8d e-flex e-con-boxed e-con e-parent\" data-id=\"e584c8d\" data-element_type=\"container\" data-e-type=\"container\">\n\t\t\t\t\t<div class=\"e-con-inner\">\n\t\t\t\t<div class=\"elementor-element elementor-element-876edbb wd-width-100 wd-nav-accordion-mb-on elementor-widget elementor-widget-wd_product_categories\" data-id=\"876edbb\" data-element_type=\"widget\" data-e-type=\"widget\" data-widget_type=\"wd_product_categories.default\">\n\t\t\t\t<div class=\"elementor-widget-container\">\n\t\t\t\t\t\t\t\t\t\t\t\t\t\t\n\t\t\t\t<div class=\"wd-cats-element\">\n\t\t\t\t\t<div class=\"wd-grid-g wd-cats products woocommerce columns-3 elements-grid\" style=\"--wd-col-lg:3;--wd-col-md:3;--wd-col-sm:2;--wd-gap-lg:20px;--wd-gap-sm:10px;\">\n\t\t\t\t\t\t\t\t\t\t\t\t\t\n<div class=\"wd-col category-grid-item wd-cat cat-design-alt categories-with-shadow wd-with-subcat product-category product first\" data-loop=\"1\">\n\t\n\t<div class=\"wd-cat-inner wrapp-category\">\n\t\t<div class=\"wd-cat-thumb category-image-wrapp\">\n\t\t\t<a class=\"wd-cat-image category-image\" href=\"https:\/\/e-maestros.ma\/fr\/categorie-produit\/controle-dacces\/\" aria-label=\"Contr\u00f4le d&#039;acc\u00e8s\">\n\t\t\t\t\n\t\t\t\t<img loading=\"lazy\" decoding=\"async\" width=\"500\" height=\"500\" src=\"https:\/\/e-maestros.ma\/wp-content\/uploads\/2026\/01\/domotique-9.png\" class=\"attachment-large size-large\" alt=\"\" srcset=\"https:\/\/e-maestros.ma\/wp-content\/uploads\/2026\/01\/domotique-9.png 500w, https:\/\/e-maestros.ma\/wp-content\/uploads\/2026\/01\/domotique-9-300x300.png 300w, https:\/\/e-maestros.ma\/wp-content\/uploads\/2026\/01\/domotique-9-150x150.png 150w, https:\/\/e-maestros.ma\/wp-content\/uploads\/2026\/01\/domotique-9-12x12.png 12w, https:\/\/e-maestros.ma\/wp-content\/uploads\/2026\/01\/domotique-9-430x430.png 430w\" sizes=\"auto, (max-width: 500px) 100vw, 500px\" \/>\t\t\t<\/a>\n\t\t<\/div>\n\t\t<div class=\"wd-cat-content hover-mask\">\n\t\t\t<h3 class=\"wd-entities-title\">\n\t\t\t\tContr\u00f4le d'acc\u00e8s\t\t\t<\/h3>\n\n\t\t\t\t\t\t\t<div class=\"wd-cat-count more-products\">\n\t\t\t\t\t<a href=\"https:\/\/e-maestros.ma\/fr\/categorie-produit\/controle-dacces\/\">\n\t\t\t\t\t23 produits\t\t\t\t\t<\/a>\n\t\t\t\t<\/div>\n\t\t\t\n\t\t\t\t\t<\/div>\n\n\t\t\t\t<a class=\"wd-fill category-link\" href=\"https:\/\/e-maestros.ma\/fr\/categorie-produit\/controle-dacces\/\" aria-label=\"Cat\u00e9gorie de produits controle-dacces\"><\/a>\n\t\t\t<\/div>\n\n\t<\/div>\n\t\t\t\t\t\t\t\t\t\t\t\t\t\n<div class=\"wd-col category-grid-item wd-cat cat-design-alt categories-with-shadow wd-with-subcat product-category product\" data-loop=\"2\">\n\t\n\t<div class=\"wd-cat-inner wrapp-category\">\n\t\t<div class=\"wd-cat-thumb category-image-wrapp\">\n\t\t\t<a class=\"wd-cat-image category-image\" href=\"https:\/\/e-maestros.ma\/fr\/categorie-produit\/courant-faible\/\" aria-label=\"Courant faible\">\n\t\t\t\t\n\t\t\t\t<img loading=\"lazy\" decoding=\"async\" width=\"500\" height=\"500\" src=\"https:\/\/e-maestros.ma\/wp-content\/uploads\/2026\/01\/domotique-12.png\" class=\"attachment-large size-large\" alt=\"\" srcset=\"https:\/\/e-maestros.ma\/wp-content\/uploads\/2026\/01\/domotique-12.png 500w, https:\/\/e-maestros.ma\/wp-content\/uploads\/2026\/01\/domotique-12-300x300.png 300w, https:\/\/e-maestros.ma\/wp-content\/uploads\/2026\/01\/domotique-12-150x150.png 150w, https:\/\/e-maestros.ma\/wp-content\/uploads\/2026\/01\/domotique-12-12x12.png 12w, https:\/\/e-maestros.ma\/wp-content\/uploads\/2026\/01\/domotique-12-430x430.png 430w\" sizes=\"auto, (max-width: 500px) 100vw, 500px\" \/>\t\t\t<\/a>\n\t\t<\/div>\n\t\t<div class=\"wd-cat-content hover-mask\">\n\t\t\t<h3 class=\"wd-entities-title\">\n\t\t\t\tCourant faible\t\t\t<\/h3>\n\n\t\t\t\t\t\t\t<div class=\"wd-cat-count more-products\">\n\t\t\t\t\t<a href=\"https:\/\/e-maestros.ma\/fr\/categorie-produit\/courant-faible\/\">\n\t\t\t\t\t21 produits\t\t\t\t\t<\/a>\n\t\t\t\t<\/div>\n\t\t\t\n\t\t\t\t\t<\/div>\n\n\t\t\t\t<a class=\"wd-fill category-link\" href=\"https:\/\/e-maestros.ma\/fr\/categorie-produit\/courant-faible\/\" aria-label=\"Cat\u00e9gorie de produits courant-faible\"><\/a>\n\t\t\t<\/div>\n\n\t<\/div>\n\t\t\t\t\t\t\t\t\t\t\t\t\t\n<div class=\"wd-col category-grid-item wd-cat cat-design-alt categories-with-shadow wd-with-subcat product-category product\" data-loop=\"3\">\n\t\n\t<div class=\"wd-cat-inner wrapp-category\">\n\t\t<div class=\"wd-cat-thumb category-image-wrapp\">\n\t\t\t<a class=\"wd-cat-image category-image\" href=\"https:\/\/e-maestros.ma\/fr\/categorie-produit\/par-defaut\/\" aria-label=\"D\u00e9faut\">\n\t\t\t\t\n\t\t\t\t<img loading=\"lazy\" decoding=\"async\" width=\"500\" height=\"500\" src=\"https:\/\/e-maestros.ma\/wp-content\/uploads\/2026\/01\/Default-1.png\" class=\"attachment-large size-large\" alt=\"\" srcset=\"https:\/\/e-maestros.ma\/wp-content\/uploads\/2026\/01\/Default-1.png 500w, https:\/\/e-maestros.ma\/wp-content\/uploads\/2026\/01\/Default-1-300x300.png 300w, https:\/\/e-maestros.ma\/wp-content\/uploads\/2026\/01\/Default-1-150x150.png 150w, https:\/\/e-maestros.ma\/wp-content\/uploads\/2026\/01\/Default-1-12x12.png 12w, https:\/\/e-maestros.ma\/wp-content\/uploads\/2026\/01\/Default-1-430x430.png 430w\" sizes=\"auto, (max-width: 500px) 100vw, 500px\" \/>\t\t\t<\/a>\n\t\t<\/div>\n\t\t<div class=\"wd-cat-content hover-mask\">\n\t\t\t<h3 class=\"wd-entities-title\">\n\t\t\t\tD\u00e9faut\t\t\t<\/h3>\n\n\t\t\t\t\t\t\t<div class=\"wd-cat-count more-products\">\n\t\t\t\t\t<a href=\"https:\/\/e-maestros.ma\/fr\/categorie-produit\/par-defaut\/\">\n\t\t\t\t\t18 produits\t\t\t\t\t<\/a>\n\t\t\t\t<\/div>\n\t\t\t\n\t\t\t\t\t<\/div>\n\n\t\t\t\t<a class=\"wd-fill category-link\" href=\"https:\/\/e-maestros.ma\/fr\/categorie-produit\/par-defaut\/\" aria-label=\"Cat\u00e9gorie de produit par d\u00e9faut\"><\/a>\n\t\t\t<\/div>\n\n\t<\/div>\n\t\t\t\t\t\t\t\t\t\t\t\t\t\n<div class=\"wd-col category-grid-item wd-cat cat-design-alt categories-with-shadow wd-with-subcat product-category product last\" data-loop=\"4\">\n\t\n\t<div class=\"wd-cat-inner wrapp-category\">\n\t\t<div class=\"wd-cat-thumb category-image-wrapp\">\n\t\t\t<a class=\"wd-cat-image category-image\" href=\"https:\/\/e-maestros.ma\/fr\/categorie-produit\/domotique\/\" aria-label=\"Domotique\">\n\t\t\t\t\n\t\t\t\t<img loading=\"lazy\" decoding=\"async\" width=\"500\" height=\"500\" src=\"https:\/\/e-maestros.ma\/wp-content\/uploads\/2026\/01\/domotique-1.png\" class=\"attachment-large size-large\" alt=\"\" srcset=\"https:\/\/e-maestros.ma\/wp-content\/uploads\/2026\/01\/domotique-1.png 500w, https:\/\/e-maestros.ma\/wp-content\/uploads\/2026\/01\/domotique-1-300x300.png 300w, https:\/\/e-maestros.ma\/wp-content\/uploads\/2026\/01\/domotique-1-150x150.png 150w, https:\/\/e-maestros.ma\/wp-content\/uploads\/2026\/01\/domotique-1-12x12.png 12w, https:\/\/e-maestros.ma\/wp-content\/uploads\/2026\/01\/domotique-1-430x430.png 430w\" sizes=\"auto, (max-width: 500px) 100vw, 500px\" \/>\t\t\t<\/a>\n\t\t<\/div>\n\t\t<div class=\"wd-cat-content hover-mask\">\n\t\t\t<h3 class=\"wd-entities-title\">\n\t\t\t\tDomotique\t\t\t<\/h3>\n\n\t\t\t\t\t\t\t<div class=\"wd-cat-count more-products\">\n\t\t\t\t\t<a href=\"https:\/\/e-maestros.ma\/fr\/categorie-produit\/domotique\/\">\n\t\t\t\t\t22 produits\t\t\t\t\t<\/a>\n\t\t\t\t<\/div>\n\t\t\t\n\t\t\t\t\t<\/div>\n\n\t\t\t\t<a class=\"wd-fill category-link\" href=\"https:\/\/e-maestros.ma\/fr\/categorie-produit\/domotique\/\" aria-label=\"Cat\u00e9gorie de produit domotique\"><\/a>\n\t\t\t<\/div>\n\n\t<\/div>\n\t\t\t\t\t\t\t\t\t\t\t\t\t\n<div class=\"wd-col category-grid-item wd-cat cat-design-alt categories-with-shadow wd-with-subcat product-category product first\" data-loop=\"5\">\n\t\n\t<div class=\"wd-cat-inner wrapp-category\">\n\t\t<div class=\"wd-cat-thumb category-image-wrapp\">\n\t\t\t<a class=\"wd-cat-image category-image\" href=\"https:\/\/e-maestros.ma\/fr\/categorie-produit\/eclairage\/\" aria-label=\"\u00c9clairage\">\n\t\t\t\t\n\t\t\t\t<img loading=\"lazy\" decoding=\"async\" width=\"500\" height=\"500\" src=\"https:\/\/e-maestros.ma\/wp-content\/uploads\/2026\/01\/domotique-5.png\" class=\"attachment-large size-large\" alt=\"\" srcset=\"https:\/\/e-maestros.ma\/wp-content\/uploads\/2026\/01\/domotique-5.png 500w, https:\/\/e-maestros.ma\/wp-content\/uploads\/2026\/01\/domotique-5-300x300.png 300w, https:\/\/e-maestros.ma\/wp-content\/uploads\/2026\/01\/domotique-5-150x150.png 150w, https:\/\/e-maestros.ma\/wp-content\/uploads\/2026\/01\/domotique-5-12x12.png 12w, https:\/\/e-maestros.ma\/wp-content\/uploads\/2026\/01\/domotique-5-430x430.png 430w\" sizes=\"auto, (max-width: 500px) 100vw, 500px\" \/>\t\t\t<\/a>\n\t\t<\/div>\n\t\t<div class=\"wd-cat-content hover-mask\">\n\t\t\t<h3 class=\"wd-entities-title\">\n\t\t\t\t\u00c9clairage\t\t\t<\/h3>\n\n\t\t\t\t\t\t\t<div class=\"wd-cat-count more-products\">\n\t\t\t\t\t<a href=\"https:\/\/e-maestros.ma\/fr\/categorie-produit\/eclairage\/\">\n\t\t\t\t\t18 produits\t\t\t\t\t<\/a>\n\t\t\t\t<\/div>\n\t\t\t\n\t\t\t\t\t<\/div>\n\n\t\t\t\t<a class=\"wd-fill category-link\" href=\"https:\/\/e-maestros.ma\/fr\/categorie-produit\/eclairage\/\" aria-label=\"Cat\u00e9gorie de produit eclairage\"><\/a>\n\t\t\t<\/div>\n\n\t<\/div>\n\t\t\t\t\t\t\t\t\t\t\t\t\t\n<div class=\"wd-col category-grid-item wd-cat cat-design-alt categories-with-shadow wd-with-subcat product-category product\" data-loop=\"6\">\n\t\n\t<div class=\"wd-cat-inner wrapp-category\">\n\t\t<div class=\"wd-cat-thumb category-image-wrapp\">\n\t\t\t<a class=\"wd-cat-image category-image\" href=\"https:\/\/e-maestros.ma\/fr\/categorie-produit\/electricite\/\" aria-label=\"\u00c9lectricit\u00e9\">\n\t\t\t\t\n\t\t\t\t<img loading=\"lazy\" decoding=\"async\" width=\"500\" height=\"500\" src=\"https:\/\/e-maestros.ma\/wp-content\/uploads\/2026\/01\/domotique-7.png\" class=\"attachment-large size-large\" alt=\"\" srcset=\"https:\/\/e-maestros.ma\/wp-content\/uploads\/2026\/01\/domotique-7.png 500w, https:\/\/e-maestros.ma\/wp-content\/uploads\/2026\/01\/domotique-7-300x300.png 300w, https:\/\/e-maestros.ma\/wp-content\/uploads\/2026\/01\/domotique-7-150x150.png 150w, https:\/\/e-maestros.ma\/wp-content\/uploads\/2026\/01\/domotique-7-12x12.png 12w, https:\/\/e-maestros.ma\/wp-content\/uploads\/2026\/01\/domotique-7-430x430.png 430w\" sizes=\"auto, (max-width: 500px) 100vw, 500px\" \/>\t\t\t<\/a>\n\t\t<\/div>\n\t\t<div class=\"wd-cat-content hover-mask\">\n\t\t\t<h3 class=\"wd-entities-title\">\n\t\t\t\t\u00c9lectricit\u00e9\t\t\t<\/h3>\n\n\t\t\t\t\t\t\t<div class=\"wd-cat-count more-products\">\n\t\t\t\t\t<a href=\"https:\/\/e-maestros.ma\/fr\/categorie-produit\/electricite\/\">\n\t\t\t\t\t17 produits\t\t\t\t\t<\/a>\n\t\t\t\t<\/div>\n\t\t\t\n\t\t\t\t\t<\/div>\n\n\t\t\t\t<a class=\"wd-fill category-link\" href=\"https:\/\/e-maestros.ma\/fr\/categorie-produit\/electricite\/\" aria-label=\"Cat\u00e9gorie de produit electricite\"><\/a>\n\t\t\t<\/div>\n\n\t<\/div>\n\t\t\t\t\t\t\t\t\t\t\t\t\t\n<div class=\"wd-col category-grid-item wd-cat cat-design-alt categories-with-shadow wd-with-subcat product-category product\" data-loop=\"7\">\n\t\n\t<div class=\"wd-cat-inner wrapp-category\">\n\t\t<div class=\"wd-cat-thumb category-image-wrapp\">\n\t\t\t<a class=\"wd-cat-image category-image\" href=\"https:\/\/e-maestros.ma\/fr\/categorie-produit\/energie-solaire\/\" aria-label=\"\u00c9nergie solaire\">\n\t\t\t\t\n\t\t\t\t<img loading=\"lazy\" decoding=\"async\" width=\"500\" height=\"500\" src=\"https:\/\/e-maestros.ma\/wp-content\/uploads\/2026\/01\/domotique-11.png\" class=\"attachment-large size-large\" alt=\"\" srcset=\"https:\/\/e-maestros.ma\/wp-content\/uploads\/2026\/01\/domotique-11.png 500w, https:\/\/e-maestros.ma\/wp-content\/uploads\/2026\/01\/domotique-11-300x300.png 300w, https:\/\/e-maestros.ma\/wp-content\/uploads\/2026\/01\/domotique-11-150x150.png 150w, https:\/\/e-maestros.ma\/wp-content\/uploads\/2026\/01\/domotique-11-12x12.png 12w, https:\/\/e-maestros.ma\/wp-content\/uploads\/2026\/01\/domotique-11-430x430.png 430w\" sizes=\"auto, (max-width: 500px) 100vw, 500px\" \/>\t\t\t<\/a>\n\t\t<\/div>\n\t\t<div class=\"wd-cat-content hover-mask\">\n\t\t\t<h3 class=\"wd-entities-title\">\n\t\t\t\t\u00c9nergie solaire\t\t\t<\/h3>\n\n\t\t\t\t\t\t\t<div class=\"wd-cat-count more-products\">\n\t\t\t\t\t<a href=\"https:\/\/e-maestros.ma\/fr\/categorie-produit\/energie-solaire\/\">\n\t\t\t\t\t17 produits\t\t\t\t\t<\/a>\n\t\t\t\t<\/div>\n\t\t\t\n\t\t\t\t\t<\/div>\n\n\t\t\t\t<a class=\"wd-fill category-link\" href=\"https:\/\/e-maestros.ma\/fr\/categorie-produit\/energie-solaire\/\" aria-label=\"Cat\u00e9gorie de produit \u00e9nergie-solaire\"><\/a>\n\t\t\t<\/div>\n\n\t<\/div>\n\t\t\t\t\t\t\t\t\t\t\t\t\t\n<div class=\"wd-col category-grid-item wd-cat cat-design-alt categories-with-shadow wd-with-subcat product-category product last\" data-loop=\"8\">\n\t\n\t<div class=\"wd-cat-inner wrapp-category\">\n\t\t<div class=\"wd-cat-thumb category-image-wrapp\">\n\t\t\t<a class=\"wd-cat-image category-image\" href=\"https:\/\/e-maestros.ma\/fr\/categorie-produit\/reseau-informatique\/\" aria-label=\"R\u00e9seau informatique\">\n\t\t\t\t\n\t\t\t\t<img loading=\"lazy\" decoding=\"async\" width=\"500\" height=\"500\" src=\"https:\/\/e-maestros.ma\/wp-content\/uploads\/2026\/01\/domotique-10.png\" class=\"attachment-large size-large\" alt=\"\" srcset=\"https:\/\/e-maestros.ma\/wp-content\/uploads\/2026\/01\/domotique-10.png 500w, https:\/\/e-maestros.ma\/wp-content\/uploads\/2026\/01\/domotique-10-300x300.png 300w, https:\/\/e-maestros.ma\/wp-content\/uploads\/2026\/01\/domotique-10-150x150.png 150w, https:\/\/e-maestros.ma\/wp-content\/uploads\/2026\/01\/domotique-10-12x12.png 12w, https:\/\/e-maestros.ma\/wp-content\/uploads\/2026\/01\/domotique-10-430x430.png 430w\" sizes=\"auto, (max-width: 500px) 100vw, 500px\" \/>\t\t\t<\/a>\n\t\t<\/div>\n\t\t<div class=\"wd-cat-content hover-mask\">\n\t\t\t<h3 class=\"wd-entities-title\">\n\t\t\t\tR\u00e9seau informatique\t\t\t<\/h3>\n\n\t\t\t\t\t\t\t<div class=\"wd-cat-count more-products\">\n\t\t\t\t\t<a href=\"https:\/\/e-maestros.ma\/fr\/categorie-produit\/reseau-informatique\/\">\n\t\t\t\t\t21 produits\t\t\t\t\t<\/a>\n\t\t\t\t<\/div>\n\t\t\t\n\t\t\t\t\t<\/div>\n\n\t\t\t\t<a class=\"wd-fill category-link\" href=\"https:\/\/e-maestros.ma\/fr\/categorie-produit\/reseau-informatique\/\" aria-label=\"Cat\u00e9gorie de produit reseau-informatique\"><\/a>\n\t\t\t<\/div>\n\n\t<\/div>\n\t\t\t\t\t\t\t\t\t\t\t\t\t\n<div class=\"wd-col category-grid-item wd-cat cat-design-alt categories-with-shadow wd-with-subcat product-category product first\" data-loop=\"9\">\n\t\n\t<div class=\"wd-cat-inner wrapp-category\">\n\t\t<div class=\"wd-cat-thumb category-image-wrapp\">\n\t\t\t<a class=\"wd-cat-image category-image\" href=\"https:\/\/e-maestros.ma\/fr\/categorie-produit\/sonorisation\/\" aria-label=\"Sonorisation\">\n\t\t\t\t\n\t\t\t\t<img loading=\"lazy\" decoding=\"async\" width=\"500\" height=\"500\" src=\"https:\/\/e-maestros.ma\/wp-content\/uploads\/2026\/01\/Default-2.png\" class=\"attachment-large size-large\" alt=\"\" srcset=\"https:\/\/e-maestros.ma\/wp-content\/uploads\/2026\/01\/Default-2.png 500w, https:\/\/e-maestros.ma\/wp-content\/uploads\/2026\/01\/Default-2-300x300.png 300w, https:\/\/e-maestros.ma\/wp-content\/uploads\/2026\/01\/Default-2-150x150.png 150w, https:\/\/e-maestros.ma\/wp-content\/uploads\/2026\/01\/Default-2-12x12.png 12w, https:\/\/e-maestros.ma\/wp-content\/uploads\/2026\/01\/Default-2-430x430.png 430w\" sizes=\"auto, (max-width: 500px) 100vw, 500px\" \/>\t\t\t<\/a>\n\t\t<\/div>\n\t\t<div class=\"wd-cat-content hover-mask\">\n\t\t\t<h3 class=\"wd-entities-title\">\n\t\t\t\tSonorisation\t\t\t<\/h3>\n\n\t\t\t\t\t\t\t<div class=\"wd-cat-count more-products\">\n\t\t\t\t\t<a href=\"https:\/\/e-maestros.ma\/fr\/categorie-produit\/sonorisation\/\">\n\t\t\t\t\t19 produits\t\t\t\t\t<\/a>\n\t\t\t\t<\/div>\n\t\t\t\n\t\t\t\t\t<\/div>\n\n\t\t\t\t<a class=\"wd-fill category-link\" href=\"https:\/\/e-maestros.ma\/fr\/categorie-produit\/sonorisation\/\" aria-label=\"Cat\u00e9gorie de produit sonorisation\"><\/a>\n\t\t\t<\/div>\n\n\t<\/div>\n\t\t\t\t\t\t\t\t\t\t\t<\/div>\n\t\t\t\t<\/div>\n\t\t\t\t\t\t\t\t\t\t\t<\/div>\n\t\t\t\t<\/div>\n\t\t\t\t\t<\/div>\n\t\t\t\t<\/div>\n\t\t\t\t<\/div>","protected":false},"excerpt":{"rendered":"<p>Categories Contr\u00f4le d\u2019acc\u00e8s 12 products Courant faible 12 products Default 12 products Domotique 12 products \u00c9clairage 12 products \u00c9lectricit\u00e9 12<\/p>","protected":false},"author":1,"featured_media":0,"parent":0,"menu_order":0,"comment_status":"closed","ping_status":"closed","template":"","meta":{"footnotes":""},"class_list":["post-31536","page","type-page","status-publish","hentry"],"_hostinger_reach_plugin_has_subscription_block":false,"_hostinger_reach_plugin_is_elementor":false,"jetpack_sharing_enabled":true,"_links":{"self":[{"href":"https:\/\/e-maestros.ma\/fr\/wp-json\/wp\/v2\/pages\/31536","targetHints":{"allow":["GET"]}}],"collection":[{"href":"https:\/\/e-maestros.ma\/fr\/wp-json\/wp\/v2\/pages"}],"about":[{"href":"https:\/\/e-maestros.ma\/fr\/wp-json\/wp\/v2\/types\/page"}],"author":[{"embeddable":true,"href":"https:\/\/e-maestros.ma\/fr\/wp-json\/wp\/v2\/users\/1"}],"replies":[{"embeddable":true,"href":"https:\/\/e-maestros.ma\/fr\/wp-json\/wp\/v2\/comments?post=31536"}],"version-history":[{"count":26,"href":"https:\/\/e-maestros.ma\/fr\/wp-json\/wp\/v2\/pages\/31536\/revisions"}],"predecessor-version":[{"id":31739,"href":"https:\/\/e-maestros.ma\/fr\/wp-json\/wp\/v2\/pages\/31536\/revisions\/31739"}],"wp:attachment":[{"href":"https:\/\/e-maestros.ma\/fr\/wp-json\/wp\/v2\/media?parent=31536"}],"curies":[{"name":"wp","href":"https:\/\/api.w.org\/{rel}","templated":true}]}}