{"id":31561,"date":"2025-11-10T12:14:58","date_gmt":"2025-11-10T12:14:58","guid":{"rendered":"https:\/\/e-maestros.ma\/?page_id=31561"},"modified":"2025-11-12T11:07:36","modified_gmt":"2025-11-12T11:07:36","slug":"politique-en-matiere-de-cookies","status":"publish","type":"page","link":"https:\/\/e-maestros.ma\/fr\/politique-en-matiere-de-cookies\/","title":{"rendered":"Politique en mati\u00e8re de cookies"},"content":{"rendered":"<div data-elementor-type=\"wp-page\" data-elementor-id=\"31561\" class=\"elementor elementor-31561\" data-elementor-post-type=\"page\">\n\t\t\t\t<div class=\"wd-negative-gap elementor-element elementor-element-4b5ffef8 e-flex e-con-boxed e-con e-parent\" data-id=\"4b5ffef8\" data-element_type=\"container\" data-e-type=\"container\">\n\t\t\t\t\t<div class=\"e-con-inner\">\n\t\t\t\t<div class=\"elementor-element elementor-element-35a360c8 color-scheme-inherit text-left elementor-widget elementor-widget-text-editor\" data-id=\"35a360c8\" data-element_type=\"widget\" data-e-type=\"widget\" data-widget_type=\"text-editor.default\">\n\t\t\t\t\t\t\t\t\t\n<h3 class=\"wp-block-heading\"><strong>Politique en mati\u00e8re de cookies<\/strong><\/h3>\n<p class=\"ds-markdown-paragraph\"><strong>Date d'entr\u00e9e en vigueur :<\/strong> 12\/11\/2025<\/p>\n<p class=\"ds-markdown-paragraph\"><strong>1. Introduction<\/strong><\/p>\n<p class=\"ds-markdown-paragraph\"><strong>MAESTRO'S SYSTEMS SARL<\/strong>\u00a0(\u201cnous\u201d, \u201cnotre\u201d, \u201cnos\u201d) utilise des cookies et des technologies similaires sur son site web afin d'am\u00e9liorer l'exp\u00e9rience de l'utilisateur, d'analyser les performances du site web et de fournir un contenu et une publicit\u00e9 pertinents. La pr\u00e9sente politique en mati\u00e8re de cookies explique ce que sont les cookies, comment nous les utilisons et comment vous pouvez g\u00e9rer vos pr\u00e9f\u00e9rences.<\/p>\n<p class=\"ds-markdown-paragraph\">Les coordonn\u00e9es de notre entreprise :<\/p>\n<ul>\n<li>\n<p class=\"ds-markdown-paragraph\"><strong>Nom de l'entreprise :<\/strong>\u00a0MAESTRO'S SYSTEMS SARL<\/p>\n<\/li>\n<li>\n<p class=\"ds-markdown-paragraph\"><strong>RC :<\/strong>\u00a0145141<\/p>\n<\/li>\n<li>\n<p class=\"ds-markdown-paragraph\"><strong>ICE :<\/strong>\u00a0003420107000044<\/p>\n<\/li>\n<li>\n<p class=\"ds-markdown-paragraph\"><strong>IF :<\/strong>\u00a060176550<\/p>\n<\/li>\n<li>\n<p class=\"ds-markdown-paragraph\"><strong>Num\u00e9ro d'identification fiscale :<\/strong>\u00a057228150<\/p>\n<\/li>\n<li>\n<p class=\"ds-markdown-paragraph\"><strong>Adresse :<\/strong>\u00a029 Av. Omar Mokhtar, Tanger, 90060, Maroc<\/p>\n<\/li>\n<li>\n<p class=\"ds-markdown-paragraph\"><strong>T\u00e9l\u00e9phone :<\/strong>\u00a005399-59910<\/p>\n<\/li>\n<li>\n<p class=\"ds-markdown-paragraph\"><strong>Courriel :<\/strong>\u00a0contact@e-maestros.ma<\/p>\n<\/li>\n<\/ul>\n<p class=\"ds-markdown-paragraph\">En utilisant notre site web, vous acceptez que nous utilisions des cookies tels que d\u00e9crits dans la pr\u00e9sente politique, \u00e0 moins que vous ne les d\u00e9sactiviez.<\/p>\n<p class=\"ds-markdown-paragraph\"><strong>2. Que sont les cookies ?<\/strong><\/p>\n<p class=\"ds-markdown-paragraph\">Les cookies sont de petits fichiers texte stock\u00e9s sur votre appareil (ordinateur, tablette, smartphone) lorsque vous visitez un site web. Ils aident les sites web \u00e0 se souvenir de vos pr\u00e9f\u00e9rences, \u00e0 am\u00e9liorer les performances et \u00e0 fournir un contenu personnalis\u00e9.<\/p>\n<p class=\"ds-markdown-paragraph\">Nous pouvons \u00e9galement utiliser des technologies similaires telles que le stockage local, les balises web et les pixels.<\/p>\n<p class=\"ds-markdown-paragraph\"><strong>3. Types de cookies que nous utilisons<\/strong><\/p>\n<p class=\"ds-markdown-paragraph\"><strong>a) Cookies strictement n\u00e9cessaires<\/strong><\/p>\n<p class=\"ds-markdown-paragraph\">Ces cookies sont essentiels au fonctionnement de notre site web et ne peuvent pas \u00eatre d\u00e9sactiv\u00e9s. Ils vous permettent de naviguer sur le site et d'utiliser ses fonctionnalit\u00e9s, comme l'acc\u00e8s aux zones s\u00e9curis\u00e9es.<\/p>\n<p class=\"ds-markdown-paragraph\"><strong>b) Cookies de performance et d'analyse<\/strong><\/p>\n<p class=\"ds-markdown-paragraph\">Ces cookies collectent des informations sur la mani\u00e8re dont les visiteurs utilisent notre site web, notamment les pages visit\u00e9es, le temps pass\u00e9 et les \u00e9ventuelles erreurs rencontr\u00e9es. Ces informations nous aident \u00e0 am\u00e9liorer les performances de notre site web.<\/p>\n<p class=\"ds-markdown-paragraph\"><strong>c) Cookies fonctionnels<\/strong><\/p>\n<p class=\"ds-markdown-paragraph\">Les cookies fonctionnels permettent \u00e0 notre site web de se souvenir de vos pr\u00e9f\u00e9rences, telles que les param\u00e8tres linguistiques ou les donn\u00e9es de connexion, afin de vous offrir une exp\u00e9rience plus personnalis\u00e9e.<\/p>\n<p class=\"ds-markdown-paragraph\"><strong>d) Cookies de marketing et de ciblage<\/strong><\/p>\n<p class=\"ds-markdown-paragraph\">Ces cookies suivent votre activit\u00e9 de navigation afin de vous proposer des publicit\u00e9s pertinentes sur notre site ou sur des sites tiers. Ils nous aident \u00e0 mesurer l'efficacit\u00e9 des campagnes de marketing.<\/p>\n<p class=\"ds-markdown-paragraph\"><strong>4. Cookies de tiers<\/strong><\/p>\n<p class=\"ds-markdown-paragraph\">Nous pouvons faire appel \u00e0 des prestataires de services tiers, tels que Google Analytics ou des partenaires publicitaires, qui installent des cookies sur votre appareil. Ces tiers sont responsables de leurs propres pratiques en mati\u00e8re de cookies.<\/p>\n<p class=\"ds-markdown-paragraph\"><strong>5. Gestion des cookies<\/strong><\/p>\n<p class=\"ds-markdown-paragraph\">Vous pouvez g\u00e9rer ou d\u00e9sactiver les cookies \u00e0 tout moment par le biais des param\u00e8tres de votre navigateur. Veuillez noter que le blocage de certains cookies peut affecter la fonctionnalit\u00e9 de notre site web.<\/p>\n<p class=\"ds-markdown-paragraph\">Les param\u00e8tres courants du navigateur sont les suivants<\/p>\n<ul>\n<li>\n<p class=\"ds-markdown-paragraph\"><strong>Google Chrome :<\/strong>\u00a0Param\u00e8tres &gt; Confidentialit\u00e9 et s\u00e9curit\u00e9 &gt; Cookies et autres donn\u00e9es du site<\/p>\n<\/li>\n<li>\n<p class=\"ds-markdown-paragraph\"><strong>Firefox :<\/strong>\u00a0Options &gt; Confidentialit\u00e9 et s\u00e9curit\u00e9 &gt; Cookies et donn\u00e9es du site<\/p>\n<\/li>\n<li>\n<p class=\"ds-markdown-paragraph\"><strong>Safari :<\/strong>\u00a0Pr\u00e9f\u00e9rences &gt; Vie priv\u00e9e &gt; G\u00e9rer les donn\u00e9es du site web<\/p>\n<\/li>\n<li>\n<p class=\"ds-markdown-paragraph\"><strong>Bord :<\/strong>\u00a0Param\u00e8tres &gt; Cookies et autorisations du site<\/p>\n<\/li>\n<\/ul>\n<p class=\"ds-markdown-paragraph\"><strong>6. Modifications de la pr\u00e9sente politique en mati\u00e8re de cookies<\/strong><\/p>\n<p class=\"ds-markdown-paragraph\">Nous pouvons mettre \u00e0 jour la pr\u00e9sente politique en mati\u00e8re de cookies de temps \u00e0 autre. Toute mise \u00e0 jour sera publi\u00e9e sur cette page avec la \u201cdate d'entr\u00e9e en vigueur\u201d r\u00e9vis\u00e9e. Nous vous encourageons \u00e0 consulter r\u00e9guli\u00e8rement cette page.<\/p>\n<p class=\"ds-markdown-paragraph\"><strong>7. Nous contacter<\/strong><\/p>\n<p class=\"ds-markdown-paragraph\">Pour toute question concernant notre politique en mati\u00e8re de cookies ou la mani\u00e8re dont nous utilisons vos donn\u00e9es, contactez-nous \u00e0 l'adresse suivante :<\/p>\n<p class=\"ds-markdown-paragraph\"><strong>MAESTRO'S SYSTEMS SARL<\/strong><br \/>29 Av. Omar Mokhtar, Tanger, 90060, Maroc<br \/>T\u00e9l\u00e9phone : 05399-59910<br \/>Email:\u00a0contact@e-maestros.ma<\/p>\t\t\t\t\t\t\t\t<\/div>\n\t\t\t\t\t<\/div>\n\t\t\t\t<\/div>\n\t\t\t\t<\/div>","protected":false},"excerpt":{"rendered":"<p>Cookies Policy Effective Date: 12\/11\/2025 1. Introduction MAESTRO&#8217;S SYSTEMS SARL\u00a0(\u201cwe,\u201d \u201cus,\u201d \u201cour\u201d) uses cookies and similar technologies on our website<\/p>","protected":false},"author":1,"featured_media":0,"parent":0,"menu_order":0,"comment_status":"closed","ping_status":"closed","template":"","meta":{"footnotes":""},"class_list":["post-31561","page","type-page","status-publish","hentry"],"_hostinger_reach_plugin_has_subscription_block":false,"_hostinger_reach_plugin_is_elementor":false,"jetpack_sharing_enabled":true,"_links":{"self":[{"href":"https:\/\/e-maestros.ma\/fr\/wp-json\/wp\/v2\/pages\/31561","targetHints":{"allow":["GET"]}}],"collection":[{"href":"https:\/\/e-maestros.ma\/fr\/wp-json\/wp\/v2\/pages"}],"about":[{"href":"https:\/\/e-maestros.ma\/fr\/wp-json\/wp\/v2\/types\/page"}],"author":[{"embeddable":true,"href":"https:\/\/e-maestros.ma\/fr\/wp-json\/wp\/v2\/users\/1"}],"replies":[{"embeddable":true,"href":"https:\/\/e-maestros.ma\/fr\/wp-json\/wp\/v2\/comments?post=31561"}],"version-history":[{"count":7,"href":"https:\/\/e-maestros.ma\/fr\/wp-json\/wp\/v2\/pages\/31561\/revisions"}],"predecessor-version":[{"id":32682,"href":"https:\/\/e-maestros.ma\/fr\/wp-json\/wp\/v2\/pages\/31561\/revisions\/32682"}],"wp:attachment":[{"href":"https:\/\/e-maestros.ma\/fr\/wp-json\/wp\/v2\/media?parent=31561"}],"curies":[{"name":"wp","href":"https:\/\/api.w.org\/{rel}","templated":true}]}}