{"id":31566,"date":"2025-11-10T12:17:35","date_gmt":"2025-11-10T12:17:35","guid":{"rendered":"https:\/\/e-maestros.ma\/?page_id=31566"},"modified":"2025-11-12T11:08:51","modified_gmt":"2025-11-12T11:08:51","slug":"politique-de-retour-et-de-remboursement","status":"publish","type":"page","link":"https:\/\/e-maestros.ma\/fr\/politique-de-retour-et-de-remboursement\/","title":{"rendered":"Politique de retour et de remboursement"},"content":{"rendered":"<div data-elementor-type=\"wp-page\" data-elementor-id=\"31566\" class=\"elementor elementor-31566\" data-elementor-post-type=\"page\">\n\t\t\t\t<div class=\"wd-negative-gap elementor-element elementor-element-4b5ffef8 e-flex e-con-boxed e-con e-parent\" data-id=\"4b5ffef8\" data-element_type=\"container\" data-e-type=\"container\">\n\t\t\t\t\t<div class=\"e-con-inner\">\n\t\t\t\t<div class=\"elementor-element elementor-element-35a360c8 color-scheme-inherit text-left elementor-widget elementor-widget-text-editor\" data-id=\"35a360c8\" data-element_type=\"widget\" data-e-type=\"widget\" data-widget_type=\"text-editor.default\">\n\t\t\t\t\t\t\t\t\t\n<h3 class=\"wp-block-heading\"><strong>Politique de retour et de remboursement<\/strong><\/h3>\n<p class=\"ds-markdown-paragraph\"><strong>Date d'entr\u00e9e en vigueur :<\/strong> 12\/11\/2025<\/p>\n<p class=\"ds-markdown-paragraph\"><strong>1. Introduction<\/strong><\/p>\n<p class=\"ds-markdown-paragraph\"><strong>MAESTRO'S SYSTEMS SARL<\/strong>\u00a0(\u201cnous\u201d, \u201cnotre\u201d, \u201cnos\u201d) s'efforce de fournir des produits et des services de haute qualit\u00e9. La pr\u00e9sente politique de retour et de remboursement explique les proc\u00e9dures de retour des articles, de demande de remboursement et de r\u00e9solution des probl\u00e8mes connexes.<\/p>\n<p class=\"ds-markdown-paragraph\">En achetant nos produits ou services, vous acceptez les conditions \u00e9nonc\u00e9es dans la pr\u00e9sente politique.<\/p>\n<p class=\"ds-markdown-paragraph\"><strong>Coordonn\u00e9es de l'entreprise :<\/strong><\/p>\n<ul>\n<li>\n<p class=\"ds-markdown-paragraph\"><strong>Nom de l'entreprise :<\/strong>\u00a0MAESTRO'S SYSTEMS SARL<\/p>\n<\/li>\n<li>\n<p class=\"ds-markdown-paragraph\"><strong>RC :<\/strong>\u00a0145141<\/p>\n<\/li>\n<li>\n<p class=\"ds-markdown-paragraph\"><strong>ICE :<\/strong>\u00a0003420107000044<\/p>\n<\/li>\n<li>\n<p class=\"ds-markdown-paragraph\"><strong>IF :<\/strong>\u00a060176550<\/p>\n<\/li>\n<li>\n<p class=\"ds-markdown-paragraph\"><strong>Num\u00e9ro d'identification fiscale :<\/strong>\u00a057228150<\/p>\n<\/li>\n<li>\n<p class=\"ds-markdown-paragraph\"><strong>Adresse :<\/strong>\u00a029 Av. Omar Mokhtar, Tanger, 90060, Maroc<\/p>\n<\/li>\n<li>\n<p class=\"ds-markdown-paragraph\"><strong>T\u00e9l\u00e9phone :<\/strong>\u00a005399-59910<\/p>\n<\/li>\n<li>\n<p class=\"ds-markdown-paragraph\"><strong>Courriel :<\/strong>\u00a0contact@e-maestros.ma<\/p>\n<\/li>\n<\/ul>\n<p class=\"ds-markdown-paragraph\"><strong>2. Retours<\/strong><\/p>\n<p class=\"ds-markdown-paragraph\"><strong>a) \u00c9ligibilit\u00e9<\/strong><\/p>\n<p class=\"ds-markdown-paragraph\">Les produits peuvent \u00eatre retourn\u00e9s si<\/p>\n<ul>\n<li>\n<p class=\"ds-markdown-paragraph\">L'article est inutilis\u00e9, dans son emballage d'origine et dans le m\u00eame \u00e9tat que celui dans lequel il a \u00e9t\u00e9 livr\u00e9.<\/p>\n<\/li>\n<li>\n<p class=\"ds-markdown-paragraph\">La demande de retour est faite dans un d\u00e9lai de\u00a0<strong>14 jours<\/strong>\u00a0de r\u00e9ception<\/p>\n<\/li>\n<li>\n<p class=\"ds-markdown-paragraph\">L'article est d\u00e9fectueux, endommag\u00e9 ou ne correspond pas \u00e0 la description.<\/p>\n<\/li>\n<\/ul>\n<p class=\"ds-markdown-paragraph\"><strong>b) Articles non retournables<\/strong><\/p>\n<p class=\"ds-markdown-paragraph\">Certains articles ne peuvent pas \u00eatre retourn\u00e9s, notamment<\/p>\n<ul>\n<li>\n<p class=\"ds-markdown-paragraph\">Produits sur mesure ou personnalis\u00e9s<\/p>\n<\/li>\n<li>\n<p class=\"ds-markdown-paragraph\">les produits qui ont \u00e9t\u00e9 utilis\u00e9s, install\u00e9s ou modifi\u00e9s<\/p>\n<\/li>\n<li>\n<p class=\"ds-markdown-paragraph\">Services d\u00e9j\u00e0 rendus<\/p>\n<\/li>\n<\/ul>\n<p class=\"ds-markdown-paragraph\"><strong>c) Proc\u00e9dure de retour<\/strong><\/p>\n<p class=\"ds-markdown-paragraph\">Pour effectuer un retour, veuillez nous contacter \u00e0 l'adresse suivante\u00a0<strong>contact@e-maestros.ma<\/strong>\u00a0ou appeler\u00a0<strong>05399-59910<\/strong>\u00a0avec :<\/p>\n<ul>\n<li>\n<p class=\"ds-markdown-paragraph\">Votre num\u00e9ro de commande<\/p>\n<\/li>\n<li>\n<p class=\"ds-markdown-paragraph\">D\u00e9tails du produit<\/p>\n<\/li>\n<li>\n<p class=\"ds-markdown-paragraph\">Motif du retour<\/p>\n<\/li>\n<\/ul>\n<p class=\"ds-markdown-paragraph\">Nous vous fournirons des instructions pour le retour de l'article, y compris les conditions d'exp\u00e9dition ou de d\u00e9p\u00f4t.<\/p>\n<p class=\"ds-markdown-paragraph\"><strong>3. Remboursements<\/strong><\/p>\n<p class=\"ds-markdown-paragraph\">Une fois l'article retourn\u00e9 re\u00e7u et inspect\u00e9, nous vous informerons de l'approbation ou du refus de votre remboursement.<\/p>\n<ul>\n<li>\n<p class=\"ds-markdown-paragraph\">Les remboursements approuv\u00e9s seront trait\u00e9s dans un d\u00e9lai de\u00a0<strong>10 jours ouvrables<\/strong>\u00a0en utilisant le mode de paiement original.<\/p>\n<\/li>\n<li>\n<p class=\"ds-markdown-paragraph\">Les frais d'exp\u00e9dition et de manutention ne sont pas remboursables, sauf si le retour est d\u00fb \u00e0 un produit d\u00e9fectueux ou incorrect.<\/p>\n<\/li>\n<li>\n<p class=\"ds-markdown-paragraph\">Si le retour est refus\u00e9 (par exemple, si l'article est endommag\u00e9 ou non \u00e9ligible), l'article vous sera renvoy\u00e9 \u00e0 vos frais.<\/p>\n<\/li>\n<\/ul>\n<p class=\"ds-markdown-paragraph\"><strong>4. Les \u00e9changes<\/strong><\/p>\n<p class=\"ds-markdown-paragraph\">Nous pouvons proposer des \u00e9changes pour les articles d\u00e9fectueux ou incorrects. Contactez-nous pour demander un \u00e9change et nous vous guiderons tout au long de la proc\u00e9dure.<\/p>\n<p class=\"ds-markdown-paragraph\"><strong>5. Articles endommag\u00e9s ou d\u00e9fectueux<\/strong><\/p>\n<p class=\"ds-markdown-paragraph\">Si vous recevez un produit endommag\u00e9 ou d\u00e9fectueux, veuillez nous en informer dans les d\u00e9lais suivants\u00a0<strong>48 heures<\/strong>\u00a0de livraison. Nous organiserons un remplacement ou un remboursement sans frais suppl\u00e9mentaires. Veuillez inclure :<\/p>\n<ul>\n<li>\n<p class=\"ds-markdown-paragraph\">Photos du dommage ou du d\u00e9faut<\/p>\n<\/li>\n<li>\n<p class=\"ds-markdown-paragraph\">Votre num\u00e9ro de commande et les d\u00e9tails du produit<\/p>\n<\/li>\n<\/ul>\n<p class=\"ds-markdown-paragraph\"><strong>6. Frais d'exp\u00e9dition pour les retours<\/strong><\/p>\n<ul>\n<li>\n<p class=\"ds-markdown-paragraph\">Les frais de retour sont \u00e0 la charge du client, sauf si le retour est d\u00fb \u00e0 une erreur de notre part.<\/p>\n<\/li>\n<li>\n<p class=\"ds-markdown-paragraph\">Pour les retours approuv\u00e9s de produits d\u00e9fectueux ou incorrects, nous prendrons en charge tous les frais d'exp\u00e9dition associ\u00e9s.<\/p>\n<\/li>\n<\/ul>\n<p class=\"ds-markdown-paragraph\"><strong>7. Nous contacter<\/strong><\/p>\n<p class=\"ds-markdown-paragraph\">Pour toute question concernant les retours, les remboursements ou les \u00e9changes, veuillez nous contacter :<\/p>\n<p class=\"ds-markdown-paragraph\"><strong>MAESTRO'S SYSTEMS SARL<\/strong><br \/>29 Av. Omar Mokhtar, Tanger, 90060, Maroc<br \/>T\u00e9l\u00e9phone : 05399-59910<br \/>Email:\u00a0contact@e-maestros.ma<\/p>\t\t\t\t\t\t\t\t<\/div>\n\t\t\t\t\t<\/div>\n\t\t\t\t<\/div>\n\t\t\t\t<\/div>","protected":false},"excerpt":{"rendered":"<p>Returns and Refund Policy Effective Date: 12\/11\/2025 1. Introduction MAESTRO&#8217;S SYSTEMS SARL\u00a0(\u201cwe,\u201d \u201cus,\u201d \u201cour\u201d) strives to provide high-quality products and<\/p>","protected":false},"author":1,"featured_media":0,"parent":0,"menu_order":0,"comment_status":"closed","ping_status":"closed","template":"","meta":{"footnotes":""},"class_list":["post-31566","page","type-page","status-publish","hentry"],"_hostinger_reach_plugin_has_subscription_block":false,"_hostinger_reach_plugin_is_elementor":false,"jetpack_sharing_enabled":true,"_links":{"self":[{"href":"https:\/\/e-maestros.ma\/fr\/wp-json\/wp\/v2\/pages\/31566","targetHints":{"allow":["GET"]}}],"collection":[{"href":"https:\/\/e-maestros.ma\/fr\/wp-json\/wp\/v2\/pages"}],"about":[{"href":"https:\/\/e-maestros.ma\/fr\/wp-json\/wp\/v2\/types\/page"}],"author":[{"embeddable":true,"href":"https:\/\/e-maestros.ma\/fr\/wp-json\/wp\/v2\/users\/1"}],"replies":[{"embeddable":true,"href":"https:\/\/e-maestros.ma\/fr\/wp-json\/wp\/v2\/comments?post=31566"}],"version-history":[{"count":7,"href":"https:\/\/e-maestros.ma\/fr\/wp-json\/wp\/v2\/pages\/31566\/revisions"}],"predecessor-version":[{"id":32685,"href":"https:\/\/e-maestros.ma\/fr\/wp-json\/wp\/v2\/pages\/31566\/revisions\/32685"}],"wp:attachment":[{"href":"https:\/\/e-maestros.ma\/fr\/wp-json\/wp\/v2\/media?parent=31566"}],"curies":[{"name":"wp","href":"https:\/\/api.w.org\/{rel}","templated":true}]}}