{"id":31755,"date":"2025-11-11T16:52:49","date_gmt":"2025-11-11T16:52:49","guid":{"rendered":"https:\/\/e-maestros.ma\/shop\/uncategorized\/assistant-amazon-alexa-echo-dot-4e-gen\/"},"modified":"2025-11-11T16:52:50","modified_gmt":"2025-11-11T16:52:50","slug":"assistant-amazon-alexa-echo-dot-4e-gen","status":"publish","type":"product","link":"https:\/\/e-maestros.ma\/fr\/boutique\/par-defaut\/assistant-amazon-alexa-echo-dot-4e-gen\/","title":{"rendered":"Assistant Amazon Alexa Echo Dot 4e g\u00e9n."},"content":{"rendered":"<h3><\/h3>\n<table>\n<tbody>\n<tr>\n<td style=\"text-align: left;\"><strong>Marque<\/strong><\/td>\n<td>ECHO AMAZON<\/td>\n<\/tr>\n<tr>\n<td style=\"text-align: left;\"><strong>G\u00e9n\u00e9ration<\/strong><\/td>\n<td>Echo Dot (4e g\u00e9n\u00e9ration) &#8211; 2020<\/td>\n<\/tr>\n<tr>\n<td style=\"text-align: left;\"><strong>Garantie<\/strong><\/td>\n<td>12 mois<\/td>\n<\/tr>\n<tr>\n<td style=\"text-align: left;\"><strong>Taille<\/strong><\/td>\n<td>144 mm x 144 mm x 133 mm<\/td>\n<\/tr>\n<tr>\n<td style=\"text-align: left;\"><strong>Audio<\/strong><\/td>\n<td>Haut-parleur de basses en n\u00e9odyme 76,2 mm, 2 haut-parleurs d&#8217;aigus 20 mm<\/td>\n<\/tr>\n<tr>\n<td style=\"text-align: left;\"><strong>Connectivit\u00e9 Wi-Fi<\/strong><\/td>\n<td>Bi-bande, standards 802.11 a\/b\/g\/n (2,4 et 5 GHz)<\/td>\n<\/tr>\n<tr>\n<td style=\"text-align: left;\"><strong>Protocoles Maison Intelligente<\/strong><\/td>\n<td>Zigbee, compatible avec dispositifs Ring Smart Lighting<\/td>\n<\/tr>\n<tr>\n<td style=\"text-align: left;\"><strong>Application Alexa<\/strong><\/td>\n<td>Compatible avec Fire OS, Android, iOS<\/td>\n<\/tr>\n<tr>\n<td style=\"text-align: left;\"><strong>Langue<\/strong><\/td>\n<td>Fran\u00e7ais, Anglais<\/td>\n<\/tr>\n<tr>\n<td style=\"text-align: left;\"><strong>Connectivit\u00e9 Bluetooth<\/strong><\/td>\n<td>A2DP, AVRCP, non compatible avec enceintes requ\u00e9rant un code PIN<\/td>\n<\/tr>\n<tr>\n<td style=\"text-align: left;\"><strong>Configuration requise<\/strong><\/td>\n<td>Compatible avec appareils Fire OS, Android, iOS<\/td>\n<\/tr>\n<tr>\n<td style=\"text-align: left;\"><strong>Fonctionnalit\u00e9s d'Accessibilit\u00e9<\/strong><\/td>\n<td>Adapt\u00e9es aux besoins de vision, audition, mobilit\u00e9, voix<\/td>\n<\/tr>\n<tr>\n<td style=\"text-align: left;\"><strong>Confidentialit\u00e9<\/strong><\/td>\n<td>Mot d\u2019activation, bouton sourdine, gestion des enregistrements vocaux<\/td>\n<\/tr>\n<tr>\n<td style=\"text-align: left;\"><strong>Skills Alexa<\/strong><\/td>\n<td>Contr\u00f4le vocal \u00e9tendu, personnalisations diverses<\/td>\n<\/tr>\n<tr>\n<td style=\"text-align: left;\"><strong>Mises \u00e0 Jour de S\u00e9curit\u00e9<\/strong><\/td>\n<td>Mises \u00e0 jour r\u00e9guli\u00e8res pour 4 ans apr\u00e8s achat<\/td>\n<\/tr>\n<tr>\n<td style=\"text-align: left;\"><strong>Poids<\/strong><\/td>\n<td>970 grammes<\/td>\n<\/tr>\n<tr>\n<td style=\"text-align: left;\"><strong>Vendu par<\/strong><\/td>\n<td>www.binaa.ma<\/td>\n<\/tr>\n<\/tbody>\n<\/table>\n<p>\u00a0<\/p>\n<p><strong>Vivez la R\u00e9volution de la Maison Intelligente avec Alexa Echo Dot 4 \u00e8me G\u00e9n\u00e9ration!<\/strong><\/p>\n<p><em>D\u00e9couvrez l&#8217;assistant vocal qui transforme votre quotidien!<\/em><\/p>\n<p>L&#8217;Alexa Echo Dot 4 \u00e8me g\u00e9n\u00e9ration est bien plus qu&#8217;une enceinte connect\u00e9e, c&#8217;est le c\u0153ur de votre maison intelligente.<\/p>\n<p>Son design \u00e9l\u00e9gant et ses performances audio exceptionnelles vous offrent une exp\u00e9rience immersive incomparable.<\/p>\n<p>Imaginez contr\u00f4ler votre environnement d&#8217;un simple mot, depuis la gestion de votre \u00e9clairage jusqu&#8217;\u00e0 l&#8217;acc\u00e8s \u00e0 vos divertissements favoris.<\/p>\n<p>Rejoignez-nous pour une aventure technologique qui rend chaque moment chez vous unique et personnalis\u00e9.<\/p>\n<p><meta charset=\"UTF-8\"> <strong>Votre Compagnon Quotidien pour une Vie Simplifi\u00e9e<\/strong><\/p>\n<ul>\n<li>\n<strong>Un Son Incomparable:<\/strong> Appr\u00e9ciez vos morceaux pr\u00e9f\u00e9r\u00e9s avec une qualit\u00e9 audio sup\u00e9rieure sur des plateformes telles qu&#8217;Amazon Music ou Spotify.<\/li>\n<li>\n<strong>Contr\u00f4le Domotique Facile:<\/strong> Allumez vos lumi\u00e8res, r\u00e9glez votre thermostat, tout cela par commande vocale.<\/li>\n<li>\n<strong>Assistant Personnel:<\/strong> Demandez \u00e0 Alexa de vous informer sur la m\u00e9t\u00e9o, l&#8217;actualit\u00e9, ou de r\u00e9pondre \u00e0 vos questions diverses.<\/li>\n<li>\n<strong>Organisation Simplifi\u00e9e:<\/strong> R\u00e9glez des alarmes, cr\u00e9ez des rappels pour ne rien oublier de votre journ\u00e9e charg\u00e9e.<\/li>\n<li>\n<strong>Divertissement Multi-Pi\u00e8ces:<\/strong> Synchronisez plusieurs appareils Echo pour une exp\u00e9rience sonore dans toute votre maison.<\/li>\n<li>\n<strong>Exp\u00e9rience Cin\u00e9ma:<\/strong> Connectez votre Echo Dot \u00e0 Fire TV pour une immersion totale dans vos films pr\u00e9f\u00e9r\u00e9s.<\/li>\n<li>\n<strong>Communication Facilit\u00e9e:<\/strong> Passez des appels ou utilisez Drop In pour rester en contact avec vos proches.<\/li>\n<li>\n<strong>S\u00e9curit\u00e9 et Confidentialit\u00e9:<\/strong> Profitez d&#8217;une tranquillit\u00e9 d&#8217;esprit gr\u00e2ce aux multiples couches de protection de votre vie priv\u00e9e.<\/li>\n<\/ul>\n<h3><\/h3>\n<p><meta charset=\"UTF-8\"> <strong>Des Performances Impressionnantes dans un Format Compact<\/strong><\/p>\n<ul>\n<li>\n<strong>Qualit\u00e9 Audio Sup\u00e9rieure:<\/strong> Sons aigus nets, m\u00e9diums dynamiques et graves puissants pour une exp\u00e9rience sonore riche.<\/li>\n<li>\n<strong>Contr\u00f4le Vocal Polyvalent:<\/strong> Compatibilit\u00e9 avec de nombreux services de streaming et appareils connect\u00e9s.<\/li>\n<li>\n<strong>Assistant Alexa:<\/strong> R\u00e9pond \u00e0 toutes vos requ\u00eates et contr\u00f4le vos appareils intelligents.<\/li>\n<li>\n<strong>Concentrateur Int\u00e9gr\u00e9:<\/strong> Facilite la connexion avec les dispositifs Zigbee et Ring.<\/li>\n<li>\n<strong>Options de Communication:<\/strong> Appels mains libres et Drop In pour un contact facile avec vos proches.<\/li>\n<li>\n<strong>Confidentialit\u00e9 Respect\u00e9e:<\/strong> Bouton d&#8217;arr\u00eat du microphone pour une s\u00e9curit\u00e9 accrue.<\/li>\n<li>\n<strong>Technologie Avanc\u00e9e:<\/strong> Mises \u00e0 jour r\u00e9guli\u00e8res pour une performance et une s\u00e9curit\u00e9 optimales.<\/li>\n<\/ul>\n<p><strong>Configuration Simplifi\u00e9e \u00e0 Distance<\/strong><\/p>\n<p><em>Votre Assistant Vocal, Pr\u00eat en un Clic<\/em><\/p>\n<p>Faites l'exp\u00e9rience d'une mise en service fluide et sans tracas avec notre service exclusif d'aide \u00e0 la<strong>\u00a0<\/strong>configuration \u00e0 distance.<\/p>\n<p>B\u00e9n\u00e9ficiez d'une assistance personnalis\u00e9e, rapide et efficace, transformant votre exp\u00e9rience de configuration en un pur moment de plaisir.<\/p>\n<p><meta charset=\"UTF-8\"> <strong>Tout ce dont Vous avez Besoin pour D\u00e9marrer<\/strong><\/p>\n<ul>\n<li>1 x Alexa Echo Dot (4 \u00e8me g\u00e9n.)<\/li>\n<li>1 x Adaptateur secteur et c\u00e2ble<\/li>\n<li>1 x Guide de d\u00e9marrage rapide\n<\/li>\n<\/ul>","protected":false},"excerpt":{"rendered":"<p>Marque AMAZON ECHO G\u00e9n\u00e9ration Echo Dot (4e g\u00e9n\u00e9ration) - 2020 Garantie 12 mois Taille 144 mm x 144 mm x<\/p>","protected":false},"featured_media":32197,"comment_status":"open","ping_status":"closed","template":"","meta":[],"product_brand":[],"product_cat":[23],"product_tag":[911,912,913,914,915,916,917,918,919,920,921],"class_list":{"0":"post-31755","1":"product","2":"type-product","3":"status-publish","4":"has-post-thumbnail","6":"product_cat-default","7":"product_tag-accessoires-de-domotique","8":"product_tag-alexa-echo-dot","9":"product_tag-appareils-connectes","10":"product_tag-appareils-de-communication-vocale","11":"product_tag-appareils-de-diffusion-de-musique","12":"product_tag-appareils-de-streaming-de-musique","13":"product_tag-enceintes-intelligentes","14":"product_tag-maison-intelligente","15":"product_tag-outils-pour-la-domotique","16":"product_tag-smart-home","17":"product_tag-solutions-de-maison-intelligente","19":"first","20":"instock","21":"sale","22":"shipping-taxable","23":"purchasable","24":"product-type-variable"},"jetpack_sharing_enabled":true,"_links":{"self":[{"href":"https:\/\/e-maestros.ma\/fr\/wp-json\/wp\/v2\/product\/31755","targetHints":{"allow":["GET"]}}],"collection":[{"href":"https:\/\/e-maestros.ma\/fr\/wp-json\/wp\/v2\/product"}],"about":[{"href":"https:\/\/e-maestros.ma\/fr\/wp-json\/wp\/v2\/types\/product"}],"replies":[{"embeddable":true,"href":"https:\/\/e-maestros.ma\/fr\/wp-json\/wp\/v2\/comments?post=31755"}],"version-history":[{"count":0,"href":"https:\/\/e-maestros.ma\/fr\/wp-json\/wp\/v2\/product\/31755\/revisions"}],"wp:featuredmedia":[{"embeddable":true,"href":"https:\/\/e-maestros.ma\/fr\/wp-json\/wp\/v2\/media\/32197"}],"wp:attachment":[{"href":"https:\/\/e-maestros.ma\/fr\/wp-json\/wp\/v2\/media?parent=31755"}],"wp:term":[{"taxonomy":"product_brand","embeddable":true,"href":"https:\/\/e-maestros.ma\/fr\/wp-json\/wp\/v2\/product_brand?post=31755"},{"taxonomy":"product_cat","embeddable":true,"href":"https:\/\/e-maestros.ma\/fr\/wp-json\/wp\/v2\/product_cat?post=31755"},{"taxonomy":"product_tag","embeddable":true,"href":"https:\/\/e-maestros.ma\/fr\/wp-json\/wp\/v2\/product_tag?post=31755"}],"curies":[{"name":"wp","href":"https:\/\/api.w.org\/{rel}","templated":true}]}}