{"id":31759,"date":"2025-11-11T16:52:49","date_gmt":"2025-11-11T16:52:49","guid":{"rendered":"https:\/\/e-maestros.ma\/shop\/uncategorized\/assistant-amazon-alexa-echo-dot-5e-gen\/"},"modified":"2025-11-11T16:52:50","modified_gmt":"2025-11-11T16:52:50","slug":"assistant-amazon-alexa-echo-dot-5e-gen","status":"publish","type":"product","link":"https:\/\/e-maestros.ma\/fr\/boutique\/par-defaut\/assistant-amazon-alexa-echo-dot-5e-gen\/","title":{"rendered":"Assistant Amazon Alexa Echo Dot 5e g\u00e9n."},"content":{"rendered":"<h3><\/h3>\n<table>\n<tbody>\n<tr>\n<td style=\"text-align: left;\"><strong>Marque<\/strong><\/td>\n<td>ECHO AMAZON<\/td>\n<\/tr>\n<tr>\n<td style=\"text-align: left;\"><strong>G\u00e9n\u00e9ration<\/strong><\/td>\n<td>Echo Dot (5e g\u00e9n\u00e9ration) &#8211; 2022<\/td>\n<\/tr>\n<tr>\n<td style=\"text-align: left;\"><strong>Garantie<\/strong><\/td>\n<td>12 mois<\/td>\n<\/tr>\n<tr>\n<td style=\"text-align: left;\"><strong>Taille<\/strong><\/td>\n<td>100 mm x 100 mm x 89 mm<\/td>\n<\/tr>\n<tr>\n<td style=\"text-align: left;\"><strong>Audio<\/strong><\/td>\n<td>Haut-parleur frontal de 44 mm, HD<\/td>\n<\/tr>\n<tr>\n<td style=\"text-align: left;\"><strong>Connectivit\u00e9 Wi-Fi<\/strong><\/td>\n<td>Supporte 802.11a\/b\/g\/n\/ac (2.4 et 5 GHz)<\/td>\n<\/tr>\n<tr>\n<td style=\"text-align: left;\"><strong>Protocoles Maison Intelligente<\/strong><\/td>\n<td>Wi-Fi, Bluetooth Low Energy Mesh<\/td>\n<\/tr>\n<tr>\n<td style=\"text-align: left;\"><strong>Bluetooth<\/strong><\/td>\n<td>A2DP, AVRCP<\/td>\n<\/tr>\n<tr>\n<td style=\"text-align: left;\"><strong>Configuration requise<\/strong><\/td>\n<td>Application Alexa compatible avec Fire OS, Android, iOS et navigateur web<\/td>\n<\/tr>\n<tr>\n<td style=\"text-align: left;\"><strong>Fonctionnalit\u00e9s d'Accessibilit\u00e9<\/strong><\/td>\n<td>Options pour clients ayant des besoins sp\u00e9cifiques<\/td>\n<\/tr>\n<tr>\n<td style=\"text-align: left;\"><strong>Confidentialit\u00e9<\/strong><\/td>\n<td>Mot d&#8217;activation, bouton Arr\u00eat microphone, contr\u00f4le enregistrements vocaux<\/td>\n<\/tr>\n<tr>\n<td style=\"text-align: left;\"><strong>Fonctionnalit\u00e9s et Skills Alexa<\/strong><\/td>\n<td>Commandes vocales pour un contr\u00f4le facile<\/td>\n<\/tr>\n<tr>\n<td style=\"text-align: left;\"><strong>Mises \u00e0 Jour S\u00e9curit\u00e9<\/strong><\/td>\n<td>Mises \u00e0 jour garanties pour 4 ans<\/td>\n<\/tr>\n<tr>\n<td style=\"text-align: left;\"><strong>Langue<\/strong><\/td>\n<td>Fran\u00e7ais, Anglais<\/td>\n<\/tr>\n<tr>\n<td style=\"text-align: left;\"><strong>Lieu d\u2019Affaires du Fabricant<\/strong><\/td>\n<td>Seattle, WA 98109, USA<\/td>\n<\/tr>\n<tr>\n<td style=\"text-align: left;\"><strong>Vendu par<\/strong><\/td>\n<td>www.binaa.ma<\/td>\n<\/tr>\n<\/tbody>\n<\/table>\n<p>\u00a0<\/p>\n<p>\u00a0<\/p>\n<p><strong>Votre Maison, Plus Intelligente Que Jamais avec Alexa Echo Dot 5 \u00e8me G\u00e9n\u00e9ration<\/strong><\/p>\n<p><em> Laissez-vous surprendre par la magie d&#8217;Alexa!<\/em><\/p>\n<p>Un monde o\u00f9 qualit\u00e9 sonore, contr\u00f4le vocal intelligent et automatisation domestique fusionnent pour offrir une exp\u00e9rience utilisateur sans pareil. Invitez l&#8217;innovation dans chaque pi\u00e8ce et simplifiez votre quotidien.<\/p>\n<p><meta charset=\"UTF-8\"><strong>Votre Compagnon Quotidien pour une Vie Simplifi\u00e9e<\/strong><\/p>\n<ul>\n<li>\n<strong>Musique \u00e0 Commande Vocale:<\/strong> Savourez vos playlists pr\u00e9f\u00e9r\u00e9es avec une qualit\u00e9 audio exceptionnelle. Amazon Music, Apple Music, Spotify &#8211; Alexa r\u00e9pond \u00e0 toutes vos envies musicales.<\/li>\n<li>\n<strong>Assistant Personnel Intelligent:<\/strong> Demandez \u00e0 Alexa la m\u00e9t\u00e9o, de programmer des alarmes, ou m\u00eame une bonne blague. Elle est l\u00e0 pour r\u00e9pondre \u00e0 toutes vos interrogations.<\/li>\n<li>\n<strong>Domotique Avanc\u00e9e:<\/strong> Contr\u00f4lez vos appareils compatibles. Dites simplement \u00e0 Alexa d&#8217;allumer les lumi\u00e8res ou de r\u00e9gler le thermostat.<\/li>\n<li>\n<strong>S\u00e9curit\u00e9 Maison Intelligente:<\/strong> Surveillez votre domicile en toute s\u00e9r\u00e9nit\u00e9 gr\u00e2ce \u00e0 des commandes vocales intuitives.<\/li>\n<li>\n<strong>Cin\u00e9ma Maison et Wi-Fi \u00c9tendu:<\/strong> Cr\u00e9ez votre cin\u00e9ma maison avec Fire TV et \u00e9tendez votre couverture Wi-Fi avec eero.<\/li>\n<\/ul>\n<h3><\/h3>\n<p><meta charset=\"UTF-8\"> <strong>Des Performances Impressionnantes dans un Format Compact<\/strong><\/p>\n<ul>\n<li>\n<strong>Qualit\u00e9 Audio In\u00e9gal\u00e9e:<\/strong> Haut-parleur frontal de 44 mm pour un son clair et des basses profondes.<\/li>\n<li>\n<strong>Compatibilit\u00e9 \u00c9tendue:<\/strong> Amazon Music, Apple Music, Spotify, et plus, tous accessibles via une simple commande vocale.<\/li>\n<li>\n<strong>Contr\u00f4le Domotique:<\/strong> G\u00e9rez vos appareils intelligents d&#8217;une voix ferme.<\/li>\n<li>\n<strong>Confidentialit\u00e9 Respect\u00e9e:<\/strong> Un bouton pour \u00e9teindre le micro, assurant votre intimit\u00e9.<\/li>\n<li>\n<strong>Multi-Connectivit\u00e9:<\/strong> Associez plusieurs appareils Echo pour une exp\u00e9rience sonore immersive.<\/li>\n<\/ul>\n<p><strong>Configuration Simplifi\u00e9e \u00e0 Distance<\/strong><\/p>\n<p><em>Votre Assistant Vocal, Pr\u00eat en un Clic<\/em><\/p>\n<p>Faites l'exp\u00e9rience d'une mise en service fluide et sans tracas avec notre service exclusif d'aide \u00e0 la<strong>\u00a0<\/strong>configuration \u00e0 distance.<\/p>\n<p>B\u00e9n\u00e9ficiez d'une assistance personnalis\u00e9e, rapide et efficace, transformant votre exp\u00e9rience de configuration en un pur moment de plaisir.<\/p>\n<p><meta charset=\"UTF-8\"> <strong>Tout ce dont Vous avez Besoin pour D\u00e9marrer<\/strong><\/p>\n<ul>\n<li>1x Enceinte Alexa Echo Dot (5 \u00e8me g\u00e9n.)<\/li>\n<li>1x Adaptateur secteur et c\u00e2ble<\/li>\n<li>1x Guide de d\u00e9marrage rapide<\/li>\n<\/ul>\n<p>Pr\u00eats \u00e0 transformer votre quotidien? Commandez chez\u00a0binaa.ma et faites de votre maison un espace intelligent!<\/p>","protected":false},"excerpt":{"rendered":"<p>Marque AMAZON ECHO G\u00e9n\u00e9ration Echo Dot (5e g\u00e9n\u00e9ration) - 2022 Garantie 12 mois Taille 100 mm x 100 mm x<\/p>","protected":false},"featured_media":32199,"comment_status":"open","ping_status":"closed","template":"","meta":[],"product_brand":[],"product_cat":[23],"product_tag":[911,912,913,914,915,916,917,918,919,920,921],"class_list":{"0":"post-31759","1":"product","2":"type-product","3":"status-publish","4":"has-post-thumbnail","6":"product_cat-default","7":"product_tag-accessoires-de-domotique","8":"product_tag-alexa-echo-dot","9":"product_tag-appareils-connectes","10":"product_tag-appareils-de-communication-vocale","11":"product_tag-appareils-de-diffusion-de-musique","12":"product_tag-appareils-de-streaming-de-musique","13":"product_tag-enceintes-intelligentes","14":"product_tag-maison-intelligente","15":"product_tag-outils-pour-la-domotique","16":"product_tag-smart-home","17":"product_tag-solutions-de-maison-intelligente","19":"first","20":"instock","21":"sale","22":"shipping-taxable","23":"purchasable","24":"product-type-variable"},"jetpack_sharing_enabled":true,"_links":{"self":[{"href":"https:\/\/e-maestros.ma\/fr\/wp-json\/wp\/v2\/product\/31759","targetHints":{"allow":["GET"]}}],"collection":[{"href":"https:\/\/e-maestros.ma\/fr\/wp-json\/wp\/v2\/product"}],"about":[{"href":"https:\/\/e-maestros.ma\/fr\/wp-json\/wp\/v2\/types\/product"}],"replies":[{"embeddable":true,"href":"https:\/\/e-maestros.ma\/fr\/wp-json\/wp\/v2\/comments?post=31759"}],"version-history":[{"count":0,"href":"https:\/\/e-maestros.ma\/fr\/wp-json\/wp\/v2\/product\/31759\/revisions"}],"wp:featuredmedia":[{"embeddable":true,"href":"https:\/\/e-maestros.ma\/fr\/wp-json\/wp\/v2\/media\/32199"}],"wp:attachment":[{"href":"https:\/\/e-maestros.ma\/fr\/wp-json\/wp\/v2\/media?parent=31759"}],"wp:term":[{"taxonomy":"product_brand","embeddable":true,"href":"https:\/\/e-maestros.ma\/fr\/wp-json\/wp\/v2\/product_brand?post=31759"},{"taxonomy":"product_cat","embeddable":true,"href":"https:\/\/e-maestros.ma\/fr\/wp-json\/wp\/v2\/product_cat?post=31759"},{"taxonomy":"product_tag","embeddable":true,"href":"https:\/\/e-maestros.ma\/fr\/wp-json\/wp\/v2\/product_tag?post=31759"}],"curies":[{"name":"wp","href":"https:\/\/api.w.org\/{rel}","templated":true}]}}