{"id":31763,"date":"2025-11-11T16:52:51","date_gmt":"2025-11-11T16:52:51","guid":{"rendered":"https:\/\/e-maestros.ma\/shop\/uncategorized\/assistant-amazon-alexa-echo-pop\/"},"modified":"2025-11-11T16:52:52","modified_gmt":"2025-11-11T16:52:52","slug":"assistant-amazon-alexa-echo-pop","status":"publish","type":"product","link":"https:\/\/e-maestros.ma\/fr\/boutique\/par-defaut\/assistant-amazon-alexa-echo-pop\/","title":{"rendered":"Assistant Amazon Alexa Echo Pop"},"content":{"rendered":"<p>\u00a0<\/p>\n<table>\n<tbody>\n<tr>\n<td><strong>Marque<\/strong><\/td>\n<td>ECHO AMAZON<\/td>\n<\/tr>\n<tr>\n<td><strong>Mod\u00e8le<\/strong><\/td>\n<td>Echo Pop (1re g\u00e9n\u00e9ration, mod\u00e8le 2023)<\/td>\n<\/tr>\n<tr>\n<td><strong>Dimensions<\/strong><\/td>\n<td>99 x 83 x 91 mm<\/td>\n<\/tr>\n<tr>\n<td><strong>Poids<\/strong><\/td>\n<td>196 g<\/td>\n<\/tr>\n<tr>\n<td><strong>Type d'audio<\/strong><\/td>\n<td>Haut-parleur frontal 49,5 mm ; audio sans perte haute d\u00e9finition<\/td>\n<\/tr>\n<tr>\n<td><strong>Connectivit\u00e9 Wi-Fi<\/strong><\/td>\n<td>Bibande, supporte les r\u00e9seaux 802.11a\/b\/g\/n\/ac (2,4 GHz et 5 GHz)<\/td>\n<\/tr>\n<tr>\n<td><strong>Protocoles Maison Connect\u00e9e<\/strong><\/td>\n<td>Wi-Fi, Bluetooth Low Energy maill\u00e9, contr\u00f4leur Matter<\/td>\n<\/tr>\n<tr>\n<td><strong>Connectivit\u00e9 Bluetooth<\/strong><\/td>\n<td>A2DP pour streaming audio ; AVRCP pour contr\u00f4le vocal des appareils mobiles connect\u00e9s<\/td>\n<\/tr>\n<tr>\n<td><strong>Configuration requise<\/strong><\/td>\n<td>Compatible avec l'application Alexa sur appareils Fire OS, Android, iOS et acc\u00e8s web<\/td>\n<\/tr>\n<tr>\n<td><strong>Technologie de Configuration<\/strong><\/td>\n<td>Wi-Fi Simple Setup pour une connexion facile \u00e0 votre r\u00e9seau Wi-Fi<\/td>\n<\/tr>\n<tr>\n<td><strong>Mat\u00e9riaux \u00c9co-responsables<\/strong><\/td>\n<td>Tissu \u00e0 100 % en polyester recycl\u00e9 post-consommation, aluminium \u00e0 80 % recycl\u00e9<\/td>\n<\/tr>\n<tr>\n<td><strong>Emballage \u00c9cologique<\/strong><\/td>\n<td>99 % \u00e0 base de fibre de bois de for\u00eats g\u00e9r\u00e9es de mani\u00e8re responsable ou de fili\u00e8res de recyclage<\/td>\n<\/tr>\n<tr>\n<td><strong>\u00c9nergie Propre<\/strong><\/td>\n<td>Amazon s'engage \u00e0 utiliser une \u00e9nergie propre \u00e9quivalente \u00e0 l'\u00e9lectricit\u00e9 utilis\u00e9e par l'appareil<\/td>\n<\/tr>\n<tr>\n<td><strong>Mode Basse Consommation<\/strong><\/td>\n<td>R\u00e9duit la consommation d'\u00e9nergie lorsque l'appareil est inactif<\/td>\n<\/tr>\n<tr>\n<td><strong>Fonctionnalit\u00e9s d'Accessibilit\u00e9<\/strong><\/td>\n<td>Options pour personnaliser Alexa en fonction des besoins en vision, audition, mobilit\u00e9, et parole<\/td>\n<\/tr>\n<tr>\n<td><strong>Garantie et Services<\/strong><\/td>\n<td>Garantie limit\u00e9e d'un an, avec garanties l\u00e9gales pour les consommateurs<\/td>\n<\/tr>\n<tr>\n<td><strong>Langues Prises en Charge<\/strong><\/td>\n<td>Anglais, Fran\u00e7ais, Allemand, Italien, Espagnol<\/td>\n<\/tr>\n<tr>\n<td><strong>Vie Priv\u00e9e<\/strong><\/td>\n<td>Technologie du mot d'activation, bouton Arr\u00eat microphone, gestion des enregistrements vocaux<\/td>\n<\/tr>\n<tr>\n<td style=\"text-align: left;\"><strong>Vendu par<\/strong><\/td>\n<td>www.binaa.ma<\/td>\n<\/tr>\n<\/tbody>\n<\/table>\n<p>\u00a0<\/p>\n<p><strong>Echo Pop | L'Enceinte Connect\u00e9e Compacte au Son Riche avec Alexa<\/strong><\/p>\n<p><em>D\u00e9couvrez Echo Pop, l'assistant vocal qui transforme votre quotidien !<\/em><\/p>\n<p>Laissez-vous s\u00e9duire par Echo Pop, l'enceinte connect\u00e9e Bluetooth et Wi-Fi qui r\u00e9volutionne votre quotidien.<\/p>\n<p>Compacte et \u00e9l\u00e9gante, elle trouve sa place dans tous les espaces, offrant un son riche et puissant.<\/p>\n<p>Avec Alexa int\u00e9gr\u00e9e, contr\u00f4lez votre musique, g\u00e9rez votre maison intelligente et bien plus, simplement par la voix.<\/p>\n<p>Choisissez votre Echo Pop et apportez une touche de modernit\u00e9 \u00e0 votre int\u00e9rieur.<\/p>\n<p><strong>Vivez l'Exp\u00e9rience Echo Pop<\/strong><\/p>\n<ul>\n<li>\n<strong>Musique et Divertissement \u00e0 la Demande<\/strong>: Demandez \u00e0 Alexa de jouer votre musique, podcasts ou livres audio favoris avec une clart\u00e9 exceptionnelle. Compatible avec les principaux services de streaming pour un divertissement sans limite.<\/li>\n<li>\n<strong>Contr\u00f4le Vocal de Votre Maison<\/strong>: Transformez chaque pi\u00e8ce en un espace connect\u00e9. Allumez les lumi\u00e8res, r\u00e9glez le thermostat ou contr\u00f4lez tout appareil compatible avec une simple commande vocale.<\/li>\n<li>\n<strong>Simplifiez Votre Quotidien<\/strong>: Utilisez Alexa pour organiser votre journ\u00e9e. De la gestion des minutes \u00e0 la r\u00e9ception des actualit\u00e9s, Echo Pop facilite chaque moment de votre vie.<\/li>\n<li>\n<strong>Respectueux de l'Environnement<\/strong>: Con\u00e7u avec une conscience \u00e9cologique, Echo Pop allie innovation et durabilit\u00e9. Profitez de la technologie tout en contribuant \u00e0 la protection de notre plan\u00e8te.<\/li>\n<\/ul>\n<p><strong>Des Performances Impressionnantes dans un Format Compact<\/strong><\/p>\n<ul>\n<li>\n<strong>Son de Qualit\u00e9<\/strong>: Haut-parleur frontal puissant pour un son riche et immersif.<\/li>\n<li>\n<strong>Connectivit\u00e9 \u00c9tendue<\/strong>: Bluetooth et Wi-Fi pour une exp\u00e9rience sans fil optimale.<\/li>\n<li>\n<strong>Commandes Vocales Intuitives<\/strong>: Alexa r\u00e9pond \u00e0 vos demandes, de la musique aux questions quotidiennes.<\/li>\n<li>\n<strong>Design Compact et \u00c9l\u00e9gant<\/strong>: Parfait pour tout espace, avec une s\u00e9lection de couleurs pour correspondre \u00e0 votre style.<\/li>\n<li>\n<strong>\u00c9co-responsable<\/strong>: Fabriqu\u00e9 avec des mat\u00e9riaux recycl\u00e9s et con\u00e7u pour une consommation d'\u00e9nergie r\u00e9duite.<\/li>\n<\/ul>\n<p><strong>Configuration Simplifi\u00e9e \u00e0 Distance<\/strong><\/p>\n<p><em>Votre Assistant Vocal, Pr\u00eat en un Clic<\/em><\/p>\n<p>Faites l'exp\u00e9rience d'une mise en service fluide et sans tracas avec notre service exclusif d'aide \u00e0 la<strong>\u00a0<\/strong>configuration \u00e0 distance.<\/p>\n<p>B\u00e9n\u00e9ficiez d'une assistance personnalis\u00e9e, rapide et efficace, transformant votre exp\u00e9rience de configuration en un pur moment de plaisir.<\/p>\n<p><strong>Tout ce dont Vous avez Besoin pour D\u00e9marrer<\/strong><\/p>\n<ul>\n<li>\n<meta charset=\"UTF-8\"> <span>1 x <\/span>Echo Pop (1re g\u00e9n.)<\/li>\n<li>\n<meta charset=\"UTF-8\"> <span>1 x <\/span>Adaptateur secteur (15 W)<\/li>\n<li>\n<meta charset=\"UTF-8\"> <span>1 x <\/span>Guide de d\u00e9marrage rapide<\/li>\n<\/ul>\n<p><meta charset=\"UTF-8\"><span>Avec Echo Pop, offrez-vous le meilleur de la technologie et de la domotique, tout en adoptant un mode de vie plus durable. <\/span><\/p>\n<p><span>Choisissez Echo Pop pour une maison connect\u00e9e, intelligente et respectueuse de l'environnement. Commandez d\u00e8s maintenant sur binaa.ma.<br \/><\/span><\/p>","protected":false},"excerpt":{"rendered":"<p>\u00a0 Marque AMAZON ECHO Mod\u00e8le Echo Pop (1re g\u00e9n\u00e9ration, mod\u00e8le 2023) Dimensions 99 x 83 x 91 mm Poids 196<\/p>","protected":false},"featured_media":32201,"comment_status":"open","ping_status":"closed","template":"","meta":[],"product_brand":[],"product_cat":[23],"product_tag":[911,922,913,914,915,916,917,918,919,920,921],"class_list":{"0":"post-31763","1":"product","2":"type-product","3":"status-publish","4":"has-post-thumbnail","6":"product_cat-default","7":"product_tag-accessoires-de-domotique","8":"product_tag-alexa-echo-pop","9":"product_tag-appareils-connectes","10":"product_tag-appareils-de-communication-vocale","11":"product_tag-appareils-de-diffusion-de-musique","12":"product_tag-appareils-de-streaming-de-musique","13":"product_tag-enceintes-intelligentes","14":"product_tag-maison-intelligente","15":"product_tag-outils-pour-la-domotique","16":"product_tag-smart-home","17":"product_tag-solutions-de-maison-intelligente","19":"first","20":"instock","21":"sale","22":"shipping-taxable","23":"purchasable","24":"product-type-variable"},"jetpack_sharing_enabled":true,"_links":{"self":[{"href":"https:\/\/e-maestros.ma\/fr\/wp-json\/wp\/v2\/product\/31763","targetHints":{"allow":["GET"]}}],"collection":[{"href":"https:\/\/e-maestros.ma\/fr\/wp-json\/wp\/v2\/product"}],"about":[{"href":"https:\/\/e-maestros.ma\/fr\/wp-json\/wp\/v2\/types\/product"}],"replies":[{"embeddable":true,"href":"https:\/\/e-maestros.ma\/fr\/wp-json\/wp\/v2\/comments?post=31763"}],"version-history":[{"count":0,"href":"https:\/\/e-maestros.ma\/fr\/wp-json\/wp\/v2\/product\/31763\/revisions"}],"wp:featuredmedia":[{"embeddable":true,"href":"https:\/\/e-maestros.ma\/fr\/wp-json\/wp\/v2\/media\/32201"}],"wp:attachment":[{"href":"https:\/\/e-maestros.ma\/fr\/wp-json\/wp\/v2\/media?parent=31763"}],"wp:term":[{"taxonomy":"product_brand","embeddable":true,"href":"https:\/\/e-maestros.ma\/fr\/wp-json\/wp\/v2\/product_brand?post=31763"},{"taxonomy":"product_cat","embeddable":true,"href":"https:\/\/e-maestros.ma\/fr\/wp-json\/wp\/v2\/product_cat?post=31763"},{"taxonomy":"product_tag","embeddable":true,"href":"https:\/\/e-maestros.ma\/fr\/wp-json\/wp\/v2\/product_tag?post=31763"}],"curies":[{"name":"wp","href":"https:\/\/api.w.org\/{rel}","templated":true}]}}