{"id":31769,"date":"2025-11-11T16:52:52","date_gmt":"2025-11-11T16:52:52","guid":{"rendered":"https:\/\/e-maestros.ma\/shop\/uncategorized\/assistant-amazon-alexa-echo-show-8-2e-gen\/"},"modified":"2025-11-11T16:52:52","modified_gmt":"2025-11-11T16:52:52","slug":"assistant-amazon-alexa-echo-show-8-2e-gen","status":"publish","type":"product","link":"https:\/\/e-maestros.ma\/fr\/boutique\/par-defaut\/assistant-amazon-alexa-echo-show-8-2e-gen\/","title":{"rendered":"Assistant Amazon Alexa Echo Show 8 2e g\u00e9n."},"content":{"rendered":"<p>\u00a0<\/p>\n<table>\n<tbody>\n<tr>\n<td style=\"text-align: left;\"><b>Marque<\/b><\/td>\n<td>ECHO AMAZON<\/td>\n<\/tr>\n<tr>\n<td style=\"text-align: left;\"><strong>Mod\u00e8le<\/strong><\/td>\n<td>\n<meta charset=\"UTF-8\">Echo Show 8 (2e g\u00e9n\u00e9ration)<\/td>\n<\/tr>\n<tr>\n<td style=\"text-align: left;\"><strong>Dimensions<\/strong><\/td>\n<td>200,4 x 135,9 x 99,1 mm<\/td>\n<\/tr>\n<tr>\n<td style=\"text-align: left;\"><strong>Poids<\/strong><\/td>\n<td>1037 g<\/td>\n<\/tr>\n<tr>\n<td style=\"text-align: left;\"><strong>\u00c9cran<\/strong><\/td>\n<td>\u00c9cran tactile 8\u201d<\/td>\n<\/tr>\n<tr>\n<td style=\"text-align: left;\"><strong>Cam\u00e9ra<\/strong><\/td>\n<td>Cam\u00e9ra 13 Mpx avec cache-cam\u00e9ra int\u00e9gr\u00e9<\/td>\n<\/tr>\n<tr>\n<td style=\"text-align: left;\"><strong>Connectivit\u00e9 Wi-Fi<\/strong><\/td>\n<td>Bibande, compatible avec 802.11a\/b\/g\/n\/ac<\/td>\n<\/tr>\n<tr>\n<td style=\"text-align: left;\"><strong>Connectivit\u00e9 Bluetooth<\/strong><\/td>\n<td>A2DP, AVRCP, non compatible avec Mac OS X et PIN requis<\/td>\n<\/tr>\n<tr>\n<td style=\"text-align: left;\"><strong>Compatibilit\u00e9 Smart Home<\/strong><\/td>\n<td>Wi-Fi, Bluetooth Low Energy Mesh, Zigbee, Matter<\/td>\n<\/tr>\n<tr>\n<td style=\"text-align: left;\"><strong>Audio<\/strong><\/td>\n<td>Haut-parleurs n\u00e9odyme 2\u201d avec radiateur passif<\/td>\n<\/tr>\n<tr>\n<td style=\"text-align: left;\"><strong>Processeur<\/strong><\/td>\n<td>MediaTek MT 8183<\/td>\n<\/tr>\n<tr>\n<td style=\"text-align: left;\"><strong>Fonctionnalit\u00e9s d&#8217;accessibilit\u00e9<\/strong><\/td>\n<td>Sous-titres Alexa, \u00e9cran agrandi, VoiceView<\/td>\n<\/tr>\n<tr>\n<td style=\"text-align: left;\"><strong>Vendu par<\/strong><\/td>\n<td>www.binaa.ma<\/td>\n<\/tr>\n<\/tbody>\n<\/table>\n<p>\u00a0<\/p>\n<p><meta charset=\"UTF-8\"><strong>Echo Show 8 (2e g\u00e9n\u00e9ration)<\/strong><\/p>\n<p><em>L&#8217;Innovation au C\u0153ur de Votre Quotidien!<\/em><\/p>\n<p>D\u00e9couvrez l&#8217;Echo Show 8, la r\u00e9volution de la domotique qui allie \u00e9l\u00e9gance et intelligence pour enrichir chaque instant de votre quotidien.<\/p>\n<p>Con\u00e7u pour les hommes et femmes modernes, actifs et connect\u00e9s, cet assistant vocal intelligent avec \u00e9cran tactile est l&#8217;outil id\u00e9al pour g\u00e9rer votre maison, rester en contact avec vos proches, et vous divertir.<\/p>\n<p>Echo Show 8 (2e g\u00e9n\u00e9ration) n&#8217;est pas seulement un appareil, c&#8217;est votre partenaire quotidien pour une vie simplifi\u00e9e et enrichie.<\/p>\n<p><meta charset=\"UTF-8\"><strong>Votre Compagnon Quotidien pour une Vie Simplifi\u00e9e<\/strong><\/p>\n<ul>\n<li>\n<strong>Restez connect\u00e9:<\/strong> Appels vid\u00e9o fluides avec cadrage automatique pour inclure toute la famille.<\/li>\n<li>\n<strong>Assistance au quotidien:<\/strong> Demandez \u00e0 Alexa pour consulter vos listes, rendez-vous, et actualit\u00e9s.<\/li>\n<li>\n<strong>Contr\u00f4le de la maison intelligente:<\/strong> G\u00e9rez vos appareils connect\u00e9s par la voix ou l&#8217;\u00e9cran.<\/li>\n<li>\n<strong>Surveillance \u00e0 distance :<\/strong> Gardez un \u0153il sur votre domicile gr\u00e2ce \u00e0 la cam\u00e9ra int\u00e9gr\u00e9e.<\/li>\n<li>\n<strong>Divertissement \u00e0 port\u00e9e de main:<\/strong> Films, s\u00e9ries, musique, et recettes interactives pour des moments inoubliables.<\/li>\n<li>\n<strong>Cadre photo num\u00e9rique:<\/strong> Affichez vos plus beaux souvenirs avec Amazon Photos.<\/li>\n<li>\n<strong>\u00c9coresponsable:<\/strong> Con\u00e7u en pensant \u00e0 l&#8217;environnement, de la fabrication \u00e0 l&#8217;utilisation.<\/li>\n<\/ul>\n<p><meta charset=\"UTF-8\"><strong>Des Performances Impressionnantes dans un Format Compact<\/strong><\/p>\n<ul>\n<li>\n<strong>\u00c9cran tactile 8 pouces<\/strong> pour une interaction facile et intuitive.<\/li>\n<li>\n<strong>Cam\u00e9ra 13 Mpx<\/strong> offrant des appels vid\u00e9o de haute qualit\u00e9 avec cadrage automatique.<\/li>\n<li>\n<strong>Contr\u00f4le complet<\/strong> de vos appareils domestiques connect\u00e9s.<\/li>\n<li>\n<strong>Qualit\u00e9 audio sup\u00e9rieure<\/strong> avec haut-parleurs n\u00e9odyme 2\u201d.<\/li>\n<li>\n<strong>Modes basse consommation<\/strong> pour une utilisation \u00e9coresponsable.<\/li>\n<li>\n<strong>Connexion Wi-Fi et Bluetooth<\/strong> pour une connectivit\u00e9 sans faille.<\/li>\n<li>\n<strong>Compatibilit\u00e9 Smart Home \u00e9tendue<\/strong> incluant Zigbee et Matter.<\/li>\n<li>\n<strong>Fonctionnalit\u00e9s d&#8217;accessibilit\u00e9<\/strong> pour une exp\u00e9rience utilisateur inclusive.<\/li>\n<\/ul>\n<p><strong>Configuration Simplifi\u00e9e \u00e0 Distance<\/strong><\/p>\n<p>Votre Assistant Vocal, Pr\u00eat en un Clic<\/p>\n<p>Faites l&#8217;exp\u00e9rience d&#8217;une mise en service fluide et sans tracas avec notre service exclusif d&#8217;aide \u00e0 la configuration \u00e0 distance.<\/p>\n<p>B\u00e9n\u00e9ficiez d'une assistance personnalis\u00e9e, rapide et efficace, transformant votre exp\u00e9rience de configuration en un pur moment de plaisir.<\/p>\n<p><meta charset=\"UTF-8\"><strong>Tout ce dont Vous avez Besoin pour D\u00e9marrer<\/strong><\/p>\n<ul>\n<li>Echo Show 8 (2e g\u00e9n\u00e9ration)<\/li>\n<li>Adaptateur secteur blanc (30 W)<\/li>\n<li>C\u00e2ble (1,5 m)<\/li>\n<li>Guide de d\u00e9marrage rapide<\/li>\n<\/ul>\n<p>L&#8217;Echo Show 8 (2e g\u00e9n\u00e9ration) est bien plus qu&#8217;un assistant vocal ; c&#8217;est une fen\u00eatre vers un monde de facilit\u00e9, de s\u00e9curit\u00e9 et de divertissement.<\/p>","protected":false},"excerpt":{"rendered":"<p>\u00a0 Marque AMAZON ECHO Mod\u00e8le Echo Show 8 (2e g\u00e9n\u00e9ration) Dimensions 200,4 x 135,9 x 99,1 mm Poids 1037 g<\/p>","protected":false},"featured_media":32204,"comment_status":"open","ping_status":"closed","template":"","meta":[],"product_brand":[],"product_cat":[23],"product_tag":[911,923,913,914,915,916,917,918,919,920,921],"class_list":{"0":"post-31769","1":"product","2":"type-product","3":"status-publish","4":"has-post-thumbnail","6":"product_cat-default","7":"product_tag-accessoires-de-domotique","8":"product_tag-amazon-echo-show-8-2-eme-generation","9":"product_tag-appareils-connectes","10":"product_tag-appareils-de-communication-vocale","11":"product_tag-appareils-de-diffusion-de-musique","12":"product_tag-appareils-de-streaming-de-musique","13":"product_tag-enceintes-intelligentes","14":"product_tag-maison-intelligente","15":"product_tag-outils-pour-la-domotique","16":"product_tag-smart-home","17":"product_tag-solutions-de-maison-intelligente","19":"first","20":"instock","21":"sale","22":"shipping-taxable","23":"purchasable","24":"product-type-variable"},"jetpack_sharing_enabled":true,"_links":{"self":[{"href":"https:\/\/e-maestros.ma\/fr\/wp-json\/wp\/v2\/product\/31769","targetHints":{"allow":["GET"]}}],"collection":[{"href":"https:\/\/e-maestros.ma\/fr\/wp-json\/wp\/v2\/product"}],"about":[{"href":"https:\/\/e-maestros.ma\/fr\/wp-json\/wp\/v2\/types\/product"}],"replies":[{"embeddable":true,"href":"https:\/\/e-maestros.ma\/fr\/wp-json\/wp\/v2\/comments?post=31769"}],"version-history":[{"count":0,"href":"https:\/\/e-maestros.ma\/fr\/wp-json\/wp\/v2\/product\/31769\/revisions"}],"wp:featuredmedia":[{"embeddable":true,"href":"https:\/\/e-maestros.ma\/fr\/wp-json\/wp\/v2\/media\/32204"}],"wp:attachment":[{"href":"https:\/\/e-maestros.ma\/fr\/wp-json\/wp\/v2\/media?parent=31769"}],"wp:term":[{"taxonomy":"product_brand","embeddable":true,"href":"https:\/\/e-maestros.ma\/fr\/wp-json\/wp\/v2\/product_brand?post=31769"},{"taxonomy":"product_cat","embeddable":true,"href":"https:\/\/e-maestros.ma\/fr\/wp-json\/wp\/v2\/product_cat?post=31769"},{"taxonomy":"product_tag","embeddable":true,"href":"https:\/\/e-maestros.ma\/fr\/wp-json\/wp\/v2\/product_tag?post=31769"}],"curies":[{"name":"wp","href":"https:\/\/api.w.org\/{rel}","templated":true}]}}