{"id":31803,"date":"2025-11-11T16:52:59","date_gmt":"2025-11-11T16:52:59","guid":{"rendered":"https:\/\/e-maestros.ma\/shop\/uncategorized\/camera-de-surveillance-intelligente-ezviz-c3tn-wi-fi-full-hd\/"},"modified":"2025-11-11T16:52:59","modified_gmt":"2025-11-11T16:52:59","slug":"camera-de-surveillance-intelligente-ezviz-c3tn-wi-fi-full-hd","status":"publish","type":"product","link":"https:\/\/e-maestros.ma\/fr\/boutique\/par-defaut\/camera-de-surveillance-intelligente-ezviz-c3tn-wi-fi-full-hd\/","title":{"rendered":"Cam\u00e9ra de surveillance intelligente Ezviz C3TN Wi-Fi Full HD"},"content":{"rendered":"<p>\u00a0<\/p>\n<table>\n<tbody>\n<tr>\n<td style=\"text-align: left;\"><strong><meta charset=\"UTF-8\">Marque<\/strong><\/td>\n<td><span>EZVIZ<\/span><\/td>\n<\/tr>\n<tr>\n<td style=\"text-align: left;\"><strong>Mod\u00e8le<\/strong><\/td>\n<td>C3TN<\/td>\n<\/tr>\n<tr>\n<td style=\"text-align: left;\"><strong>R\u00e9solution<\/strong><\/td>\n<td>Full HD 1080p<\/td>\n<\/tr>\n<tr>\n<td style=\"text-align: left;\"><strong>Vision nocturne<\/strong><\/td>\n<td>IR jusqu&#8217;\u00e0 30 m\u00e8tres<\/td>\n<\/tr>\n<tr>\n<td style=\"text-align: left;\"><strong>R\u00e9sistance<\/strong><\/td>\n<td>IP67 (\u00e9tanche \u00e0 la poussi\u00e8re et \u00e0 l&#8217;eau)<\/td>\n<\/tr>\n<tr>\n<td style=\"text-align: left;\"><strong>Stockage<\/strong><\/td>\n<td>Carte MicroSD jusqu&#8217;\u00e0 256 Go, stockage cloud EZVIZ<\/td>\n<\/tr>\n<tr>\n<td style=\"text-align: left;\"><strong>D\u00e9tection<\/strong><\/td>\n<td>Mouvement avec alertes mobiles<\/td>\n<\/tr>\n<tr>\n<td style=\"text-align: left;\"><strong>Audio<\/strong><\/td>\n<td>Microphone antibruit int\u00e9gr\u00e9<\/td>\n<\/tr>\n<tr>\n<td style=\"text-align: left;\"><strong>Compression vid\u00e9o<\/strong><\/td>\n<td>Technologie H.265<\/td>\n<\/tr>\n<tr>\n<td style=\"text-align: left;\"><strong>S\u00e9curit\u00e9<\/strong><\/td>\n<td>Cryptage AES 128 bits, protocole de cryptage TLS, authentification en plusieurs \u00e9tapes<\/td>\n<\/tr>\n<tr>\n<td style=\"text-align: left;\"><strong>Couleur<\/strong><\/td>\n<td>Blanc<\/td>\n<\/tr>\n<tr>\n<td style=\"text-align: left;\"><strong>Alimentation<\/strong><\/td>\n<td>Sans fil, \u00e9lectrique (12V)<\/td>\n<\/tr>\n<tr>\n<td style=\"text-align: left;\"><strong>Connectivit\u00e9<\/strong><\/td>\n<td>Wi-Fi<\/td>\n<\/tr>\n<tr>\n<td style=\"text-align: left;\"><strong>Utilisation<\/strong><\/td>\n<td>Cam\u00e9ra pour maison intelligente, pour usage ext\u00e9rieur<\/td>\n<\/tr>\n<tr>\n<td style=\"text-align: left;\"><strong>Mode d&#8217;alerte<\/strong><\/td>\n<td>Notification mobile en cas d&#8217;intrusion<\/td>\n<\/tr>\n<tr>\n<td style=\"text-align: left;\"><strong>Type de d\u00e9tecteur<\/strong><\/td>\n<td>Mouvements<\/td>\n<\/tr>\n<tr>\n<td style=\"text-align: left;\"><strong>Type de cam\u00e9ra<\/strong><\/td>\n<td>Ext\u00e9rieure, non motoris\u00e9e, forme &#8220;Bullet&#8221;<\/td>\n<\/tr>\n<tr>\n<td style=\"text-align: left;\"><strong>Angle de vision<\/strong><\/td>\n<td>102\u00b0<\/td>\n<\/tr>\n<tr>\n<td style=\"text-align: left;\"><strong>Poids<\/strong><\/td>\n<td>500g<\/td>\n<\/tr>\n<tr>\n<td style=\"text-align: left;\"><strong>Dimensions<\/strong><\/td>\n<td>72 \u00d7 72 \u00d7 152 mm<\/td>\n<\/tr>\n<tr>\n<td style=\"text-align: left;\"><strong>Vendu par<\/strong><\/td>\n<td>www.binaa.ma<\/td>\n<\/tr>\n<\/tbody>\n<\/table>\n<p>\u00a0<\/p>\n<p>Pour une s\u00e9curit\u00e9 totale et simplifi\u00e9e, optez pour la cam\u00e9ra de surveillance ext\u00e9rieure EZVIZ C3TN Wi-Fi Full HD 1080p.<\/p>\n<p><span>Avec une qualit\u00e9 vid\u00e9o nette et une vision nocturne IR jusqu&#8217;\u00e0 30 m\u00e8tres, cette cam\u00e9ra r\u00e9sistante aux intemp\u00e9ries (IP67) vous assure une surveillance constante, m\u00eame par mauvais temps. <\/span><\/p>\n<p><span>Gr\u00e2ce \u00e0 son stockage sur carte MicroSD ou sur le cloud EZVIZ, gardez un \u0153il sur votre propri\u00e9t\u00e9 o\u00f9 que vous soyez. <\/span><\/p>\n<p><span>Dot\u00e9e d&#8217;une d\u00e9tection de mouvement et d&#8217;un microphone antibruit, elle vous alerte instantan\u00e9ment en cas d&#8217;intrusion. <\/span><\/p>\n<p><span>Son syst\u00e8me de compression vid\u00e9o H.265 r\u00e9duit la bande passante et l&#8217;espace de stockage n\u00e9cessaire, tout en assurant une qualit\u00e9 d&#8217;image optimale. <\/span><\/p>\n<p><span>Votre s\u00e9curit\u00e9 et votre confidentialit\u00e9 sont garanties avec un cryptage de bout en bout des donn\u00e9es, un stockage cloud s\u00e9curis\u00e9, et un contr\u00f4le total sur vos enregistrements. EZVIZ C3TN, la solution intelligente pour une protection totale de votre maison.<\/span><\/p>\n<p>Voici les points forts et caract\u00e9ristiques cl\u00e9s de la cam\u00e9ra intelligente\u00a0C3TN Wi-Fi:<\/p>\n<ol>\n<li>\n<p><strong>Qualit\u00e9 vid\u00e9o Full HD 1080p:<\/strong> Captation d&#8217;images nettes et claires pour une surveillance pr\u00e9cise.<\/p>\n<\/li>\n<li>\n<p><strong>Vision nocturne IR jusqu&#8217;\u00e0 30 m\u00e8tres:<\/strong> Surveillance efficace m\u00eame dans l&#8217;obscurit\u00e9 totale.<\/p>\n<\/li>\n<li>\n<p><strong>R\u00e9sistance aux intemp\u00e9ries (IP67):<\/strong> Fonctionnement fiable par tous les temps, assurant une durabilit\u00e9 accrue.<\/p>\n<\/li>\n<li>\n<p><strong>Stockage flexible:<\/strong> Option pour enregistrer localement sur carte MicroSD jusqu&#8217;\u00e0 256 Go ou via le stockage cloud EZVIZ.<\/p>\n<\/li>\n<li>\n<p><strong>D\u00e9tection de mouvement:<\/strong> Alerte en temps r\u00e9el en cas d&#8217;activit\u00e9 suspecte.<\/p>\n<\/li>\n<li>\n<p><strong>Microphone antibruit int\u00e9gr\u00e9:<\/strong> Captation audio claire de l&#8217;environnement surveill\u00e9.<\/p>\n<\/li>\n<li>\n<p><strong>Compression vid\u00e9o H.265:<\/strong> R\u00e9duit la bande passante et l&#8217;espace de stockage sans compromettre la qualit\u00e9 d&#8217;image.<\/p>\n<\/li>\n<li>\n<p><strong>S\u00e9curit\u00e9 et confidentialit\u00e9 renforc\u00e9es:<\/strong> Cryptage de bout en bout des donn\u00e9es, stockage cloud s\u00e9curis\u00e9, contr\u00f4le total des enregistrements.<\/p>\n<\/li>\n<\/ol>\n<p class=\"p1\">Voici le contenu de l&#8217;emballage de la<span class=\"Apple-converted-space\"> <meta charset=\"utf-8\"> <span>cam\u00e9ra de surveillance ext\u00e9rieure Ezviz C3TN<\/span><\/span>:<\/p>\n<ul>\n<li>1 x\u00a0C<span>am\u00e9ra Ezviz C3TN 1080p<\/span>\n<\/li>\n<li>1 x Ensemble de vis et\u00a0g<span>abarit de per\u00e7age<\/span>\n<\/li>\n<li>1 x <meta charset=\"UTF-8\"> <span>Kit d&#8217;\u00e9tanch\u00e9it\u00e9<\/span>\n<\/li>\n<li><span>1 x <meta charset=\"UTF-8\">Adaptateur secteur<\/span><\/li>\n<li>1 x Informations r\u00e9glementaires<\/li>\n<li><span><meta charset=\"utf-8\">1 x <meta charset=\"UTF-8\">Guide de d\u00e9marrage rapide<br \/><\/span><\/li>\n<\/ul>","protected":false},"excerpt":{"rendered":"<p>\u00a0 Marque EZVIZ Mod\u00e8le C3TN R\u00e9solution Full HD 1080p Vision nocturne IR jusqu'\u00e0 30 m\u00e8tres R\u00e9sistance IP67 (\u00e9tanche \u00e0 la<\/p>","protected":false},"featured_media":32223,"comment_status":"open","ping_status":"closed","template":"","meta":[],"product_brand":[],"product_cat":[23],"product_tag":[911,913,932,933,918,919,920,921],"class_list":{"0":"post-31803","1":"product","2":"type-product","3":"status-publish","4":"has-post-thumbnail","6":"product_cat-default","7":"product_tag-accessoires-de-domotique","8":"product_tag-appareils-connectes","9":"product_tag-camera-ezviz-c3tn","10":"product_tag-cameras-connectees","11":"product_tag-maison-intelligente","12":"product_tag-outils-pour-la-domotique","13":"product_tag-smart-home","14":"product_tag-solutions-de-maison-intelligente","16":"first","17":"instock","18":"sale","19":"shipping-taxable","20":"purchasable","21":"product-type-variable"},"jetpack_sharing_enabled":true,"_links":{"self":[{"href":"https:\/\/e-maestros.ma\/fr\/wp-json\/wp\/v2\/product\/31803","targetHints":{"allow":["GET"]}}],"collection":[{"href":"https:\/\/e-maestros.ma\/fr\/wp-json\/wp\/v2\/product"}],"about":[{"href":"https:\/\/e-maestros.ma\/fr\/wp-json\/wp\/v2\/types\/product"}],"replies":[{"embeddable":true,"href":"https:\/\/e-maestros.ma\/fr\/wp-json\/wp\/v2\/comments?post=31803"}],"version-history":[{"count":0,"href":"https:\/\/e-maestros.ma\/fr\/wp-json\/wp\/v2\/product\/31803\/revisions"}],"wp:featuredmedia":[{"embeddable":true,"href":"https:\/\/e-maestros.ma\/fr\/wp-json\/wp\/v2\/media\/32223"}],"wp:attachment":[{"href":"https:\/\/e-maestros.ma\/fr\/wp-json\/wp\/v2\/media?parent=31803"}],"wp:term":[{"taxonomy":"product_brand","embeddable":true,"href":"https:\/\/e-maestros.ma\/fr\/wp-json\/wp\/v2\/product_brand?post=31803"},{"taxonomy":"product_cat","embeddable":true,"href":"https:\/\/e-maestros.ma\/fr\/wp-json\/wp\/v2\/product_cat?post=31803"},{"taxonomy":"product_tag","embeddable":true,"href":"https:\/\/e-maestros.ma\/fr\/wp-json\/wp\/v2\/product_tag?post=31803"}],"curies":[{"name":"wp","href":"https:\/\/api.w.org\/{rel}","templated":true}]}}