{"id":31823,"date":"2025-11-11T16:53:05","date_gmt":"2025-11-11T16:53:05","guid":{"rendered":"https:\/\/e-maestros.ma\/shop\/uncategorized\/camera-intelligente-de-surveillance-dinterieur-ezviz-h1c\/"},"modified":"2025-11-11T16:53:05","modified_gmt":"2025-11-11T16:53:05","slug":"camera-intelligente-de-surveillance-dinterieur-ezviz-h1c","status":"publish","type":"product","link":"https:\/\/e-maestros.ma\/fr\/boutique\/par-defaut\/camera-intelligente-de-surveillance-dinterieur-ezviz-h1c\/","title":{"rendered":"Cam\u00e9ra intelligente de surveillance d'int\u00e9rieur Ezviz H1C"},"content":{"rendered":"<p data-end=\"122\" data-start=\"0\">\u00a0<\/p>\n<table data-end=\"3596\" data-start=\"124\">\n<tbody data-end=\"3596\" data-start=\"298\">\n<tr data-end=\"383\" data-start=\"298\">\n<td style=\"text-align: left;\"><strong data-end=\"310\" data-start=\"300\">Marque<\/strong><\/td>\n<td>Ezviz<\/td>\n<\/tr>\n<tr data-end=\"470\" data-start=\"384\">\n<td style=\"text-align: left;\"><strong data-end=\"396\" data-start=\"386\">Mod\u00e8le<\/strong><\/td>\n<td>H1C<\/td>\n<\/tr>\n<tr data-end=\"556\" data-start=\"471\">\n<td style=\"text-align: left;\"><strong data-end=\"492\" data-start=\"473\">Capteur d'image<\/strong><\/td>\n<td>CMOS 1\/3&#8243; Progressive Scan<\/td>\n<\/tr>\n<tr data-end=\"642\" data-start=\"557\">\n<td style=\"text-align: left;\"><strong data-end=\"583\" data-start=\"559\">Vitesse d&#8217;obturation<\/strong><\/td>\n<td>Auto-adaptative<\/td>\n<\/tr>\n<tr data-end=\"750\" data-start=\"643\">\n<td style=\"text-align: left;\"><strong data-end=\"657\" data-start=\"645\">Objectif<\/strong><\/td>\n<td>2.8mm, angle de vue : 108\u00b0 Diagonal, 91\u00b0 Horizontal, 50\u00b0 Vertical<\/td>\n<\/tr>\n<tr data-end=\"835\" data-start=\"751\">\n<td style=\"text-align: left;\"><strong data-end=\"778\" data-start=\"753\">Illumination minimale<\/strong><\/td>\n<td>0.5 Lux @(F2.2, AGC ON), 0.1 Lux IR<\/td>\n<\/tr>\n<tr data-end=\"922\" data-start=\"836\">\n<td style=\"text-align: left;\"><strong data-end=\"863\" data-start=\"838\">Monture de l&#8217;objectif<\/strong><\/td>\n<td>M12<\/td>\n<\/tr>\n<tr data-end=\"1008\" data-start=\"923\">\n<td style=\"text-align: left;\"><strong data-end=\"948\" data-start=\"925\">Filtre jour et nuit<\/strong><\/td>\n<td>Filtre IR avec commutation automatique<\/td>\n<\/tr>\n<tr data-end=\"1095\" data-start=\"1009\">\n<td style=\"text-align: left;\"><strong data-end=\"1033\" data-start=\"1011\">R\u00e9duction du bruit<\/strong><\/td>\n<td>3D DNR<\/td>\n<\/tr>\n<tr data-end=\"1182\" data-start=\"1096\">\n<td style=\"text-align: left;\"><strong data-end=\"1120\" data-start=\"1098\">Vision nocturne IR<\/strong><\/td>\n<td>Jusqu\u2019\u00e0 10m (32 ft)<\/td>\n<\/tr>\n<tr data-end=\"1267\" data-start=\"1183\">\n<td style=\"text-align: left;\"><strong data-end=\"1214\" data-start=\"1185\">R\u00e9solution vid\u00e9o maximale<\/strong><\/td>\n<td>1920 \u00d7 1080 (Full HD)<\/td>\n<\/tr>\n<tr data-end=\"1353\" data-start=\"1268\">\n<td style=\"text-align: left;\"><strong data-end=\"1292\" data-start=\"1270\">Fr\u00e9quence d&#8217;images<\/strong><\/td>\n<td>Max 25 fps, adaptatif selon r\u00e9seau<\/td>\n<\/tr>\n<tr data-end=\"1439\" data-start=\"1354\">\n<td style=\"text-align: left;\"><strong data-end=\"1377\" data-start=\"1356\">Compression vid\u00e9o<\/strong><\/td>\n<td>H.264 (Main Profile)<\/td>\n<\/tr>\n<tr data-end=\"1525\" data-start=\"1440\">\n<td style=\"text-align: left;\"><strong data-end=\"1459\" data-start=\"1442\">Bitrate vid\u00e9o<\/strong><\/td>\n<td>HD, adaptatif<\/td>\n<\/tr>\n<tr data-end=\"1611\" data-start=\"1526\">\n<td style=\"text-align: left;\"><strong data-end=\"1545\" data-start=\"1528\">Bitrate audio<\/strong><\/td>\n<td>Adaptatif<\/td>\n<\/tr>\n<tr data-end=\"1698\" data-start=\"1612\">\n<td style=\"text-align: left;\"><strong data-end=\"1633\" data-start=\"1614\">Bitrate maximal<\/strong><\/td>\n<td>1 Mbps<\/td>\n<\/tr>\n<tr data-end=\"1784\" data-start=\"1699\">\n<td style=\"text-align: left;\"><strong data-end=\"1727\" data-start=\"1701\">D\u00e9tection de mouvement<\/strong><\/td>\n<td>Alerte intelligente<\/td>\n<\/tr>\n<tr data-end=\"1871\" data-start=\"1785\">\n<td style=\"text-align: left;\"><strong data-end=\"1811\" data-start=\"1787\">Audio bidirectionnel<\/strong><\/td>\n<td>Support\u00e9<\/td>\n<\/tr>\n<tr data-end=\"1999\" data-start=\"1872\">\n<td style=\"text-align: left;\"><strong data-end=\"1897\" data-start=\"1874\">Fonctions g\u00e9n\u00e9rales<\/strong><\/td>\n<td>Anti-scintillement, Double flux, Image miroir, Protection par mot de passe, Watermark<\/td>\n<\/tr>\n<tr data-end=\"2085\" data-start=\"2000\">\n<td style=\"text-align: left;\"><strong data-end=\"2017\" data-start=\"2002\">Norme Wi-Fi<\/strong><\/td>\n<td>IEEE802.11b\/g\/n<\/td>\n<\/tr>\n<tr data-end=\"2171\" data-start=\"2086\">\n<td style=\"text-align: left;\"><strong data-end=\"2110\" data-start=\"2088\">Plage de fr\u00e9quence<\/strong><\/td>\n<td>2.4 GHz ~ 2.4835 GHz<\/td>\n<\/tr>\n<tr data-end=\"2257\" data-start=\"2172\">\n<td style=\"text-align: left;\"><strong data-end=\"2192\" data-start=\"2174\">Bande passante<\/strong><\/td>\n<td>20 MHz<\/td>\n<\/tr>\n<tr data-end=\"2344\" data-start=\"2258\">\n<td style=\"text-align: left;\"><strong data-end=\"2278\" data-start=\"2260\">S\u00e9curit\u00e9 Wi-Fi<\/strong><\/td>\n<td>WEP 64\/128 bits, WPA\/WPA2, WPA-PSK\/WPA2-PSK<\/td>\n<\/tr>\n<tr data-end=\"2430\" data-start=\"2345\">\n<td style=\"text-align: left;\"><strong data-end=\"2372\" data-start=\"2347\">D\u00e9bit de transmission<\/strong><\/td>\n<td>11b: 11 Mbps, 11g: 54 Mbps, 11n: 72 Mbps<\/td>\n<\/tr>\n<tr data-end=\"2516\" data-start=\"2431\">\n<td style=\"text-align: left;\"><strong data-end=\"2452\" data-start=\"2433\">Appairage Wi-Fi<\/strong><\/td>\n<td>AP Pairing<\/td>\n<\/tr>\n<tr data-end=\"2602\" data-start=\"2517\">\n<td style=\"text-align: left;\"><strong data-end=\"2532\" data-start=\"2519\">Protocole<\/strong><\/td>\n<td>Protocole propri\u00e9taire EZVIZ Cloud<\/td>\n<\/tr>\n<tr data-end=\"2688\" data-start=\"2603\">\n<td style=\"text-align: left;\"><strong data-end=\"2623\" data-start=\"2605\">Stockage local<\/strong><\/td>\n<td>microSD jusqu&#8217;\u00e0 512 Go<\/td>\n<\/tr>\n<tr data-end=\"2774\" data-start=\"2689\">\n<td style=\"text-align: left;\"><strong data-end=\"2709\" data-start=\"2691\">Stockage Cloud<\/strong><\/td>\n<td>EZVIZ CloudPlay (abonnement requis)<\/td>\n<\/tr>\n<tr data-end=\"2864\" data-start=\"2775\">\n<td style=\"text-align: left;\"><strong data-end=\"2809\" data-start=\"2777\">Conditions de fonctionnement<\/strong><\/td>\n<td>-10 \u00baC ~ 45 \u00baC, Humidit\u00e9 95% max (non-condens\u00e9)<\/td>\n<\/tr>\n<tr data-end=\"2950\" data-start=\"2865\">\n<td style=\"text-align: left;\"><strong data-end=\"2883\" data-start=\"2867\">Alimentation<\/strong><\/td>\n<td>DC 5V \/ 1A<\/td>\n<\/tr>\n<tr data-end=\"3036\" data-start=\"2951\">\n<td style=\"text-align: left;\"><strong data-end=\"2969\" data-start=\"2953\">Consommation<\/strong><\/td>\n<td>Max. 3.0 W<\/td>\n<\/tr>\n<tr data-end=\"3122\" data-start=\"3037\">\n<td style=\"text-align: left;\"><strong data-end=\"3053\" data-start=\"3039\">Dimensions<\/strong><\/td>\n<td>53.89 \u00d7 53.89 \u00d7 90.3 mm<\/td>\n<\/tr>\n<tr data-end=\"3208\" data-start=\"3123\">\n<td style=\"text-align: left;\"><strong data-end=\"3154\" data-start=\"3125\">Dimensions de l'emballage<\/strong><\/td>\n<td>91.5 \u00d7 87.5 \u00d7 149 mm<\/td>\n<\/tr>\n<tr data-end=\"3294\" data-start=\"3209\">\n<td style=\"text-align: left;\"><strong data-end=\"3224\" data-start=\"3211\">Poids net<\/strong><\/td>\n<td>87 g<\/td>\n<\/tr>\n<tr data-end=\"3380\" data-start=\"3295\">\n<td style=\"text-align: left;\"><strong data-end=\"3321\" data-start=\"3297\">Poids avec emballage<\/strong><\/td>\n<td>305 g<\/td>\n<\/tr>\n<tr data-end=\"3466\" data-start=\"3381\">\n<td style=\"text-align: left;\"><strong data-end=\"3401\" data-start=\"3383\">Certifications<\/strong><\/td>\n<td>CE\/RoHS\/WEEE\/REACH<\/td>\n<\/tr>\n<tr data-end=\"3596\" data-start=\"3467\">\n<td style=\"text-align: left;\"><strong data-end=\"3496\" data-start=\"3469\">Inclus dans l&#8217;emballage<\/strong><\/td>\n<td>Cam\u00e9ra H1C, adaptateur secteur, c\u00e2ble 2m, plaque m\u00e9tallique, autocollants, guide rapide<\/td>\n<\/tr>\n<tr>\n<td style=\"text-align: left;\"><strong data-end=\"3496\" data-start=\"3469\">Vendu par<\/strong><\/td>\n<td>www.binaa.ma<\/td>\n<\/tr>\n<\/tbody>\n<\/table>\n<p data-is-last-node=\"\" data-end=\"3764\" data-start=\"3598\"><\/p>\n<p>\ud83d\udd12 <strong data-end=\"55\" data-start=\"3\">Cam\u00e9ra de s\u00e9curit\u00e9 Ezviz H1C Wi-Fi Full HD 1080p<\/strong> \ud83c\udfe0<\/p>\n<p><em>Prot\u00e9gez votre maison avec cette cam\u00e9ra compacte et efficace de Ezviz. \ud83d\udd0d<\/em><\/p>\n<p>\ud83d\udcf8 R\u00e9solution Full HD 1080p<br data-end=\"173\" data-start=\"170\">\ud83c\udf19 Vision nocturne jusqu\u2019\u00e0 10m<br data-end=\"210\" data-start=\"207\">\ud83c\udfa4 Audio bidirectionnel<br data-end=\"240\" data-start=\"237\">\ud83d\udeb6\u200d\u2642\ufe0f D\u00e9tection de mouvement avec alerte intelligente<br data-end=\"300\" data-start=\"297\">\ud83d\udd12 Protection par mot de passe et watermark<br data-end=\"350\" data-start=\"347\">\ud83d\udcbe Stockage jusqu\u2019\u00e0 512 Go (microSD)<br data-end=\"393\" data-start=\"390\">\u2601\ufe0f Stockage cloud EZVIZ (abonnement requis)<br data-end=\"443\" data-start=\"440\">\ud83d\udcf1 Compatible avec EZVIZ Cloud et application mobile<\/p>\n<p><strong data-end=\"526\" data-start=\"501\">Caract\u00e9ristiques cl\u00e9s<\/strong><\/p>\n<ul data-end=\"781\" data-start=\"529\">\n<li data-end=\"571\" data-start=\"529\">\ud83c\udf19 Vision nocturne IR jusqu\u2019\u00e0 10 m<\/li>\n<li data-end=\"631\" data-start=\"572\">\ud83c\udfa4 Audio bidirectionnel pour communiquer \u00e0 distance<\/li>\n<li data-end=\"674\" data-start=\"632\">\u26a1 Adaptatif \u00e0 la vitesse du r\u00e9seau<\/li>\n<li data-end=\"745\" data-start=\"675\">\ud83d\udd10 S\u00e9curis\u00e9e avec cryptage WPA2 et protection par mot de passe<\/li>\n<li data-end=\"781\" data-start=\"746\">\ud83c\udf0e Compatible Wi-Fi 2.4 GHz<\/li>\n<\/ul>\n<p><strong data-end=\"799\" data-start=\"783\">Utilisations<\/strong><\/p>\n<ul data-end=\"946\" data-start=\"802\">\n<li data-end=\"844\" data-start=\"802\">Surveillance de la maison ou du bureau<\/li>\n<li data-end=\"896\" data-start=\"845\">S\u00e9curisation de l\u2019entr\u00e9e ou des zones sensibles<\/li>\n<li data-end=\"946\" data-start=\"897\">Gardiennage des animaux et enfants \u00e0 distance<\/li>\n<\/ul>\n<p><strong data-end=\"972\" data-start=\"948\">Inclus dans la bo\u00eete<\/strong><\/p>\n<ul data-end=\"1118\" data-start=\"975\">\n<li data-end=\"995\" data-start=\"975\">Cam\u00e9ra H1C Ezviz<\/li>\n<li data-end=\"1030\" data-start=\"996\">Adaptateur secteur et c\u00e2ble 2m<\/li>\n<li data-end=\"1065\" data-start=\"1031\">Plaque m\u00e9tallique pour montage<\/li>\n<li data-end=\"1100\" data-start=\"1066\">Autocollants pour installation<\/li>\n<li data-end=\"1118\" data-start=\"1101\">Guide rapide \ud83d\udcd1<\/li>\n<\/ul>\n<p>\ud83d\udcf2 <strong data-end=\"1147\" data-start=\"1123\">Commandez maintenant<\/strong> pour profiter d\u2019une s\u00e9curit\u00e9 24\/7, o\u00f9 que vous soyez!<\/p>","protected":false},"excerpt":{"rendered":"<p>\u00a0 Marque Ezviz Mod\u00e8le H1C Capteur d'image CMOS 1\/3\u2033 Progressive Scan Vitesse d'obturation Auto-adaptative Objectif 2.8mm, angle de vue :<\/p>","protected":false},"featured_media":32234,"comment_status":"open","ping_status":"closed","template":"","meta":[],"product_brand":[],"product_cat":[23],"product_tag":[911,913,936,933,942,918,919,920,921],"class_list":{"0":"post-31823","1":"product","2":"type-product","3":"status-publish","4":"has-post-thumbnail","6":"product_cat-default","7":"product_tag-accessoires-de-domotique","8":"product_tag-appareils-connectes","9":"product_tag-camera-dinterieur","10":"product_tag-cameras-connectees","11":"product_tag-ezviz-h1c","12":"product_tag-maison-intelligente","13":"product_tag-outils-pour-la-domotique","14":"product_tag-smart-home","15":"product_tag-solutions-de-maison-intelligente","17":"first","18":"instock","19":"sale","20":"shipping-taxable","21":"purchasable","22":"product-type-variable"},"jetpack_sharing_enabled":true,"_links":{"self":[{"href":"https:\/\/e-maestros.ma\/fr\/wp-json\/wp\/v2\/product\/31823","targetHints":{"allow":["GET"]}}],"collection":[{"href":"https:\/\/e-maestros.ma\/fr\/wp-json\/wp\/v2\/product"}],"about":[{"href":"https:\/\/e-maestros.ma\/fr\/wp-json\/wp\/v2\/types\/product"}],"replies":[{"embeddable":true,"href":"https:\/\/e-maestros.ma\/fr\/wp-json\/wp\/v2\/comments?post=31823"}],"version-history":[{"count":0,"href":"https:\/\/e-maestros.ma\/fr\/wp-json\/wp\/v2\/product\/31823\/revisions"}],"wp:featuredmedia":[{"embeddable":true,"href":"https:\/\/e-maestros.ma\/fr\/wp-json\/wp\/v2\/media\/32234"}],"wp:attachment":[{"href":"https:\/\/e-maestros.ma\/fr\/wp-json\/wp\/v2\/media?parent=31823"}],"wp:term":[{"taxonomy":"product_brand","embeddable":true,"href":"https:\/\/e-maestros.ma\/fr\/wp-json\/wp\/v2\/product_brand?post=31823"},{"taxonomy":"product_cat","embeddable":true,"href":"https:\/\/e-maestros.ma\/fr\/wp-json\/wp\/v2\/product_cat?post=31823"},{"taxonomy":"product_tag","embeddable":true,"href":"https:\/\/e-maestros.ma\/fr\/wp-json\/wp\/v2\/product_tag?post=31823"}],"curies":[{"name":"wp","href":"https:\/\/api.w.org\/{rel}","templated":true}]}}