{"id":31829,"date":"2025-11-11T16:53:05","date_gmt":"2025-11-11T16:53:05","guid":{"rendered":"https:\/\/e-maestros.ma\/shop\/uncategorized\/camera-intelligente-de-surveillance-dinterieur-tp-link-tapo-c200-1080p\/"},"modified":"2025-11-11T16:53:05","modified_gmt":"2025-11-11T16:53:05","slug":"camera-intelligente-de-surveillance-dinterieur-tp-link-tapo-c200-1080p","status":"publish","type":"product","link":"https:\/\/e-maestros.ma\/fr\/boutique\/par-defaut\/camera-intelligente-de-surveillance-dinterieur-tp-link-tapo-c200-1080p\/","title":{"rendered":"Cam\u00e9ra intelligente de surveillance d'int\u00e9rieur Tp Link Tapo C200 1080p"},"content":{"rendered":"<p>\u00a0<\/p>\n<table>\n<tbody>\n<tr>\n<td>Marque<\/td>\n<td>TP-Link<\/td>\n<\/tr>\n<tr>\n<td>Mod\u00e8le<\/td>\n<td>Tapo C200<\/td>\n<\/tr>\n<tr>\n<td>Type de cam\u00e9ra<\/td>\n<td>Cam\u00e9ra de surveillance int\u00e9rieure<\/td>\n<\/tr>\n<tr>\n<td>Connectivit\u00e9<\/td>\n<td>Wi-Fi 2.4 GHz (802.11b\/g\/n)<\/td>\n<\/tr>\n<tr>\n<td>R\u00e9solution<\/td>\n<td>1080p Full HD<\/td>\n<\/tr>\n<tr>\n<td>Capteur d&#8217;image<\/td>\n<td>Capteur d&#8217;image 1\/2.7&#8243;<\/td>\n<\/tr>\n<tr>\n<td>Objectif<\/td>\n<td>Objectif grand angle 3.6 mm<\/td>\n<\/tr>\n<tr>\n<td>Champ de vision<\/td>\n<td>360\u00b0 horizontal, 114\u00b0 vertical<\/td>\n<\/tr>\n<tr>\n<td>Vision nocturne<\/td>\n<td>Oui, jusqu&#8217;\u00e0 9 m\u00e8tres<\/td>\n<\/tr>\n<tr>\n<td>Audio<\/td>\n<td>Audio bidirectionnel<\/td>\n<\/tr>\n<tr>\n<td>Stockage<\/td>\n<td>Carte MicroSD (jusqu&#8217;\u00e0 128 Go) ou stockage cloud<\/td>\n<\/tr>\n<tr>\n<td>D\u00e9tection de mouvement<\/td>\n<td>Oui, avec alertes en temps r\u00e9el<\/td>\n<\/tr>\n<tr>\n<td>Application mobile<\/td>\n<td>Tapo App<\/td>\n<\/tr>\n<tr>\n<td>Alimentation<\/td>\n<td>Adaptateur d&#8217;alimentation DC 5V \/ 1A<\/td>\n<\/tr>\n<tr>\n<td>Dimensions (L x P x H)<\/td>\n<td>87 x 87 x 112 mm<\/td>\n<\/tr>\n<tr>\n<td>Poids<\/td>\n<td>0,239 kg<\/td>\n<\/tr>\n<tr>\n<td style=\"text-align: left;\">Vendu par<\/td>\n<td>www.binaa.ma<\/td>\n<\/tr>\n<\/tbody>\n<\/table>\n<p>\u00a0<\/p>\n<p>\u00a0<\/p>\n<p>La cam\u00e9ra de surveillance int\u00e9rieure Tapo C200 Wi-Fi Full HD 1080p de TP-LINK est id\u00e9ale pour assurer la s\u00e9curit\u00e9 de votre famille et de vos biens.<\/p>\n<p><span>Avec une d\u00e9finition 1080p parfaitement nette, une vision nocturne avanc\u00e9e jusqu&#8217;\u00e0 9 m\u00e8tres, une d\u00e9tection de mouvement et une alarme son et lumi\u00e8re, vous recevrez une notification imm\u00e9diate si quelque chose de suspect est d\u00e9tect\u00e9.\u00a0<\/span>Le stockage local s\u00e9curis\u00e9 sur une carte MicroSD (jusqu&#8217;\u00e0 128 Go) garantit votre confidentialit\u00e9.<\/p>\n<p><span>Avec une large couverture pour capturer chaque instant, l&#8217;audio bidirectionnel, et l&#8217;application gratuite Tapo Camera, tout ce dont vous avez besoin est \u00e0 port\u00e9e de main.<\/span><\/p>\n<p><span><meta charset=\"utf-8\">Voici quelques exemples d&#8217;utilisation de la cam\u00e9ra de surveillance int\u00e9rieure Tapo C200 Wi-Fi Full HD 1080p [TP-LINK]:<\/span><\/p>\n<ol>\n<li>\n<p>Surveillez votre maison en votre absence: Lorsque vous \u00eates au travail ou en vacances, vous pouvez utiliser la cam\u00e9ra pour surveiller votre maison \u00e0 distance. Vous pouvez recevoir des alertes instantan\u00e9es sur votre smartphone chaque fois que la cam\u00e9ra d\u00e9tecte un mouvement \u00e0 l&#8217;int\u00e9rieur de votre maison.<\/p>\n<\/li>\n<li>\n<p>Gardez un \u0153il sur votre animal de compagnie: Si vous avez un animal de compagnie \u00e0 la maison, vous pouvez utiliser la cam\u00e9ra pour garder un \u0153il sur lui lorsque vous n&#8217;\u00eates pas l\u00e0. Vous pouvez v\u00e9rifier si votre animal de compagnie est en s\u00e9curit\u00e9 et s&#8217;il se comporte bien.<\/p>\n<\/li>\n<li>\n<p>Surveillez votre b\u00e9b\u00e9: Si vous avez un b\u00e9b\u00e9 \u00e0 la maison, la cam\u00e9ra peut vous aider \u00e0 surveiller votre enfant m\u00eame lorsque vous \u00eates dans une autre pi\u00e8ce. Vous pouvez recevoir des alertes lorsque votre b\u00e9b\u00e9 pleure ou bouge, et vous pouvez parler \u00e0 votre b\u00e9b\u00e9 \u00e0 travers le haut-parleur de la cam\u00e9ra.<\/p>\n<\/li>\n<li>\n<p>Prot\u00e9gez votre maison contre les cambrioleurs: La cam\u00e9ra est \u00e9quip\u00e9e d&#8217;une fonction de d\u00e9tection de mouvement qui envoie des alertes imm\u00e9diates \u00e0 votre smartphone lorsqu&#8217;un mouvement est d\u00e9tect\u00e9. Vous pouvez \u00e9galement d\u00e9clencher une alarme sonore et lumineuse pour effrayer les cambrioleurs.<\/p>\n<\/li>\n<li>\n<p>Surveillez les personnes \u00e2g\u00e9es ou les membres de votre famille: Si vous avez des membres de votre famille \u00e2g\u00e9s ou malades \u00e0 la maison, vous pouvez utiliser la cam\u00e9ra pour surveiller leur \u00e9tat de sant\u00e9 et leur s\u00e9curit\u00e9. Vous pouvez recevoir des alertes si quelque chose ne va pas et r\u00e9agir imm\u00e9diatement.<\/p>\n<\/li>\n<li>\n<p>Surveillez votre entreprise: Si vous avez une petite entreprise, la cam\u00e9ra peut vous aider \u00e0 surveiller votre bureau, votre entrep\u00f4t ou votre magasin. Vous pouvez recevoir des alertes en cas de mouvements suspects, de vols ou d&#8217;autres probl\u00e8mes.<\/p>\n<\/li>\n<li>\n<p>Gardez une trace de vos souvenirs: La cam\u00e9ra vous permet de capturer des moments pr\u00e9cieux avec vos proches. Vous pouvez enregistrer des vid\u00e9os de haute qualit\u00e9 de vos moments pr\u00e9f\u00e9r\u00e9s et les stocker sur votre carte Micro SD jusqu&#8217;\u00e0 128 Go.<\/p>\n<\/li>\n<\/ol>\n<p class=\"p1\">Voici les points forts et caract\u00e9ristiques cl\u00e9s de la<span class=\"Apple-converted-space\">\u00a0c<\/span>am\u00e9ra de surveillance int\u00e9rieure Tapo C200 Wi-Fi Full HD 1080p [TP-LINK]:<\/p>\n<ul>\n<li>Qualit\u00e9 vid\u00e9o Full HD 1080p: la cam\u00e9ra capture des images nettes et pr\u00e9cises en haute d\u00e9finition.<\/li>\n<li>Vision nocturne avanc\u00e9e: m\u00eame dans des conditions de faible luminosit\u00e9, la cam\u00e9ra peut fournir une distance visuelle allant jusqu&#8217;\u00e0 9 m\u00e8tres.<\/li>\n<li>D\u00e9tection de mouvement: la cam\u00e9ra envoie une notification \u00e0 l&#8217;utilisateur lorsqu&#8217;elle d\u00e9tecte un mouvement \u00e0 l&#8217;int\u00e9rieur de la zone surveill\u00e9e.<\/li>\n<li>Alarme son et lumi\u00e8re: la cam\u00e9ra peut d\u00e9clencher des effets sonores et lumineux pour effrayer les visiteurs ind\u00e9sirables.<\/li>\n<li>Audio bidirectionnel: l&#8217;utilisateur peut communiquer avec d&#8217;autres gr\u00e2ce au microphone et au haut-parleur int\u00e9gr\u00e9s.<\/li>\n<li>Stockage local s\u00e9curis\u00e9: la cam\u00e9ra prend en charge les cartes MicroSD jusqu&#8217;\u00e0 128 Go, permettant aux utilisateurs de stocker les enregistrements localement et de prot\u00e9ger leur vie priv\u00e9e.<\/li>\n<li>Facilit\u00e9 d&#8217;utilisation: l&#8217;application gratuite Tapo Camera permet un acc\u00e8s facile et pratique \u00e0 la cam\u00e9ra, permettant aux utilisateurs de visualiser en direct, de lire les enregistrements et de personnaliser les param\u00e8tres de la cam\u00e9ra.<\/li>\n<\/ul>\n<p class=\"p1\">Voici le contenu de l&#8217;emballage de la<span class=\"Apple-converted-space\">\u00a0c<\/span>am\u00e9ra de surveillance int\u00e9rieure Tapo C200 Wi-Fi Full HD 1080p [TP-LINK]:<\/p>\n<ul>\n<li>1 x Cam\u00e9ra de surveillance int\u00e9rieure Tapo C200 Wi-Fi Full HD 1080p [TP-LINK]<\/li>\n<li>1 x Ensemble de vis et chevilles\u00a0<meta charset=\"utf-8\"> <span>pour le montage<\/span>\n<\/li>\n<li>1 x\u00a0A<span>daptateur secteur<\/span>\n<\/li>\n<li><span><meta charset=\"utf-8\"> <meta charset=\"utf-8\">1 x\u00a0<meta charset=\"utf-8\">L&#8217;attache-c\u00e2ble pour une installation plus ordonn\u00e9e<\/span><\/li>\n<li><span><meta charset=\"utf-8\">1 x Manuel d&#8217;utilisation<br \/><\/span><\/li>\n<\/ul>\n<ul><\/ul>\n","protected":false},"excerpt":{"rendered":"<p>\u00a0 Marque TP-Link Mod\u00e8le Tapo C200 Type de cam\u00e9ra Cam\u00e9ra de surveillance int\u00e9rieure Connectivit\u00e9 Wi-Fi 2.4 GHz (802.11b\/g\/n) R\u00e9solution 1080p<\/p>","protected":false},"featured_media":32237,"comment_status":"open","ping_status":"closed","template":"","meta":[],"product_brand":[],"product_cat":[23],"product_tag":[911,913,933,918,919,920,921],"class_list":{"0":"post-31829","1":"product","2":"type-product","3":"status-publish","4":"has-post-thumbnail","6":"product_cat-default","7":"product_tag-accessoires-de-domotique","8":"product_tag-appareils-connectes","9":"product_tag-cameras-connectees","10":"product_tag-maison-intelligente","11":"product_tag-outils-pour-la-domotique","12":"product_tag-smart-home","13":"product_tag-solutions-de-maison-intelligente","15":"first","16":"instock","17":"sale","18":"shipping-taxable","19":"purchasable","20":"product-type-variable"},"jetpack_sharing_enabled":true,"_links":{"self":[{"href":"https:\/\/e-maestros.ma\/fr\/wp-json\/wp\/v2\/product\/31829","targetHints":{"allow":["GET"]}}],"collection":[{"href":"https:\/\/e-maestros.ma\/fr\/wp-json\/wp\/v2\/product"}],"about":[{"href":"https:\/\/e-maestros.ma\/fr\/wp-json\/wp\/v2\/types\/product"}],"replies":[{"embeddable":true,"href":"https:\/\/e-maestros.ma\/fr\/wp-json\/wp\/v2\/comments?post=31829"}],"version-history":[{"count":0,"href":"https:\/\/e-maestros.ma\/fr\/wp-json\/wp\/v2\/product\/31829\/revisions"}],"wp:featuredmedia":[{"embeddable":true,"href":"https:\/\/e-maestros.ma\/fr\/wp-json\/wp\/v2\/media\/32237"}],"wp:attachment":[{"href":"https:\/\/e-maestros.ma\/fr\/wp-json\/wp\/v2\/media?parent=31829"}],"wp:term":[{"taxonomy":"product_brand","embeddable":true,"href":"https:\/\/e-maestros.ma\/fr\/wp-json\/wp\/v2\/product_brand?post=31829"},{"taxonomy":"product_cat","embeddable":true,"href":"https:\/\/e-maestros.ma\/fr\/wp-json\/wp\/v2\/product_cat?post=31829"},{"taxonomy":"product_tag","embeddable":true,"href":"https:\/\/e-maestros.ma\/fr\/wp-json\/wp\/v2\/product_tag?post=31829"}],"curies":[{"name":"wp","href":"https:\/\/api.w.org\/{rel}","templated":true}]}}