{"id":31831,"date":"2025-11-11T16:53:05","date_gmt":"2025-11-11T16:53:05","guid":{"rendered":"https:\/\/e-maestros.ma\/shop\/uncategorized\/camera-intelligente-de-surveillance-exterieure-eclairage-integre-ezviz-lc1c\/"},"modified":"2025-11-11T16:53:05","modified_gmt":"2025-11-11T16:53:05","slug":"camera-intelligente-de-surveillance-exterieure-eclairage-integre-ezviz-lc1c","status":"publish","type":"product","link":"https:\/\/e-maestros.ma\/fr\/boutique\/par-defaut\/camera-intelligente-de-surveillance-exterieure-eclairage-integre-ezviz-lc1c\/","title":{"rendered":"Cam\u00e9ra intelligente de surveillance ext\u00e9rieure \u00e9clairage Int\u00e9gr\u00e9 Ezviz LC1C"},"content":{"rendered":"<p>\u00a0<\/p>\n<table style=\"width: 100.088%; height: 509.439px;\">\n<tbody>\n<tr style=\"height: 19.5938px;\">\n<td style=\"text-align: left; width: 48.0898%; height: 19.5938px;\">\n<p><strong>Marque<\/strong><\/p>\n<\/td>\n<td style=\"width: 48.9951%; height: 19.5938px;\">\n<p>EZVIZ<\/p>\n<\/td>\n<\/tr>\n<tr style=\"height: 19.5938px;\">\n<td style=\"text-align: left; width: 48.0898%; height: 19.5938px;\">\n<p><strong>Mod\u00e8le<\/strong><\/p>\n<\/td>\n<td style=\"width: 48.9951%; height: 19.5938px;\">\n<p>LC1C<\/p>\n<\/td>\n<\/tr>\n<tr style=\"height: 19.5938px;\">\n<td style=\"text-align: left; width: 48.0898%; height: 19.5938px;\">\n<p><strong>R\u00e9solution d&#8217;enregistrement vid\u00e9o<\/strong><\/p>\n<\/td>\n<td style=\"width: 48.9951%; height: 19.5938px;\">\n<p>1080p<\/p>\n<\/td>\n<\/tr>\n<tr style=\"height: 19.5938px;\">\n<td style=\"text-align: left; width: 48.0898%; height: 19.5938px;\">\n<p><strong>Angle de visualisation<\/strong><\/p>\n<\/td>\n<td style=\"width: 48.9951%; height: 19.5938px;\">\n<p>270 degr\u00e9s<\/p>\n<\/td>\n<\/tr>\n<tr style=\"height: 19.5938px;\">\n<td style=\"text-align: left; width: 48.0898%; height: 19.5938px;\">\n<p><strong>Technologie de communication sans fil<\/strong><\/p>\n<\/td>\n<td style=\"width: 48.9951%; height: 19.5938px;\">\n<p>Wi-Fi<\/p>\n<\/td>\n<\/tr>\n<tr style=\"height: 19.5938px;\">\n<td style=\"text-align: left; width: 48.0898%; height: 19.5938px;\">\n<p><strong>Mat\u00e9riau<\/strong><\/p>\n<\/td>\n<td style=\"width: 48.9951%; height: 19.5938px;\">\n<p>M\u00e9tal<\/p>\n<\/td>\n<\/tr>\n<tr style=\"height: 19.5938px;\">\n<td style=\"text-align: left; width: 48.0898%; height: 19.5938px;\">\n<p><strong>Tension<\/strong><\/p>\n<\/td>\n<td style=\"width: 48.9951%; height: 19.5938px;\">\n<p>220 Volts<\/p>\n<\/td>\n<\/tr>\n<tr style=\"height: 19.5938px;\">\n<td style=\"text-align: left; width: 48.0898%; height: 19.5938px;\">\n<p><strong>Puissance<\/strong><\/p>\n<\/td>\n<td style=\"width: 48.9951%; height: 19.5938px;\">\n<p>35 Watts<\/p>\n<\/td>\n<\/tr>\n<tr style=\"height: 19.5938px;\">\n<td style=\"text-align: left; width: 48.0898%; height: 19.5938px;\">\n<p><strong>Dimensions (L x l x H)<\/strong><\/p>\n<\/td>\n<td style=\"width: 48.9951%; height: 19.5938px;\">\n<p>26,8 x 18,6 x 18,5 centim\u00e8tres<\/p>\n<\/td>\n<\/tr>\n<tr style=\"height: 19.5938px;\">\n<td style=\"text-align: left; width: 48.0898%; height: 19.5938px;\">\n<p><strong>Niveau de r\u00e9sistance \u00e0 l&#8217;eau<\/strong><\/p>\n<\/td>\n<td style=\"width: 48.9951%; height: 19.5938px;\">\n<p>\u00c9tanche<\/p>\n<\/td>\n<\/tr>\n<tr style=\"height: 19.5938px;\">\n<td style=\"text-align: left; width: 48.0898%; height: 19.5938px;\">\n<p><strong>Poids<\/strong><\/p>\n<\/td>\n<td style=\"width: 48.9951%; height: 19.5938px;\">\n<p>1,5 Kilogrammes<\/p>\n<\/td>\n<\/tr>\n<tr style=\"height: 19.5938px;\">\n<td style=\"text-align: left; width: 48.0898%; height: 19.5938px;\">\n<p><strong>Type d&#8217;installation<\/strong><\/p>\n<\/td>\n<td style=\"width: 48.9951%; height: 19.5938px;\">\n<p>Offset<\/p>\n<\/td>\n<\/tr>\n<tr style=\"height: 19.5938px;\">\n<td style=\"text-align: left; width: 48.0898%; height: 19.5938px;\">\n<p><strong>R\u00e9solution vid\u00e9o efficace<\/strong><\/p>\n<\/td>\n<td style=\"width: 48.9951%; height: 19.5938px;\">\n<p>1080<\/p>\n<\/td>\n<\/tr>\n<tr style=\"height: 19.5938px;\">\n<td style=\"width: 48.0898%; height: 19.5938px; text-align: left;\">\n<p><strong>Type d&#8217;ampoule<\/strong><\/p>\n<\/td>\n<td style=\"width: 48.9951%; height: 19.5938px;\">LED<\/td>\n<\/tr>\n<tr style=\"height: 19.5938px;\">\n<td style=\"width: 48.0898%; height: 19.5938px; text-align: left;\"><strong>Type de batterie \/ pile<\/strong><\/td>\n<td style=\"width: 48.9951%; height: 19.5938px;\">Lithium<\/td>\n<\/tr>\n<tr style=\"height: 19.5938px;\">\n<td style=\"width: 48.0898%; height: 19.5938px; text-align: left;\"><strong>Composants inclus<\/strong><\/td>\n<td style=\"width: 48.9951%; height: 19.5938px;\">LC1C floodlight camera, Kit de vis, Manuel<\/td>\n<\/tr>\n<tr style=\"height: 19.5938px;\">\n<td style=\"width: 48.0898%; height: 19.5938px; text-align: left;\"><strong>Nombre de canaux<\/strong><\/td>\n<td style=\"width: 48.9951%; height: 19.5938px;\">2<\/td>\n<\/tr>\n<tr style=\"height: 19.5938px;\">\n<td style=\"width: 48.0898%; height: 19.5938px; text-align: left;\"><strong>Facteur de forme<\/strong><\/td>\n<td style=\"width: 48.9951%; height: 19.5938px;\">D\u00f4me<\/td>\n<\/tr>\n<tr style=\"height: 19.5938px;\">\n<td style=\"width: 48.0898%; height: 19.5938px; text-align: left;\"><strong>Batterie(s) \/ Pile(s) requise(s)<\/strong><\/td>\n<td style=\"width: 48.9951%; height: 19.5938px;\">Non<\/td>\n<\/tr>\n<tr style=\"height: 19.5938px;\">\n<td style=\"width: 48.0898%; height: 19.5938px; text-align: left;\"><strong>Style de l&#8217;interrupteur<\/strong><\/td>\n<td style=\"width: 48.9951%; height: 19.5938px;\">DIP Switch<\/td>\n<\/tr>\n<tr style=\"height: 19.5938px;\">\n<td style=\"width: 48.0898%; height: 19.5938px; text-align: left;\"><strong>Fonctions sp\u00e9ciales<\/strong><\/td>\n<td style=\"width: 48.9951%; height: 19.5938px;\">2 Way Audio, Vision nocturne<\/td>\n<\/tr>\n<tr style=\"height: 19.5938px;\">\n<td style=\"width: 48.0898%; height: 19.5938px; text-align: left;\"><strong>Utilisation<\/strong><\/td>\n<td style=\"width: 48.9951%; height: 19.5938px;\">Multimedia<\/td>\n<\/tr>\n<tr style=\"height: 19.5938px;\">\n<td style=\"width: 48.0898%; height: 19.5938px; text-align: left;\"><strong>Garantie<\/strong><\/td>\n<td style=\"width: 48.9951%; height: 19.5938px;\">12 mois<\/td>\n<\/tr>\n<tr>\n<td style=\"width: 48.0898%; text-align: left;\"><strong>Vendu par<\/strong><\/td>\n<td style=\"width: 48.9951%;\">www.binaa.ma<\/td>\n<\/tr>\n<\/tbody>\n<\/table>\n<p>\u00a0<\/p>\n<p><meta charset=\"UTF-8\"><strong>S\u00e9curit\u00e9 et Illumination 2-en-1<\/strong><\/p>\n<p><em>Une Protection Intelligente pour Votre Maison<\/em><\/p>\n<p>D\u00e9couvrez la solution de s\u00e9curit\u00e9 ext\u00e9rieure deux-en-un r\u00e9volutionnaire: la Cam\u00e9ra intelligente de surveillance ext\u00e9rieure avec \u00e9clairage int\u00e9gr\u00e9 Ezviz LC1C.<\/p>\n<p>Alliant ing\u00e9niosit\u00e9 et technologie de pointe, cette cam\u00e9ra-lampe de s\u00e9curit\u00e9 intelligente offre une protection optimale tout en illuminant votre espace ext\u00e9rieur.<\/p>\n<p>Explorez ses fonctionnalit\u00e9s innovantes et assurez la s\u00e9curit\u00e9 de votre domicile avec style.<\/p>\n<p><meta charset=\"UTF-8\"><strong>Des Performances Haut de Gamme, Tout Simplement<\/strong><\/p>\n<p><em>Mat\u00e9riaux Durables pour une Utilisation Longue Dur\u00e9e<\/em><\/p>\n<ul>\n<li>\n<p>Illuminez et s\u00e9curisez votre cour, votre all\u00e9e et bien plus encore gr\u00e2ce \u00e0 la luminosit\u00e9 combin\u00e9e de 2 000 lumens.<\/p>\n<\/li>\n<li>\n<p>Surveillez votre environnement en temps r\u00e9el gr\u00e2ce \u00e0 une d\u00e9fense et des notifications de mouvement avanc\u00e9es.<\/p>\n<\/li>\n<li>\n<p>Profitez d&#8217;une vision nocturne claire et nette jusqu&#8217;\u00e0 25 m\u00e8tres, garantissant une s\u00e9curit\u00e9 sans compromis m\u00eame dans l&#8217;obscurit\u00e9.<\/p>\n<\/li>\n<\/ul>\n<p><strong>Profitez de la S\u00e9r\u00e9nit\u00e9 d\u00e8s l&#8217;Installation<\/strong><\/p>\n<p><em>Installation Personnalis\u00e9e, Tranquillit\u00e9 Imm\u00e9diate<\/em><\/p>\n<p>Simplifiez votre exp\u00e9rience d\u00e8s le d\u00e9part avec notre service d&#8217;installation premium. Nos experts s&#8217;occupent de tout, offrant une installation personnalis\u00e9e selon vos besoins. Profitez de la tranquillit\u00e9 d&#8217;esprit d\u00e8s l&#8217;installation et commencez \u00e0 b\u00e9n\u00e9ficier de la s\u00e9curit\u00e9 et de l&#8217;\u00e9clairage sup\u00e9rieurs de la LC1C sans tracas.<\/p>\n<p><strong>Caract\u00e9ristiques:<\/strong><\/p>\n<ul>\n<li>\n<p>D\u00e9tection de mouvement avanc\u00e9e avec d\u00e9tection PIR et d\u00e9tection de mouvement traditionnelle pour des alertes pr\u00e9cises.<\/p>\n<\/li>\n<li>\n<p>Projecteurs PIR activ\u00e9s par le mouvement pour une illumination automatique en cas de d\u00e9tection.<\/p>\n<\/li>\n<li>\n<p>Conversation bidirectionnelle claire gr\u00e2ce \u00e0 un microphone et un haut-parleur puissants.<\/p>\n<\/li>\n<li>\n<p>Vision nocturne infrarouge et technologie Starlight pour des images nettes, de jour comme de nuit.<\/p>\n<\/li>\n<li>\n<p>Compression vid\u00e9o H.265 pour \u00e9conomiser de l&#8217;espace de stockage tout en maintenant une qualit\u00e9 d&#8217;image \u00e9lev\u00e9e.<\/p>\n<\/li>\n<\/ul>\n<p><strong>Tout l&#8217;Essentiel pour une Installation Facile<\/strong><\/p>\n<p><em>Tout ce Dont Vous Avez Besoin !<\/em><\/p>\n<ul>\n<li>\n<p>Cam\u00e9ra-lampe de s\u00e9curit\u00e9 Ezviz LC1C<\/p>\n<\/li>\n<li>\n<p>Kit de vis pour l&#8217;installation<\/p>\n<\/li>\n<li>\n<p>Manuel d&#8217;utilisation d\u00e9taill\u00e9<\/p>\n<\/li>\n<\/ul>\n<p><span style=\"font-family: -apple-system, BlinkMacSystemFont, 'San Francisco', 'Segoe UI', Roboto, 'Helvetica Neue', sans-serif; font-size: 0.875rem;\">Optez pour la s\u00e9curit\u00e9 et l&#8217;\u00e9clairage intelligents avec la Cam\u00e9ra intelligente de surveillance ext\u00e9rieure \u00e9clairage Int\u00e9gr\u00e9 Ezviz LC1C. <\/span><\/p>\n<p><span style=\"font-family: -apple-system, BlinkMacSystemFont, 'San Francisco', 'Segoe UI', Roboto, 'Helvetica Neue', sans-serif; font-size: 0.875rem;\">Ne laissez aucun angle mort dans la surveillance de votre domicile et profitez d&#8217;une tranquillit\u00e9 d&#8217;esprit totale, jour et nuit.<\/span><span style=\"font-family: -apple-system, BlinkMacSystemFont, 'San Francisco', 'Segoe UI', Roboto, 'Helvetica Neue', sans-serif; font-size: 0.875rem;\"><\/span><\/p>\n<p>\u00a0<\/p>","protected":false},"excerpt":{"rendered":"<p>\u00a0 Marque EZVIZ Mod\u00e8le LC1C R\u00e9solution d'enregistrement vid\u00e9o 1080p Angle de visualisation 270 degr\u00e9s Technologie de communication sans fil Wi-Fi<\/p>","protected":false},"featured_media":32238,"comment_status":"open","ping_status":"closed","template":"","meta":[],"product_brand":[],"product_cat":[23],"product_tag":[911,913,933,944,918,919,920,921],"class_list":{"0":"post-31831","1":"product","2":"type-product","3":"status-publish","4":"has-post-thumbnail","6":"product_cat-default","7":"product_tag-accessoires-de-domotique","8":"product_tag-appareils-connectes","9":"product_tag-cameras-connectees","10":"product_tag-ezviz-lc1c","11":"product_tag-maison-intelligente","12":"product_tag-outils-pour-la-domotique","13":"product_tag-smart-home","14":"product_tag-solutions-de-maison-intelligente","16":"first","17":"instock","18":"sale","19":"shipping-taxable","20":"purchasable","21":"product-type-variable"},"jetpack_sharing_enabled":true,"_links":{"self":[{"href":"https:\/\/e-maestros.ma\/fr\/wp-json\/wp\/v2\/product\/31831","targetHints":{"allow":["GET"]}}],"collection":[{"href":"https:\/\/e-maestros.ma\/fr\/wp-json\/wp\/v2\/product"}],"about":[{"href":"https:\/\/e-maestros.ma\/fr\/wp-json\/wp\/v2\/types\/product"}],"replies":[{"embeddable":true,"href":"https:\/\/e-maestros.ma\/fr\/wp-json\/wp\/v2\/comments?post=31831"}],"version-history":[{"count":0,"href":"https:\/\/e-maestros.ma\/fr\/wp-json\/wp\/v2\/product\/31831\/revisions"}],"wp:featuredmedia":[{"embeddable":true,"href":"https:\/\/e-maestros.ma\/fr\/wp-json\/wp\/v2\/media\/32238"}],"wp:attachment":[{"href":"https:\/\/e-maestros.ma\/fr\/wp-json\/wp\/v2\/media?parent=31831"}],"wp:term":[{"taxonomy":"product_brand","embeddable":true,"href":"https:\/\/e-maestros.ma\/fr\/wp-json\/wp\/v2\/product_brand?post=31831"},{"taxonomy":"product_cat","embeddable":true,"href":"https:\/\/e-maestros.ma\/fr\/wp-json\/wp\/v2\/product_cat?post=31831"},{"taxonomy":"product_tag","embeddable":true,"href":"https:\/\/e-maestros.ma\/fr\/wp-json\/wp\/v2\/product_tag?post=31831"}],"curies":[{"name":"wp","href":"https:\/\/api.w.org\/{rel}","templated":true}]}}