{"id":31837,"date":"2025-11-11T16:53:07","date_gmt":"2025-11-11T16:53:07","guid":{"rendered":"https:\/\/e-maestros.ma\/shop\/uncategorized\/camera-intelligente-surveillance-dinterieur-4mp-ezviz-c6w\/"},"modified":"2025-11-11T16:53:08","modified_gmt":"2025-11-11T16:53:08","slug":"camera-intelligente-surveillance-dinterieur-4mp-ezviz-c6w","status":"publish","type":"product","link":"https:\/\/e-maestros.ma\/fr\/boutique\/par-defaut\/camera-intelligente-surveillance-dinterieur-4mp-ezviz-c6w\/","title":{"rendered":"Cam\u00e9ra intelligente surveillance d'int\u00e9rieur 4MP Ezviz C6W"},"content":{"rendered":"<p>\u00a0<\/p>\n<table style=\"font-family: -apple-system, BlinkMacSystemFont, 'San Francisco', 'Segoe UI', Roboto, 'Helvetica Neue', sans-serif; font-size: 0.875rem;\">\n<tbody>\n<tr>\n<td>\n<p><strong>Marque :<\/strong><\/p>\n<\/td>\n<td>\n<p>EZVIZ<\/p>\n<\/td>\n<\/tr>\n<tr>\n<td>\n<p><strong>Mod\u00e8le :<\/strong><\/p>\n<\/td>\n<td>\n<p>C6W<\/p>\n<\/td>\n<\/tr>\n<tr>\n<td>\n<p><strong>R\u00e9solution :<\/strong><\/p>\n<\/td>\n<td>\n<p>2K \/ 4 MP (2560 x 1440)<\/p>\n<\/td>\n<\/tr>\n<tr>\n<td>\n<p><strong>Objectif:<\/strong><\/p>\n<\/td>\n<td>\n<p>4 mm @ F2.0<\/p>\n<\/td>\n<\/tr>\n<tr>\n<td>\n<p><strong>Zoom:<\/strong><\/p>\n<\/td>\n<td>\n<p>4x<\/p>\n<\/td>\n<\/tr>\n<tr>\n<td>\n<p><strong>Vision Nocturne:<\/strong><\/p>\n<\/td>\n<td>\n<p>Infrarouge jusqu&#8217;\u00e0 10 m\u00e8tres<\/p>\n<\/td>\n<\/tr>\n<tr>\n<td>\n<p><strong>Compression Vid\u00e9o:<\/strong><\/p>\n<\/td>\n<td>\n<p>H.265 \/ H.264<\/p>\n<\/td>\n<\/tr>\n<tr>\n<td>\n<p><strong>Alimentation:<\/strong><\/p>\n<\/td>\n<td>\n<p>5 V CC \/ 2 A<\/p>\n<\/td>\n<\/tr>\n<tr>\n<td>\n<p><strong>Capacit\u00e9 de Stockage:<\/strong><\/p>\n<\/td>\n<td>\n<p>Jusqu&#8217;\u00e0 256 Go via Carte microSD<\/p>\n<\/td>\n<\/tr>\n<tr>\n<td>\n<p><strong>Connectivit\u00e9 :<\/strong><\/p>\n<\/td>\n<td>\n<p>Wi-Fi IEEE802.11b\/g\/n<\/p>\n<\/td>\n<\/tr>\n<tr>\n<td>\n<p><strong>Temp. de Fonctionnement:<\/strong><\/p>\n<\/td>\n<td>\n<p>-20\u00b0C \u00e0 50\u00b0C<\/p>\n<\/td>\n<\/tr>\n<tr>\n<td>\n<p><strong>Poids du Produit:<\/strong><\/p>\n<\/td>\n<td>\n<p>0.69 kg<\/p>\n<\/td>\n<\/tr>\n<tr>\n<td>\n<p style=\"text-align: left;\"><strong>Vendu par:<\/strong><\/p>\n<\/td>\n<td>\n<p>www.binaa.ma<\/p>\n<\/td>\n<\/tr>\n<\/tbody>\n<\/table>\n<p>\u00a0<\/p>\n<p><strong><meta charset=\"UTF-8\"> <span>Transformez votre domicile en forteresse s\u00e9curis\u00e9e<\/span><\/strong><\/p>\n<p><em>D\u00e9couvrez la puissance de la cam\u00e9ra intelligente Ezviz C6W<\/em><\/p>\n<p>Transformez votre domicile en forteresse s\u00e9curis\u00e9e avec la cam\u00e9ra intelligente de surveillance d&#8217;int\u00e9rieur 4MP Ezviz C6W.<\/p>\n<p>Con\u00e7ue pour offrir une protection compl\u00e8te, cette cam\u00e9ra combine \u00e9l\u00e9gance, intelligence et fonctionnalit\u00e9s avanc\u00e9es pour vous offrir une tranquillit\u00e9 d&#8217;esprit totale.<\/p>\n<p>D\u00e9couvrez comment la C6W peut r\u00e9volutionner votre s\u00e9curit\u00e9 domestique d\u00e8s aujourd&#8217;hui.<\/p>\n<p><strong>Vigilance sans faille, o\u00f9 que vous soyez<\/strong><\/p>\n<p><em>Surveillez, communiquez et prot\u00e9gez, o\u00f9 que vous soyez<\/em><\/p>\n<ul>\n<li>\n<p>Surveillez votre maison ou votre bureau depuis n&#8217;importe o\u00f9, \u00e0 tout moment, avec une vision panoramique \u00e0 360 degr\u00e9s.<\/p>\n<\/li>\n<li>\n<p>Restez connect\u00e9 avec vos proches gr\u00e2ce \u00e0 la communication bidirectionnelle int\u00e9gr\u00e9e, m\u00eame lorsque vous \u00eates loin.<\/p>\n<\/li>\n<li>\n<p>D\u00e9tectez et suivez automatiquement les mouvements humains, assurant une vigilance accrue contre les intrus potentiels.<\/p>\n<\/li>\n<li>\n<p>Profitez de la vision nocturne infrarouge avanc\u00e9e jusqu&#8217;\u00e0 10 m\u00e8tres pour une s\u00e9curit\u00e9 24\/7, quelles que soient les conditions d&#8217;\u00e9clairage.<\/p>\n<\/li>\n<li>\n<p>B\u00e9n\u00e9ficiez de la tranquillit\u00e9 d&#8217;esprit gr\u00e2ce \u00e0 la technologie True WDR, assurant des images nettes et d\u00e9taill\u00e9es, m\u00eame dans des conditions de forte luminosit\u00e9 ou de faible luminosit\u00e9.<\/p>\n<\/li>\n<\/ul>\n<p><strong>Laissez-nous faire le travail difficile pour vous<\/strong><\/p>\n<p><em>Installation sur mesure pour une tranquillit\u00e9 d&#8217;esprit instantan\u00e9e<\/em><\/p>\n<p>Simplifiez votre exp\u00e9rience d&#8217;utilisation avec notre service d&#8217;installation premium.<\/p>\n<p>Nos experts certifi\u00e9s se chargent de l&#8217;installation de votre cam\u00e9ra intelligente Ezviz C6W, vous garantissant une configuration optimale et une tranquillit\u00e9 d&#8217;esprit instantan\u00e9e.<\/p>\n<p>Profitez d&#8217;une installation personnalis\u00e9e et d&#8217;un support client exceptionnel \u00e0 chaque \u00e9tape.<\/p>\n<p><strong>Technologie de pointe pour une s\u00e9curit\u00e9 in\u00e9gal\u00e9e<\/strong><\/p>\n<p><em>D\u00e9couvrez les fonctionnalit\u00e9s r\u00e9volutionnaires de la cam\u00e9ra C6W<\/em><\/p>\n<ul>\n<li>\n<p>R\u00e9solution 2K pour des images ultra-pr\u00e9cises et d\u00e9taill\u00e9es.<\/p>\n<\/li>\n<li>\n<p>Suivi automatique avec zoom x4 pour capturer tous les d\u00e9tails.<\/p>\n<\/li>\n<li>\n<p>D\u00e9tection avanc\u00e9e de personnes pour une s\u00e9curit\u00e9 accrue.<\/p>\n<\/li>\n<li>\n<p>Vision panoramique \u00e0 360 degr\u00e9s pour une surveillance compl\u00e8te.<\/p>\n<\/li>\n<li>\n<p>Technologie True WDR pour des images de qualit\u00e9 optimale dans toutes les conditions.<\/p>\n<\/li>\n<li>\n<p>Communication bidirectionnelle pour rester connect\u00e9 o\u00f9 que vous soyez.<\/p>\n<\/li>\n<li>\n<p>Compression vid\u00e9o H.265 pour une efficacit\u00e9 de stockage maximale.<\/p>\n<\/li>\n<li>\n<p>Options de stockage multiples, y compris la carte microSD et le stockage CloudPlay Ezviz.<\/p>\n<\/li>\n<\/ul>\n<p><meta charset=\"UTF-8\"><strong>Tout ce dont vous avez besoin pour commencer<\/strong><\/p>\n<p><em>Un ensemble complet pour une s\u00e9curit\u00e9 instantan\u00e9e<\/em><\/p>\n<ul>\n<li>\n<p>Cam\u00e9ra intelligente de surveillance d&#8217;int\u00e9rieur 4MP Ezviz C6W<\/p>\n<\/li>\n<li>\n<p>Base de montage<\/p>\n<\/li>\n<li>\n<p>Adaptateur d&#8217;alimentation<\/p>\n<\/li>\n<li>\n<p>C\u00e2ble d&#8217;alimentation de 3 m\u00e8tres<\/p>\n<\/li>\n<li>\n<p>Plaque de montage et vis<\/p>\n<\/li>\n<li>\n<p>C\u00e2ble USB<\/p>\n<\/li>\n<li>\n<p>Gabarit de per\u00e7age<\/p>\n<\/li>\n<li>\n<p>Guide de d\u00e9marrage rapide<\/p>\n<\/li>\n<\/ul>\n<p>La cam\u00e9ra intelligente de surveillance d&#8217;int\u00e9rieur 4MP Ezviz C6W est bien plus qu&#8217;une simple cam\u00e9ra de s\u00e9curit\u00e9.<\/p>\n<p>Elle est votre gardienne 24\/7, offrant une protection fiable et des fonctionnalit\u00e9s avanc\u00e9es pour une tranquillit\u00e9 d&#8217;esprit totale.<\/p>\n<p>Commandez d\u00e8s maintenant et prenez le contr\u00f4le de votre s\u00e9curit\u00e9 domestique.<\/p>\n<p>\u00a0<\/p>","protected":false},"excerpt":{"rendered":"<p>\u00a0 Marque : EZVIZ Mod\u00e8le : C6W R\u00e9solution : 2K \/ 4 MP (2560 x 1440) Objectif : 4 mm @ F2.0 Zoom : 4x<\/p>","protected":false},"featured_media":32240,"comment_status":"open","ping_status":"closed","template":"","meta":[],"product_brand":[],"product_cat":[23],"product_tag":[911,913,936,933,940,918,919,920,921],"class_list":{"0":"post-31837","1":"product","2":"type-product","3":"status-publish","4":"has-post-thumbnail","6":"product_cat-default","7":"product_tag-accessoires-de-domotique","8":"product_tag-appareils-connectes","9":"product_tag-camera-dinterieur","10":"product_tag-cameras-connectees","11":"product_tag-ezviz-c6w","12":"product_tag-maison-intelligente","13":"product_tag-outils-pour-la-domotique","14":"product_tag-smart-home","15":"product_tag-solutions-de-maison-intelligente","17":"first","18":"instock","19":"sale","20":"shipping-taxable","21":"purchasable","22":"product-type-variable"},"jetpack_sharing_enabled":true,"_links":{"self":[{"href":"https:\/\/e-maestros.ma\/fr\/wp-json\/wp\/v2\/product\/31837","targetHints":{"allow":["GET"]}}],"collection":[{"href":"https:\/\/e-maestros.ma\/fr\/wp-json\/wp\/v2\/product"}],"about":[{"href":"https:\/\/e-maestros.ma\/fr\/wp-json\/wp\/v2\/types\/product"}],"replies":[{"embeddable":true,"href":"https:\/\/e-maestros.ma\/fr\/wp-json\/wp\/v2\/comments?post=31837"}],"version-history":[{"count":0,"href":"https:\/\/e-maestros.ma\/fr\/wp-json\/wp\/v2\/product\/31837\/revisions"}],"wp:featuredmedia":[{"embeddable":true,"href":"https:\/\/e-maestros.ma\/fr\/wp-json\/wp\/v2\/media\/32240"}],"wp:attachment":[{"href":"https:\/\/e-maestros.ma\/fr\/wp-json\/wp\/v2\/media?parent=31837"}],"wp:term":[{"taxonomy":"product_brand","embeddable":true,"href":"https:\/\/e-maestros.ma\/fr\/wp-json\/wp\/v2\/product_brand?post=31837"},{"taxonomy":"product_cat","embeddable":true,"href":"https:\/\/e-maestros.ma\/fr\/wp-json\/wp\/v2\/product_cat?post=31837"},{"taxonomy":"product_tag","embeddable":true,"href":"https:\/\/e-maestros.ma\/fr\/wp-json\/wp\/v2\/product_tag?post=31837"}],"curies":[{"name":"wp","href":"https:\/\/api.w.org\/{rel}","templated":true}]}}