{"id":31839,"date":"2025-11-11T16:53:07","date_gmt":"2025-11-11T16:53:07","guid":{"rendered":"https:\/\/e-maestros.ma\/shop\/uncategorized\/capteur-infrarouge-intelligent-eaunomie-pour-robinet\/"},"modified":"2025-11-11T16:53:08","modified_gmt":"2025-11-11T16:53:08","slug":"capteur-infrarouge-intelligent-eaunomie-pour-robinet","status":"publish","type":"product","link":"https:\/\/e-maestros.ma\/fr\/boutique\/par-defaut\/capteur-infrarouge-intelligent-eaunomie-pour-robinet\/","title":{"rendered":"Capteur infrarouge intelligent Eaunomie pour robinet"},"content":{"rendered":"<p>\u00a0<\/p>\n<table>\n<tbody>\n<tr>\n<td>Marque<\/td>\n<td>EAUNOMIE<\/td>\n<\/tr>\n<tr>\n<td>Garantie<\/td>\n<td>2 ans<\/td>\n<\/tr>\n<tr>\n<td>R\u00e9f. fabricant<\/td>\n<td>LOW010592<\/td>\n<\/tr>\n<tr>\n<td>Taille du produit<\/td>\n<td>41 mm \u00d7 41 mm \u00d7 79 mm<\/td>\n<\/tr>\n<tr>\n<td>Tension de fonctionnement<\/td>\n<td>C 3.2 ~ 4.1V<\/td>\n<\/tr>\n<tr>\n<td>Consommation d&#8217;\u00e9nergie<\/td>\n<td>\u22640.2mw<\/td>\n<\/tr>\n<tr>\n<td>Batterie<\/td>\n<td>Lithium de tension nominale de 3,7V<\/td>\n<\/tr>\n<tr>\n<td>Capacit\u00e9 de la batterie<\/td>\n<td>500mAh<\/td>\n<\/tr>\n<tr>\n<td>Tension de charge<\/td>\n<td>5V \/ 1A<\/td>\n<\/tr>\n<tr>\n<td>Port de recharge<\/td>\n<td>Micro USB<\/td>\n<\/tr>\n<tr>\n<td>Pression d&#8217;eau de travail<\/td>\n<td>0.05Mpa ~ 0.8Mpa<\/td>\n<\/tr>\n<tr>\n<td>Temp\u00e9rature de l&#8217;eau<\/td>\n<td>\u226475 \u2103<\/td>\n<\/tr>\n<tr>\n<td>Adaptateur de robinet<\/td>\n<td>M22 \u00e0 M24<\/td>\n<\/tr>\n<tr>\n<td>Autonomie<\/td>\n<td>9 mois sur une seule charge<\/td>\n<\/tr>\n<tr>\n<td style=\"text-align: left;\">Vendu par<\/td>\n<td>www.binaa.ma<\/td>\n<\/tr>\n<\/tbody>\n<\/table>\n<p>\u00a0<\/p>\n<p><meta charset=\"utf-8\"><span>Transformez votre robinet de cuisine en un robinet intelligent automatique sans contact avec notre capteur infrarouge intelligent!\u00a0<\/span><span>Avec une d\u00e9tection rapide de 0,1 seconde, vous n&#8217;aurez plus besoin de toucher le robinet pour \u00e9viter toute contamination crois\u00e9e de bact\u00e9ries. <\/span><\/p>\n<p><span>Ce capteur est \u00e9galement con\u00e7u pour \u00e9conomiser l&#8217;eau gr\u00e2ce \u00e0 une conception int\u00e9gr\u00e9e d&#8217;\u00e9tranglement de chemin d&#8217;\u00e9coulement. Il est \u00e9galement dot\u00e9 d&#8217;une batterie au lithium polym\u00e8re int\u00e9gr\u00e9e, qui vous assure une\u00a0autonomie de plus de 9 mois.<\/span><\/p>\n<p><span> L&#8217;installation est facile gr\u00e2ce aux raccords et \u00e0 la cl\u00e9 fournis, aucun outil suppl\u00e9mentaire n&#8217;est requis. Ce capteur est adapt\u00e9 pour une utilisation dans la cuisine et la salle de bain de la maison, du bureau, de l&#8217;h\u00f4tel, du restaurant, des \u00e9coles et d&#8217;autres endroits. <\/span><\/p>\n<p><span>N&#8217;attendez plus pour \u00e9conomiser de l&#8217;eau et am\u00e9liorer votre exp\u00e9rience de robinet! Commandez d\u00e8s maintenant\u00a0le capteur infrarouge intelligent pour robinet de cuisine et de lavabo <meta charset=\"utf-8\">et profitez de la simplicit\u00e9, de l&#8217;efficacit\u00e9 et de l&#8217;\u00e9conomie d&#8217;eau qu&#8217;il vous offrira! Commandez d\u00e8s maintenant et faites la diff\u00e9rence dans votre quotidien!<\/span><\/p>\n<p><span><meta charset=\"utf-8\">Voici quelques exemples d&#8217;utilisation du capteur infrarouge intelligent pour robinet de cuisine et de lavabo sans contact Eaunomie:<\/span><\/p>\n<ol>\n<li>\n<p>Utilisation dans une maison: Le capteur infrarouge intelligent pour robinet de cuisine et de lavabo sans contact Eaunomie peut \u00eatre install\u00e9 dans votre cuisine et salle de bain \u00e0 la maison pour \u00e9viter toute contamination crois\u00e9e de bact\u00e9ries et \u00e9conomiser l&#8217;eau.<\/p>\n<\/li>\n<li>\n<p>Utilisation dans un h\u00f4tel: Les robinets automatiques sans contact peuvent \u00eatre install\u00e9s dans les chambres d&#8217;h\u00f4tel pour assurer une hygi\u00e8ne maximale et \u00e9conomiser l&#8217;eau.<\/p>\n<\/li>\n<li>\n<p>Utilisation dans un restaurant: Le capteur peut \u00eatre install\u00e9 dans les salles de bain du restaurant pour \u00e9viter la contamination crois\u00e9e de bact\u00e9ries et \u00e9conomiser l&#8217;eau.<\/p>\n<\/li>\n<li>\n<p>Utilisation dans une \u00e9cole: Les robinets automatiques sans contact peuvent \u00eatre install\u00e9s dans les salles de bain des \u00e9coles pour assurer une hygi\u00e8ne maximale et \u00e9conomiser l&#8217;eau.<\/p>\n<\/li>\n<li>\n<p>Utilisation dans un bureau: Le capteur peut \u00eatre install\u00e9 dans les salles de bain des bureaux pour \u00e9viter la contamination crois\u00e9e de bact\u00e9ries et \u00e9conomiser l&#8217;eau.<\/p>\n<\/li>\n<\/ol>\n<p class=\"p1\">Voici les points forts et caract\u00e9ristiques cl\u00e9s du capteur infrarouge intelligent pour robinet [EAUNOMIE]:<\/p>\n<ul>\n<li>Sans contact et automatique: \u00e9vite la contamination crois\u00e9e des bact\u00e9ries.<\/li>\n<li>\u00c9conomiseur d&#8217;eau de conception: permet de r\u00e9duire consid\u00e9rablement la consommation d&#8217;eau.<\/li>\n<li>Longue endurance: gr\u00e2ce \u00e0 sa batterie au lithium polym\u00e8re int\u00e9gr\u00e9e.<\/li>\n<li>Installation facile: avec des raccords et une cl\u00e9 fournis, pas besoin d&#8217;outil suppl\u00e9mentaire.<\/li>\n<li>Protection contre les heures suppl\u00e9mentaires contre le d\u00e9bordement: \u00e9vite les d\u00e9bordements accidentels.<\/li>\n<li>Adapt\u00e9 pour une utilisation dans la cuisine et la salle de bain de la maison, du bureau, de l&#8217;h\u00f4tel, du restaurant, des \u00e9coles et d&#8217;autres endroits.<\/li>\n<\/ul>\n<p class=\"p1\">Voici le contenu de l&#8217;emballage du capteur infrarouge intelligent pour robinet [EAUNOMIE]:<\/p>\n<ul>\n<li>\n<meta charset=\"utf-8\"> <span>1 x\u00a0<\/span>Capteur d&#8217;\u00e9conomie d&#8217;eau<\/li>\n<li>\n<meta charset=\"utf-8\"> <span>1 x\u00a0<\/span>Adaptateur M22 \u00e0 M24<\/li>\n<li>\n<meta charset=\"utf-8\"> <span>1 x\u00a0<\/span>Filet filtrant<\/li>\n<li>\n<meta charset=\"utf-8\"> <span>1 x\u00a0<\/span>2 joints en silicone<\/li>\n<li>\n<meta charset=\"utf-8\"> <span>1 x\u00a0Manuel d&#8217;utilisation<\/span>\n<\/li>\n<\/ul>\n","protected":false},"excerpt":{"rendered":"<p>\u00a0 Marque EAUNOMIE Garantie 2 ans R\u00e9f. fabricant LOW010592 Taille du produit 41 mm \u00d7 41 mm \u00d7 79 mm<\/p>","protected":false},"featured_media":32241,"comment_status":"open","ping_status":"closed","template":"","meta":[],"product_brand":[],"product_cat":[23],"product_tag":[945,946,947],"class_list":{"0":"post-31839","1":"product","2":"type-product","3":"status-publish","4":"has-post-thumbnail","6":"product_cat-default","7":"product_tag-capteurs-sans-contact","8":"product_tag-produits-eco-energetiques","9":"product_tag-robinets-automatiques","11":"first","12":"instock","13":"sale","14":"shipping-taxable","15":"purchasable","16":"product-type-variable"},"jetpack_sharing_enabled":true,"_links":{"self":[{"href":"https:\/\/e-maestros.ma\/fr\/wp-json\/wp\/v2\/product\/31839","targetHints":{"allow":["GET"]}}],"collection":[{"href":"https:\/\/e-maestros.ma\/fr\/wp-json\/wp\/v2\/product"}],"about":[{"href":"https:\/\/e-maestros.ma\/fr\/wp-json\/wp\/v2\/types\/product"}],"replies":[{"embeddable":true,"href":"https:\/\/e-maestros.ma\/fr\/wp-json\/wp\/v2\/comments?post=31839"}],"version-history":[{"count":0,"href":"https:\/\/e-maestros.ma\/fr\/wp-json\/wp\/v2\/product\/31839\/revisions"}],"wp:featuredmedia":[{"embeddable":true,"href":"https:\/\/e-maestros.ma\/fr\/wp-json\/wp\/v2\/media\/32241"}],"wp:attachment":[{"href":"https:\/\/e-maestros.ma\/fr\/wp-json\/wp\/v2\/media?parent=31839"}],"wp:term":[{"taxonomy":"product_brand","embeddable":true,"href":"https:\/\/e-maestros.ma\/fr\/wp-json\/wp\/v2\/product_brand?post=31839"},{"taxonomy":"product_cat","embeddable":true,"href":"https:\/\/e-maestros.ma\/fr\/wp-json\/wp\/v2\/product_cat?post=31839"},{"taxonomy":"product_tag","embeddable":true,"href":"https:\/\/e-maestros.ma\/fr\/wp-json\/wp\/v2\/product_tag?post=31839"}],"curies":[{"name":"wp","href":"https:\/\/api.w.org\/{rel}","templated":true}]}}