{"id":31887,"date":"2025-11-11T16:53:18","date_gmt":"2025-11-11T16:53:18","guid":{"rendered":"https:\/\/e-maestros.ma\/shop\/uncategorized\/fontaine-a-eau-distributeur-connecte-xiaomi-smart-pet-fountain\/"},"modified":"2025-11-11T16:53:18","modified_gmt":"2025-11-11T16:53:18","slug":"fontaine-a-eau-distributeur-connecte-xiaomi-smart-pet-fountain","status":"publish","type":"product","link":"https:\/\/e-maestros.ma\/fr\/boutique\/par-defaut\/fontaine-a-eau-distributeur-connecte-xiaomi-smart-pet-fountain\/","title":{"rendered":"Fontaine \u00e0 eau distributeur connect\u00e9 Xiaomi Smart Pet Fountain"},"content":{"rendered":"<p><!----><\/p>\n<p>\u00a0<\/p>\n<table style=\"width: 100.088%; height: 489.845px;\">\n<tbody>\n<tr style=\"height: 19.5938px;\">\n<td style=\"width: 40.5339%; height: 19.5938px; text-align: left;\"><strong>Marque<\/strong><\/td>\n<td style=\"width: 56.5509%; height: 19.5938px;\">Xiaomi<\/td>\n<\/tr>\n<tr style=\"height: 19.5938px;\">\n<td style=\"width: 40.5339%; height: 19.5938px; text-align: left;\"><strong>Mod\u00e8le<\/strong><\/td>\n<td style=\"width: 56.5509%; height: 19.5938px;\">Smart Pet Fountain<\/td>\n<\/tr>\n<tr style=\"height: 19.5938px;\">\n<td style=\"width: 40.5339%; height: 19.5938px; text-align: left;\"><strong>Capacit\u00e9<\/strong><\/td>\n<td style=\"width: 56.5509%; height: 19.5938px;\">2 Litres<\/td>\n<\/tr>\n<tr style=\"height: 19.5938px;\">\n<td style=\"width: 40.5339%; height: 19.5938px; text-align: left;\"><strong>Dimensions<\/strong><\/td>\n<td style=\"width: 56.5509%; height: 19.5938px;\">191 \u00d7 191 \u00d7 177 mm<\/td>\n<\/tr>\n<tr style=\"height: 19.5938px;\">\n<td style=\"width: 40.5339%; height: 19.5938px; text-align: left;\"><strong>Poids<\/strong><\/td>\n<td style=\"width: 56.5509%; height: 19.5938px;\">1.3 kg<\/td>\n<\/tr>\n<tr style=\"height: 19.5938px;\">\n<td style=\"width: 40.5339%; height: 19.5938px; text-align: left;\"><strong>Mat\u00e9riau<\/strong><\/td>\n<td style=\"width: 56.5509%; height: 19.5938px;\">ABS Plastique<\/td>\n<\/tr>\n<tr style=\"height: 19.5938px;\">\n<td style=\"width: 40.5339%; height: 19.5938px; text-align: left;\"><strong>Couleur<\/strong><\/td>\n<td style=\"width: 56.5509%; height: 19.5938px;\">Blanc<\/td>\n<\/tr>\n<tr style=\"height: 19.5938px;\">\n<td style=\"width: 40.5339%; height: 19.5938px; text-align: left;\"><strong>Alimentation<\/strong><\/td>\n<td style=\"width: 56.5509%; height: 19.5938px;\">5,9V\u23931,0A<\/td>\n<\/tr>\n<tr style=\"height: 19.5938px;\">\n<td style=\"width: 40.5339%; height: 19.5938px; text-align: left;\"><strong>Puissance nominale<\/strong><\/td>\n<td style=\"width: 56.5509%; height: 19.5938px;\">5,9W<\/td>\n<\/tr>\n<tr style=\"height: 39.1875px;\">\n<td style=\"width: 40.5339%; height: 39.1875px; text-align: left;\"><strong>Longueur du cordon d\u2019alimentation<\/strong><\/td>\n<td style=\"width: 56.5509%; height: 39.1875px;\">1,5 m\u00e8tres<\/td>\n<\/tr>\n<tr style=\"height: 19.5938px;\">\n<td style=\"width: 40.5339%; height: 19.5938px; text-align: left;\"><strong>Temp\u00e9rature de fonctionnement<\/strong><\/td>\n<td style=\"width: 56.5509%; height: 19.5938px;\">4\u00b0C \u00e0 40\u00b0C<\/td>\n<\/tr>\n<tr style=\"height: 19.5938px;\">\n<td style=\"width: 40.5339%; height: 19.5938px; text-align: left;\"><strong>Humidit\u00e9 de fonctionnement<\/strong><\/td>\n<td style=\"width: 56.5509%; height: 19.5938px;\">10% \u2013 90% HR<\/td>\n<\/tr>\n<tr style=\"height: 39.1875px;\">\n<td style=\"width: 40.5339%; height: 39.1875px; text-align: left;\"><strong>Type de filtre<\/strong><\/td>\n<td style=\"width: 56.5509%; height: 39.1875px;\">Charbon actif + R\u00e9sine \u00e9changeuse d&#8217;ions + Coton PP<\/td>\n<\/tr>\n<tr style=\"height: 19.5938px;\">\n<td style=\"width: 40.5339%; height: 19.5938px; text-align: left;\"><strong>\u00c9tapes de filtration<\/strong><\/td>\n<td style=\"width: 56.5509%; height: 19.5938px;\">4 \u00e9tapes<\/td>\n<\/tr>\n<tr style=\"height: 19.5938px;\">\n<td style=\"width: 40.5339%; height: 19.5938px; text-align: left;\"><strong>Type de connexion<\/strong><\/td>\n<td style=\"width: 56.5509%; height: 19.5938px;\">Wi-Fi (via Mi Home\/Xiaomi Home)<\/td>\n<\/tr>\n<tr style=\"height: 19.5938px;\">\n<td style=\"width: 40.5339%; height: 19.5938px; text-align: left;\"><strong>Capteurs intelligents<\/strong><\/td>\n<td style=\"width: 56.5509%; height: 19.5938px;\">D\u00e9tection niveau d&#8217;eau bas, Anti-obstruction<\/td>\n<\/tr>\n<tr style=\"height: 19.5938px;\">\n<td style=\"width: 40.5339%; height: 19.5938px; text-align: left;\"><strong>Compatibilit\u00e9 App<\/strong><\/td>\n<td style=\"width: 56.5509%; height: 19.5938px;\">Mi Home\/Xiaomi Home<\/td>\n<\/tr>\n<tr style=\"height: 19.5938px;\">\n<td style=\"width: 40.5339%; height: 19.5938px; text-align: left;\"><strong>Contr\u00f4le \u00e0 distance<\/strong><\/td>\n<td style=\"width: 56.5509%; height: 19.5938px;\">Oui<\/td>\n<\/tr>\n<tr style=\"height: 19.5938px;\">\n<td style=\"width: 40.5339%; height: 19.5938px; text-align: left;\"><strong>Fonctionnement silencieux<\/strong><\/td>\n<td style=\"width: 56.5509%; height: 19.5938px;\">Oui<\/td>\n<\/tr>\n<tr style=\"height: 19.5938px;\">\n<td style=\"width: 40.5339%; height: 19.5938px; text-align: left;\"><strong>Conception modulaire<\/strong><\/td>\n<td style=\"width: 56.5509%; height: 19.5938px;\">Oui (pour un nettoyage facile)<\/td>\n<\/tr>\n<tr style=\"height: 19.5938px;\">\n<td style=\"width: 40.5339%; height: 19.5938px; text-align: left;\"><strong>S\u00e9curit\u00e9 anti-\u00e9claboussures<\/strong><\/td>\n<td style=\"width: 56.5509%; height: 19.5938px;\">Oui<\/td>\n<\/tr>\n<tr style=\"height: 19.5938px;\">\n<td style=\"width: 40.5339%; height: 19.5938px; text-align: left;\"><strong>Patins antid\u00e9rapants<\/strong><\/td>\n<td style=\"width: 56.5509%; height: 19.5938px;\">Oui<\/td>\n<\/tr>\n<tr>\n<td style=\"width: 40.5339%; text-align: left;\"><strong>Vendu par<\/strong><\/td>\n<td style=\"width: 56.5509%;\">www.binaa.ma<\/td>\n<\/tr>\n<\/tbody>\n<\/table>\n<p>\u00a0<\/p>\n<p><meta charset=\"utf-8\"><strong>Donnez le meilleur \u00e0 votre animal<\/strong><\/p>\n<p><meta charset=\"utf-8\"><em>Offrez une eau pure et fra\u00eeche en continu, o\u00f9 que vous soyez.<\/em><\/p>\n<p>Offrez \u00e0 votre animal de compagnie le luxe d&#8217;une eau fra\u00eeche et pure en permanence avec la Xiaomi Smart Pet Fountain.<\/p>\n<p>Con\u00e7ue pour r\u00e9pondre aux besoins des propri\u00e9taires d&#8217;animaux soucieux de leur bien-\u00eatre, cette fontaine \u00e0 eau connect\u00e9e combine design \u00e9l\u00e9gant, fonctionnalit\u00e9 intelligente et filtration de haute qualit\u00e9.<\/p>\n<p>Profitez de la tranquillit\u00e9 d&#8217;esprit en sachant que votre animal a acc\u00e8s \u00e0 une eau filtr\u00e9e en continu, contr\u00f4lable \u00e0 distance via l&#8217;application Mi Home\/Xiaomi Home.<\/p>\n<p>Avec la\u00a0Xiaomi Smart Pet Fountain, vous offrez \u00e0 votre compagnon \u00e0 quatre pattes une hydratation optimale, o\u00f9 que vous soyez.<\/p>\n<p><meta charset=\"utf-8\"><strong>Simplifiez la vie de votre compagnon<\/strong><\/p>\n<p><meta charset=\"utf-8\"><em>Hydratation saine, entretien facile, et contr\u00f4le \u00e0 distance.<\/em><\/p>\n<ul>\n<li>\n<p><strong>Eau fra\u00eeche et pure en continu:<\/strong> La Xiaomi Smart Pet Fountain assure une filtration constante pour une hydratation saine, adapt\u00e9e aux chats et aux chiens.<\/p>\n<\/li>\n<li>\n<p><strong>Parfaite pour les absences prolong\u00e9es:<\/strong> Gr\u00e2ce \u00e0 son r\u00e9servoir de 2 litres, votre animal dispose d&#8217;une eau filtr\u00e9e, m\u00eame lorsque vous \u00eates absent pendant plusieurs jours.<\/p>\n<\/li>\n<li>\n<p><strong>Entretien simplifi\u00e9:<\/strong> La conception modulaire permet un d\u00e9montage facile pour un nettoyage rapide, garantissant une eau toujours propre.<\/p>\n<\/li>\n<li>\n<p><strong>Conception anti-\u00e9claboussures:<\/strong> Le rebord inclin\u00e9 de la fontaine emp\u00eache les d\u00e9bordements, maintenant ainsi l&#8217;espace de votre animal propre et sec.<\/p>\n<\/li>\n<li>\n<p><strong>Int\u00e9gration discr\u00e8te dans votre maison:<\/strong> Son design compact et \u00e9l\u00e9gant s&#8217;adapte \u00e0 tous les environnements, de l&#8217;appartement \u00e0 la villa, tout en fonctionnant silencieusement.<\/p>\n<\/li>\n<li>\n<p><strong>Contr\u00f4le \u00e0 distance:<\/strong> G\u00e9rez l&#8217;alimentation en eau de votre animal et recevez des alertes sur votre smartphone gr\u00e2ce \u00e0 l&#8217;application Mi Home\/Xiaomi Home.<\/p>\n<\/li>\n<\/ul>\n<p><meta charset=\"utf-8\"><strong>Configuration facile, tranquillit\u00e9 assur\u00e9e<\/strong><\/p>\n<p><meta charset=\"utf-8\"><em>Nos experts vous guident pour une mise en service sans stress.<\/em><\/p>\n<p>Pour vous assurer une utilisation optimale de la\u00a0Xiaomi Smart Pet Fountain, nous offrons un service d&#8217;assistance \u00e0 la configuration et \u00e0 la mise en service \u00e0 distance par nos experts techniques de binaa.ma.<\/p>\n<p>Ce service est con\u00e7u pour vous aider \u00e0 configurer facilement la fontaine, \u00e0 la connecter \u00e0 l&#8217;application Mi Home\/Xiaomi Home, et \u00e0 r\u00e9gler les param\u00e8tres selon vos pr\u00e9f\u00e9rences.<\/p>\n<p>Nos experts vous accompagnent \u00e0 chaque \u00e9tape, garantissant que toutes les fonctionnalit\u00e9s sont op\u00e9rationnelles pour le bien-\u00eatre de votre animal. Profitez d&#8217;une configuration sans stress, o\u00f9 que vous soyez.<\/p>\n<p><meta charset=\"utf-8\"><strong>Une fontaine pens\u00e9e pour votre quotidien<\/strong><\/p>\n<p><meta charset=\"utf-8\"><em>Filtration avanc\u00e9e, grande capacit\u00e9, et design \u00e9l\u00e9gant.<\/em><\/p>\n<ul>\n<li>\n<p><strong>Filtration en quatre \u00e9tapes:<\/strong> La fontaine combine charbon actif, r\u00e9sine \u00e9changeuse d&#8217;ions et coton PP pour \u00e9liminer les impuret\u00e9s, les m\u00e9taux lourds et les odeurs.<\/p>\n<\/li>\n<li>\n<p><strong>Grande capacit\u00e9 de 2 litres:<\/strong> Suffisante pour plusieurs jours d&#8217;eau filtr\u00e9e, adapt\u00e9e aussi bien aux petits qu&#8217;aux grands animaux.<\/p>\n<\/li>\n<li>\n<p><strong>Application mobile intuitive:<\/strong> Compatible avec Mi Home\/Xiaomi Home, permettant une gestion \u00e0 distance de la fontaine, o\u00f9 que vous soyez.<\/p>\n<\/li>\n<li>\n<p><strong>Capteurs intelligents:<\/strong> D\u00e9tection automatique du niveau d&#8217;eau et syst\u00e8me anti-obstruction pour un fonctionnement s\u00e9curis\u00e9 et sans souci.<\/p>\n<\/li>\n<li>\n<p><strong>Entretien facile:<\/strong> Les composants modulaires sont facilement d\u00e9montables pour un nettoyage rapide et s\u00e9curis\u00e9.<\/p>\n<\/li>\n<li>\n<p><strong>Design \u00e9l\u00e9gant et fonctionnel:<\/strong> La fontaine est con\u00e7ue pour s&#8217;int\u00e9grer discr\u00e8tement dans tout type d&#8217;int\u00e9rieur, avec des patins en caoutchouc pour une stabilit\u00e9 maximale.<\/p>\n<\/li>\n<li>\n<p><strong>S\u00e9curit\u00e9 optimis\u00e9e:<\/strong> Faible consommation d&#8217;\u00e9nergie, fonctionnement silencieux, et adapt\u00e9 aux conditions climatiques du Maroc.<\/p>\n<\/li>\n<\/ul>\n<p><meta charset=\"utf-8\"><strong>Tout ce dont vous avez besoin, d\u00e8s la premi\u00e8re utilisation<\/strong><\/p>\n<p><meta charset=\"utf-8\"><em>D\u00e9couvrez ce qui est inclus pour commencer en toute s\u00e9r\u00e9nit\u00e9.<\/em><\/p>\n<ul>\n<li>\n<p>Xiaomi Smart Pet Fountain<\/p>\n<\/li>\n<li>\n<p>Filtre de rechange<\/p>\n<\/li>\n<li>\n<p>Cordon d&#8217;alimentation de 1,5 m\u00e8tre<\/p>\n<\/li>\n<li>\n<p>Manuel d'utilisation<\/p>\n<\/li>\n<\/ul>\n<p>\u00a0<\/p>","protected":false},"excerpt":{"rendered":"<p>\u00a0 Marque Xiaomi Mod\u00e8le Smart Pet Fountain Capacit\u00e9 2 Litres Dimensions 191 \u00d7 191 \u00d7 177 mm Poids 1.3 kg<\/p>","protected":false},"featured_media":32265,"comment_status":"open","ping_status":"closed","template":"","meta":[],"product_brand":[],"product_cat":[23],"product_tag":[911,913,963,964,965,918,919,966,967,968,920,921],"class_list":{"0":"post-31887","1":"product","2":"type-product","3":"status-publish","4":"has-post-thumbnail","6":"product_cat-default","7":"product_tag-accessoires-de-domotique","8":"product_tag-appareils-connectes","9":"product_tag-distribteurs-connectes","10":"product_tag-distributeurs-animaux","11":"product_tag-distributeurs-automatiques","12":"product_tag-maison-intelligente","13":"product_tag-outils-pour-la-domotique","14":"product_tag-pet-fountains","15":"product_tag-pet-smart-fountains","16":"product_tag-pet-tech-gadgets","17":"product_tag-smart-home","18":"product_tag-solutions-de-maison-intelligente","20":"first","21":"instock","22":"sale","23":"shipping-taxable","24":"purchasable","25":"product-type-variable"},"jetpack_sharing_enabled":true,"_links":{"self":[{"href":"https:\/\/e-maestros.ma\/fr\/wp-json\/wp\/v2\/product\/31887","targetHints":{"allow":["GET"]}}],"collection":[{"href":"https:\/\/e-maestros.ma\/fr\/wp-json\/wp\/v2\/product"}],"about":[{"href":"https:\/\/e-maestros.ma\/fr\/wp-json\/wp\/v2\/types\/product"}],"replies":[{"embeddable":true,"href":"https:\/\/e-maestros.ma\/fr\/wp-json\/wp\/v2\/comments?post=31887"}],"version-history":[{"count":0,"href":"https:\/\/e-maestros.ma\/fr\/wp-json\/wp\/v2\/product\/31887\/revisions"}],"wp:featuredmedia":[{"embeddable":true,"href":"https:\/\/e-maestros.ma\/fr\/wp-json\/wp\/v2\/media\/32265"}],"wp:attachment":[{"href":"https:\/\/e-maestros.ma\/fr\/wp-json\/wp\/v2\/media?parent=31887"}],"wp:term":[{"taxonomy":"product_brand","embeddable":true,"href":"https:\/\/e-maestros.ma\/fr\/wp-json\/wp\/v2\/product_brand?post=31887"},{"taxonomy":"product_cat","embeddable":true,"href":"https:\/\/e-maestros.ma\/fr\/wp-json\/wp\/v2\/product_cat?post=31887"},{"taxonomy":"product_tag","embeddable":true,"href":"https:\/\/e-maestros.ma\/fr\/wp-json\/wp\/v2\/product_tag?post=31887"}],"curies":[{"name":"wp","href":"https:\/\/api.w.org\/{rel}","templated":true}]}}