{"id":31899,"date":"2025-11-11T16:53:21","date_gmt":"2025-11-11T16:53:21","guid":{"rendered":"https:\/\/e-maestros.ma\/shop\/uncategorized\/kit-motorisation-automatisme-de-portail-coulissant-proteco-meko-5\/"},"modified":"2025-11-11T16:53:21","modified_gmt":"2025-11-11T16:53:21","slug":"kit-motorisation-automatisme-de-portail-coulissant-proteco-meko-5","status":"publish","type":"product","link":"https:\/\/e-maestros.ma\/fr\/boutique\/par-defaut\/kit-motorisation-automatisme-de-portail-coulissant-proteco-meko-5\/","title":{"rendered":"Kit motorisation automatisme de portail coulissant Proteco Meko 5"},"content":{"rendered":"<p>\u00a0<\/p>\n<p>\u00a0<\/p>\n<div data-testid=\"conversation-turn-5\" class=\"w-full text-token-text-primary\">\n<div class=\"px-4 py-2 justify-center text-base md:gap-6 m-auto\">\n<div class=\"flex flex-1 text-base mx-auto gap-3 md:px-5 lg:px-1 xl:px-5 md:max-w-3xl lg:max-w-[40rem] xl:max-w-[48rem] group\">\n<div class=\"relative flex w-full flex-col lg:w-[calc(100%-115px)] agent-turn\">\n<div class=\"flex-col gap-1 md:gap-3\">\n<div class=\"flex flex-grow flex-col max-w-full\">\n<div class=\"min-h-[20px] text-message flex flex-col items-start gap-3 whitespace-pre-wrap break-words [.text-message+&#038;]:mt-5 overflow-x-auto\" data-message-id=\"c3f2a5ef-4974-4173-b428-9f90d603838f\" data-message-author-role=\"assistant\">\n<div class=\"markdown prose w-full break-words dark:prose-invert dark\">\n<table>\n<tbody>\n<tr>\n<td><strong>Marque<\/strong><\/td>\n<td>PROTECO<\/td>\n<\/tr>\n<tr>\n<td><strong>Mod\u00e8le<\/strong><\/td>\n<td>Meko 5<\/td>\n<\/tr>\n<tr>\n<td><strong>Type de moteur<\/strong><\/td>\n<td>\u00c0 cr\u00e9maill\u00e8res<\/td>\n<\/tr>\n<tr>\n<td><strong>Puissance<\/strong><\/td>\n<td>250 W<\/td>\n<\/tr>\n<tr>\n<td><strong>Capacit\u00e9 maximale du portail<\/strong><\/td>\n<td>5 m\u00e8tres, 500 kg maximum<\/td>\n<\/tr>\n<tr>\n<td><strong>Nombre de t\u00e9l\u00e9commandes incluses<\/strong><\/td>\n<td>2<\/td>\n<\/tr>\n<tr>\n<td><strong>Certification<\/strong><\/td>\n<td>CE<\/td>\n<\/tr>\n<tr>\n<td><strong>Garantie<\/strong><\/td>\n<td>12 mois<\/td>\n<\/tr>\n<tr>\n<td><strong>Alimentation<\/strong><\/td>\n<td>230V ~ 50Hz<\/td>\n<\/tr>\n<tr>\n<td><strong>Consommation<\/strong><\/td>\n<td>1.2 &#8211; 1.7A<\/td>\n<\/tr>\n<tr>\n<td><strong>Condensateur<\/strong><\/td>\n<td>8 \u03bcF<\/td>\n<\/tr>\n<tr>\n<td><strong>Protection thermique<\/strong><\/td>\n<td>150\u00b0C<\/td>\n<\/tr>\n<tr>\n<td><strong>Pouss\u00e9e<\/strong><\/td>\n<td>350 N<\/td>\n<\/tr>\n<tr>\n<td><strong>Classe IP<\/strong><\/td>\n<td>44<\/td>\n<\/tr>\n<tr>\n<td><strong>Vitesse moteur (tours\/min)<\/strong><\/td>\n<td>1400 rpm<\/td>\n<\/tr>\n<tr>\n<td><strong>Ouverture<\/strong><\/td>\n<td>10,5 m\/min<\/td>\n<\/tr>\n<tr>\n<td><strong>Poids maxi<\/strong><\/td>\n<td>500 Kg<\/td>\n<\/tr>\n<tr>\n<td><strong>Cycle de travail<\/strong><\/td>\n<td>40%<\/td>\n<\/tr>\n<tr>\n<td style=\"text-align: left;\"><strong>Vendu par<\/strong><\/td>\n<td>www.binaa.ma<\/td>\n<\/tr>\n<\/tbody>\n<\/table>\n<\/div>\n<\/div>\n<\/div>\n<\/div>\n<\/div>\n<\/div>\n<\/div>\n<\/div>\n<p>\u00a0<\/p>\n<p><strong>Transformez votre Quotidien avec Meko 5 de Proteco<\/strong><\/p>\n<p><em>Le summum de la puissance et de la s\u00e9curit\u00e9<\/em><\/p>\n<p>D\u00e9couvrez la r\u00e9volution de l&#8217;acc\u00e8s r\u00e9sidentiel avec le Kit Motorisation Automatisme de Portail Coulissant Meko 5 de Proteco.<\/p>\n<p>Une alliance parfaite de puissance, s\u00e9curit\u00e9 et simplicit\u00e9, con\u00e7ue pour ceux qui cherchent \u00e0 simplifier leur vie tout en renfor\u00e7ant la s\u00e9curit\u00e9 de leur domicile.<\/p>\n<p>Avec Meko 5, entrez dans l&#8217;\u00e8re de la domotique r\u00e9sidentielle. Une installation simple, un contr\u00f4le ais\u00e9 et une technologie de pointe vous attendent. Offrez-vous ce bijou de technologie et vivez l&#8217;exp\u00e9rience d&#8217;une maison intelligente.<\/p>\n<p><strong>Facilitez Votre Acc\u00e8s Quotidien avec Meko 5<\/strong><\/p>\n<ul>\n<li>\n<strong>S\u00e9curit\u00e9 et Confort \u00e0 Domicile:<\/strong> Renforcez la s\u00e9curit\u00e9 de votre domicile tout en profitant d&#8217;une ouverture fluide et silencieuse.<\/li>\n<li>\n<strong>Gain de Temps Quotidien:<\/strong> Oubliez le tracas d&#8217;ouvrir manuellement votre portail, Meko 5 le fait pour vous.<\/li>\n<li>\n<strong>Contr\u00f4le Simplifi\u00e9:<\/strong> Utilisez la t\u00e9l\u00e9commande pour un acc\u00e8s facile et rapide.<\/li>\n<li>\n<strong>Domotique Avanc\u00e9e:<\/strong> Int\u00e9grez Meko 5 \u00e0 votre syst\u00e8me de maison intelligente pour une gestion moderne et efficace.<\/li>\n<li>\n<strong>Design et Esth\u00e9tique:<\/strong> Un \u00e9quipement \u00e9l\u00e9gant qui s&#8217;int\u00e8gre parfaitement \u00e0 l&#8217;esth\u00e9tique de votre maison.<\/li>\n<\/ul>\n<p><strong>Service d&#8217;Installation en Option<\/strong><\/p>\n<p><em>L&#8217;Expertise \u00e0 Votre Service<\/em><\/p>\n<p>Nous comprenons l&#8217;importance d&#8217;une installation parfaite. C&#8217;est pourquoi nous proposons un service d&#8217;installation professionnel, adapt\u00e9 \u00e0 vos besoins.<\/p>\n<p>Nos experts garantissent une mise en place rapide, efficace et adapt\u00e9e \u00e0 la configuration de votre domicile, assurant un fonctionnement optimal de votre portail Meko 5.<\/p>\n<p><strong>La Qualit\u00e9 et la Performance Proteco<\/strong><\/p>\n<ul>\n<li>\n<strong>Puissance et Efficacit\u00e9:<\/strong> Moteur robuste, con\u00e7u pour des portails jusqu&#8217;\u00e0 500 kg et 5 m\u00e8tres.<\/li>\n<li>\n<strong>S\u00e9curit\u00e9 Renforc\u00e9e:<\/strong> Syst\u00e8me \u00e9quip\u00e9 de cellules de protection et de d\u00e9verrouillage d&#8217;urgence.<\/li>\n<li>\n<strong>Facilit\u00e9 d&#8217;Utilisation:<\/strong> T\u00e9l\u00e9commandes incluses pour un contr\u00f4le ais\u00e9 et intuitif.<\/li>\n<li>\n<strong>Installation Flexible:<\/strong> Kit complet avec tous les composants n\u00e9cessaires pour une installation adapt\u00e9e.<\/li>\n<li>\n<strong>Garantie et Fiabilit\u00e9:<\/strong> Produit certifi\u00e9 CE avec une garantie de 12 mois.<\/li>\n<\/ul>\n<p><strong>Contenu de l&#8217;Emballage:<\/strong><\/p>\n<p><em>Tout ce Dont Vous Avez Besoin!<\/em><\/p>\n<ul>\n<li>Moteur coulissant 230V<\/li>\n<li>Centrale de commande Q60RS<\/li>\n<li>4 m\u00e8tres de cr\u00e9maill\u00e8res en nylon<\/li>\n<li>Jeu de cellules de protection RF34I<\/li>\n<li>Clignotant 24V PRL11<\/li>\n<li>2 t\u00e9l\u00e9commandes ANGIE<\/li>\n<li>Cl\u00e9 de d\u00e9verrouillage moteur de secours<\/li>\n<li>Contacteur \u00e0 cl\u00e9 PRS15<\/li>\n<li>Sachet de visserie et plaque de fixation<\/li>\n<li>Pattes de fin de course pour cr\u00e9maill\u00e8res<\/li>\n<\/ul>\n<p>Transformez votre domicile avec le kit motorisation Meko 5 de Proteco. Commandez d\u00e8s maintenant et prenez une longueur d&#8217;avance vers une maison intelligente et s\u00e9curis\u00e9e.<\/p>\n<div data-testid=\"conversation-turn-5\" class=\"w-full text-token-text-primary\">\n<div class=\"px-4 py-2 justify-center text-base md:gap-6 m-auto\">\n<div class=\"flex flex-1 text-base mx-auto gap-3 md:px-5 lg:px-1 xl:px-5 md:max-w-3xl lg:max-w-[40rem] xl:max-w-[48rem] group\">\n<div class=\"relative flex w-full flex-col lg:w-[calc(100%-115px)] agent-turn\">\n<div class=\"flex-col gap-1 md:gap-3\">\n<div class=\"flex flex-grow flex-col max-w-full\">\n<div class=\"min-h-[20px] text-message flex flex-col items-start gap-3 whitespace-pre-wrap break-words [.text-message+&#038;]:mt-5 overflow-x-auto\" data-message-id=\"c3f2a5ef-4974-4173-b428-9f90d603838f\" data-message-author-role=\"assistant\">\n<div class=\"markdown prose w-full break-words dark:prose-invert dark\"><\/div>\n<\/div>\n<\/div>\n<\/div>\n<\/div>\n<\/div>\n<\/div>\n<\/div>\n","protected":false},"excerpt":{"rendered":"<p>\u00a0 \u00a0 Marque PROTECO Mod\u00e8le Meko 5 Type de moteur \u00c0 cr\u00e9maill\u00e8res Puissance 250 W Capacit\u00e9 maximale du portail 5<\/p>","protected":false},"featured_media":32271,"comment_status":"open","ping_status":"closed","template":"","meta":[],"product_brand":[],"product_cat":[23],"product_tag":[911,913,992,993,994,918,995,919,998,997,920,921],"class_list":{"0":"post-31899","1":"product","2":"type-product","3":"status-publish","4":"has-post-thumbnail","6":"product_cat-default","7":"product_tag-accessoires-de-domotique","8":"product_tag-appareils-connectes","9":"product_tag-automatisation-residentielle","10":"product_tag-automatisme-de-portail","11":"product_tag-kit-de-motorisation","12":"product_tag-maison-intelligente","13":"product_tag-motorisation-de-portail","14":"product_tag-outils-pour-la-domotique","15":"product_tag-portail-coulissant","16":"product_tag-securite-du-portail","17":"product_tag-smart-home","18":"product_tag-solutions-de-maison-intelligente","20":"first","21":"instock","22":"sale","23":"shipping-taxable","24":"purchasable","25":"product-type-variable"},"jetpack_sharing_enabled":true,"_links":{"self":[{"href":"https:\/\/e-maestros.ma\/fr\/wp-json\/wp\/v2\/product\/31899","targetHints":{"allow":["GET"]}}],"collection":[{"href":"https:\/\/e-maestros.ma\/fr\/wp-json\/wp\/v2\/product"}],"about":[{"href":"https:\/\/e-maestros.ma\/fr\/wp-json\/wp\/v2\/types\/product"}],"replies":[{"embeddable":true,"href":"https:\/\/e-maestros.ma\/fr\/wp-json\/wp\/v2\/comments?post=31899"}],"version-history":[{"count":0,"href":"https:\/\/e-maestros.ma\/fr\/wp-json\/wp\/v2\/product\/31899\/revisions"}],"wp:featuredmedia":[{"embeddable":true,"href":"https:\/\/e-maestros.ma\/fr\/wp-json\/wp\/v2\/media\/32271"}],"wp:attachment":[{"href":"https:\/\/e-maestros.ma\/fr\/wp-json\/wp\/v2\/media?parent=31899"}],"wp:term":[{"taxonomy":"product_brand","embeddable":true,"href":"https:\/\/e-maestros.ma\/fr\/wp-json\/wp\/v2\/product_brand?post=31899"},{"taxonomy":"product_cat","embeddable":true,"href":"https:\/\/e-maestros.ma\/fr\/wp-json\/wp\/v2\/product_cat?post=31899"},{"taxonomy":"product_tag","embeddable":true,"href":"https:\/\/e-maestros.ma\/fr\/wp-json\/wp\/v2\/product_tag?post=31899"}],"curies":[{"name":"wp","href":"https:\/\/api.w.org\/{rel}","templated":true}]}}