{"id":31907,"date":"2025-11-11T16:53:23","date_gmt":"2025-11-11T16:53:23","guid":{"rendered":"https:\/\/e-maestros.ma\/shop\/uncategorized\/kit-motorisation-automatisme-de-porte-sectionnelle-globmatic-fenix-650\/"},"modified":"2025-11-11T16:53:23","modified_gmt":"2025-11-11T16:53:23","slug":"kit-motorisation-automatisme-de-porte-sectionnelle-globmatic-fenix-650","status":"publish","type":"product","link":"https:\/\/e-maestros.ma\/fr\/boutique\/par-defaut\/kit-motorisation-automatisme-de-porte-sectionnelle-globmatic-fenix-650\/","title":{"rendered":"Kit motorisation automatisme de porte sectionnelle Globmatic Fenix 650"},"content":{"rendered":"<p>\u00a0<\/p>\n<table>\n<tbody>\n<tr>\n<td style=\"text-align: left;\"><strong>Marque<\/strong><\/td>\n<td>GLOBMATIC<\/td>\n<\/tr>\n<tr>\n<td style=\"text-align: left;\"><strong>Mod\u00e8le<\/strong><\/td>\n<td>Fenix 650<\/td>\n<\/tr>\n<tr>\n<td style=\"text-align: left;\"><strong>Type d&#8217;op\u00e9rateur<\/strong><\/td>\n<td>\u00c9lectrom\u00e9canique irr\u00e9versible 24VDC<\/td>\n<\/tr>\n<tr>\n<td style=\"text-align: left;\"><strong>Surface totale de la porte<\/strong><\/td>\n<td>Jusqu&#8217;\u00e0 10 m\u00b2<\/td>\n<\/tr>\n<tr>\n<td style=\"text-align: left;\"><strong>Type d&#8217;utilisation<\/strong><\/td>\n<td>R\u00e9sidentiel<\/td>\n<\/tr>\n<tr>\n<td style=\"text-align: left;\"><strong>Temp\u00e9rature de fonctionnement<\/strong><\/td>\n<td>-20\u00b0C \u00e0 +70\u00b0C<\/td>\n<\/tr>\n<tr>\n<td style=\"text-align: left;\"><strong>Fr\u00e9quence de travail<\/strong><\/td>\n<td>S3=60%<\/td>\n<\/tr>\n<tr>\n<td style=\"text-align: left;\"><strong>Force de traction \/ impulsion<\/strong><\/td>\n<td>650N<\/td>\n<\/tr>\n<tr>\n<td style=\"text-align: left;\"><strong>Consommation nominale<\/strong><\/td>\n<td>180W<\/td>\n<\/tr>\n<tr>\n<td style=\"text-align: left;\"><strong>Vitesse maximale<\/strong><\/td>\n<td>140mm\/s<\/td>\n<\/tr>\n<tr>\n<td style=\"text-align: left;\"><strong>Alimentation<\/strong><\/td>\n<td>230Vac 50Hz<\/td>\n<\/tr>\n<tr>\n<td style=\"text-align: left;\"><strong>Poids de l&#8217;emballage<\/strong><\/td>\n<td>6 Kg<\/td>\n<\/tr>\n<tr>\n<td style=\"text-align: left;\"><strong>Dimensions de l'emballage<\/strong><\/td>\n<td>380 x 250 x 200 mm<\/td>\n<\/tr>\n<tr>\n<td style=\"text-align: left;\"><strong>D\u00e9tecteur d&#8217;obstacles<\/strong><\/td>\n<td>Inclus, avec inversion de mouvement en cas d&#8217;obstacle<\/td>\n<\/tr>\n<tr>\n<td style=\"text-align: left;\"><strong>Syst\u00e8me de transmission<\/strong><\/td>\n<td>Standardis\u00e9 pour installation rapide<\/td>\n<\/tr>\n<tr>\n<td style=\"text-align: left;\"><strong><meta charset=\"UTF-8\">Composition du Kit<\/strong><\/td>\n<td>\n<meta charset=\"UTF-8\"> <span>Moteur de plafond, cadre de contr\u00f4le OT100, rail m\u00e9tallique de 2,5m avec cha\u00eene (option: 3m) (option: courroie), accessoires d&#8217;installation, r\u00e9cepteur encastr\u00e9 TIRX 1 CANAL 868MHz, 2 t\u00e9l\u00e9commandes \u00e9metteurs CYGNUS 2C \/ VELLA 2<\/span>\n<\/td>\n<\/tr>\n<tr>\n<td style=\"text-align: left;\"><strong>Vendu par<\/strong><\/td>\n<td><span>www.binaa.ma<\/span><\/td>\n<\/tr>\n<\/tbody>\n<\/table>\n<p>\u00a0<\/p>\n<p><meta charset=\"UTF-8\"><strong>Transformez Votre Garage en Forteresse de Confort et de S\u00e9curit\u00e9<\/strong><\/p>\n<p><span>Explorez l&#8217;innovation qui garde votre maison s\u00fbre et styl\u00e9e.<\/span><\/p>\n<p>D\u00e9couvrez le Kit de Motorisation Fenix 650 de Globmatic, con\u00e7u pour transformer votre porte de garage en un portail de haute technologie.<\/p>\n<p>Ce syst\u00e8me avanc\u00e9 vous offre non seulement une installation simple et rapide, mais garantit \u00e9galement une s\u00e9curit\u00e9 optimale gr\u00e2ce \u00e0 sa d\u00e9tection d&#8217;obstacles.<\/p>\n<p>Id\u00e9al pour les portes sectionnelles, le Fenix 650 est la solution parfaite pour moderniser votre acc\u00e8s r\u00e9sidentiel sans compromis sur le style. Explorez comment ce kit peut r\u00e9volutionner votre quotidien!<\/p>\n<p><meta charset=\"UTF-8\"><strong>Un Quotidien Simplifi\u00e9 par la Technologie<\/strong><\/p>\n<p><span>D\u00e9couvrez les avantages multifonctionnels du Fenix 650 pour une vie plus pratique.<\/span><\/p>\n<ul>\n<li>\n<p><strong>Installation rapide et facile<\/strong>: Pas de modifications majeures n\u00e9cessaires, s&#8217;int\u00e8gre parfaitement \u00e0 votre porte existante.<\/p>\n<\/li>\n<li>\n<p><strong>Adaptabilit\u00e9<\/strong>: Compatible avec diff\u00e9rents types de portes \u2013 sectionnelles, pliantes, et basculantes.<\/p>\n<\/li>\n<li>\n<p><strong>S\u00e9curit\u00e9 renforc\u00e9e<\/strong>: Syst\u00e8me de d\u00e9tection d&#8217;obstacles pour \u00e9viter les accidents et prot\u00e9ger votre famille.<\/p>\n<\/li>\n<li>\n<p><strong>Acc\u00e8s facilit\u00e9<\/strong>: Gestion \u00e0 distance gr\u00e2ce aux \u00e9metteurs LEO \u00e0 4 canaux, ouvrez et fermez votre garage en toute simplicit\u00e9.<\/p>\n<\/li>\n<li>\n<p><strong>Conformit\u00e9 r\u00e9glementaire<\/strong>: Respect des normes de s\u00e9curit\u00e9 en vigueur, pour une tranquillit\u00e9 d\u2019esprit totale.<\/p>\n<\/li>\n<\/ul>\n<p><meta charset=\"UTF-8\"><strong>Installation Sans Souci avec Nos Experts<\/strong><\/p>\n<p><span>Laissez nos professionnels transformer votre exp\u00e9rience utilisateur, sans tracas.<\/span><\/p>\n<p>Profitez de notre service d&#8217;installation premium pour une mise en place sans effort de votre kit de motorisation Fenix 650.<\/p>\n<p>Nos techniciens sp\u00e9cialis\u00e9s s&#8217;assurent que l&#8217;installation est effectu\u00e9e selon les standards les plus \u00e9lev\u00e9s, garantissant performance et fiabilit\u00e9.<\/p>\n<p>Avec binaa.ma, b\u00e9n\u00e9ficiez d&#8217;une installation qui respecte vos besoins sp\u00e9cifiques et maximisez l&#8217;efficacit\u00e9 de votre nouveau syst\u00e8me automatis\u00e9. Choisissez la simplicit\u00e9, choisissez l&#8217;excellence.<\/p>\n<p><meta charset=\"UTF-8\"><strong>Puissance et Intelligence: Le Duo Incontournable de votre Garage<\/strong><\/p>\n<p><span>Explorez les caract\u00e9ristiques techniques qui mettent le Fenix 650 en t\u00eate de sa cat\u00e9gorie.<\/span><\/p>\n<ul>\n<li>\n<p><strong>Motorisation puissante<\/strong>: Op\u00e9rateur \u00e9lectrom\u00e9canique irr\u00e9versible 24VDC, optimis\u00e9 pour les portes jusqu&#8217;\u00e0 10 m\u00b2.<\/p>\n<\/li>\n<li>\n<p><strong>Programmation intelligente<\/strong>: M\u00e9morisation des temps et des forces pendant le parcours, pour un fonctionnement optimal.<\/p>\n<\/li>\n<li>\n<p><strong>Batterie de secours<\/strong>: Utilisation possible avec batteries 24 VDC pour un fonctionnement ininterrompu m\u00eame en cas de coupure de courant.<\/p>\n<\/li>\n<li>\n<p><strong>Carte de contr\u00f4le avanc\u00e9e<\/strong>: Int\u00e9gration d&#8217;un logiciel certifi\u00e9 qui simplifie la configuration et assure la conformit\u00e9 aux normes actuelles.<\/p>\n<\/li>\n<\/ul>\n<p><meta charset=\"UTF-8\"><strong>Tout ce Dont Vous Avez Besoin en Un Seul Kit<\/strong><\/p>\n<p><span>D\u00e9couvrez ce qui est inclus pour vous assurer une installation compl\u00e8te et efficace!<\/span><\/p>\n<ul>\n<li>\n<p>1 Op\u00e9rateur de plafond Fenix 650<\/p>\n<\/li>\n<li>\n<p>1 Syst\u00e8me de transmission<\/p>\n<\/li>\n<li>\n<p>1 R\u00e9cepteur<\/p>\n<\/li>\n<li>\n<p>2 \u00c9metteurs LEO 4 canaux<\/p>\n<\/li>\n<li>\n<p>1 Sac d&#8217;accessoires<\/p>\n<\/li>\n<li>\n<p>1 Manuel d&#8217;installation<\/p>\n<\/li>\n<\/ul>\n<p>\u00a0<\/p>","protected":false},"excerpt":{"rendered":"<p>\u00a0 Marque GLOBMATIC Mod\u00e8le Fenix 650 Type d'op\u00e9rateur \u00c9lectrom\u00e9canique irr\u00e9versible 24VDC Surface totale de la porte Jusqu'\u00e0 10 m\u00b2 Type<\/p>","protected":false},"featured_media":32275,"comment_status":"open","ping_status":"closed","template":"","meta":[],"product_brand":[],"product_cat":[23],"product_tag":[911,913,992,993,994,918,999,995,919,1000,1001,997,920,921],"class_list":{"0":"post-31907","1":"product","2":"type-product","3":"status-publish","4":"has-post-thumbnail","6":"product_cat-default","7":"product_tag-accessoires-de-domotique","8":"product_tag-appareils-connectes","9":"product_tag-automatisation-residentielle","10":"product_tag-automatisme-de-portail","11":"product_tag-kit-de-motorisation","12":"product_tag-maison-intelligente","13":"product_tag-moteur-pour-porte-sectionnelle","14":"product_tag-motorisation-de-portail","15":"product_tag-outils-pour-la-domotique","16":"product_tag-portail-sectionnel","17":"product_tag-porte-sectionnelle","18":"product_tag-securite-du-portail","19":"product_tag-smart-home","20":"product_tag-solutions-de-maison-intelligente","22":"first","23":"instock","24":"sale","25":"shipping-taxable","26":"purchasable","27":"product-type-variable"},"jetpack_sharing_enabled":true,"_links":{"self":[{"href":"https:\/\/e-maestros.ma\/fr\/wp-json\/wp\/v2\/product\/31907","targetHints":{"allow":["GET"]}}],"collection":[{"href":"https:\/\/e-maestros.ma\/fr\/wp-json\/wp\/v2\/product"}],"about":[{"href":"https:\/\/e-maestros.ma\/fr\/wp-json\/wp\/v2\/types\/product"}],"replies":[{"embeddable":true,"href":"https:\/\/e-maestros.ma\/fr\/wp-json\/wp\/v2\/comments?post=31907"}],"version-history":[{"count":0,"href":"https:\/\/e-maestros.ma\/fr\/wp-json\/wp\/v2\/product\/31907\/revisions"}],"wp:featuredmedia":[{"embeddable":true,"href":"https:\/\/e-maestros.ma\/fr\/wp-json\/wp\/v2\/media\/32275"}],"wp:attachment":[{"href":"https:\/\/e-maestros.ma\/fr\/wp-json\/wp\/v2\/media?parent=31907"}],"wp:term":[{"taxonomy":"product_brand","embeddable":true,"href":"https:\/\/e-maestros.ma\/fr\/wp-json\/wp\/v2\/product_brand?post=31907"},{"taxonomy":"product_cat","embeddable":true,"href":"https:\/\/e-maestros.ma\/fr\/wp-json\/wp\/v2\/product_cat?post=31907"},{"taxonomy":"product_tag","embeddable":true,"href":"https:\/\/e-maestros.ma\/fr\/wp-json\/wp\/v2\/product_tag?post=31907"}],"curies":[{"name":"wp","href":"https:\/\/api.w.org\/{rel}","templated":true}]}}