{"id":31915,"date":"2025-11-11T16:53:25","date_gmt":"2025-11-11T16:53:25","guid":{"rendered":"https:\/\/e-maestros.ma\/shop\/uncategorized\/mangeoire-distributeur-automatique-croquettes-avec-camera-petguard-pro-wifi\/"},"modified":"2025-11-11T16:53:25","modified_gmt":"2025-11-11T16:53:25","slug":"mangeoire-distributeur-automatique-croquettes-avec-camera-petguard-pro-wifi","status":"publish","type":"product","link":"https:\/\/e-maestros.ma\/fr\/boutique\/par-defaut\/mangeoire-distributeur-automatique-croquettes-avec-camera-petguard-pro-wifi\/","title":{"rendered":"Mangeoire distributeur automatique croquettes avec cam\u00e9ra PetGuard Pro Wifi"},"content":{"rendered":"<p><!----><\/p>\n<p>\u00a0<\/p>\n<table style=\"width: 100.088%; height: 450.657px;\">\n<tbody>\n<tr style=\"height: 19.5938px;\">\n<td style=\"text-align: left; width: 36.8512%; height: 19.5938px;\"><strong>Marque<\/strong><\/td>\n<td style=\"width: 60.2336%; height: 19.5938px;\">PetGuard<\/td>\n<\/tr>\n<tr style=\"height: 19.5938px;\">\n<td style=\"text-align: left; width: 36.8512%; height: 19.5938px;\"><strong>Mod\u00e8le<\/strong><\/td>\n<td style=\"width: 60.2336%; height: 19.5938px;\">Pro UHD Wifi<\/td>\n<\/tr>\n<tr style=\"height: 19.5938px;\">\n<td style=\"text-align: left; width: 36.8512%; height: 19.5938px;\"><strong>Capacit\u00e9<\/strong><\/td>\n<td style=\"width: 60.2336%; height: 19.5938px;\">4L ou 6L<\/td>\n<\/tr>\n<tr style=\"height: 19.5938px;\">\n<td style=\"text-align: left; width: 36.8512%; height: 19.5938px;\"><strong>Connexion<\/strong><\/td>\n<td style=\"width: 60.2336%; height: 19.5938px;\">Wifi (2.4G uniquement)<\/td>\n<\/tr>\n<tr style=\"height: 19.5938px;\">\n<td style=\"text-align: left; width: 36.8512%; height: 19.5938px;\"><strong>Application<\/strong><\/td>\n<td style=\"width: 60.2336%; height: 19.5938px;\">Tuya Smart<\/td>\n<\/tr>\n<tr style=\"height: 19.5938px;\">\n<td style=\"text-align: left; width: 36.8512%; height: 19.5938px;\"><strong>Cam\u00e9ra<\/strong><\/td>\n<td style=\"width: 60.2336%; height: 19.5938px;\">UHD<\/td>\n<\/tr>\n<tr style=\"height: 19.5938px;\">\n<td style=\"text-align: left; width: 36.8512%; height: 19.5938px;\"><strong>Enregistrement Vocal<\/strong><\/td>\n<td style=\"width: 60.2336%; height: 19.5938px;\">Oui, 10 secondes<\/td>\n<\/tr>\n<tr style=\"height: 19.5938px;\">\n<td style=\"text-align: left; width: 36.8512%; height: 19.5938px;\"><strong>Source d&#8217;Alimentation<\/strong><\/td>\n<td style=\"width: 60.2336%; height: 19.5938px;\">Charge USB-5V<\/td>\n<\/tr>\n<tr style=\"height: 19.5938px;\">\n<td style=\"text-align: left; width: 36.8512%; height: 19.5938px;\"><strong>Mat\u00e9riau<\/strong><\/td>\n<td style=\"width: 60.2336%; height: 19.5938px;\">ABS \u00c9cologique<\/td>\n<\/tr>\n<tr style=\"height: 19.5938px;\">\n<td style=\"width: 36.8512%; height: 19.5938px; text-align: left;\"><strong>Affichage LCD<\/strong><\/td>\n<td style=\"width: 60.2336%; height: 19.5938px;\">Oui<\/td>\n<\/tr>\n<tr style=\"height: 19.5938px;\">\n<td style=\"width: 36.8512%; height: 19.5938px; text-align: left;\"><strong>Minutage<\/strong><\/td>\n<td style=\"width: 60.2336%; height: 19.5938px;\">Oui<\/td>\n<\/tr>\n<tr style=\"height: 19.5938px;\">\n<td style=\"width: 36.8512%; height: 19.5938px; text-align: left;\"><strong>Type de Bol et Mangeoire<\/strong><\/td>\n<td style=\"width: 60.2336%; height: 19.5938px;\">Mangeoire et Abreuvoir Automatiques<\/td>\n<\/tr>\n<tr style=\"height: 19.5938px;\">\n<td style=\"width: 36.8512%; height: 19.5938px; text-align: left;\"><strong>Couleur<\/strong><\/td>\n<td style=\"width: 60.2336%; height: 19.5938px;\">Blanc<\/td>\n<\/tr>\n<tr style=\"height: 19.5938px;\">\n<td style=\"width: 36.8512%; height: 19.5938px; text-align: left;\"><strong>Saisons<\/strong><\/td>\n<td style=\"width: 60.2336%; height: 19.5938px;\">Toute l&#8217;ann\u00e9e<\/td>\n<\/tr>\n<tr style=\"height: 19.5938px;\">\n<td style=\"width: 36.8512%; height: 19.5938px; text-align: left;\"><strong>Certification<\/strong><\/td>\n<td style=\"width: 60.2336%; height: 19.5938px;\">CE<\/td>\n<\/tr>\n<tr style=\"height: 19.5938px;\">\n<td style=\"width: 36.8512%; height: 19.5938px; text-align: left;\"><strong>Fonctionnalit\u00e9s<\/strong><\/td>\n<td style=\"width: 60.2336%; height: 19.5938px;\">T\u00e9l\u00e9commande, Synchronisation Intelligente<\/td>\n<\/tr>\n<tr style=\"height: 19.5938px;\">\n<td style=\"width: 36.8512%; height: 19.5938px;\"><strong>Utilisation<\/strong><\/td>\n<td style=\"width: 60.2336%; height: 19.5938px;\">Nourriture, croquettes automatiques<\/td>\n<\/tr>\n<tr style=\"height: 19.5938px;\">\n<td style=\"width: 36.8512%; height: 19.5938px; text-align: left;\"><strong>Compatibilit\u00e9<\/strong><\/td>\n<td style=\"width: 60.2336%; height: 19.5938px;\">Chiens et Chats<\/td>\n<\/tr>\n<tr style=\"height: 19.5938px;\">\n<td style=\"width: 36.8512%; height: 19.5938px; text-align: left;\"><strong>Livraison<\/strong><\/td>\n<td style=\"width: 60.2336%; height: 19.5938px;\">1-2 jours<\/td>\n<\/tr>\n<tr style=\"height: 19.5938px;\">\n<td style=\"width: 36.8512%; height: 19.5938px; text-align: left;\"><strong>Poids<\/strong><\/td>\n<td style=\"width: 60.2336%; height: 19.5938px;\">2.5 kg<\/td>\n<\/tr>\n<tr style=\"height: 19.5938px;\">\n<td style=\"width: 36.8512%; height: 19.5938px; text-align: left;\"><strong>Garantie<\/strong><\/td>\n<td style=\"width: 60.2336%; height: 19.5938px;\">1 an<\/td>\n<\/tr>\n<tr>\n<td style=\"width: 36.8512%; text-align: left;\"><strong>Vendu par<\/strong><\/td>\n<td style=\"width: 60.2336%;\">www.binaa.ma<\/td>\n<\/tr>\n<\/tbody>\n<\/table>\n<p>\u00a0<\/p>\n<p><meta charset=\"utf-8\"><strong>Transformez le quotidien de vos animaux de compagnie<\/strong><\/p>\n<p><meta charset=\"utf-8\"><em>D\u00e9couvrez la mangeoire PetGuard Pro, l&#8217;innovation ultime pour le bien-\u00eatre de vos compagnons<\/em><\/p>\n<p>D\u00e9couvrez la mangeoire automatique PetGuard Pro, le choix parfait pour nourrir vos animaux de compagnie en toute simplicit\u00e9.<\/p>\n<p>Avec sa capacit\u00e9 de 4L ou 6L, sa cam\u00e9ra UHD int\u00e9gr\u00e9e et sa connectivit\u00e9 Wifi, cette mangeoire intelligente garantit une alimentation r\u00e9guli\u00e8re et contr\u00f4l\u00e9e pour vos chiens et chats, m\u00eame lorsque vous \u00eates absent.<\/p>\n<p>Faites confiance \u00e0 PetGuard Pro pour offrir le meilleur \u00e0 vos compagnons \u00e0 quatre pattes.<\/p>\n<p><meta charset=\"utf-8\"><strong>Alimentation sans souci, o\u00f9 que vous soyez<\/strong><\/p>\n<p><meta charset=\"utf-8\"><em>Profitez d&#8217;une tranquillit\u00e9 d&#8217;esprit avec une gestion facile des repas \u00e0 distance<\/em><\/p>\n<ul>\n<li>\n<p><strong>Alimentation \u00e0 Distance<\/strong>: Nourrissez vos animaux \u00e0 tout moment gr\u00e2ce \u00e0 l&#8217;application &#8220;Tuya Smart&#8221;.<\/p>\n<\/li>\n<li>\n<p><strong>Cam\u00e9ra UHD<\/strong>: Surveillez vos animaux en direct avec une qualit\u00e9 d&#8217;image exceptionnelle.<\/p>\n<\/li>\n<li>\n<p><strong>Grande Capacit\u00e9<\/strong>: Choisissez entre 4L et 6L pour une alimentation continue sans recharges fr\u00e9quentes.<\/p>\n<\/li>\n<li>\n<p><strong>Planification des Repas<\/strong>: Programmez les repas pour garantir une alimentation r\u00e9guli\u00e8re et \u00e9viter les exc\u00e8s.<\/p>\n<\/li>\n<li>\n<p><strong>Enregistrement Vocal<\/strong>: Enregistrez votre voix pour appeler vos animaux avant chaque repas, cr\u00e9ant un lien \u00e9motionnel.<\/p>\n<\/li>\n<li>\n<p><strong>Facilit\u00e9 d&#8217;Utilisation<\/strong>: Interface simple et intuitive pour une gestion facile de l&#8217;alimentation.<\/p>\n<\/li>\n<\/ul>\n<p><meta charset=\"utf-8\"><meta charset=\"utf-8\"><strong><em>Laissez nos experts s&#8217;occuper de tout<\/em><\/strong><\/p>\n<p><meta charset=\"utf-8\"><em>Pour une utilisation sans tracas d\u00e8s le premier jour<\/em><\/p>\n<p>Simplifiez votre exp\u00e9rience avec notre service d\u2019aide \u00e0 la configuration. Nos experts vous accompagne pour configurer votre mangeoire automatique PetGuard Pro.\u00a0<\/p>\n<p>Profitez d\u2019une mise en service rapide, professionnelle et personnalis\u00e9e selon vos besoins. Avec binaa.ma, b\u00e9n\u00e9ficiez d&#8217;un service de configuration reconnu pour sa qualit\u00e9 et son efficacit\u00e9.<\/p>\n<p><meta charset=\"utf-8\"><strong>Technologie de pointe pour vos animaux<\/strong><\/p>\n<p><meta charset=\"utf-8\"><em>Explorez les fonctionnalit\u00e9s avanc\u00e9es de la PetGuard Pro!<\/em><\/p>\n<ul>\n<li>\n<p><strong>Connectivit\u00e9 Wifi<\/strong>: Contr\u00f4le \u00e0 distance via l&#8217;application mobile.<\/p>\n<\/li>\n<li>\n<p><strong>Capacit\u00e9 de 4L ou 6L<\/strong>: Adapt\u00e9e pour chiens et chats de toutes tailles.<\/p>\n<\/li>\n<li>\n<p><strong>Cam\u00e9ra UHD<\/strong>: Surveillance en direct avec une qualit\u00e9 d&#8217;image haute d\u00e9finition.<\/p>\n<\/li>\n<li>\n<p><strong>Programmation des Repas<\/strong>: Minuteries et planification des repas.<\/p>\n<\/li>\n<li>\n<p><strong>Enregistrement Vocal<\/strong>: Appel vocal pour les repas.<\/p>\n<\/li>\n<li>\n<p><strong>Facilit\u00e9 de Nettoyage<\/strong>: R\u00e9servoir et plateau alimentaires amovibles.<\/p>\n<\/li>\n<li>\n<p><strong>S\u00e9curit\u00e9<\/strong>: Verrou de s\u00e9curit\u00e9 du couvercle pour \u00e9viter les ouvertures non autoris\u00e9es.<\/p>\n<\/li>\n<\/ul>\n<p><meta charset=\"utf-8\"><strong>Tout ce dont vous avez besoin, dans une seule bo\u00eete<\/strong><\/p>\n<p><meta charset=\"utf-8\"><em>Recevez un kit complet pour une alimentation automatis\u00e9e et sereine de vos animaux<\/em><\/p>\n<ul>\n<li>\n<p>Mangeoire PetGuard Pro<\/p>\n<\/li>\n<li>\n<p>Cam\u00e9ra UHD int\u00e9gr\u00e9e<\/p>\n<\/li>\n<li>\n<p>R\u00e9servoir de 4L ou 6L<\/p>\n<\/li>\n<li>\n<p>Adaptateur secteur<\/p>\n<\/li>\n<li>\n<p>Manuel d'utilisation<\/p>\n<\/li>\n<\/ul>\n<p>\u00a0<\/p>","protected":false},"excerpt":{"rendered":"<p>\u00a0 Marque PetGuard Mod\u00e8le Pro UHD Wifi Capacit\u00e9 4L ou 6L Connexion Wifi (2.4G uniquement) Application Tuya Smart Cam\u00e9ra UHD<\/p>","protected":false},"featured_media":32279,"comment_status":"open","ping_status":"closed","template":"","meta":[],"product_brand":[],"product_cat":[23],"product_tag":[911,913,964,965,918,1002,1003,919,1004,968,920,921],"class_list":{"0":"post-31915","1":"product","2":"type-product","3":"status-publish","4":"has-post-thumbnail","6":"product_cat-default","7":"product_tag-accessoires-de-domotique","8":"product_tag-appareils-connectes","9":"product_tag-distributeurs-animaux","10":"product_tag-distributeurs-automatiques","11":"product_tag-maison-intelligente","12":"product_tag-mangeoires-automatiques","13":"product_tag-mangeoires-intelligents","14":"product_tag-outils-pour-la-domotique","15":"product_tag-pet-feeders","16":"product_tag-pet-tech-gadgets","17":"product_tag-smart-home","18":"product_tag-solutions-de-maison-intelligente","20":"first","21":"instock","22":"sale","23":"shipping-taxable","24":"purchasable","25":"product-type-variable"},"jetpack_sharing_enabled":true,"_links":{"self":[{"href":"https:\/\/e-maestros.ma\/fr\/wp-json\/wp\/v2\/product\/31915","targetHints":{"allow":["GET"]}}],"collection":[{"href":"https:\/\/e-maestros.ma\/fr\/wp-json\/wp\/v2\/product"}],"about":[{"href":"https:\/\/e-maestros.ma\/fr\/wp-json\/wp\/v2\/types\/product"}],"replies":[{"embeddable":true,"href":"https:\/\/e-maestros.ma\/fr\/wp-json\/wp\/v2\/comments?post=31915"}],"version-history":[{"count":0,"href":"https:\/\/e-maestros.ma\/fr\/wp-json\/wp\/v2\/product\/31915\/revisions"}],"wp:featuredmedia":[{"embeddable":true,"href":"https:\/\/e-maestros.ma\/fr\/wp-json\/wp\/v2\/media\/32279"}],"wp:attachment":[{"href":"https:\/\/e-maestros.ma\/fr\/wp-json\/wp\/v2\/media?parent=31915"}],"wp:term":[{"taxonomy":"product_brand","embeddable":true,"href":"https:\/\/e-maestros.ma\/fr\/wp-json\/wp\/v2\/product_brand?post=31915"},{"taxonomy":"product_cat","embeddable":true,"href":"https:\/\/e-maestros.ma\/fr\/wp-json\/wp\/v2\/product_cat?post=31915"},{"taxonomy":"product_tag","embeddable":true,"href":"https:\/\/e-maestros.ma\/fr\/wp-json\/wp\/v2\/product_tag?post=31915"}],"curies":[{"name":"wp","href":"https:\/\/api.w.org\/{rel}","templated":true}]}}