{"id":31939,"date":"2025-11-11T16:53:29","date_gmt":"2025-11-11T16:53:29","guid":{"rendered":"https:\/\/e-maestros.ma\/shop\/uncategorized\/pack-de-2-digicodes-connectes-keypad-touch\/"},"modified":"2025-11-11T16:53:29","modified_gmt":"2025-11-11T16:53:29","slug":"pack-de-2-digicodes-connectes-keypad-touch","status":"publish","type":"product","link":"https:\/\/e-maestros.ma\/fr\/boutique\/par-defaut\/pack-de-2-digicodes-connectes-keypad-touch\/","title":{"rendered":"Pack de 2 Digicodes connect\u00e9s KeyPad Touch"},"content":{"rendered":"<p><!----><\/p>\n<p>\u00a0<\/p>\n<table style=\"width: 100.088%; height: 584.814px;\">\n<tbody>\n<tr style=\"height: 19.5938px;\">\n<td style=\"text-align: left; width: 56.5012%; height: 19.5938px;\"><strong>Marque<\/strong><\/td>\n<td style=\"width: 40.5836%; height: 19.5938px;\">KeyPad<\/td>\n<\/tr>\n<tr style=\"height: 19.5938px;\">\n<td style=\"text-align: left; width: 56.5012%; height: 19.5938px;\"><strong>Mod\u00e8le<\/strong><\/td>\n<td style=\"width: 40.5836%; height: 19.5938px;\">Touch<\/td>\n<\/tr>\n<tr style=\"height: 19.5938px;\">\n<td style=\"text-align: left; width: 56.5012%; height: 19.5938px;\"><strong>Type de carte<\/strong><\/td>\n<td style=\"width: 40.5836%; height: 19.5938px;\">MF 13.56Mhz \/ EM 125khz<\/td>\n<\/tr>\n<tr style=\"height: 19.5938px;\">\n<td style=\"text-align: left; width: 56.5012%; height: 19.5938px;\"><strong>Capacit\u00e9 utilisateur<\/strong><\/td>\n<td style=\"width: 40.5836%; height: 19.5938px;\">2000 utilisateurs<\/td>\n<\/tr>\n<tr style=\"height: 19.5938px;\">\n<td style=\"text-align: left; width: 56.5012%; height: 19.5938px;\"><strong>Distance de lecture<\/strong><\/td>\n<td style=\"width: 40.5836%; height: 19.5938px;\">3-6 cm<\/td>\n<\/tr>\n<tr style=\"height: 19.5938px;\">\n<td style=\"text-align: left; width: 56.5012%; height: 19.5938px;\"><strong>Taille<\/strong><\/td>\n<td style=\"width: 40.5836%; height: 19.5938px;\">117 x 71 x 22 mm<\/td>\n<\/tr>\n<tr style=\"height: 19.5938px;\">\n<td style=\"text-align: left; width: 56.5012%; height: 19.5938px;\"><strong>Verrouiller la charge de sortie<\/strong><\/td>\n<td style=\"width: 40.5836%; height: 19.5938px;\"><3A<\/td>\n<\/tr>\n<tr style=\"height: 19.5938px;\">\n<td style=\"text-align: left; width: 56.5012%; height: 19.5938px;\"><strong>Temps de relais de porte r\u00e9glable<\/strong><\/td>\n<td style=\"width: 40.5836%; height: 19.5938px;\">0-99 secondes<\/td>\n<\/tr>\n<tr style=\"height: 19.5938px;\">\n<td style=\"text-align: left; width: 56.5012%; height: 19.5938px;\"><strong>Fr\u00e9quence<\/strong><\/td>\n<td style=\"width: 40.5836%; height: 19.5938px;\">13.56mhz \/ 125khz<\/td>\n<\/tr>\n<tr style=\"height: 19.5938px;\">\n<td style=\"text-align: left; width: 56.5012%; height: 19.5938px;\"><strong>Clavier tactile r\u00e9tro\u00e9clair\u00e9<\/strong><\/td>\n<td style=\"width: 40.5836%; height: 19.5938px;\">Oui<\/td>\n<\/tr>\n<tr style=\"height: 19.5938px;\">\n<td style=\"text-align: left; width: 56.5012%; height: 19.5938px;\"><strong>Lecteur Wiegand<\/strong><\/td>\n<td style=\"width: 40.5836%; height: 19.5938px;\">26-34 D0-D1<\/td>\n<\/tr>\n<tr style=\"height: 19.5938px;\">\n<td style=\"text-align: left; width: 56.5012%; height: 19.5938px;\"><strong>Protection anti-sabotage<\/strong><\/td>\n<td style=\"width: 40.5836%; height: 19.5938px;\">LDR int\u00e9gr\u00e9<\/td>\n<\/tr>\n<tr style=\"height: 19.5938px;\">\n<td style=\"text-align: left; width: 56.5012%; height: 19.5938px;\"><strong>Buzzer int\u00e9gr\u00e9<\/strong><\/td>\n<td style=\"width: 40.5836%; height: 19.5938px;\">Oui<\/td>\n<\/tr>\n<tr style=\"height: 19.5938px;\">\n<td style=\"text-align: left; width: 56.5012%; height: 19.5938px;\"><strong>Affichage LED<\/strong><\/td>\n<td style=\"width: 40.5836%; height: 19.5938px;\">Rouge, orange, vert<\/td>\n<\/tr>\n<tr style=\"height: 19.5938px;\">\n<td style=\"text-align: left; width: 56.5012%; height: 19.5938px;\"><strong>Utilisation<\/strong><\/td>\n<td style=\"width: 40.5836%; height: 19.5938px;\">Int\u00e9rieur et ext\u00e9rieur<\/td>\n<\/tr>\n<tr style=\"height: 19.5938px;\">\n<td style=\"text-align: left; width: 56.5012%; height: 19.5938px;\"><strong>Tension de fonctionnement<\/strong><\/td>\n<td style=\"width: 40.5836%; height: 19.5938px;\">12V \u00b1 10 %<\/td>\n<\/tr>\n<tr style=\"height: 19.5938px;\">\n<td style=\"text-align: left; width: 56.5012%; height: 19.5938px;\"><strong>Courant actif<\/strong><\/td>\n<td style=\"width: 40.5836%; height: 19.5938px;\"><60mA<\/td>\n<\/tr>\n<tr style=\"height: 19.5938px;\">\n<td style=\"text-align: left; width: 56.5012%; height: 19.5938px;\"><strong>Courant de repos<\/strong><\/td>\n<td style=\"width: 40.5836%; height: 19.5938px;\">25 \u00b1 5mA<\/td>\n<\/tr>\n<tr style=\"height: 19.5938px;\">\n<td style=\"text-align: left; width: 56.5012%; height: 19.5938px;\"><strong>Charge de sortie d&#8217;alarme<\/strong><\/td>\n<td style=\"width: 40.5836%; height: 19.5938px;\">max 20A<\/td>\n<\/tr>\n<tr style=\"height: 19.5938px;\">\n<td style=\"text-align: left; width: 56.5012%; height: 19.5938px;\"><strong>Temp\u00e9rature de fonctionnement<\/strong><\/td>\n<td style=\"width: 40.5836%; height: 19.5938px;\">-45\u00b0C \u00e0 60\u00b0C<\/td>\n<\/tr>\n<tr style=\"height: 19.5938px;\">\n<td style=\"text-align: left; width: 56.5012%; height: 19.5938px;\"><strong>Humidit\u00e9 de fonctionnement<\/strong><\/td>\n<td style=\"width: 40.5836%; height: 19.5938px;\">10 % &#8211; 90 % rh<\/td>\n<\/tr>\n<tr style=\"height: 19.5938px;\">\n<td style=\"text-align: left; width: 56.5012%; height: 19.5938px;\"><strong>Interface Wiegand<\/strong><\/td>\n<td style=\"width: 40.5836%; height: 19.5938px;\">Wiegand 26 bits<\/td>\n<\/tr>\n<tr style=\"height: 19.5938px;\">\n<td style=\"text-align: left; width: 56.5012%; height: 19.5938px;\"><strong>Mat\u00e9riau<\/strong><\/td>\n<td style=\"width: 40.5836%; height: 19.5938px;\">PVC<\/td>\n<\/tr>\n<tr style=\"height: 19.5938px;\">\n<td style=\"text-align: left; width: 56.5012%; height: 19.5938px;\"><strong>Dimensions<\/strong><\/td>\n<td style=\"width: 40.5836%; height: 19.5938px;\">117 x 71 x 22 mm<\/td>\n<\/tr>\n<tr style=\"height: 19.5938px;\">\n<td style=\"text-align: left; width: 56.5012%; height: 19.5938px;\"><strong>Installation<\/strong><\/td>\n<td style=\"width: 40.5836%; height: 19.5938px;\">Montage int\u00e9rieur\/ext\u00e9rieur<\/td>\n<\/tr>\n<tr style=\"height: 19.5938px;\">\n<td style=\"text-align: left; width: 56.5012%; height: 19.5938px;\"><strong>Contr\u00f4le \u00e0 distance<\/strong><\/td>\n<td style=\"width: 40.5836%; height: 19.5938px;\">Via application Tuya<\/td>\n<\/tr>\n<tr style=\"height: 19.5938px;\">\n<td style=\"text-align: left; width: 56.5012%; height: 19.5938px;\"><strong>Options d&#8217;acc\u00e8s<\/strong><\/td>\n<td style=\"width: 40.5836%; height: 19.5938px;\">Carte, code PIN, carte + PIN<\/td>\n<\/tr>\n<tr style=\"height: 19.5938px;\">\n<td style=\"text-align: left; width: 56.5012%; height: 19.5938px;\"><strong>Protection contre les courts-circuits<\/strong><\/td>\n<td style=\"width: 40.5836%; height: 19.5938px;\">Oui<\/td>\n<\/tr>\n<tr style=\"height: 19.5938px;\">\n<td style=\"text-align: left; width: 56.5012%; height: 19.5938px;\"><strong>R\u00e9sistance d\u00e9pendante de la lumi\u00e8re<\/strong><\/td>\n<td style=\"width: 40.5836%; height: 19.5938px;\">LDR int\u00e9gr\u00e9<\/td>\n<\/tr>\n<tr style=\"height: 16.5938px;\">\n<td style=\"width: 56.5012%; height: 16.5938px; text-align: left;\"><strong>Vendu par<\/strong><\/td>\n<td style=\"width: 40.5836%; height: 16.5938px;\">www.binaa.ma<\/td>\n<\/tr>\n<\/tbody>\n<\/table>\n<p>\u00a0<\/p>\n<p><meta charset=\"utf-8\"><strong>S\u00e9curit\u00e9 Innovante \u00e0 Port\u00e9e de Main<\/strong><\/p>\n<p><meta charset=\"utf-8\"><em>R\u00e9volutionnez la protection de votre espace avec <meta charset=\"utf-8\">le KeyPad Touch!<\/em><\/p>\n<p>Ce digicode innovant allie \u00e9l\u00e9gance et technologie de pointe pour offrir une s\u00e9curit\u00e9 optimale et un contr\u00f4le simplifi\u00e9 de vos acc\u00e8s.<\/p>\n<p>Gr\u00e2ce \u00e0 sa connectivit\u00e9 Wifi et \u00e0 l&#8217;application Tuya, g\u00e9rez vos entr\u00e9es en toute tranquillit\u00e9 depuis votre smartphone.<\/p>\n<p><meta charset=\"utf-8\"><strong>Un Contr\u00f4le Absolu de Vos Acc\u00e8s<\/strong><meta charset=\"utf-8\"><\/p>\n<ul>\n<li>\n<p><strong>Acc\u00e8s s\u00e9curis\u00e9<\/strong>: Ouvrez vos portes gr\u00e2ce \u00e0 la lecture NFC, au code PIN ou \u00e0 une combinaison des deux.<\/p>\n<\/li>\n<li>\n<p><strong>Contr\u00f4le \u00e0 distance<\/strong>: G\u00e9rez et surveillez l&#8217;acc\u00e8s \u00e0 votre domicile ou bureau via votre smartphone, o\u00f9 que vous soyez.<\/p>\n<\/li>\n<li>\n<p><strong>Installation rapide<\/strong>: Un design \u00e9l\u00e9gant et compact qui s&#8217;int\u00e8gre parfaitement dans tout type d&#8217;environnement.<\/p>\n<\/li>\n<li>\n<p><strong>Polyvalence d&#8217;utilisation<\/strong>: Convient aussi bien pour les appartements, les villas que les bureaux.<\/p>\n<\/li>\n<\/ul>\n<p><meta charset=\"utf-8\"><strong>Installation Premium pour Votre Tranquillit\u00e9<\/strong><\/p>\n<p><meta charset=\"utf-8\"><em>Laissez nos experts installer votre digicode!<\/em><\/p>\n<p>Simplifiez encore plus votre exp\u00e9rience avec notre service d\u2019installation premium. Nos experts se chargent de l&#8217;installation compl\u00e8te, vous assurant un fonctionnement optimal d\u00e8s le premier jour.<\/p>\n<p>Profitez d&#8217;une installation personnalis\u00e9e, rapide et sans tracas, et b\u00e9n\u00e9ficiez de conseils professionnels pour maximiser la s\u00e9curit\u00e9 de votre maison ou bureau.<\/p>\n<p><meta charset=\"utf-8\"><strong>Des Fonctionnalit\u00e9s Qui Font la Diff\u00e9rence<\/strong><meta charset=\"utf-8\"><\/p>\n<ul>\n<li>\n<p><strong>Type de carte<\/strong>: MF 13.56Mhz \/ EM 125khz<\/p>\n<\/li>\n<li>\n<p><strong>Capacit\u00e9 utilisateur<\/strong>: 2000 utilisateurs<\/p>\n<\/li>\n<li>\n<p><strong>Distance de lecture<\/strong>: 3-6 cm<strong><\/strong><\/p>\n<\/li>\n<li>\n<p><strong>Temps de relais de porte r\u00e9glable<\/strong>: 0-99 secondes<\/p>\n<\/li>\n<li>\n<p><strong>Clavier tactile r\u00e9tro\u00e9clair\u00e9<\/strong>: Pour une utilisation facile m\u00eame dans l&#8217;obscurit\u00e9<\/p>\n<\/li>\n<li>\n<p><strong>Lecteur Wiegand 26-34 D0-D1<\/strong>: Int\u00e9gr\u00e9 pour une compatibilit\u00e9 accrue<\/p>\n<\/li>\n<li>\n<p><strong>Protection anti-sabotage<\/strong>: R\u00e9sistance d\u00e9pendante de la lumi\u00e8re (LDR) et buzzer int\u00e9gr\u00e9<\/p>\n<\/li>\n<li>\n<p><strong>Affichage LED<\/strong>: Rouge, orange et vert pour indiquer l&#8217;\u00e9tat de fonctionnement<\/p>\n<\/li>\n<li>\n<p><strong>Usage int\u00e9rieur et ext\u00e9rieur<\/strong>: Design robuste pour r\u00e9sister aux intemp\u00e9ries<\/p>\n<\/li>\n<\/ul>\n<p><meta charset=\"utf-8\"><strong>Tout ce Dont Vous Avez Besoin en Un Seul Pack<\/strong><\/p>\n<p><meta charset=\"utf-8\"><em>D\u00e9couvrez ce qui est inclus dans votre achat!<\/em><\/p>\n<ul>\n<li>\n<p>2 x Digicode Connect\u00e9 Wifi KeyPad Touch<\/p>\n<\/li>\n<li>\n<p>1 x Manuel d&#8217;utilisation d\u00e9taill\u00e9<\/p>\n<\/li>\n<li>\n<p>2 x Kit de montage complet<\/p>\n<\/li>\n<li>\n<p>2 x Carte NFC de d\u00e9monstration<\/p>\n<\/li>\n<\/ul>","protected":false},"excerpt":{"rendered":"<p>\u00a0 Marque KeyPad Mod\u00e8le Touch Type de carte MF 13.56Mhz \/ EM 125khz Capacit\u00e9 utilisateur 2000 utilisateurs Distance de lecture<\/p>","protected":false},"featured_media":32291,"comment_status":"open","ping_status":"closed","template":"","meta":[],"product_brand":[],"product_cat":[23],"product_tag":[911,913,952,953,918,919,920,921],"class_list":{"0":"post-31939","1":"product","2":"type-product","3":"status-publish","4":"has-post-thumbnail","6":"product_cat-default","7":"product_tag-accessoires-de-domotique","8":"product_tag-appareils-connectes","9":"product_tag-digicodes-connectes","10":"product_tag-digicodes-intelligents","11":"product_tag-maison-intelligente","12":"product_tag-outils-pour-la-domotique","13":"product_tag-smart-home","14":"product_tag-solutions-de-maison-intelligente","16":"first","17":"instock","18":"sale","19":"shipping-taxable","20":"purchasable","21":"product-type-variable"},"jetpack_sharing_enabled":true,"_links":{"self":[{"href":"https:\/\/e-maestros.ma\/fr\/wp-json\/wp\/v2\/product\/31939","targetHints":{"allow":["GET"]}}],"collection":[{"href":"https:\/\/e-maestros.ma\/fr\/wp-json\/wp\/v2\/product"}],"about":[{"href":"https:\/\/e-maestros.ma\/fr\/wp-json\/wp\/v2\/types\/product"}],"replies":[{"embeddable":true,"href":"https:\/\/e-maestros.ma\/fr\/wp-json\/wp\/v2\/comments?post=31939"}],"version-history":[{"count":0,"href":"https:\/\/e-maestros.ma\/fr\/wp-json\/wp\/v2\/product\/31939\/revisions"}],"wp:featuredmedia":[{"embeddable":true,"href":"https:\/\/e-maestros.ma\/fr\/wp-json\/wp\/v2\/media\/32291"}],"wp:attachment":[{"href":"https:\/\/e-maestros.ma\/fr\/wp-json\/wp\/v2\/media?parent=31939"}],"wp:term":[{"taxonomy":"product_brand","embeddable":true,"href":"https:\/\/e-maestros.ma\/fr\/wp-json\/wp\/v2\/product_brand?post=31939"},{"taxonomy":"product_cat","embeddable":true,"href":"https:\/\/e-maestros.ma\/fr\/wp-json\/wp\/v2\/product_cat?post=31939"},{"taxonomy":"product_tag","embeddable":true,"href":"https:\/\/e-maestros.ma\/fr\/wp-json\/wp\/v2\/product_tag?post=31939"}],"curies":[{"name":"wp","href":"https:\/\/api.w.org\/{rel}","templated":true}]}}