{"id":31943,"date":"2025-11-11T16:53:29","date_gmt":"2025-11-11T16:53:29","guid":{"rendered":"https:\/\/e-maestros.ma\/shop\/uncategorized\/pack-de-2-digicodes-connectes-securekey-pro\/"},"modified":"2025-11-11T16:53:30","modified_gmt":"2025-11-11T16:53:30","slug":"pack-de-2-digicodes-connectes-securekey-pro","status":"publish","type":"product","link":"https:\/\/e-maestros.ma\/fr\/boutique\/par-defaut\/pack-de-2-digicodes-connectes-securekey-pro\/","title":{"rendered":"Pack de 2 Digicodes connect\u00e9s SecureKey Pro"},"content":{"rendered":"<p><!----><\/p>\n<p><\/p>\n<table>\n<tbody>\n<tr>\n<td style=\"text-align: left;\"><strong>Marque<\/strong><\/td>\n<td>SecureKey<\/td>\n<\/tr>\n<tr>\n<td style=\"text-align: left;\"><strong>Mod\u00e8le<\/strong><\/td>\n<td>\n<meta charset=\"utf-8\">SecureKey Pro<\/td>\n<\/tr>\n<tr>\n<td style=\"text-align: left;\"><strong>Dimensions<\/strong><\/td>\n<td>120mm x 78mm x 22mm<\/td>\n<\/tr>\n<tr>\n<td style=\"text-align: left;\"><strong>Poids<\/strong><\/td>\n<td>0,1 kg<\/td>\n<\/tr>\n<tr>\n<td style=\"text-align: left;\"><strong>Fr\u00e9quence de fonctionnement<\/strong><\/td>\n<td>125KHz<\/td>\n<\/tr>\n<tr>\n<td style=\"text-align: left;\"><strong>Courant de fonctionnement<\/strong><\/td>\n<td><100mA<\/td>\n<\/tr>\n<tr>\n<td style=\"text-align: left;\"><strong>Tension de fonctionnement<\/strong><\/td>\n<td>DC12V<\/td>\n<\/tr>\n<tr>\n<td style=\"text-align: left;\"><strong>Temp\u00e9rature de fonctionnement<\/strong><\/td>\n<td>-10\u00b0C \u00e0 +60\u00b0C<\/td>\n<\/tr>\n<tr>\n<td style=\"text-align: left;\"><strong>Distance de lecture<\/strong><\/td>\n<td>0-10cm<\/td>\n<\/tr>\n<tr>\n<td style=\"text-align: left;\"><strong>Humidit\u00e9 relative<\/strong><\/td>\n<td>20% \u00e0 90%<\/td>\n<\/tr>\n<tr>\n<td style=\"text-align: left;\"><strong>Mat\u00e9riau<\/strong><\/td>\n<td>Plastique ignifuge<\/td>\n<\/tr>\n<tr>\n<td style=\"text-align: left;\"><strong>Capacit\u00e9 utilisateur<\/strong><\/td>\n<td>1000 utilisateurs<\/td>\n<\/tr>\n<tr>\n<td style=\"text-align: left;\"><strong>M\u00e9thodes de d\u00e9verrouillage<\/strong><\/td>\n<td>Carte RFID, mot de passe, carte + mot de passe<\/td>\n<\/tr>\n<tr>\n<td style=\"text-align: left;\"><strong>S\u00e9curit\u00e9<\/strong><\/td>\n<td>Anti-vandalisme, anti-inviolable<\/td>\n<\/tr>\n<tr>\n<td style=\"text-align: left;\"><strong>Bouton de sonnette<\/strong><\/td>\n<td>Oui<\/td>\n<\/tr>\n<tr>\n<td style=\"text-align: left;\"><strong>Couverture anti-pluie<\/strong><\/td>\n<td>Oui<\/td>\n<\/tr>\n<tr>\n<td style=\"text-align: left;\"><strong>Utilisation<\/strong><\/td>\n<td>Maison, h\u00f4tel, bureau, appartement<\/td>\n<\/tr>\n<tr>\n<td style=\"text-align: left;\"><strong>Installation<\/strong><\/td>\n<td>Autonome, sans besoin de connexion \u00e0 un ordinateur<\/td>\n<\/tr>\n<tr>\n<td style=\"text-align: left;\"><strong>Consommation d'\u00e9nergie<\/strong><\/td>\n<td>Faible<\/td>\n<\/tr>\n<tr>\n<td style=\"text-align: left;\"><strong>Type de carte<\/strong><\/td>\n<td>EM 125KHz<\/td>\n<\/tr>\n<tr>\n<td style=\"text-align: left;\"><strong>Temps de d\u00e9verrouillage<\/strong><\/td>\n<td>5 secondes<\/td>\n<\/tr>\n<tr>\n<td style=\"text-align: left;\"><strong>Vendu par<\/strong><\/td>\n<td>www.binaa.ma<\/td>\n<\/tr>\n<\/tbody>\n<\/table>\n<p>\u00a0<\/p>\n<p><meta charset=\"utf-8\"><strong>S\u00e9curisez votre espace avec style!<\/strong><\/p>\n<p><meta charset=\"utf-8\"><em>Le Digicode connect\u00e9 Wifi SecureKey Pro, votre alli\u00e9 s\u00e9curit\u00e9.<\/em><\/p>\n<p>D\u00e9couvrez le\u00a0Digicode connect\u00e9 Wifi SecureKey Pro, la solution ultime pour la s\u00e9curit\u00e9 de votre maison, bureau ou appartement.<\/p>\n<p>Ce digicode Wifi r\u00e9volutionnaire combine haute s\u00e9curit\u00e9, commodit\u00e9 et durabilit\u00e9. Con\u00e7u pour simplifier votre quotidien, il permet un contr\u00f4le d&#8217;acc\u00e8s rapide et efficace gr\u00e2ce \u00e0 ses multiples m\u00e9thodes de d\u00e9verrouillage.<\/p>\n<p>Parfait pour une utilisation en ext\u00e9rieur, il est \u00e9quip\u00e9 d&#8217;un couvercle anti-pluie et d&#8217;un lecteur de carte EM. D\u00e9couvrez ses caract\u00e9ristiques exceptionnelles qui font de ce digicode l&#8217;alli\u00e9 parfait pour prot\u00e9ger votre espace.<\/p>\n<p><meta charset=\"utf-8\"><strong>Prot\u00e9gez ce qui compte le plus.<\/strong><\/p>\n<p><meta charset=\"utf-8\"><em>Des usages polyvalents pour un quotidien simplifi\u00e9.<\/em><\/p>\n<ul>\n<li>\n<p><strong>S\u00e9curit\u00e9 au quotidien<\/strong>: Prot\u00e9gez votre maison ou bureau avec un digicode fiable et facile \u00e0 utiliser.<\/p>\n<\/li>\n<li>\n<p><strong>Acc\u00e8s rapide et s\u00e9curis\u00e9<\/strong>: D\u00e9verrouillez votre porte avec une carte RFID, un mot de passe ou une combinaison des deux.<\/p>\n<\/li>\n<li>\n<p><strong>R\u00e9sistant aux intemp\u00e9ries<\/strong>: Id\u00e9al pour une installation en ext\u00e9rieur gr\u00e2ce \u00e0 son couvercle anti-pluie.<\/p>\n<\/li>\n<li>\n<p><strong>Usage multiple<\/strong>: Parfait pour les appartements, les villas, les bureaux et les h\u00f4tels.<\/p>\n<\/li>\n<li>\n<p><strong>Facilit\u00e9 d&#8217;utilisation<\/strong>: Pas besoin de connexion \u00e0 un ordinateur, fonctionne de mani\u00e8re autonome.<\/p>\n<\/li>\n<\/ul>\n<p><strong>Service d'Installation en Option<\/strong><\/p>\n<p><em>Service d&#8217;installation premium, pour une tranquillit\u00e9 totale.<\/em><\/p>\n<p>Simplifiez encore plus l&#8217;installation de votre Digicode connect\u00e9 Wifi SecureKey Pro gr\u00e2ce \u00e0 notre service d&#8217;installation premium.<\/p>\n<p>Nos experts vous garantissent une installation rapide et professionnelle, adapt\u00e9e \u00e0 vos besoins sp\u00e9cifiques. Profitez de:<\/p>\n<ul>\n<li>\n<p><strong>Installation sur mesure<\/strong>: Nous ajustons l&#8217;installation en fonction de la configuration de votre espace.<\/p>\n<\/li>\n<li>\n<p><strong>Support technique<\/strong>: Assistance compl\u00e8te pour toute question ou ajustement post-installation.<\/p>\n<\/li>\n<li>\n<p><strong>Garantie de satisfaction<\/strong>: Notre priorit\u00e9 est votre satisfaction, avec un service client r\u00e9actif et comp\u00e9tent.<\/p>\n<\/li>\n<\/ul>\n<p><meta charset=\"utf-8\"><strong>Caract\u00e9ristiques exceptionnelles.<\/strong><\/p>\n<p><meta charset=\"utf-8\"><em>Des fonctionnalit\u00e9s qui font la diff\u00e9rence!<\/em><\/p>\n<ul>\n<li>\n<p><strong>Mat\u00e9riau de haute qualit\u00e9<\/strong>: Plastique durable et ignifuge, adapt\u00e9 \u00e0 une utilisation ext\u00e9rieure.<\/p>\n<\/li>\n<li>\n<p><strong>Capacit\u00e9 utilisateur<\/strong>: Supporte jusqu&#8217;\u00e0 1000 utilisateurs.<\/p>\n<\/li>\n<li>\n<p><strong>M\u00e9thodes de d\u00e9verrouillage<\/strong>: Carte RFID, mot de passe, mot de passe plus carte.<strong><\/strong><\/p>\n<\/li>\n<li>\n<p><strong>Consommation d&#8217;\u00e9nergie faible<\/strong>: Fonctionne avec une tension de DC12V et un courant de <100mA.<\/p>\n<\/li>\n<li>\n<p><strong>Distance de lecture<\/strong>: 0-10cm.<\/p>\n<\/li>\n<li>\n<p><strong>Fonctionnalit\u00e9s suppl\u00e9mentaires<\/strong>: Bouton de sonnette int\u00e9gr\u00e9, apparence classique et fonction utile.<\/p>\n<\/li>\n<\/ul>\n<p><meta charset=\"utf-8\"><strong>Tout ce dont vous avez besoin.<\/strong><\/p>\n<p><meta charset=\"utf-8\"><em>Votre pack complet pour une s\u00e9curit\u00e9 maximale.<\/em><\/p>\n<ul>\n<li>\n<p>2 Digicodes connect\u00e9s Wifi SecureKey Pro<\/p>\n<\/li>\n<li>\n<p>1 Manuel d&#8217;utilisation<\/p>\n<\/li>\n<li>\n<p>Accessoires de montage<\/p>\n<\/li>\n<li>\n<p>4 cartes RFID<\/p>\n<\/li>\n<\/ul>\n<p>\u00a0<\/p>","protected":false},"excerpt":{"rendered":"<p>Marque SecureKey Mod\u00e8le SecureKey Pro Dimensions 120mm x 78mm x 22mm Poids 0.1 kg Fr\u00e9quence de fonctionnement 125KHz Courant de<\/p>","protected":false},"featured_media":32293,"comment_status":"open","ping_status":"closed","template":"","meta":[],"product_brand":[],"product_cat":[23],"product_tag":[911,913,952,953,918,919,920,921],"class_list":{"0":"post-31943","1":"product","2":"type-product","3":"status-publish","4":"has-post-thumbnail","6":"product_cat-default","7":"product_tag-accessoires-de-domotique","8":"product_tag-appareils-connectes","9":"product_tag-digicodes-connectes","10":"product_tag-digicodes-intelligents","11":"product_tag-maison-intelligente","12":"product_tag-outils-pour-la-domotique","13":"product_tag-smart-home","14":"product_tag-solutions-de-maison-intelligente","16":"first","17":"instock","18":"sale","19":"shipping-taxable","20":"purchasable","21":"product-type-variable"},"jetpack_sharing_enabled":true,"_links":{"self":[{"href":"https:\/\/e-maestros.ma\/fr\/wp-json\/wp\/v2\/product\/31943","targetHints":{"allow":["GET"]}}],"collection":[{"href":"https:\/\/e-maestros.ma\/fr\/wp-json\/wp\/v2\/product"}],"about":[{"href":"https:\/\/e-maestros.ma\/fr\/wp-json\/wp\/v2\/types\/product"}],"replies":[{"embeddable":true,"href":"https:\/\/e-maestros.ma\/fr\/wp-json\/wp\/v2\/comments?post=31943"}],"version-history":[{"count":0,"href":"https:\/\/e-maestros.ma\/fr\/wp-json\/wp\/v2\/product\/31943\/revisions"}],"wp:featuredmedia":[{"embeddable":true,"href":"https:\/\/e-maestros.ma\/fr\/wp-json\/wp\/v2\/media\/32293"}],"wp:attachment":[{"href":"https:\/\/e-maestros.ma\/fr\/wp-json\/wp\/v2\/media?parent=31943"}],"wp:term":[{"taxonomy":"product_brand","embeddable":true,"href":"https:\/\/e-maestros.ma\/fr\/wp-json\/wp\/v2\/product_brand?post=31943"},{"taxonomy":"product_cat","embeddable":true,"href":"https:\/\/e-maestros.ma\/fr\/wp-json\/wp\/v2\/product_cat?post=31943"},{"taxonomy":"product_tag","embeddable":true,"href":"https:\/\/e-maestros.ma\/fr\/wp-json\/wp\/v2\/product_tag?post=31943"}],"curies":[{"name":"wp","href":"https:\/\/api.w.org\/{rel}","templated":true}]}}