{"id":31947,"date":"2025-11-11T16:53:29","date_gmt":"2025-11-11T16:53:29","guid":{"rendered":"https:\/\/e-maestros.ma\/shop\/uncategorized\/panneau-solaire-rigide-ecoflow-400w\/"},"modified":"2025-11-11T16:53:30","modified_gmt":"2025-11-11T16:53:30","slug":"panneau-solaire-rigide-ecoflow-400w","status":"publish","type":"product","link":"https:\/\/e-maestros.ma\/fr\/boutique\/par-defaut\/panneau-solaire-rigide-ecoflow-400w\/","title":{"rendered":"Panneau solaire rigide EcoFlow 400W"},"content":{"rendered":"<p><!----><\/p>\n<p>\u00a0<\/p>\n<table>\n<tbody>\n<tr>\n<td style=\"text-align: left;\"><strong>Marque<\/strong><\/td>\n<td>EcoFlow<\/td>\n<\/tr>\n<tr>\n<td style=\"text-align: left;\"><strong>Mod\u00e8le<\/strong><\/td>\n<td>Panneau solaire rigide 400 W<\/td>\n<\/tr>\n<tr>\n<td style=\"text-align: left;\"><strong>Puissance nominale<\/strong><\/td>\n<td>400 W<\/td>\n<\/tr>\n<tr>\n<td style=\"text-align: left;\"><strong>Rendement<\/strong><\/td>\n<td>23%<\/td>\n<\/tr>\n<tr>\n<td style=\"text-align: left;\"><strong>Type de cellule<\/strong><\/td>\n<td>Monocristallin<\/td>\n<\/tr>\n<tr>\n<td style=\"text-align: left;\"><strong>Tension de circuit ouvert<\/strong><\/td>\n<td>37.10 V<\/td>\n<\/tr>\n<tr>\n<td style=\"text-align: left;\"><strong>Intensit\u00e9 en court-circuit<\/strong><\/td>\n<td>13.79 A<\/td>\n<\/tr>\n<tr>\n<td style=\"text-align: left;\"><strong>Dimensions du panneau<\/strong><\/td>\n<td>172.2 x 113.4 x 3.5 cm<\/td>\n<\/tr>\n<tr>\n<td style=\"text-align: left;\"><strong>Poids du panneau<\/strong><\/td>\n<td>21.8 kg<\/td>\n<\/tr>\n<tr>\n<td style=\"text-align: left;\"><strong>Indice d\u2019\u00e9tanch\u00e9it\u00e9<\/strong><\/td>\n<td>IP68<\/td>\n<\/tr>\n<tr>\n<td style=\"text-align: left;\"><strong>Mat\u00e9riau du cadre<\/strong><\/td>\n<td>Aluminium anti-corrosion<\/td>\n<\/tr>\n<tr>\n<td style=\"text-align: left;\"><strong>R\u00e9sistance au vent<\/strong><\/td>\n<td>209 km\/h<\/td>\n<\/tr>\n<tr>\n<td style=\"text-align: left;\"><strong>R\u00e9sistance \u00e0 la neige<\/strong><\/td>\n<td>551 kg\/m\u00b2<\/td>\n<\/tr>\n<tr>\n<td style=\"text-align: left;\"><strong>Type de connecteur<\/strong><\/td>\n<td>Connecteur solaire<\/td>\n<\/tr>\n<tr>\n<td style=\"text-align: left;\"><strong>Longueur du c\u00e2ble<\/strong><\/td>\n<td>300 mm<\/td>\n<\/tr>\n<tr>\n<td style=\"text-align: left;\"><strong>Compatibilit\u00e9<\/strong><\/td>\n<td>Syst\u00e8mes solaires 48V<\/td>\n<\/tr>\n<tr>\n<td style=\"text-align: left;\"><strong>Garantie<\/strong><\/td>\n<td>12 mois<\/td>\n<\/tr>\n<tr>\n<td style=\"text-align: left;\"><strong>Accessoire inclus<\/strong><\/td>\n<td>Pied de montage<\/td>\n<\/tr>\n<tr>\n<td style=\"text-align: left;\"><strong>Mat\u00e9riau du pied de montage<\/strong><\/td>\n<td>Aluminium r\u00e9sistant<\/td>\n<\/tr>\n<tr>\n<td style=\"text-align: left;\"><strong>Ajustabilit\u00e9<\/strong><\/td>\n<td>Inclinaison ajustable<\/td>\n<\/tr>\n<tr>\n<td style=\"text-align: left;\"><strong>Installation<\/strong><\/td>\n<td>Rapide et facile<\/td>\n<\/tr>\n<tr>\n<td style=\"text-align: left;\"><strong>Vendu par<\/strong><\/td>\n<td>www.binaa.ma<\/td>\n<\/tr>\n<\/tbody>\n<\/table>\n<p>\u00a0<\/p>\n<p><meta charset=\"utf-8\"><strong>Lib\u00e9rez votre \u00e9nergie solaire d\u00e8s maintenant<\/strong><\/p>\n<p><meta charset=\"utf-8\"><em>Le meilleur rendement pour une autonomie compl\u00e8te.<\/em><\/p>\n<p>D\u00e9couvrez le Panneau solaire rigide EcoFlow 400 W, la solution id\u00e9ale pour r\u00e9pondre \u00e0 vos besoins \u00e9nerg\u00e9tiques tout en adoptant une approche \u00e9co-responsable.<\/p>\n<p>Avec son rendement exceptionnel de 23%, ce panneau solaire est con\u00e7u pour maximiser votre production d&#8217;\u00e9nergie solaire, vous offrant une autonomie \u00e9nerg\u00e9tique optimale.<\/p>\n<p>Que vous cherchiez \u00e0 r\u00e9duire vos factures d&#8217;\u00e9lectricit\u00e9 ou \u00e0 alimenter un foyer hors r\u00e9seau, ce kit solaire est l&#8217;investissement parfait.<\/p>\n<p>Disponible exclusivement sur\u00a0binaa.ma, la Marketplace num\u00e9ro 1 au Maroc pour la domotique et les solutions \u00e9co-intelligentes.<\/p>\n<p><meta charset=\"utf-8\"><strong>Simplifiez votre quotidien avec une \u00e9nergie fiable<\/strong><\/p>\n<p><meta charset=\"utf-8\"><em>Des solutions pour chaque besoin, de l&#8217;\u00e9conomie d&#8217;\u00e9nergie \u00e0 l&#8217;ind\u00e9pendance totale.<\/em><\/p>\n<ul>\n<li>\n<p><strong>R\u00e9duction des co\u00fbts \u00e9nerg\u00e9tiques<\/strong>: Int\u00e9grez ces panneaux \u00e0 votre installation existante pour diminuer significativement vos factures d&#8217;\u00e9lectricit\u00e9.<\/p>\n<\/li>\n<li>\n<p><strong>Alimentation hors r\u00e9seau<\/strong>: Parfait pour les r\u00e9sidences secondaires, les maisons en milieu rural, ou les sites isol\u00e9s, offrant une autonomie compl\u00e8te.<\/p>\n<\/li>\n<li>\n<p><strong>\u00c9nergie de secours<\/strong>: Gardez votre foyer aliment\u00e9 en cas de panne de courant gr\u00e2ce \u00e0 une source d&#8217;\u00e9nergie fiable et durable.<\/p>\n<\/li>\n<li>\n<p><strong>Compatibilit\u00e9 universelle<\/strong>: Ce panneau est compatible avec la majorit\u00e9 des syst\u00e8mes solaires 48V, s&#8217;int\u00e9grant facilement \u00e0 vos installations actuelles.<\/p>\n<\/li>\n<\/ul>\n<p><meta charset=\"utf-8\"><strong>Installation sur mesure pour une exp\u00e9rience sans souci<\/strong><\/p>\n<p><meta charset=\"utf-8\"><em>Confiez-nous votre installation et profitez d&#8217;une tranquillit\u00e9 d&#8217;esprit totale.<\/em><\/p>\n<p>Optez pour notre service d&#8217;installation premium pour une tranquillit\u00e9 d&#8217;esprit totale. Nos experts se d\u00e9placent partout au Maroc pour vous offrir une installation sur mesure, adapt\u00e9e \u00e0 la configuration de votre domicile ou de votre bureau.<\/p>\n<p>Profitez d&#8217;une mise en service rapide et efficace, avec des conseils d&#8217;experts pour optimiser votre production d&#8217;\u00e9nergie solaire.<\/p>\n<p>Nous garantissons une installation conforme aux normes de s\u00e9curit\u00e9 les plus strictes, vous assurant ainsi une utilisation intuitive d\u00e8s le premier jour.<\/p>\n<p><meta charset=\"utf-8\"><strong>Technologie avanc\u00e9e pour des performances maximales<\/strong><\/p>\n<p><meta charset=\"utf-8\"><em>Des caract\u00e9ristiques techniques qui font toute la diff\u00e9rence.<\/em><\/p>\n<ul>\n<li>\n<p><strong>Rendement exceptionnel de 23%<\/strong>: Assurez une conversion optimale de la lumi\u00e8re solaire en \u00e9nergie, m\u00eame dans des conditions d&#8217;\u00e9clairage r\u00e9duites.<\/p>\n<\/li>\n<li>\n<p><strong>Conception robuste et r\u00e9sistante<\/strong>: Avec un indice d&#8217;\u00e9tanch\u00e9it\u00e9 IP68, ces panneaux sont con\u00e7us pour r\u00e9sister aux intemp\u00e9ries, incluant des vents de 209 km\/h et des charges de neige jusqu&#8217;\u00e0 551 kg\/m\u00b2.<\/p>\n<\/li>\n<li>\n<p><strong>Structure en aluminium anti-corrosion<\/strong>: Prolongez la dur\u00e9e de vie de vos panneaux solaires avec un cadre solide qui r\u00e9siste aux \u00e9l\u00e9ments.<\/p>\n<\/li>\n<li>\n<p><strong>Compatibilit\u00e9 MPPT int\u00e9gr\u00e9e<\/strong>: Optimisez automatiquement la production d&#8217;\u00e9nergie gr\u00e2ce \u00e0 la technologie MPPT, maximisant votre rendement solaire.<\/p>\n<\/li>\n<li>\n<p><strong>Installation rapide et facile<\/strong>: Les panneaux sont livr\u00e9s avec un c\u00e2ble de charge de 300 mm, vous offrant la flexibilit\u00e9 n\u00e9cessaire pour une installation multiple.<\/p>\n<\/li>\n<li>\n<p><strong>Garantie de 12 mois<\/strong>: Profitez d&#8217;une tranquillit\u00e9 d&#8217;esprit avec une garantie qui couvre votre investissement contre tout d\u00e9faut de fabrication.<\/p>\n<\/li>\n<\/ul>\n<p><meta charset=\"utf-8\"><strong>Tout ce dont vous avez besoin en un seul achat<\/strong><\/p>\n<p><meta charset=\"utf-8\"><em>Recevez un kit complet pr\u00eat \u00e0 \u00eatre install\u00e9 pour une efficacit\u00e9 imm\u00e9diate.<\/em><\/p>\n<ul>\n<li>\n<p>1x Panneaux solaires rigides 400 W<\/p>\n<\/li>\n<li>\n<p>1 x Pieds de montage<\/p>\n<\/li>\n<li>\n<p>1x Manuel d\u2019utilisation<\/p>\n<\/li>\n<li>\n<p>1x Carte de garantie<\/p>\n<\/li>\n<\/ul>\n<p>\u00a0<\/p>","protected":false},"excerpt":{"rendered":"<p>\u00a0 Marque EcoFlow Mod\u00e8le Panneau solaire rigide 400 W Puissance nominale 400 W Rendement 23% Type de cellule Monocristallin Tension<\/p>","protected":false},"featured_media":32295,"comment_status":"open","ping_status":"closed","template":"","meta":[],"product_brand":[],"product_cat":[23],"product_tag":[911,913,918,919,1025,1026,920,921],"class_list":{"0":"post-31947","1":"product","2":"type-product","3":"status-publish","4":"has-post-thumbnail","6":"product_cat-default","7":"product_tag-accessoires-de-domotique","8":"product_tag-appareils-connectes","9":"product_tag-maison-intelligente","10":"product_tag-outils-pour-la-domotique","11":"product_tag-panneaux-solaires","12":"product_tag-panneaux-solaires-rigides","13":"product_tag-smart-home","14":"product_tag-solutions-de-maison-intelligente","16":"first","17":"instock","18":"sale","19":"shipping-taxable","20":"purchasable","21":"product-type-variable"},"jetpack_sharing_enabled":true,"_links":{"self":[{"href":"https:\/\/e-maestros.ma\/fr\/wp-json\/wp\/v2\/product\/31947","targetHints":{"allow":["GET"]}}],"collection":[{"href":"https:\/\/e-maestros.ma\/fr\/wp-json\/wp\/v2\/product"}],"about":[{"href":"https:\/\/e-maestros.ma\/fr\/wp-json\/wp\/v2\/types\/product"}],"replies":[{"embeddable":true,"href":"https:\/\/e-maestros.ma\/fr\/wp-json\/wp\/v2\/comments?post=31947"}],"version-history":[{"count":0,"href":"https:\/\/e-maestros.ma\/fr\/wp-json\/wp\/v2\/product\/31947\/revisions"}],"wp:featuredmedia":[{"embeddable":true,"href":"https:\/\/e-maestros.ma\/fr\/wp-json\/wp\/v2\/media\/32295"}],"wp:attachment":[{"href":"https:\/\/e-maestros.ma\/fr\/wp-json\/wp\/v2\/media?parent=31947"}],"wp:term":[{"taxonomy":"product_brand","embeddable":true,"href":"https:\/\/e-maestros.ma\/fr\/wp-json\/wp\/v2\/product_brand?post=31947"},{"taxonomy":"product_cat","embeddable":true,"href":"https:\/\/e-maestros.ma\/fr\/wp-json\/wp\/v2\/product_cat?post=31947"},{"taxonomy":"product_tag","embeddable":true,"href":"https:\/\/e-maestros.ma\/fr\/wp-json\/wp\/v2\/product_tag?post=31947"}],"curies":[{"name":"wp","href":"https:\/\/api.w.org\/{rel}","templated":true}]}}