{"id":31957,"date":"2025-11-11T16:53:32","date_gmt":"2025-11-11T16:53:32","guid":{"rendered":"https:\/\/e-maestros.ma\/shop\/uncategorized\/pointeuse-biometrique-zkteco-senseface-3a\/"},"modified":"2025-11-11T16:53:32","modified_gmt":"2025-11-11T16:53:32","slug":"pointeuse-biometrique-zkteco-senseface-3a","status":"publish","type":"product","link":"https:\/\/e-maestros.ma\/fr\/boutique\/par-defaut\/pointeuse-biometrique-zkteco-senseface-3a\/","title":{"rendered":"Pointeuse biom\u00e9trique ZKTeco SenseFace 3A"},"content":{"rendered":"<p>\u00a0<\/p>\n<table style=\"width: 100.088%; height: 646.595px;\">\n<tbody>\n<tr style=\"height: 19.5938px;\">\n<td style=\"text-align: left; width: 37.4269%; height: 19.5938px;\"><strong>Marque<\/strong><\/td>\n<td style=\"width: 59.658%; height: 19.5938px;\">ZKTeco<\/td>\n<\/tr>\n<tr style=\"height: 19.5938px;\">\n<td style=\"text-align: left; width: 37.4269%; height: 19.5938px;\"><strong>Mod\u00e8le<\/strong><\/td>\n<td style=\"width: 59.658%; height: 19.5938px;\">SenseFace 3A<\/td>\n<\/tr>\n<tr style=\"height: 19.5938px;\">\n<td style=\"text-align: left; width: 37.4269%; height: 19.5938px;\"><strong>\u00c9cran<\/strong><\/td>\n<td style=\"width: 59.658%; height: 19.5938px;\">2.8&#8243; TFT LED Couleur (240&#215;320)<\/td>\n<\/tr>\n<tr style=\"height: 19.5938px;\">\n<td style=\"text-align: left; width: 37.4269%; height: 19.5938px;\"><strong>Cam\u00e9ra<\/strong><\/td>\n<td style=\"width: 59.658%; height: 19.5938px;\">WDR Binocular 1MP<\/td>\n<\/tr>\n<tr style=\"height: 19.5938px;\">\n<td style=\"text-align: left; width: 37.4269%; height: 19.5938px;\"><strong>Syst\u00e8me d\u2019exploitation<\/strong><\/td>\n<td style=\"width: 59.658%; height: 19.5938px;\">Linux<\/td>\n<\/tr>\n<tr style=\"height: 19.5938px;\">\n<td style=\"text-align: left; width: 37.4269%; height: 19.5938px;\"><strong>M\u00e9moire<\/strong><\/td>\n<td style=\"width: 59.658%; height: 19.5938px;\">RAM 512MB, ROM 8GB<\/td>\n<\/tr>\n<tr style=\"height: 19.5938px;\">\n<td style=\"text-align: left; width: 37.4269%; height: 19.5938px;\"><strong>Audio<\/strong><\/td>\n<td style=\"width: 59.658%; height: 19.5938px;\">Haut-parleur 8\u03a9 1W, Microphone omnidirectionnel<\/td>\n<\/tr>\n<tr style=\"height: 19.5938px;\">\n<td style=\"text-align: left; width: 37.4269%; height: 19.5938px;\"><strong>Lumi\u00e8re suppl\u00e9mentaire<\/strong><\/td>\n<td style=\"width: 59.658%; height: 19.5938px;\">Non<\/td>\n<\/tr>\n<tr style=\"height: 19.5938px;\">\n<td style=\"text-align: left; width: 37.4269%; height: 19.5938px;\"><strong>M\u00e9thodes d&#8217;authentification<\/strong><\/td>\n<td style=\"width: 59.658%; height: 19.5938px;\">Empreinte digitale, visage, carte RFID, mot de passe<\/td>\n<\/tr>\n<tr style=\"height: 19.5938px;\">\n<td style=\"text-align: left; width: 37.4269%; height: 19.5938px;\"><strong>Capacit\u00e9 empreintes digitales<\/strong><\/td>\n<td style=\"width: 59.658%; height: 19.5938px;\">6,000 (1:N)<\/td>\n<\/tr>\n<tr style=\"height: 19.5938px;\">\n<td style=\"text-align: left; width: 37.4269%; height: 19.5938px;\"><strong>Capacit\u00e9 visages<\/strong><\/td>\n<td style=\"width: 59.658%; height: 19.5938px;\">3,000 (1:N)<\/td>\n<\/tr>\n<tr style=\"height: 19.5938px;\">\n<td style=\"text-align: left; width: 37.4269%; height: 19.5938px;\"><strong>Capacit\u00e9 cartes RFID<\/strong><\/td>\n<td style=\"width: 59.658%; height: 19.5938px;\">6,000 (1:N)<\/td>\n<\/tr>\n<tr style=\"height: 19.5938px;\">\n<td style=\"text-align: left; width: 37.4269%; height: 19.5938px;\"><strong>Capacit\u00e9 des transactions<\/strong><\/td>\n<td style=\"width: 59.658%; height: 19.5938px;\">150,000 (1:N)<\/td>\n<\/tr>\n<tr style=\"height: 39.1875px;\">\n<td style=\"text-align: left; width: 37.4269%; height: 39.1875px;\"><strong>Vitesse v\u00e9rification biom\u00e9trique<\/strong><\/td>\n<td style=\"width: 59.658%; height: 39.1875px;\">&lt; 0,5 sec (Empreinte), < 0.35 sec (Visage)<\/td>\n<\/tr>\n<tr style=\"height: 39.1875px;\">\n<td style=\"text-align: left; width: 37.4269%; height: 39.1875px;\"><strong>Distance reconnaissance faciale<\/strong><\/td>\n<td style=\"width: 59.658%; height: 39.1875px;\">30cm &#8211; 200cm<\/td>\n<\/tr>\n<tr style=\"height: 39.1875px;\">\n<td style=\"text-align: left; width: 37.4269%; height: 39.1875px;\"><strong>Taux de fausse acceptation (FAR)<\/strong><\/td>\n<td style=\"width: 59.658%; height: 39.1875px;\">\u2264 0.01% (Visage), \u2264 0.0001% (Empreinte)<\/td>\n<\/tr>\n<tr style=\"height: 19.5938px;\">\n<td style=\"text-align: left; width: 37.4269%; height: 19.5938px;\"><strong>Taux de faux rejet (FRR)<\/strong><\/td>\n<td style=\"width: 59.658%; height: 19.5938px;\">\u2264 0.02% (Visage), \u2264 0.01% (Empreinte)<\/td>\n<\/tr>\n<tr style=\"height: 19.5938px;\">\n<td style=\"text-align: left; width: 37.4269%; height: 19.5938px;\"><strong>Algorithme biom\u00e9trique<\/strong><\/td>\n<td style=\"width: 59.658%; height: 19.5938px;\">ZKFace V4.0, ZKFingerprint V13.0<\/td>\n<\/tr>\n<tr style=\"height: 19.5938px;\">\n<td style=\"text-align: left; width: 37.4269%; height: 19.5938px;\"><strong>Type de carte<\/strong><\/td>\n<td style=\"width: 59.658%; height: 19.5938px;\">ID 125kHz (Standard), IC 13.56MHz (Optionnel)<\/td>\n<\/tr>\n<tr style=\"height: 19.5938px;\">\n<td style=\"text-align: left; width: 37.4269%; height: 19.5938px;\"><strong>Communication<\/strong><\/td>\n<td style=\"width: 59.658%; height: 19.5938px;\">TCP\/IP, Wi-Fi (Optionnel), RS485, Wiegand<\/td>\n<\/tr>\n<tr style=\"height: 19.5938px;\">\n<td style=\"text-align: left; width: 37.4269%; height: 19.5938px;\"><strong>Interfaces<\/strong><\/td>\n<td style=\"width: 59.658%; height: 19.5938px;\">USB Type A, Entr\u00e9es auxiliaires, Serrure \u00e9lectrique<\/td>\n<\/tr>\n<tr style=\"height: 19.5938px;\">\n<td style=\"text-align: left; width: 37.4269%; height: 19.5938px;\"><strong>Alimentation<\/strong><\/td>\n<td style=\"width: 59.658%; height: 19.5938px;\">DC 12V 3A<\/td>\n<\/tr>\n<tr style=\"height: 19.5938px;\">\n<td style=\"text-align: left; width: 37.4269%; height: 19.5938px;\"><strong>Temp\u00e9rature d\u2019utilisation<\/strong><\/td>\n<td style=\"width: 59.658%; height: 19.5938px;\">-5\u00b0C \u00e0 45\u00b0C<\/td>\n<\/tr>\n<tr style=\"height: 19.5938px;\">\n<td style=\"text-align: left; width: 37.4269%; height: 19.5938px;\"><strong>\u00c9tanch\u00e9it\u00e9<\/strong><\/td>\n<td style=\"width: 59.658%; height: 19.5938px;\">IP65 (r\u00e9sistant \u00e0 l\u2019eau et \u00e0 la poussi\u00e8re)<\/td>\n<\/tr>\n<tr style=\"height: 19.5938px;\">\n<td style=\"text-align: left; width: 37.4269%; height: 19.5938px;\"><strong>Dimensions<\/strong><\/td>\n<td style=\"width: 59.658%; height: 19.5938px;\">166 mm x 63 mm x 25 mm<\/td>\n<\/tr>\n<tr style=\"height: 19.5938px;\">\n<td style=\"text-align: left; width: 37.4269%; height: 19.5938px;\"><strong>Poids<\/strong><\/td>\n<td style=\"width: 59.658%; height: 19.5938px;\">0.185 kg<\/td>\n<\/tr>\n<tr style=\"height: 19.5938px;\">\n<td style=\"text-align: left; width: 37.4269%; height: 19.5938px;\"><strong>Logiciels compatibles<\/strong><\/td>\n<td style=\"width: 59.658%; height: 19.5938px;\">ZKBio CVAccess, ZKBioTime, ZKBio Zlink<\/td>\n<\/tr>\n<tr style=\"height: 39.1875px;\">\n<td style=\"text-align: left; width: 37.4269%; height: 39.1875px;\"><strong>Installation<\/strong><\/td>\n<td style=\"width: 59.658%; height: 39.1875px;\">Montage mural (Compatible avec bo\u00eetes murales standards)<\/td>\n<\/tr>\n<tr style=\"height: 19.5938px;\">\n<td style=\"width: 37.4269%; height: 19.5938px; text-align: left;\"><strong>Vendu par<\/strong><\/td>\n<td style=\"width: 59.658%; height: 19.5938px;\">www.binaa.ma<\/td>\n<\/tr>\n<\/tbody>\n<\/table>\n<p>\u00a0<\/p>\n<p data-pm-slice=\"1 3 []\"><span>\ud83d\udd10 <\/span><span><strong>Passez au contr\u00f4le d\u2019acc\u00e8s intelligent avec la SenseFace 3A !<\/strong><\/span><\/p>\n<p data-pm-slice=\"1 1 []\"><em>Dites adieu aux cl\u00e9s, s\u00e9curisez votre acc\u00e8s en un instant !<\/em><\/p>\n<p><span>Fini les cl\u00e9s perdues ! La <\/span><span><strong>SenseFace 3A<\/strong><\/span><span> de <\/span><span><strong>ZKTeco<\/strong><\/span><span> r\u00e9volutionne l\u2019acc\u00e8s s\u00e9curis\u00e9 avec son <\/span><span><strong>authentification biom\u00e9trique rapide et fiable<\/strong><\/span><span>. <\/span><\/p>\n<p><span>Gr\u00e2ce \u00e0 sa\u00a0<\/span><span><strong>technologie avanc\u00e9e de reconnaissance faciale et d\u2019empreinte digitale<\/strong><\/span><span>, elle garantit <\/span><span><strong>une s\u00e9curit\u00e9 maximale et une fluidit\u00e9 d\u2019acc\u00e8s incomparable<\/strong><\/span><span>.<\/span><\/p>\n<p><span>\u26a1\u00a0<\/span><span><strong>Un acc\u00e8s ultra-s\u00e9curis\u00e9 en un clin d\u2019\u0153il !<\/strong><\/span><\/p>\n<p data-pm-slice=\"1 1 []\"><em>Un contr\u00f4le d\u2019acc\u00e8s r\u00e9volutionnaire \u00e0 votre port\u00e9e !<\/em><\/p>\n<ul data-spread=\"false\">\n<li>\n<p><span><strong>\ud83d\udd0d D\u00e9tection biom\u00e9trique de pointe<\/strong><\/span><span> : identification en <\/span><span><strong>moins de 0,35 seconde<\/strong><\/span><span>.<\/span><\/p>\n<\/li>\n<li>\n<p><span><strong>\ud83d\udcf9 Vid\u00e9o interphone haute d\u00e9finition<\/strong><\/span><span> : compatible <\/span><span><strong>SIP 2.0<\/strong><\/span><span> pour des communications fluides.<\/span><\/p>\n<\/li>\n<li>\n<p><span><strong>\ud83d\udd11 Modes d\u2019acc\u00e8s multiples<\/strong><\/span><span> : <\/span><span><strong>empreinte digitale, reconnaissance faciale, carte RFID et mot de passe<\/strong><\/span><span>.<\/span><\/p>\n<\/li>\n<li>\n<p><span><strong>\ud83d\udca7 \u00c9tanch\u00e9it\u00e9 et r\u00e9sistance<\/strong><\/span><span> : <\/span><span><strong>Certifi\u00e9 IP65<\/strong><\/span><span>, parfait pour une installation en ext\u00e9rieur.<\/span><\/p>\n<\/li>\n<li>\n<p><span><strong>\ud83d\udd27 Installation rapide et intuitive<\/strong><\/span><span> : s\u2019int\u00e8gre facilement \u00e0 votre syst\u00e8me de contr\u00f4le d\u2019acc\u00e8s.<\/span><\/p>\n<\/li>\n<\/ul>\n<p><span>\ud83c\udfe2\u00a0<\/span><span><strong>Id\u00e9al pour les entreprises et les b\u00e2timents s\u00e9curis\u00e9s<\/strong><\/span><\/p>\n<p data-pm-slice=\"1 1 []\"><em>S\u00e9curisez vos bureaux et b\u00e2timents en toute s\u00e9r\u00e9nit\u00e9 !<\/em><\/p>\n<p><span>La <\/span><span><strong>SenseFace 3A<\/strong><\/span><span> est le choix parfait pour <\/span><span><strong>les entreprises, immeubles r\u00e9sidentiels et locaux commerciaux<\/strong><\/span><span> souhaitant <\/span><span><strong>s\u00e9curiser efficacement l\u2019acc\u00e8s<\/strong><\/span><span> \u00e0 leurs espaces.<\/span><\/p>\n<p><span>\ud83d\udee0\u00a0<\/span><span><strong>Installation professionnelle &#8211; Tranquillit\u00e9 et performance garantie !<\/strong><\/span><\/p>\n<p data-pm-slice=\"1 1 []\"><em> Installation cl\u00e9 en main pour une tranquillit\u00e9 absolue !<\/em><\/p>\n<p><span>Profitez de notre <\/span><span><strong>service d\u2019installation premium<\/strong><\/span><span>, r\u00e9alis\u00e9 par des experts pour assurer un fonctionnement optimal de votre syst\u00e8me de contr\u00f4le d\u2019acc\u00e8s. Assistance et configuration \u00e0 distance disponibles.<\/span><\/p>\n<p><span>\ud83d\udce6 <\/span><span><strong>Ce que vous recevrez dans votre colis<\/strong><\/span><\/p>\n<p data-pm-slice=\"1 1 []\"><em>Un pack complet avec tous les accessoires n\u00e9cessaires, pr\u00eat \u00e0 \u00eatre install\u00e9 pour une exp\u00e9rience sans souci d\u00e8s la r\u00e9ception.<\/em><\/p>\n<ul data-spread=\"false\">\n<li>\n<p>\ud83d\udccc Terminal SenseFace 3A<\/p>\n<\/li>\n<li>\n<p>\ud83d\udd0c Bloc d\u2019alimentation DC 12V 3A<\/p>\n<\/li>\n<li>\n<p>\ud83d\udd27 Kit de fixation murale<\/p>\n<\/li>\n<li>\n<p>\ud83d\udcb3 Carte RFID (mod\u00e8le compatible)<\/p>\n<\/li>\n<li>\n<p>\ud83d\udcd6 Guide d\u2019installation rapide<\/p>\n<\/li>\n<\/ul>","protected":false},"excerpt":{"rendered":"<p>\u00a0 Marque ZKTeco Mod\u00e8le SenseFace 3A \u00c9cran 2.8\u2033 TFT LED Couleur (240\u00d7320) Cam\u00e9ra WDR Binoculaire 1MP Syst\u00e8me d'exploitation Linux M\u00e9moire<\/p>","protected":false},"featured_media":32300,"comment_status":"open","ping_status":"closed","template":"","meta":[],"product_brand":[],"product_cat":[23],"product_tag":[911,913,1027,918,919,1028,1029,1041,920,921,1032,1033,1042],"class_list":{"0":"post-31957","1":"product","2":"type-product","3":"status-publish","4":"has-post-thumbnail","6":"product_cat-default","7":"product_tag-accessoires-de-domotique","8":"product_tag-appareils-connectes","9":"product_tag-dispositif-dacces-biometrique","10":"product_tag-maison-intelligente","11":"product_tag-outils-pour-la-domotique","12":"product_tag-pointeuse-biometrique","13":"product_tag-pointeuse-biometrique-connectee","14":"product_tag-pointeuse-biometrique-zkteco-senseface-3a","15":"product_tag-smart-home","16":"product_tag-solutions-de-maison-intelligente","17":"product_tag-terminal-de-pointage","18":"product_tag-terminal-de-pointage-connecte-wifi","19":"product_tag-terminal-de-pointage-zkteco-3a","21":"first","22":"instock","23":"sale","24":"shipping-taxable","25":"purchasable","26":"product-type-variable"},"jetpack_sharing_enabled":true,"_links":{"self":[{"href":"https:\/\/e-maestros.ma\/fr\/wp-json\/wp\/v2\/product\/31957","targetHints":{"allow":["GET"]}}],"collection":[{"href":"https:\/\/e-maestros.ma\/fr\/wp-json\/wp\/v2\/product"}],"about":[{"href":"https:\/\/e-maestros.ma\/fr\/wp-json\/wp\/v2\/types\/product"}],"replies":[{"embeddable":true,"href":"https:\/\/e-maestros.ma\/fr\/wp-json\/wp\/v2\/comments?post=31957"}],"version-history":[{"count":0,"href":"https:\/\/e-maestros.ma\/fr\/wp-json\/wp\/v2\/product\/31957\/revisions"}],"wp:featuredmedia":[{"embeddable":true,"href":"https:\/\/e-maestros.ma\/fr\/wp-json\/wp\/v2\/media\/32300"}],"wp:attachment":[{"href":"https:\/\/e-maestros.ma\/fr\/wp-json\/wp\/v2\/media?parent=31957"}],"wp:term":[{"taxonomy":"product_brand","embeddable":true,"href":"https:\/\/e-maestros.ma\/fr\/wp-json\/wp\/v2\/product_brand?post=31957"},{"taxonomy":"product_cat","embeddable":true,"href":"https:\/\/e-maestros.ma\/fr\/wp-json\/wp\/v2\/product_cat?post=31957"},{"taxonomy":"product_tag","embeddable":true,"href":"https:\/\/e-maestros.ma\/fr\/wp-json\/wp\/v2\/product_tag?post=31957"}],"curies":[{"name":"wp","href":"https:\/\/api.w.org\/{rel}","templated":true}]}}