{"id":31959,"date":"2025-11-11T16:53:32","date_gmt":"2025-11-11T16:53:32","guid":{"rendered":"https:\/\/e-maestros.ma\/shop\/uncategorized\/pointeuse-biometrique-zkteco-speedface-m4\/"},"modified":"2025-11-11T16:53:32","modified_gmt":"2025-11-11T16:53:32","slug":"pointeuse-biometrique-zkteco-speedface-m4","status":"publish","type":"product","link":"https:\/\/e-maestros.ma\/fr\/boutique\/par-defaut\/pointeuse-biometrique-zkteco-speedface-m4\/","title":{"rendered":"Pointeuse biom\u00e9trique ZKTeco SpeedFace M4"},"content":{"rendered":"<h3><\/h3>\n<table>\n<tbody>\n<tr>\n<td style=\"text-align: left;\"><strong>Marque<\/strong><\/td>\n<td>ZKTeco<\/td>\n<\/tr>\n<tr>\n<td style=\"text-align: left;\"><strong>Mod\u00e8le<\/strong><\/td>\n<td>SpeedFace M4<\/td>\n<\/tr>\n<tr>\n<td style=\"text-align: left;\"><strong>\u00c9cran<\/strong><\/td>\n<td>Tactile 5 pouces<\/td>\n<\/tr>\n<tr>\n<td style=\"text-align: left;\"><strong>Capacit\u00e9 de visage<\/strong><\/td>\n<td>6 000 mod\u00e8les<\/td>\n<\/tr>\n<tr>\n<td style=\"text-align: left;\"><strong>Capacit\u00e9 de paume<\/strong><\/td>\n<td>3 000 mod\u00e8les<\/td>\n<\/tr>\n<tr>\n<td style=\"text-align: left;\"><strong>Capacit\u00e9 de cartes<\/strong><\/td>\n<td>10 000 cartes<\/td>\n<\/tr>\n<tr>\n<td style=\"text-align: left;\"><strong>Capacit\u00e9 des journaux<\/strong><\/td>\n<td>200 000 transactions<\/td>\n<\/tr>\n<tr>\n<td style=\"text-align: left;\"><strong>Algorithmes biom\u00e9triques<\/strong><\/td>\n<td>ZKFace V5.8 &#038; ZKPalm V12.0<\/td>\n<\/tr>\n<tr>\n<td style=\"text-align: left;\"><strong>Reconnaissance faciale<\/strong><\/td>\n<td>\u2264 0,5 seconde par visage<\/td>\n<\/tr>\n<tr>\n<td style=\"text-align: left;\"><strong>Communication<\/strong><\/td>\n<td>TCP\/IP, Wi-Fi (en option), RS485<\/td>\n<\/tr>\n<tr>\n<td style=\"text-align: left;\"><strong>Indice de protection<\/strong><\/td>\n<td>IP66 (r\u00e9sistance \u00e0 l\u2019eau et \u00e0 la poussi\u00e8re)<\/td>\n<\/tr>\n<tr>\n<td style=\"text-align: left;\"><strong>Temp\u00e9rature de fonctionnement<\/strong><\/td>\n<td>-30\u00b0C \u00e0 60\u00b0C<\/td>\n<\/tr>\n<tr>\n<td style=\"text-align: left;\"><strong>Humidit\u00e9 de fonctionnement<\/strong><\/td>\n<td>10% \u00e0 90%<\/td>\n<\/tr>\n<tr>\n<td style=\"text-align: left;\"><strong>Source d\u2019alimentation<\/strong><\/td>\n<td>DC 12V, Max. 3A<\/td>\n<\/tr>\n<tr>\n<td style=\"text-align: left;\"><strong>Poids<\/strong><\/td>\n<td>0,9 kg<\/td>\n<\/tr>\n<tr>\n<td style=\"text-align: left;\"><strong>Dimensions (L x H x P)<\/strong><\/td>\n<td>103,83 x 212,41 x 50,60 mm<\/td>\n<\/tr>\n<tr>\n<td style=\"text-align: left;\"><strong>Mat\u00e9riel<\/strong><\/td>\n<td>CPU Dual Core 1 GHz, 1 Go RAM, 8 Go Flash<\/td>\n<\/tr>\n<tr>\n<td style=\"text-align: left;\"><strong>Cam\u00e9ra<\/strong><\/td>\n<td>2 MP WDR faible luminosit\u00e9<\/td>\n<\/tr>\n<tr>\n<td style=\"text-align: left;\"><strong>Options de module carte<\/strong><\/td>\n<td>IC, HID, iClass, Felica, Desfire EV1\/EV2, Legic<\/td>\n<\/tr>\n<tr>\n<td style=\"text-align: left;\"><strong>Options de contr\u00f4le d\u2019acc\u00e8s<\/strong><\/td>\n<td>Serrures \u00e9lectriques, capteurs de porte, bouton de sortie, alarme<\/td>\n<\/tr>\n<tr>\n<td style=\"text-align: left;\"><strong>Logiciel pris en charge<\/strong><\/td>\n<td>ZKBio Access IVS<\/td>\n<\/tr>\n<tr>\n<td style=\"text-align: left;\"><strong>Accessoires inclus<\/strong><\/td>\n<td>Adaptateur secteur, kit de montage mural, manuel utilisateur<\/td>\n<\/tr>\n<tr>\n<td style=\"text-align: left;\"><strong>Vendu par<\/strong><\/td>\n<td>www.binaa.ma<\/td>\n<\/tr>\n<\/tbody>\n<\/table>\n<p>\u00a0<\/p>\n<p><meta charset=\"utf-8\"><strong>D\u00e9couvrez l\u2019avenir du contr\u00f4le d\u2019acc\u00e8s<\/strong><\/p>\n<p><meta charset=\"utf-8\"><em>Technologie biom\u00e9trique de pointe pour une s\u00e9curit\u00e9 in\u00e9gal\u00e9e<\/em><\/p>\n<p>Le SpeedFace M4 de ZKTeco red\u00e9finit les standards du contr\u00f4le d\u2019acc\u00e8s au Maroc. \u00c9quip\u00e9 de la reconnaissance faciale \u00e0 lumi\u00e8re visible et de la technologie anti-usurpation avanc\u00e9e, ce terminal offre une s\u00e9curit\u00e9 in\u00e9gal\u00e9e.<\/p>\n<p>Sa polyvalence et sa capacit\u00e9 \u00e0 g\u00e9rer jusqu\u2019\u00e0 6 000 mod\u00e8les de visage, 3 000 mod\u00e8les de paume et 10 000 cartes en font une solution id\u00e9ale pour les entreprises, institutions et propri\u00e9t\u00e9s r\u00e9sidentielles.<\/p>\n<p><meta charset=\"utf-8\"><strong>Votre alli\u00e9 pour une gestion d\u2019acc\u00e8s intelligente<\/strong><\/p>\n<p><meta charset=\"utf-8\"><em>Des solutions adapt\u00e9es aux entreprises, r\u00e9sidences et sites sensibles<\/em><\/p>\n<ul>\n<li>\n<p><strong>Entreprises<\/strong> : G\u00e9rer les acc\u00e8s de vos collaborateurs de mani\u00e8re s\u00e9curis\u00e9e et sans contact.<\/p>\n<\/li>\n<li>\n<p><strong>\u00c9coles et universit\u00e9s<\/strong> : Contr\u00f4lez les entr\u00e9es avec pr\u00e9cision, m\u00eame en cas d\u2019afflux massif.<\/p>\n<\/li>\n<li>\n<p><strong>R\u00e9sidences priv\u00e9es<\/strong> : Prot\u00e9gez votre famille gr\u00e2ce \u00e0 une technologie de pointe.<\/p>\n<\/li>\n<li>\n<p><strong>H\u00f4tels et locations Airbnb<\/strong> : Offrez une exp\u00e9rience haut de gamme avec des acc\u00e8s intelligents et personnalis\u00e9s.<\/p>\n<\/li>\n<li>\n<p><strong>Sites industriels<\/strong> : Assurez la tra\u00e7abilit\u00e9 et la s\u00e9curit\u00e9 sur les lieux sensibles.<\/p>\n<\/li>\n<\/ul>\n<p><meta charset=\"utf-8\"><strong>Installation sur-mesure, tranquillit\u00e9 assur\u00e9e<\/strong><\/p>\n<p><meta charset=\"utf-8\"><em>Un service premium pour une utilisation sans souci d\u00e8s le premier jour<\/em><\/p>\n<p>Optez pour notre service d\u2019installation et de mise en service sur mesure au Maroc. Nos experts vous garantissent une installation rapide et professionnelle, avec une formation personnalis\u00e9e \u00e0 l\u2019utilisation. B\u00e9n\u00e9ficiez \u00e9galement d\u2019un service apr\u00e8s-vente r\u00e9actif et d\u00e9di\u00e9.<\/p>\n<p><meta charset=\"utf-8\"><strong>Des performances qui red\u00e9finissent la s\u00e9curit\u00e9<\/strong><\/p>\n<p><meta charset=\"utf-8\"><em>Vitesse, pr\u00e9cision et fiabilit\u00e9 \u00e0 chaque utilisation<\/em><\/p>\n<ul>\n<li>\n<p><strong>Reconnaissance faciale et paume<\/strong> : Algorithme avanc\u00e9 avec une vitesse de moins de <strong>0,5s<\/strong> par utilisateur.<\/p>\n<\/li>\n<li>\n<p><strong>S\u00e9curit\u00e9 IP66<\/strong> : R\u00e9sistant \u00e0 l\u2019eau et \u00e0 la poussi\u00e8re pour une utilisation en ext\u00e9rieur.<\/p>\n<\/li>\n<li>\n<p><strong>Options de communication<\/strong> : <strong>TCP\/IP<\/strong>, Wi-Fi en option, RS485.<\/p>\n<\/li>\n<li>\n<p><strong>\u00c9cran tactile 5 pouces<\/strong> : Interface intuitive et moderne.<\/p>\n<\/li>\n<li>\n<p><strong>Capacit\u00e9 maximale<\/strong> : 200 000 journaux de transactions.<\/p>\n<\/li>\n<\/ul>\n<p><meta charset=\"utf-8\"><strong>Tout ce dont vous avez besoin, pr\u00eat \u00e0 l\u2019emploi<\/strong><\/p>\n<p><meta charset=\"utf-8\"> <em>Accessoires inclus pour une installation et une configuration rapides<\/em><\/p>\n<ul>\n<li>\n<p>1 x Terminal SpeedFace M4<\/p>\n<\/li>\n<li>\n<p>1 x Adaptateur secteur 12V<\/p>\n<\/li>\n<li>\n<p>1 x Kit de montage mural<\/p>\n<\/li>\n<li>\n<p>1 x Manuel d\u2019utilisation (fran\u00e7ais)<\/p>\n<\/li>\n<li>\n<p>1 x C\u00e2ble de communication<\/p>\n<\/li>\n<\/ul>\n<p>\u00a0<\/p>","protected":false},"excerpt":{"rendered":"<p>Marque ZKTeco Mod\u00e8le SpeedFace M4 \u00c9cran Tactile 5 pouces Capacit\u00e9 de visage 6 000 mod\u00e8les Capacit\u00e9 de paume 3 000<\/p>","protected":false},"featured_media":32301,"comment_status":"open","ping_status":"closed","template":"","meta":[],"product_brand":[],"product_cat":[23],"product_tag":[911,913,1027,918,919,1028,1029,1043,920,921,1032,1033,1044],"class_list":{"0":"post-31959","1":"product","2":"type-product","3":"status-publish","4":"has-post-thumbnail","6":"product_cat-default","7":"product_tag-accessoires-de-domotique","8":"product_tag-appareils-connectes","9":"product_tag-dispositif-dacces-biometrique","10":"product_tag-maison-intelligente","11":"product_tag-outils-pour-la-domotique","12":"product_tag-pointeuse-biometrique","13":"product_tag-pointeuse-biometrique-connectee","14":"product_tag-pointeuse-biometrique-zkteco-speedface-m4","15":"product_tag-smart-home","16":"product_tag-solutions-de-maison-intelligente","17":"product_tag-terminal-de-pointage","18":"product_tag-terminal-de-pointage-connecte-wifi","19":"product_tag-terminal-de-pointage-zkteco-m4","21":"first","22":"instock","23":"sale","24":"shipping-taxable","25":"purchasable","26":"product-type-variable"},"jetpack_sharing_enabled":true,"_links":{"self":[{"href":"https:\/\/e-maestros.ma\/fr\/wp-json\/wp\/v2\/product\/31959","targetHints":{"allow":["GET"]}}],"collection":[{"href":"https:\/\/e-maestros.ma\/fr\/wp-json\/wp\/v2\/product"}],"about":[{"href":"https:\/\/e-maestros.ma\/fr\/wp-json\/wp\/v2\/types\/product"}],"replies":[{"embeddable":true,"href":"https:\/\/e-maestros.ma\/fr\/wp-json\/wp\/v2\/comments?post=31959"}],"version-history":[{"count":0,"href":"https:\/\/e-maestros.ma\/fr\/wp-json\/wp\/v2\/product\/31959\/revisions"}],"wp:featuredmedia":[{"embeddable":true,"href":"https:\/\/e-maestros.ma\/fr\/wp-json\/wp\/v2\/media\/32301"}],"wp:attachment":[{"href":"https:\/\/e-maestros.ma\/fr\/wp-json\/wp\/v2\/media?parent=31959"}],"wp:term":[{"taxonomy":"product_brand","embeddable":true,"href":"https:\/\/e-maestros.ma\/fr\/wp-json\/wp\/v2\/product_brand?post=31959"},{"taxonomy":"product_cat","embeddable":true,"href":"https:\/\/e-maestros.ma\/fr\/wp-json\/wp\/v2\/product_cat?post=31959"},{"taxonomy":"product_tag","embeddable":true,"href":"https:\/\/e-maestros.ma\/fr\/wp-json\/wp\/v2\/product_tag?post=31959"}],"curies":[{"name":"wp","href":"https:\/\/api.w.org\/{rel}","templated":true}]}}