{"id":31981,"date":"2025-11-11T16:53:37","date_gmt":"2025-11-11T16:53:37","guid":{"rendered":"https:\/\/e-maestros.ma\/shop\/uncategorized\/relais-intelligent-lumiere-shelly-1l-wi-fi\/"},"modified":"2025-11-11T16:53:38","modified_gmt":"2025-11-11T16:53:38","slug":"relais-intelligent-lumiere-shelly-1l-wi-fi","status":"publish","type":"product","link":"https:\/\/e-maestros.ma\/fr\/boutique\/par-defaut\/relais-intelligent-lumiere-shelly-1l-wi-fi\/","title":{"rendered":"Relais intelligent lumi\u00e8re Shelly 1L Wi-Fi"},"content":{"rendered":"<p class=\"p1\">\u00a0<\/p>\n<table>\n<tbody>\n<tr>\n<td>Marque<\/td>\n<td>Shelly<\/td>\n<\/tr>\n<tr>\n<td>Mod\u00e8le<\/td>\n<td>Shelly 1L<\/td>\n<\/tr>\n<tr>\n<td>Type<\/td>\n<td>Interrupteur contr\u00f4leur de lumi\u00e8re connect\u00e9e<\/td>\n<\/tr>\n<tr>\n<td>Connexion<\/td>\n<td>Wi-Fi<\/td>\n<\/tr>\n<tr>\n<td>Compatibilit\u00e9<\/td>\n<td>Alexa, Google Home et Siri<\/td>\n<\/tr>\n<tr>\n<td>Tension<\/td>\n<td>AC 100-240V, 50\/60Hz<\/td>\n<\/tr>\n<tr>\n<td>Charge maximale<\/td>\n<td>16A \/ 3500W<\/td>\n<\/tr>\n<tr>\n<td>Temp\u00e9rature de fonctionnement<\/td>\n<td>-10\u00b0C \u00e0 +50\u00b0C<\/td>\n<\/tr>\n<tr>\n<td>Humidit\u00e9 de fonctionnement<\/td>\n<td>5% \u00e0 90% sans condensation<\/td>\n<\/tr>\n<tr>\n<td>Dimensions<\/td>\n<td>41mm x 36mm x 17mm<\/td>\n<\/tr>\n<tr>\n<td>Poids<\/td>\n<td>24g<\/td>\n<\/tr>\n<tr>\n<td>Certifications<\/td>\n<td>CE, RoHS, FCC<\/td>\n<\/tr>\n<tr>\n<td style=\"text-align: left;\">Vendu par<\/td>\n<td>www.binaa.ma<\/td>\n<\/tr>\n<\/tbody>\n<\/table>\n<p class=\"p1\">\u00a0<\/p>\n<p class=\"p1\">Transformez votre maison en une maison intelligente avec l&#8217;interrupteur contr\u00f4leur de lumi\u00e8re connect\u00e9 Shelly 1L\u00a0<meta charset=\"utf-8\">Wi-Fi . Ce relais intelligent fonctionne en Wi-Fi et ne n\u00e9cessite aucun fil neutre, ce qui le rend adapt\u00e9 \u00e0 toutes les installations \u00e9lectriques. Il est facile \u00e0 installer et vous donne un contr\u00f4le total sur l&#8217;\u00e9clairage de votre maison, contribuant \u00e0 am\u00e9liorer son efficacit\u00e9.<\/p>\n<p>Avec Shelly 1L, vous pouvez contr\u00f4ler vos lumi\u00e8res ou tout autre appareil uniquement par fil en direct. Il n&#8217;est pas n\u00e9cessaire de changer le c\u00e2blage ni d&#8217;installer de nouveaux c\u00e2bles, vous pouvez simplement le placer derri\u00e8re un interrupteur mural existant. Il prend en charge une large gamme d&#8217;appareils, et vous pouvez d\u00e9finir des horaires personnalis\u00e9s en fonction de votre agenda quotidien ou suivre le lever\/coucher du soleil pour contr\u00f4ler votre \u00e9clairage en cons\u00e9quence.<\/p>\n<p>Connectez Shelly 1L \u00e0 votre r\u00e9seau Wi-Fi sans n\u00e9cessiter de HUB et utilisez l&#8217;application Shelly pour un contr\u00f4le facile, ou utilisez des protocoles et plates-formes diverses, ainsi que des assistants vocaux pour un contr\u00f4le vocal. Il poss\u00e8de \u00e9galement un capteur de temp\u00e9rature interne pour la protection contre la surchauffe, et un serveur Web int\u00e9gr\u00e9.<\/p>\n<p>N&#8217;attendez plus, commandez d\u00e8s maintenant votre Shelly 1L pour profiter de toutes ses fonctionnalit\u00e9s et de la possibilit\u00e9 de cr\u00e9er des sc\u00e8nes personnalis\u00e9es en combinant Shelly 1L avec vos autres appareils Shelly!<\/p>\n<p>Voici quelques exemples d&#8217;utilisation de l&#8217;Interrupteur contr\u00f4leur de lumi\u00e8re connect\u00e9 Shelly 1L <meta charset=\"utf-8\">Wi-Fi:<\/p>\n<ol>\n<li>\n<p>Contr\u00f4lez l&#8217;\u00e9clairage de votre maison \u00e0 distance depuis votre t\u00e9l\u00e9phone ou votre tablette en utilisant l&#8217;application Shelly. Vous pouvez allumer ou \u00e9teindre vos lumi\u00e8res, r\u00e9gler la luminosit\u00e9 et cr\u00e9er des sc\u00e8nes personnalis\u00e9es.<\/p>\n<\/li>\n<li>\n<p>Utilisez des horaires intelligents pour allumer ou \u00e9teindre vos lumi\u00e8res automatiquement en fonction de votre emploi du temps ou de l&#8217;heure du lever\/coucher du soleil.<\/p>\n<\/li>\n<li>\n<p>Contr\u00f4lez vos lumi\u00e8res \u00e0 l&#8217;aide de commandes vocales en connectant l&#8217;interrupteur \u00e0 des assistants vocaux tels que Amazon Alexa ou Google Assistant.<\/p>\n<\/li>\n<li>\n<p>Utilisez le capteur de temp\u00e9rature interne pour prot\u00e9ger vos lumi\u00e8res contre la surchauffe et prolonger leur dur\u00e9e de vie.<\/p>\n<\/li>\n<li>\n<p>Connectez l&#8217;interrupteur \u00e0 d&#8217;autres appareils Shelly pour cr\u00e9er des sc\u00e8nes personnalis\u00e9es et automatiser d&#8217;autres aspects de votre maison intelligente.<\/p>\n<\/li>\n<\/ol>\n<p class=\"p1\">Voici les points forts et caract\u00e9ristiques cl\u00e9s de l&#8217;interrupteur contr\u00f4leur de lumi\u00e8re connect\u00e9e Shelly 1L Wi-Fi [SHELLY]:<\/p>\n<ul>\n<li>Fonctionne en Wi-Fi, pas besoin de fil neutre, adapt\u00e9 \u00e0 toutes les installations \u00e9lectriques.<\/li>\n<li>Facile \u00e0 installer en moins de 10 minutes.<\/li>\n<li>Contr\u00f4le total sur l&#8217;\u00e9clairage de votre maison.<\/li>\n<li>Contr\u00f4le des lumi\u00e8res ou tout autre appareil uniquement par fil en direct, aucun changement de c\u00e2blage ni installation de nouveaux c\u00e2bles n\u00e9cessaires.<\/li>\n<li>Prend en charge une large gamme d&#8217;appareils.<\/li>\n<li>Horaires intelligents et sc\u00e8nes personnalis\u00e9es disponibles.<\/li>\n<li>Contr\u00f4le facile via l&#8217;application Shelly, divers protocoles et plates-formes, ainsi que des assistants vocaux.<\/li>\n<li>Capteur de temp\u00e9rature interne pour la protection contre la surchauffe.<\/li>\n<li>Serveur Web int\u00e9gr\u00e9 et se connecte \u00e0 votre r\u00e9seau Wi-Fi.<\/li>\n<\/ul>\n<p class=\"p1\">Voici le contenu de l&#8217;emballage de l&#8217;interrupteur contr\u00f4leur de lumi\u00e8re connect\u00e9e Shelly 1L Wi-Fi [SHELLY]:<\/p>\n<ul>\n<li>\n<p class=\"p1\">1 x Contr\u00f4leur de charge Shelly\u00a01L<\/p>\n<\/li>\n<li>\n<p class=\"p1\">1 x C\u00e2ble d&#8217;alimentation<\/p>\n<\/li>\n<li>\n<p class=\"p1\">1 x Instructions de montage et d&#8217;utilisation<\/p>\n<\/li>\n<\/ul>\n","protected":false},"excerpt":{"rendered":"<p>\u00a0 Marque Shelly Mod\u00e8le Shelly 1L Type Interrupteur contr\u00f4leur de lumi\u00e8re connect\u00e9e Connexion Wi-Fi Compatibilit\u00e9 Alexa, Google Home et Siri<\/p>","protected":false},"featured_media":32312,"comment_status":"open","ping_status":"closed","template":"","meta":[],"product_brand":[],"product_cat":[23],"product_tag":[911,913,1047,1048,918,1049,919,1050,920,921],"class_list":{"0":"post-31981","1":"product","2":"type-product","3":"status-publish","4":"has-post-thumbnail","6":"product_cat-default","7":"product_tag-accessoires-de-domotique","8":"product_tag-appareils-connectes","9":"product_tag-controleurs-a-distance","10":"product_tag-interrupteurs-wi-fi","11":"product_tag-maison-intelligente","12":"product_tag-modules-de-relais-intelligents","13":"product_tag-outils-pour-la-domotique","14":"product_tag-shelly-1l","15":"product_tag-smart-home","16":"product_tag-solutions-de-maison-intelligente","18":"first","19":"instock","20":"sale","21":"shipping-taxable","22":"purchasable","23":"product-type-variable"},"jetpack_sharing_enabled":true,"_links":{"self":[{"href":"https:\/\/e-maestros.ma\/fr\/wp-json\/wp\/v2\/product\/31981","targetHints":{"allow":["GET"]}}],"collection":[{"href":"https:\/\/e-maestros.ma\/fr\/wp-json\/wp\/v2\/product"}],"about":[{"href":"https:\/\/e-maestros.ma\/fr\/wp-json\/wp\/v2\/types\/product"}],"replies":[{"embeddable":true,"href":"https:\/\/e-maestros.ma\/fr\/wp-json\/wp\/v2\/comments?post=31981"}],"version-history":[{"count":0,"href":"https:\/\/e-maestros.ma\/fr\/wp-json\/wp\/v2\/product\/31981\/revisions"}],"wp:featuredmedia":[{"embeddable":true,"href":"https:\/\/e-maestros.ma\/fr\/wp-json\/wp\/v2\/media\/32312"}],"wp:attachment":[{"href":"https:\/\/e-maestros.ma\/fr\/wp-json\/wp\/v2\/media?parent=31981"}],"wp:term":[{"taxonomy":"product_brand","embeddable":true,"href":"https:\/\/e-maestros.ma\/fr\/wp-json\/wp\/v2\/product_brand?post=31981"},{"taxonomy":"product_cat","embeddable":true,"href":"https:\/\/e-maestros.ma\/fr\/wp-json\/wp\/v2\/product_cat?post=31981"},{"taxonomy":"product_tag","embeddable":true,"href":"https:\/\/e-maestros.ma\/fr\/wp-json\/wp\/v2\/product_tag?post=31981"}],"curies":[{"name":"wp","href":"https:\/\/api.w.org\/{rel}","templated":true}]}}