{"id":31983,"date":"2025-11-11T16:53:37","date_gmt":"2025-11-11T16:53:37","guid":{"rendered":"https:\/\/e-maestros.ma\/shop\/uncategorized\/relais-intelligent-lumiere-shelly-1pm-wifi\/"},"modified":"2025-11-11T16:53:38","modified_gmt":"2025-11-11T16:53:38","slug":"relais-intelligent-lumiere-shelly-1pm-wifi","status":"publish","type":"product","link":"https:\/\/e-maestros.ma\/fr\/boutique\/par-defaut\/relais-intelligent-lumiere-shelly-1pm-wifi\/","title":{"rendered":"Relais intelligent lumi\u00e8re Shelly 1PM Wifi"},"content":{"rendered":"<p class=\"p1\">\u00a0<\/p>\n<table>\n<tbody>\n<tr>\n<td>Marque<\/td>\n<td>SHELLY<\/td>\n<\/tr>\n<tr>\n<td>Mod\u00e8le<\/td>\n<td>1PM<\/td>\n<\/tr>\n<tr>\n<td>Couleur<\/td>\n<td>Rouge<\/td>\n<\/tr>\n<tr>\n<td>Compatibilit\u00e9<\/td>\n<td>Android, iOS, Amazon Alexa et Google Assistant<\/td>\n<\/tr>\n<tr>\n<td>Alimentation<\/td>\n<td>AC 110-230V<\/td>\n<\/tr>\n<tr>\n<td>Consommation d&#8217;\u00e9nergie maximale<\/td>\n<td>3,5 kW<\/td>\n<\/tr>\n<tr>\n<td>Connexion sans fil<\/td>\n<td>Wi-Fi<\/td>\n<\/tr>\n<tr>\n<td>Installation<\/td>\n<td>Dans les bo\u00eetiers 503 classiques<\/td>\n<\/tr>\n<tr>\n<td>Composants inclus<\/td>\n<td>Shelly 1PM<\/td>\n<\/tr>\n<tr>\n<td>Batteries incluses?<\/td>\n<td>Non<\/td>\n<\/tr>\n<tr>\n<td>Piles requises ?<\/td>\n<td>Non<\/td>\n<\/tr>\n<tr>\n<td>Protection<\/td>\n<td>Contre les surcharges et les hautes temp\u00e9ratures<\/td>\n<\/tr>\n<tr>\n<td>Fonctionnalit\u00e9s<\/td>\n<td>Contr\u00f4le \u00e0 distance, horaires de lever \/ coucher du soleil, horaires hebdomadaires, mesure de puissance, historique de consommation<\/td>\n<\/tr>\n<tr>\n<td>Compatibilit\u00e9 domotique<\/td>\n<td>Compatible avec les syst\u00e8mes d&#8217;automatisation<\/td>\n<\/tr>\n<tr>\n<td>\n<meta charset=\"utf-8\">Dimensions<\/td>\n<td>\n<meta charset=\"utf-8\">1,7 x 3,6 x 4,1 cm<\/td>\n<\/tr>\n<tr>\n<td>\n<meta charset=\"utf-8\">Poids<\/td>\n<td>\n<meta charset=\"utf-8\">80 g<\/td>\n<\/tr>\n<tr>\n<td>Vendu par<\/td>\n<td>www.binaa.ma<\/td>\n<\/tr>\n<\/tbody>\n<\/table>\n<p class=\"p1\">\u00a0<\/p>\n<p class=\"p1\"><span>Contr\u00f4lez tout appareil \u00e9lectrique et mesurez sa consommation avec l&#8217;interrupteur contr\u00f4leur de lumi\u00e8re connect\u00e9 Shelly 1PM Wi-Fi compatible avec Alexa, Google Home et Siri.\u00a0<\/span><\/p>\n<p class=\"p1\"><span>Ce relais Wi-Fi dispose d&#8217;un wattm\u00e8tre pour la surveillance pr\u00e9cise de la consommation \u00e9lectrique et d&#8217;une protection contre les surcharges et les temp\u00e9ratures \u00e9lev\u00e9es. <\/span><\/p>\n<p class=\"p1\"><span>Il est compatible avec Android, iOS, Amazon Alexa et Google Assistant et peut \u00eatre g\u00e9r\u00e9 via un t\u00e9l\u00e9phone portable, un ordinateur, un syst\u00e8me d&#8217;automatisation ou tout autre appareil. La petite taille du Shelly 1PM permet une installation facile dans les bo\u00eetiers 503 classiques. <\/span><\/p>\n<p class=\"p1\"><span>Contr\u00f4lez des lumi\u00e8res, des lignes \u00e9lectriques, des syst\u00e8mes de s\u00e9curit\u00e9, des radiateurs et des climatiseurs de n&#8217;importe o\u00f9 avec ce commutateur de relais Wi-Fi.<\/span><\/p>\n<p>N&#8217;attendez plus, commandez d\u00e8s maintenant votre Shelly 1PM pour profiter de toutes ses fonctionnalit\u00e9s et de la possibilit\u00e9 de cr\u00e9er des sc\u00e8nes personnalis\u00e9es en combinant Shelly 1PM avec vos autres appareils Shelly!<\/p>\n<p>Voici quelques exemples d&#8217;utilisation de l&#8217;Interrupteur contr\u00f4leur de lumi\u00e8re connect\u00e9 Shelly 1PM\u00a0<meta charset=\"utf-8\">Wi-Fi:<\/p>\n<ol>\n<li>\n<p>Contr\u00f4le des lumi\u00e8res: Vous pouvez utiliser le Shelly 1PM pour contr\u00f4ler les lumi\u00e8res de votre maison \u00e0 distance \u00e0 partir de votre t\u00e9l\u00e9phone portable ou de votre ordinateur. Vous pouvez \u00e9galement utiliser des commandes vocales via Amazon Alexa ou Google Assistant pour allumer ou \u00e9teindre les lumi\u00e8res de votre maison.<\/p>\n<\/li>\n<li>\n<p>Surveillance de la consommation \u00e9lectrique: Le wattm\u00e8tre int\u00e9gr\u00e9 du Shelly 1PM vous permet de surveiller la consommation \u00e9lectrique de tout appareil \u00e9lectrique connect\u00e9 \u00e0 l&#8217;interrupteur. Vous pouvez ainsi optimiser votre consommation d&#8217;\u00e9nergie en identifiant les appareils qui consomment le plus d&#8217;\u00e9lectricit\u00e9.<\/p>\n<\/li>\n<li>\n<p>Contr\u00f4le des appareils \u00e9lectriques: En plus des lumi\u00e8res, vous pouvez utiliser le Shelly 1PM pour contr\u00f4ler d&#8217;autres appareils \u00e9lectriques tels que des syst\u00e8mes de s\u00e9curit\u00e9, des radiateurs, des climatiseurs, des ventilateurs, des pompes, etc.<\/p>\n<\/li>\n<li>\n<p>Protection contre les surcharges et les temp\u00e9ratures \u00e9lev\u00e9es: Le Shelly 1PM est \u00e9quip\u00e9 d&#8217;une protection contre les surcharges et les temp\u00e9ratures \u00e9lev\u00e9es, ce qui assure la s\u00e9curit\u00e9 de vos appareils \u00e9lectriques et \u00e9vite les risques d&#8217;incendie.<\/p>\n<\/li>\n<li>\n<p>Cr\u00e9ation de sc\u00e8nes personnalis\u00e9es: En combinant le Shelly 1PM avec d&#8217;autres appareils Shelly, vous pouvez cr\u00e9er des sc\u00e8nes personnalis\u00e9es pour automatiser certaines t\u00e2ches de votre maison. Par exemple, vous pouvez cr\u00e9er une sc\u00e8ne qui \u00e9teint toutes les lumi\u00e8res de votre maison et ferme les volets en m\u00eame temps.<\/p>\n<\/li>\n<\/ol>\n<p class=\"p1\">Voici les points forts et caract\u00e9ristiques cl\u00e9s de l&#8217;interrupteur contr\u00f4leur de lumi\u00e8re connect\u00e9e Shelly 1PM Wi-Fi [SHELLY]:<\/p>\n<ul>\n<li>Contr\u00f4le de tous les appareils \u00e9lectriques: Vous pouvez contr\u00f4ler \u00e0 distance tous les appareils \u00e9lectriques de votre maison.<\/li>\n<li>Mesure de la consommation: Vous pouvez surveiller la consommation \u00e9lectrique de vos appareils en temps r\u00e9el, ainsi que leur historique pour la journ\u00e9e, la semaine, le mois ou l&#8217;ann\u00e9e.<\/li>\n<li>Sans fil: Pas besoin de hub pour connecter le Shelly 1PM \u00e0 votre r\u00e9seau Wi-Fi.<\/li>\n<li>Contr\u00f4le \u00e0 distance: Vous pouvez contr\u00f4ler l&#8217;\u00e9clairage de votre maison de n&#8217;importe o\u00f9.<\/li>\n<li>Horaires de lever\/coucher du soleil: Le Shelly 1PM suit automatiquement les heures de lever et de coucher du soleil pour activer ou d\u00e9sactiver les appareils.<\/li>\n<li>Hautement compatible: Compatible avec Android, iOS, Amazon Alexa et Google Assistant.<\/li>\n<li>Horaires hebdomadaires: Vous pouvez cr\u00e9er des horaires personnalis\u00e9s pour vos appareils.<\/li>\n<li>Protection contre la surchauffe: Le Shelly 1PM dispose d&#8217;un capteur de temp\u00e9rature interne pour \u00e9viter la surchauffe.<\/li>\n<li>Mesure de puissance: Surveillance pr\u00e9cise de la consommation \u00e9lectrique de vos appareils.<\/li>\n<li>Large gamme de support de tension: Le Shelly 1PM peut \u00eatre utilis\u00e9 pour contr\u00f4ler une large gamme d&#8217;appareils et d&#8217;\u00e9quipements \u00e9lectriques.<\/li>\n<li>Serveur Web int\u00e9gr\u00e9: Le Shelly 1PM dispose d&#8217;un serveur Web int\u00e9gr\u00e9 pour une configuration facile.<\/li>\n<li>Petite taille: Le Shelly 1PM a une taille miniaturis\u00e9e pour une installation facile dans n&#8217;importe quelle bo\u00eete d&#8217;encastrement ou interrupteur.<\/li>\n<li>Fonctionnement autonome: Le Shelly 1PM peut fonctionner comme un appareil autonome, comme un accessoire d&#8217;un contr\u00f4leur domotique, ou il peut \u00eatre utilis\u00e9 comme composant d&#8217;un autre syst\u00e8me d&#8217;automatisation.<\/li>\n<\/ul>\n<p class=\"p1\">Voici le contenu de l&#8217;emballage de l&#8217;interrupteur contr\u00f4leur de lumi\u00e8re connect\u00e9e Shelly 1PM Wi-Fi [SHELLY]:<\/p>\n<ul>\n<li>\n<p class=\"p1\">1 x Contr\u00f4leur de charge Shelly\u00a01PM<\/p>\n<\/li>\n<li>\n<p class=\"p1\">1 x C\u00e2ble d&#8217;alimentation<\/p>\n<\/li>\n<li>\n<p class=\"p1\">1 x Instructions de montage et d&#8217;utilisation<\/p>\n<\/li>\n<\/ul>\n","protected":false},"excerpt":{"rendered":"<p>\u00a0 Marque SHELLY Mod\u00e8le 1PM Couleur Rouge Compatibilit\u00e9 Android, iOS, Amazon Alexa et Google Assistant Alimentation AC 110-230V Consommation d'\u00e9nergie<\/p>","protected":false},"featured_media":32313,"comment_status":"open","ping_status":"closed","template":"","meta":[],"product_brand":[],"product_cat":[23],"product_tag":[911,913,1047,1048,918,1049,919,1051,920,921],"class_list":{"0":"post-31983","1":"product","2":"type-product","3":"status-publish","4":"has-post-thumbnail","6":"product_cat-default","7":"product_tag-accessoires-de-domotique","8":"product_tag-appareils-connectes","9":"product_tag-controleurs-a-distance","10":"product_tag-interrupteurs-wi-fi","11":"product_tag-maison-intelligente","12":"product_tag-modules-de-relais-intelligents","13":"product_tag-outils-pour-la-domotique","14":"product_tag-shelly-1pm","15":"product_tag-smart-home","16":"product_tag-solutions-de-maison-intelligente","18":"first","19":"instock","20":"sale","21":"shipping-taxable","22":"purchasable","23":"product-type-variable"},"jetpack_sharing_enabled":true,"_links":{"self":[{"href":"https:\/\/e-maestros.ma\/fr\/wp-json\/wp\/v2\/product\/31983","targetHints":{"allow":["GET"]}}],"collection":[{"href":"https:\/\/e-maestros.ma\/fr\/wp-json\/wp\/v2\/product"}],"about":[{"href":"https:\/\/e-maestros.ma\/fr\/wp-json\/wp\/v2\/types\/product"}],"replies":[{"embeddable":true,"href":"https:\/\/e-maestros.ma\/fr\/wp-json\/wp\/v2\/comments?post=31983"}],"version-history":[{"count":0,"href":"https:\/\/e-maestros.ma\/fr\/wp-json\/wp\/v2\/product\/31983\/revisions"}],"wp:featuredmedia":[{"embeddable":true,"href":"https:\/\/e-maestros.ma\/fr\/wp-json\/wp\/v2\/media\/32313"}],"wp:attachment":[{"href":"https:\/\/e-maestros.ma\/fr\/wp-json\/wp\/v2\/media?parent=31983"}],"wp:term":[{"taxonomy":"product_brand","embeddable":true,"href":"https:\/\/e-maestros.ma\/fr\/wp-json\/wp\/v2\/product_brand?post=31983"},{"taxonomy":"product_cat","embeddable":true,"href":"https:\/\/e-maestros.ma\/fr\/wp-json\/wp\/v2\/product_cat?post=31983"},{"taxonomy":"product_tag","embeddable":true,"href":"https:\/\/e-maestros.ma\/fr\/wp-json\/wp\/v2\/product_tag?post=31983"}],"curies":[{"name":"wp","href":"https:\/\/api.w.org\/{rel}","templated":true}]}}