{"id":31985,"date":"2025-11-11T16:53:37","date_gmt":"2025-11-11T16:53:37","guid":{"rendered":"https:\/\/e-maestros.ma\/shop\/uncategorized\/relais-intelligent-lumiere-sonoff-diy-mini-r2-wifi\/"},"modified":"2025-11-11T16:53:38","modified_gmt":"2025-11-11T16:53:38","slug":"relais-intelligent-lumiere-sonoff-diy-mini-r2-wifi","status":"publish","type":"product","link":"https:\/\/e-maestros.ma\/fr\/boutique\/par-defaut\/relais-intelligent-lumiere-sonoff-diy-mini-r2-wifi\/","title":{"rendered":"Relais intelligent lumi\u00e8re Sonoff DIY MINI R2 Wifi"},"content":{"rendered":"<p>\u00a0<\/p>\n<p class=\"p1\">\u00a0<\/p>\n<table>\n<tbody>\n<tr>\n<td>Marque<\/td>\n<td>SONOFF<\/td>\n<\/tr>\n<tr>\n<td>Mod\u00e8le<\/td>\n<td>DIY MINI R2<\/td>\n<\/tr>\n<tr>\n<td>Tension d&#8217;entr\u00e9e<\/td>\n<td>AC 100-240V 50\/60Hz<\/td>\n<\/tr>\n<tr>\n<td>Courant maximum<\/td>\n<td>10A<\/td>\n<\/tr>\n<tr>\n<td>Puissance maximale<\/td>\n<td>2200W<\/td>\n<\/tr>\n<tr>\n<td>Connectivit\u00e9<\/td>\n<td>Wi-Fi 2,4 GHz 802.11 b\/g\/n<\/td>\n<\/tr>\n<tr>\n<td>Compatibilit\u00e9<\/td>\n<td>Alexa, Google Home, Siri<\/td>\n<\/tr>\n<tr>\n<td>Application mobile<\/td>\n<td>eWeLink (iOS et Android)<\/td>\n<\/tr>\n<tr>\n<td>Configuration<\/td>\n<td>Compatible avec le mode de configuration rapide SmartConfig, l&#8217;auto-apprentissage Wi-Fi et le mode AP<\/td>\n<\/tr>\n<tr>\n<td>Fonctionnalit\u00e9s<\/td>\n<td>Contr\u00f4le de la lumi\u00e8re \u00e0 distance, minuterie, planification, mode de partage de contr\u00f4le, contr\u00f4le vocal<\/td>\n<\/tr>\n<tr>\n<td>Dimensions<\/td>\n<td>42,6 mm x 42,6 mm x 20 mm<\/td>\n<\/tr>\n<tr>\n<td>Poids<\/td>\n<td>28 g<\/td>\n<\/tr>\n<tr>\n<td>Certifications<\/td>\n<td>CE, RoHS, FCC<\/td>\n<\/tr>\n<tr>\n<td style=\"text-align: left;\">Vendu par<\/td>\n<td>www.binaa.ma<\/td>\n<\/tr>\n<\/tbody>\n<\/table>\n<p>\u00a0<\/p>\n<p>Le Sonoff MINI R2 est l&#8217;interrupteur connect\u00e9 Wi-Fi parfait pour contr\u00f4ler l&#8217;\u00e9clairage de votre maison \u00e0 distance. Gr\u00e2ce \u00e0 sa compatibilit\u00e9 avec Alexa, Google Home et Siri, vous pouvez allumer et \u00e9teindre vos lumi\u00e8res, lampes mobiles et tous les appareils \u00e9lectriques fonctionnant sur 230V en un seul clic. Le module est si petit que vous pouvez facilement le cacher derri\u00e8re un interrupteur ou une prise existante pour un contr\u00f4le encore plus pratique.<\/p>\n<p>Vous pouvez \u00e9galement planifier l&#8217;allumage et l&#8217;extinction de vos appareils et lumi\u00e8res pour des heures pr\u00e9cises, vous \u00e9vitant ainsi d&#8217;oublier d&#8217;\u00e9teindre une lampe ou un appareil, ce qui vous permettra de consommer imm\u00e9diatement moins d&#8217;\u00e9nergie. Le Sonoff MINI R2 prend \u00e9galement en charge un mode DIY pour les d\u00e9veloppeurs, vous permettant d&#8217;int\u00e9grer le module dans votre propre syst\u00e8me de contr\u00f4le de la maison intelligente.<\/p>\n<ol><\/ol>\n<p><meta charset=\"utf-8\"><span>Essayez d\u00e8s maintenant le Sonoff MINI R2 pour un contr\u00f4le de l&#8217;\u00e9clairage encore plus pratique et \u00e9conomique. Avec la possibilit\u00e9 de contr\u00f4ler vos appareils \u00e0 distance avec Alexa, Google Home et Siri, la possibilit\u00e9 de planifier l&#8217;allumage et l&#8217;extinction de vos appareils, et la compatibilit\u00e9 avec les syst\u00e8mes de contr\u00f4le de la maison intelligente, vous ne serez pas d\u00e9\u00e7u. Commandez maintenant et profitez de la livraison rapide et de tous ces avantages!<\/span><\/p>\n<p>Voici quelques exemples d&#8217;utilisation du produit Sonoff MINI R2:<\/p>\n<ol>\n<li>Allumer et \u00e9teindre \u00e0 distance l&#8217;\u00e9clairage de votre maison en utilisant Alexa, Google Home ou Siri.<\/li>\n<li>Planifier l&#8217;allumage et l&#8217;extinction automatique des lumi\u00e8res et des appareils \u00e9lectriques pour \u00e9conomiser de l&#8217;\u00e9nergie.<\/li>\n<li>Int\u00e9grer le module dans un syst\u00e8me de contr\u00f4le de la maison intelligente pour un contr\u00f4le encore plus pratique.<\/li>\n<li>Utiliser le mode DIY pour les d\u00e9veloppeurs pour int\u00e9grer le module dans leur propre syst\u00e8me de contr\u00f4le de la maison intelligente.<\/li>\n<li>Cacher le module derri\u00e8re un interrupteur ou une prise existante pour un contr\u00f4le encore plus discret.<\/li>\n<\/ol>\n<p class=\"p1\">Voici les points forts et caract\u00e9ristiques cl\u00e9s de l&#8217;interrupteur contr\u00f4leur de lumi\u00e8re connect\u00e9e Sonoff DIY MINI R2 Wi-Fi [SONOFF]:<\/p>\n<ul>\n<li>Contr\u00f4le de l&#8217;\u00e9clairage \u00e0 distance avec Alexa, Google Home et Siri.<\/li>\n<li>Possibilit\u00e9 de planifier l&#8217;allumage et l&#8217;extinction des appareils \u00e0 des heures pr\u00e9cises.<\/li>\n<li>Compatibilit\u00e9 avec les syst\u00e8mes de contr\u00f4le de la maison intelligente pour une int\u00e9gration encore plus pratique.<\/li>\n<li>Petit et facile \u00e0 cacher derri\u00e8re un interrupteur ou une prise existante pour un contr\u00f4le encore plus discret.<\/li>\n<li>Possibilit\u00e9 d&#8217;utiliser le mode DIY pour les d\u00e9veloppeurs pour int\u00e9grer le module dans leur propre syst\u00e8me de contr\u00f4le de la maison intelligente.<\/li>\n<li>Possibilit\u00e9 de consommer moins d&#8217;\u00e9nergie en \u00e9vitant d&#8217;oublier d&#8217;\u00e9teindre les appareils.<\/li>\n<li>Livraison rapide pour une utilisation imm\u00e9diate.<\/li>\n<\/ul>\n<p class=\"p1\">Voici le contenu de l&#8217;emballage de l&#8217;interrupteur contr\u00f4leur de lumi\u00e8re connect\u00e9e Sonoff DIY MINI R2 Wi-Fi [SONOFF]:<\/p>\n<ul>\n<li style=\"font-weight: 400;\">\n<p class=\"p1\">1 x <meta charset=\"utf-8\"><span>Contr\u00f4leur\u00a0<\/span>Sonoff MINI R2<\/p>\n<\/li>\n<li style=\"font-weight: 400;\">\n<p class=\"p1\">1 x Instructions d&#8217;installation<\/p>\n<\/li>\n<li style=\"font-weight: 400;\">\n<p class=\"p1\">1 x Pack de vis pour l&#8217;installation<\/p>\n<\/li>\n<\/ul>\n","protected":false},"excerpt":{"rendered":"<p>\u00a0 \u00a0 Marque SONOFF Mod\u00e8le DIY MINI R2 Tension d'entr\u00e9e AC 100-240V 50\/60Hz Courant maximum 10A Puissance maximale 2200W Connectivit\u00e9<\/p>","protected":false},"featured_media":32314,"comment_status":"open","ping_status":"closed","template":"","meta":[],"product_brand":[],"product_cat":[23],"product_tag":[911,913,1047,1048,918,1049,919,920,921,1052],"class_list":{"0":"post-31985","1":"product","2":"type-product","3":"status-publish","4":"has-post-thumbnail","6":"product_cat-default","7":"product_tag-accessoires-de-domotique","8":"product_tag-appareils-connectes","9":"product_tag-controleurs-a-distance","10":"product_tag-interrupteurs-wi-fi","11":"product_tag-maison-intelligente","12":"product_tag-modules-de-relais-intelligents","13":"product_tag-outils-pour-la-domotique","14":"product_tag-smart-home","15":"product_tag-solutions-de-maison-intelligente","16":"product_tag-sonoff-diy-mini-r2","18":"first","19":"instock","20":"sale","21":"shipping-taxable","22":"purchasable","23":"product-type-variable"},"jetpack_sharing_enabled":true,"_links":{"self":[{"href":"https:\/\/e-maestros.ma\/fr\/wp-json\/wp\/v2\/product\/31985","targetHints":{"allow":["GET"]}}],"collection":[{"href":"https:\/\/e-maestros.ma\/fr\/wp-json\/wp\/v2\/product"}],"about":[{"href":"https:\/\/e-maestros.ma\/fr\/wp-json\/wp\/v2\/types\/product"}],"replies":[{"embeddable":true,"href":"https:\/\/e-maestros.ma\/fr\/wp-json\/wp\/v2\/comments?post=31985"}],"version-history":[{"count":0,"href":"https:\/\/e-maestros.ma\/fr\/wp-json\/wp\/v2\/product\/31985\/revisions"}],"wp:featuredmedia":[{"embeddable":true,"href":"https:\/\/e-maestros.ma\/fr\/wp-json\/wp\/v2\/media\/32314"}],"wp:attachment":[{"href":"https:\/\/e-maestros.ma\/fr\/wp-json\/wp\/v2\/media?parent=31985"}],"wp:term":[{"taxonomy":"product_brand","embeddable":true,"href":"https:\/\/e-maestros.ma\/fr\/wp-json\/wp\/v2\/product_brand?post=31985"},{"taxonomy":"product_cat","embeddable":true,"href":"https:\/\/e-maestros.ma\/fr\/wp-json\/wp\/v2\/product_cat?post=31985"},{"taxonomy":"product_tag","embeddable":true,"href":"https:\/\/e-maestros.ma\/fr\/wp-json\/wp\/v2\/product_tag?post=31985"}],"curies":[{"name":"wp","href":"https:\/\/api.w.org\/{rel}","templated":true}]}}