{"id":31991,"date":"2025-11-11T16:53:40","date_gmt":"2025-11-11T16:53:40","guid":{"rendered":"https:\/\/e-maestros.ma\/shop\/uncategorized\/relais-intelligent-rideau-shelly-2-5-wifi\/"},"modified":"2025-11-11T16:53:40","modified_gmt":"2025-11-11T16:53:40","slug":"relais-intelligent-rideau-shelly-2-5-wifi","status":"publish","type":"product","link":"https:\/\/e-maestros.ma\/fr\/boutique\/par-defaut\/relais-intelligent-rideau-shelly-2-5-wifi\/","title":{"rendered":"Relais intelligent rideau Shelly 2.5 Wifi"},"content":{"rendered":"<p class=\"p1\">\u00a0<\/p>\n<table>\n<tbody>\n<tr>\n<td>Marque<\/td>\n<td>Shelly<\/td>\n<\/tr>\n<tr>\n<td>Mod\u00e8le<\/td>\n<td>Shelly 2.5<\/td>\n<\/tr>\n<tr>\n<td>Type<\/td>\n<td>Interrupteur contr\u00f4leur de rideau connect\u00e9e Wi-Fi<\/td>\n<\/tr>\n<tr>\n<td>Canaux de sortie<\/td>\n<td>2 canaux<\/td>\n<\/tr>\n<tr>\n<td>Capacit\u00e9 de charge<\/td>\n<td>10A<\/td>\n<\/tr>\n<tr>\n<td>Connectivit\u00e9<\/td>\n<td>Wi-Fi<\/td>\n<\/tr>\n<tr>\n<td>Compatibilit\u00e9<\/td>\n<td>Alexa, Google Home, Siri<\/td>\n<\/tr>\n<tr>\n<td>Fonctionnalit\u00e9s<\/td>\n<td>Contr\u00f4le \u00e0 distance, planification, int\u00e9gration avec des sc\u00e8nes<\/td>\n<\/tr>\n<tr>\n<td>Application mobile<\/td>\n<td>Shelly App<\/td>\n<\/tr>\n<tr>\n<td>Configuration requise<\/td>\n<td>Routeur Wi-Fi et smartphone ou tablette avec l&#8217;application Shelly App<\/td>\n<\/tr>\n<tr>\n<td>Alimentation<\/td>\n<td>100-240V AC, 50\/60Hz<\/td>\n<\/tr>\n<tr>\n<td>Dimensions<\/td>\n<td>41mm x 36mm x 17mm<\/td>\n<\/tr>\n<tr>\n<td style=\"text-align: left;\">Vendu par<\/td>\n<td>www.binaa.ma<\/td>\n<\/tr>\n<\/tbody>\n<\/table>\n<p class=\"p1\">\u00a0<\/p>\n<p class=\"p1\">Vous cherchez \u00e0 simplifier votre vie quotidienne et \u00e0 am\u00e9liorer votre confort au quotidien? Le Shelly 2.5 est l&#8217;outil qu&#8217;il vous faut! Ce contr\u00f4leur de charge puissant et compact vous permet de contr\u00f4ler une vari\u00e9t\u00e9 d&#8217;appareils \u00e9lectriques dans votre maison ou votre entreprise, pour un maximum de confort et de simplicit\u00e9.<\/p>\n<ol><\/ol>\n<p class=\"p2\">Avec une capacit\u00e9 de charge maximale de 2x2300W ou 2x10A, le Shelly 2.5 peut commuter jusqu&#8217;\u00e0 10A\/230V, 50\/60Hz, ce qui en fait un choix id\u00e9al pour un large \u00e9ventail d&#8217;appareils tels que des rideaux, des lampes, des appareils m\u00e9nagers, du mat\u00e9riel de bureau, des radiateurs et des climatiseurs.<span class=\"Apple-converted-space\">\u00a0<\/span><\/p>\n<p class=\"p1\">Gr\u00e2ce \u00e0 l&#8217;application mobile gratuite Shelly Cloud, vous pouvez\u00a0contr\u00f4ler vos appareils \u00e0 distance depuis n&#8217;importe o\u00f9 dans le monde, et m\u00eame les programmer pour s&#8217;activer ou s&#8217;\u00e9teindre automatiquement.<\/p>\n<p class=\"p1\">Et ce n&#8217;est pas tout! Le Shelly 2.5 est \u00e9galement compatible avec les assistants vocaux Google Home et Amazon Echo, vous permettant de contr\u00f4ler vos appareils \u00e0 la voix. Plus besoin de se lever du canap\u00e9 pour allumer la lumi\u00e8re ou mettre en marche votre cafeti\u00e8re, il vous suffit de donner la commande \u00e0 votre assistant vocal!<\/p>\n<p class=\"p1\">Enfin, le Shelly 2.5 est con\u00e7u pour une installation facile dans un espace limit\u00e9, comme dans des supports muraux ou des panneaux de commande \u00e9lectriques. Il est compatible avec deux circuits \u00e9lectriques (jusqu&#8217;\u00e0 2,3 kW chacun) et dispose d&#8217;une surveillance de la consommation d&#8217;\u00e9nergie pour chaque canal, ainsi que d&#8217;une protection contre les surcharges et les surchauffes.<\/p>\n<p class=\"p1\">De plus, il est dot\u00e9 d&#8217;un capteur de temp\u00e9rature int\u00e9gr\u00e9 qui s&#8217;\u00e9teint imm\u00e9diatement en cas de temp\u00e9rature dangereuse ou de consommation d\u00e9passant un seuil pr\u00e9d\u00e9fini.<\/p>\n<p class=\"p1\">En r\u00e9sum\u00e9, le Shelly 2.5 est l&#8217;outil id\u00e9al pour am\u00e9liorer votre confort et simplifier votre vie quotidienne. Alors n&#8217;h\u00e9sitez plus, adoptez-le d\u00e8s maintenant!<\/p>\n<p class=\"p1\">Voici quelques exemples d&#8217;utilisation de l&#8217;interrupteur contr\u00f4leur de rideau connect\u00e9e Shelly 2.5 Wi-Fi:<\/p>\n<ol>\n<li class=\"li1\">Allumer et \u00e9teindre votre cafeti\u00e8re le matin depuis votre lit gr\u00e2ce \u00e0 l&#8217;application mobile.<\/li>\n<li class=\"li1\">\n<span class=\"s1\"><\/span>Programmer votre lave-vaisselle pour qu&#8217;il s&#8217;active pendant votre absence.<\/li>\n<li class=\"li1\">\n<span class=\"s1\"><\/span>R\u00e9gler la temp\u00e9rature de votre climatiseur \u00e0 distance gr\u00e2ce \u00e0 l&#8217;application mobile.<\/li>\n<li class=\"li1\">\n<span class=\"s1\"><\/span>Allumer et \u00e9teindre les lumi\u00e8res de votre maison \u00e0 distance gr\u00e2ce \u00e0 l&#8217;application mobile ou \u00e0 votre assistant vocal.<\/li>\n<li class=\"li1\">\n<span class=\"s1\"><\/span>Surveiller et r\u00e9duire votre consommation d&#8217;\u00e9lectricit\u00e9 gr\u00e2ce \u00e0 la fonction de mesure de puissance int\u00e9gr\u00e9e.<\/li>\n<\/ol>\n<p class=\"p1\">Voici les points forts et caract\u00e9ristiques cl\u00e9s de l&#8217;interrupteur contr\u00f4leur de rideau connect\u00e9e Shelly 2.5 Wi-Fi [SHELLY]:<\/p>\n<ul>\n<li>Capacit\u00e9 de charge maximale de 2x2300W ou 2x10A, pour contr\u00f4ler une large gamme d&#8217;appareils \u00e9lectriques.<\/li>\n<li>Fonction de mesure de puissance int\u00e9gr\u00e9e, pour surveiller et r\u00e9duire votre consommation d&#8217;\u00e9lectricit\u00e9.<\/li>\n<li>Compatible avec les assistants vocaux Google Home et Amazon Echo, pour contr\u00f4ler vos appareils \u00e0 la voix.<\/li>\n<li>Application mobile gratuite Shelly Cloud, pour allumer et \u00e9teindre vos appareils \u00e0 distance.<\/li>\n<li>Con\u00e7u pour une installation facile dans un espace limit\u00e9, comme dans des supports muraux ou des panneaux de commande \u00e9lectriques.<\/li>\n<li>Compatible avec deux circuits \u00e9lectriques (jusqu&#8217;\u00e0 2,3 kW chacun) et dispose d&#8217;une surveillance de la consommation d&#8217;\u00e9nergie pour chaque canal.<\/li>\n<li>Protection contre les surcharges et les surchauffes, ainsi qu&#8217;un capteur de temp\u00e9rature int\u00e9gr\u00e9 qui s&#8217;\u00e9teint imm\u00e9diatement en cas de temp\u00e9rature dangereuse ou de consommation d\u00e9passant un seuil pr\u00e9d\u00e9fini.<\/li>\n<li>Peut fonctionner comme un appareil autonome, comme un accessoire d&#8217;un contr\u00f4leur domotique, ou \u00eatre utilis\u00e9 comme composant d&#8217;un autre syst\u00e8me d&#8217;automatisation.<\/li>\n<\/ul>\n<p class=\"p1\">Voici le contenu de l&#8217;emballage de l&#8217;interrupteur contr\u00f4leur de rideau connect\u00e9e Shelly 2.5 Wi-Fi [SHELLY]:<\/p>\n<ul>\n<li>\n<p class=\"p1\">1 x Contr\u00f4leur Shelly 2.5<\/p>\n<\/li>\n<li>\n<p class=\"p1\">1 x\u00a0Pack de vis pour le montage<\/p>\n<\/li>\n<li>\n<p class=\"p1\">1 x Instructions de montage et d&#8217;utilisation<\/p>\n<\/li>\n<\/ul>\n","protected":false},"excerpt":{"rendered":"<p>\u00a0 Marque Shelly Mod\u00e8le Shelly 2.5 Type Interrupteur contr\u00f4leur de rideau connect\u00e9e Wi-Fi Canaux de sortie 2 canaux Capacit\u00e9 de<\/p>","protected":false},"featured_media":32317,"comment_status":"open","ping_status":"closed","template":"","meta":[],"product_brand":[],"product_cat":[23],"product_tag":[911,913,1047,1048,918,1049,919,1055,920,921],"class_list":{"0":"post-31991","1":"product","2":"type-product","3":"status-publish","4":"has-post-thumbnail","6":"product_cat-default","7":"product_tag-accessoires-de-domotique","8":"product_tag-appareils-connectes","9":"product_tag-controleurs-a-distance","10":"product_tag-interrupteurs-wi-fi","11":"product_tag-maison-intelligente","12":"product_tag-modules-de-relais-intelligents","13":"product_tag-outils-pour-la-domotique","14":"product_tag-shelly-2-5","15":"product_tag-smart-home","16":"product_tag-solutions-de-maison-intelligente","18":"first","19":"instock","20":"sale","21":"shipping-taxable","22":"purchasable","23":"product-type-variable"},"jetpack_sharing_enabled":true,"_links":{"self":[{"href":"https:\/\/e-maestros.ma\/fr\/wp-json\/wp\/v2\/product\/31991","targetHints":{"allow":["GET"]}}],"collection":[{"href":"https:\/\/e-maestros.ma\/fr\/wp-json\/wp\/v2\/product"}],"about":[{"href":"https:\/\/e-maestros.ma\/fr\/wp-json\/wp\/v2\/types\/product"}],"replies":[{"embeddable":true,"href":"https:\/\/e-maestros.ma\/fr\/wp-json\/wp\/v2\/comments?post=31991"}],"version-history":[{"count":0,"href":"https:\/\/e-maestros.ma\/fr\/wp-json\/wp\/v2\/product\/31991\/revisions"}],"wp:featuredmedia":[{"embeddable":true,"href":"https:\/\/e-maestros.ma\/fr\/wp-json\/wp\/v2\/media\/32317"}],"wp:attachment":[{"href":"https:\/\/e-maestros.ma\/fr\/wp-json\/wp\/v2\/media?parent=31991"}],"wp:term":[{"taxonomy":"product_brand","embeddable":true,"href":"https:\/\/e-maestros.ma\/fr\/wp-json\/wp\/v2\/product_brand?post=31991"},{"taxonomy":"product_cat","embeddable":true,"href":"https:\/\/e-maestros.ma\/fr\/wp-json\/wp\/v2\/product_cat?post=31991"},{"taxonomy":"product_tag","embeddable":true,"href":"https:\/\/e-maestros.ma\/fr\/wp-json\/wp\/v2\/product_tag?post=31991"}],"curies":[{"name":"wp","href":"https:\/\/api.w.org\/{rel}","templated":true}]}}