{"id":31993,"date":"2025-11-11T16:53:40","date_gmt":"2025-11-11T16:53:40","guid":{"rendered":"https:\/\/e-maestros.ma\/shop\/uncategorized\/relais-intelligent-rideau-sonoff-dual-r3-wifi\/"},"modified":"2025-11-11T16:53:40","modified_gmt":"2025-11-11T16:53:40","slug":"relais-intelligent-rideau-sonoff-dual-r3-wifi","status":"publish","type":"product","link":"https:\/\/e-maestros.ma\/fr\/boutique\/par-defaut\/relais-intelligent-rideau-sonoff-dual-r3-wifi\/","title":{"rendered":"Relais intelligent rideau Sonoff Dual R3 Wifi"},"content":{"rendered":"<p>\u00a0<\/p>\n<ul>\n<li style=\"font-weight: 400;\">\n<p class=\"p1\">\u00a0<\/p>\n<\/li>\n<\/ul>\n<p>\u00a0<\/p>\n<table>\n<tbody>\n<tr>\n<td>Marque<\/td>\n<td>SONOFF<\/td>\n<\/tr>\n<tr>\n<td>Mod\u00e8le<\/td>\n<td>Dual R3<\/td>\n<\/tr>\n<tr>\n<td>Connectivit\u00e9<\/td>\n<td>Wi-Fi<\/td>\n<\/tr>\n<tr>\n<td>Nombre de canaux de sortie<\/td>\n<td>2<\/td>\n<\/tr>\n<tr>\n<td>Capacit\u00e9 de charge maximale<\/td>\n<td>15A par canal<\/td>\n<\/tr>\n<tr>\n<td>Compatibilit\u00e9<\/td>\n<td>Amazon Alexa, Google Home, Apple Siri<\/td>\n<\/tr>\n<tr>\n<td>Application mobile<\/td>\n<td>eWeLink<\/td>\n<\/tr>\n<tr>\n<td>Configuration requise<\/td>\n<td>r\u00e9seau Wi-Fi 2,4 GHz, smartphone ou tablette<\/td>\n<\/tr>\n<tr>\n<td>Fonctionnalit\u00e9s<\/td>\n<td>contr\u00f4le \u00e0 distance, programmation horaire, partage d&#8217;acc\u00e8s, fonction d&#8217;interphone vocal<\/td>\n<\/tr>\n<tr>\n<td>Dimensions<\/td>\n<td>114 x 52 x 32 mm<\/td>\n<\/tr>\n<tr>\n<td>Poids<\/td>\n<td>92 g<\/td>\n<\/tr>\n<tr>\n<td style=\"text-align: left;\">Vendu par<\/td>\n<td>www.binaa.ma<\/td>\n<\/tr>\n<\/tbody>\n<\/table>\n<p>\u00a0<\/p>\n<p><span style=\"font-weight: 400;\">Le Sonoff Dual R3 Lite 15A est l&#8217;outil id\u00e9al pour automatiser, acc\u00e9l\u00e9rer et contr\u00f4ler les luminaires ou appareils \u00e9lectriques de votre maison. Il vous permet de contr\u00f4ler \u00e0 distance tous vos appareils connect\u00e9s gr\u00e2ce \u00e0 une connexion WiFi stable.\u00a0<\/span><\/p>\n<p><span style=\"font-weight: 400;\">Avec une taille r\u00e9duite, il s&#8217;installe facilement dans n&#8217;importe quelle bo\u00eete de d\u00e9rivation universelle ou dans des faux plafonds. Il est compatible avec les interrupteurs conventionnels double, il suffit de brancher l&#8217;alimentation 220V AC aux bornes d&#8217;entr\u00e9e d&#8217;alimentation, sur les bornes de sortie la charge \u00e0 contr\u00f4ler (l\u2019appareil), sur les bornes S1 et S2 les interrupteurs ou va-et-vient existants.<\/span><\/p>\n<p><span style=\"font-weight: 400;\">Le Sonoff Dual R3 Lite 15A est \u00e9galement compatible avec les syst\u00e8mes de domotique tels qu&#8217;Amazon Alexa et Google Home. Il vous permet de cr\u00e9er des groupes de luminaires pour une gestion plus efficace de vos appareils. Il est \u00e9galement compatible avec l&#8217;application eWeLink pour un contr\u00f4le \u00e0 distance depuis votre smartphone.<\/span><\/p>\n<ul><\/ul>\n<ul class=\"ul1\"><\/ul>\n<p><span style=\"font-weight: 400;\">Le Sonoff Dual R3 Lite 15A est \u00e9galement \u00e9quip\u00e9 d&#8217;un mode moteur et programm\u00e9, avec un contr\u00f4le partag\u00e9. Il vous permet de programmer vos appareils pour une utilisation plus efficace. Il vous permet de contr\u00f4ler votre maison \u00e0 distance, m\u00eame lorsque vous n&#8217;\u00eates pas chez vous.<\/span><\/p>\n<p><span style=\"font-weight: 400;\">Le Sonoff Dual R3 Lite 15A est la solution id\u00e9ale pour am\u00e9liorer votre vie quotidienne en vous offrant plus de commodit\u00e9 et de contr\u00f4le sur vos appareils \u00e9lectriques. Commandez d\u00e8s maintenant et profitez de cette solution de pointe pour votre maison connect\u00e9e!<\/span><\/p>\n<p>Voici quelques exemples d&#8217;utilisation du produit Sonoff Dual R3 Lite:<\/p>\n<ol>\n<li>Contr\u00f4ler \u00e0 distance les luminaires et appareils \u00e9lectriques de votre maison via une connexion WiFi stable.<\/li>\n<li>Utiliser des commandes vocales pour allumer et \u00e9teindre les appareils connect\u00e9s via Amazon Alexa ou Google Home.<\/li>\n<li>Contr\u00f4ler les appareils connect\u00e9s \u00e0 distance depuis votre smartphone gr\u00e2ce \u00e0 l&#8217;application eWeLink.<\/li>\n<li>Cr\u00e9er des groupes de luminaires pour une gestion plus efficace de vos appareils.<\/li>\n<li>Remplacer facilement un interrupteur ou un va-et-vient existant avec une taille r\u00e9duite pour une installation facile.<\/li>\n<li>Contr\u00f4ler deux appareils \u00e9lectriques diff\u00e9rents en m\u00eame temps gr\u00e2ce \u00e0 la fonctionnalit\u00e9 de contr\u00f4le double.<\/li>\n<li>Am\u00e9liorer l&#8217;apparence de votre maison avec une apparence moderne et \u00e9l\u00e9gante.<\/li>\n<li>\u00c9conomiser de l&#8217;\u00e9nergie en g\u00e9rant efficacement les appareils \u00e9lectriques de votre maison.<\/li>\n<\/ol>\n<p class=\"p1\">Voici les points forts et caract\u00e9ristiques cl\u00e9s de l&#8217;interrupteur contr\u00f4leur de rideau connect\u00e9e Sonoff Dual R3 Wi-Fi [SONOFF]:<\/p>\n<ul>\n<li style=\"font-weight: 400;\"><span style=\"font-weight: 400;\">Contr\u00f4le \u00e0 distance: Il vous permet de contr\u00f4ler \u00e0 distance vos appareils \u00e9lectriques via une connexion WiFi stable, vous pouvez allumer et \u00e9teindre vos appareils \u00e0 tout moment, m\u00eame lorsque vous n&#8217;\u00eates pas chez vous.<\/span><\/li>\n<li style=\"font-weight: 400;\"><span style=\"font-weight: 400;\">Compatibilit\u00e9 avec les syst\u00e8mes de domotique: Il est compatible avec Amazon Alexa et Google Home pour une commande vocale et l&#8217;application eWeLink pour un contr\u00f4le \u00e0 distance depuis votre smartphone.<\/span><\/li>\n<li style=\"font-weight: 400;\"><span style=\"font-weight: 400;\">Installation facile: Il peut \u00eatre install\u00e9 facilement en remplacement d&#8217;un interrupteur ou d&#8217;un va-et-vient existant, il a une taille r\u00e9duite pour \u00eatre plac\u00e9 dans n&#8217;importe quelle bo\u00eete de d\u00e9rivation universelle ou dans des faux plafonds.<\/span><\/li>\n<li style=\"font-weight: 400;\"><span style=\"font-weight: 400;\">Fonctionnalit\u00e9s suppl\u00e9mentaires: Il offre des fonctionnalit\u00e9s suppl\u00e9mentaires telles que le contr\u00f4le partag\u00e9, le mode moteur et programm\u00e9, et la programmation pour une utilisation plus efficace.<\/span><\/li>\n<li style=\"font-weight: 400;\"><span style=\"font-weight: 400;\">Contr\u00f4le de plusieurs appareils: Il est un interrupteur double, permet de contr\u00f4ler deux appareils \u00e9lectriques diff\u00e9rents en m\u00eame temps.<\/span><\/li>\n<li style=\"font-weight: 400;\"><span style=\"font-weight: 400;\">Conception moderne: Il a une apparence moderne et \u00e9l\u00e9gante qui s&#8217;int\u00e8gre parfaitement dans tous les int\u00e9rieurs.<\/span><\/li>\n<li style=\"font-weight: 400;\"><span style=\"font-weight: 400;\">\u00c9conomie d&#8217;\u00e9nergie: Il permet de r\u00e9duire la consommation \u00e9nerg\u00e9tique en g\u00e9rant efficacement les appareils \u00e9lectriques de votre maison.<\/span><\/li>\n<\/ul>\n<p class=\"p1\">Voici le contenu de l&#8217;emballage de l&#8217;interrupteur contr\u00f4leur de rideau connect\u00e9e Sonoff Dual R3 Wi-Fi [SONOFF]:<\/p>\n<ul>\n<li style=\"font-weight: 400;\">\n<p class=\"p1\">1 x Sonoff Dual R3 Lite 15A<\/p>\n<\/li>\n<li style=\"font-weight: 400;\">\n<p class=\"p1\">1 x Pack de vis pour le montage<\/p>\n<\/li>\n<li style=\"font-weight: 400;\">\n<p class=\"p1\">1 x Instructions de montage et d&#8217;utilisation<\/p>\n<\/li>\n<\/ul>\n","protected":false},"excerpt":{"rendered":"<p>\u00a0 \u00a0 \u00a0 Marque SONOFF Mod\u00e8le Dual R3 Connectivit\u00e9 Wi-Fi Nombre de canaux de sortie 2 Capacit\u00e9 de charge maximale<\/p>","protected":false},"featured_media":32318,"comment_status":"open","ping_status":"closed","template":"","meta":[],"product_brand":[],"product_cat":[23],"product_tag":[911,913,1047,1048,918,1049,919,920,921,1056],"class_list":{"0":"post-31993","1":"product","2":"type-product","3":"status-publish","4":"has-post-thumbnail","6":"product_cat-default","7":"product_tag-accessoires-de-domotique","8":"product_tag-appareils-connectes","9":"product_tag-controleurs-a-distance","10":"product_tag-interrupteurs-wi-fi","11":"product_tag-maison-intelligente","12":"product_tag-modules-de-relais-intelligents","13":"product_tag-outils-pour-la-domotique","14":"product_tag-smart-home","15":"product_tag-solutions-de-maison-intelligente","16":"product_tag-sonoff-dual-r3","18":"first","19":"instock","20":"sale","21":"shipping-taxable","22":"purchasable","23":"product-type-variable"},"jetpack_sharing_enabled":true,"_links":{"self":[{"href":"https:\/\/e-maestros.ma\/fr\/wp-json\/wp\/v2\/product\/31993","targetHints":{"allow":["GET"]}}],"collection":[{"href":"https:\/\/e-maestros.ma\/fr\/wp-json\/wp\/v2\/product"}],"about":[{"href":"https:\/\/e-maestros.ma\/fr\/wp-json\/wp\/v2\/types\/product"}],"replies":[{"embeddable":true,"href":"https:\/\/e-maestros.ma\/fr\/wp-json\/wp\/v2\/comments?post=31993"}],"version-history":[{"count":0,"href":"https:\/\/e-maestros.ma\/fr\/wp-json\/wp\/v2\/product\/31993\/revisions"}],"wp:featuredmedia":[{"embeddable":true,"href":"https:\/\/e-maestros.ma\/fr\/wp-json\/wp\/v2\/media\/32318"}],"wp:attachment":[{"href":"https:\/\/e-maestros.ma\/fr\/wp-json\/wp\/v2\/media?parent=31993"}],"wp:term":[{"taxonomy":"product_brand","embeddable":true,"href":"https:\/\/e-maestros.ma\/fr\/wp-json\/wp\/v2\/product_brand?post=31993"},{"taxonomy":"product_cat","embeddable":true,"href":"https:\/\/e-maestros.ma\/fr\/wp-json\/wp\/v2\/product_cat?post=31993"},{"taxonomy":"product_tag","embeddable":true,"href":"https:\/\/e-maestros.ma\/fr\/wp-json\/wp\/v2\/product_tag?post=31993"}],"curies":[{"name":"wp","href":"https:\/\/api.w.org\/{rel}","templated":true}]}}