{"id":32029,"date":"2025-11-11T16:53:47","date_gmt":"2025-11-11T16:53:47","guid":{"rendered":"https:\/\/e-maestros.ma\/shop\/uncategorized\/serrure-intelligente-elite-pro-face-id\/"},"modified":"2025-11-11T16:57:07","modified_gmt":"2025-11-11T16:57:07","slug":"serrure-intelligente-elite-pro-face-id","status":"publish","type":"product","link":"https:\/\/e-maestros.ma\/fr\/boutique\/par-defaut\/serrure-intelligente-elite-pro-face-id\/","title":{"rendered":"Serrure intelligente Elite Pro Face ID"},"content":{"rendered":"<h3 data-end=\"1187\" data-start=\"1136\"><\/h3>\n<div class=\"_tableContainer_80l1q_1\">\n<div class=\"_tableWrapper_80l1q_14 group flex w-fit flex-col-reverse\" tabindex=\"-1\">\n<table class=\"w-fit min-w-(--thread-content-width)\" data-end=\"2873\" data-start=\"1189\">\n<tbody data-end=\"2873\" data-start=\"1233\">\n<tr>\n<td style=\"text-align: left;\"><strong data-end=\"1245\" data-start=\"1235\">Marque<\/strong><\/td>\n<td>Tuya<\/td>\n<\/tr>\n<tr data-end=\"1267\" data-start=\"1233\">\n<td style=\"text-align: left;\" data-col-size=\"sm\" data-end=\"1246\" data-start=\"1233\"><strong data-end=\"1245\" data-start=\"1235\">Mod\u00e8le<\/strong><\/td>\n<td data-end=\"1267\" data-start=\"1246\" data-col-size=\"md\">Elite Pro Face ID<\/td>\n<\/tr>\n<tr data-end=\"1300\" data-start=\"1268\">\n<td style=\"text-align: left;\" data-col-size=\"sm\" data-end=\"1289\" data-start=\"1268\"><strong data-end=\"1288\" data-start=\"1270\">Certifications<\/strong><\/td>\n<td data-end=\"1300\" data-start=\"1289\" data-col-size=\"md\">CE, FCC<\/td>\n<\/tr>\n<tr data-end=\"1414\" data-start=\"1301\">\n<td style=\"text-align: left;\" data-col-size=\"sm\" data-end=\"1337\" data-start=\"1301\"><strong data-end=\"1336\" data-start=\"1303\">Technologie de reconnaissance<\/strong><\/td>\n<td data-end=\"1414\" data-start=\"1337\" data-col-size=\"md\">3D Face Recognition 3.0, reconnaissance palmaire AI, empreintes digitales<\/td>\n<\/tr>\n<tr data-end=\"1456\" data-start=\"1415\">\n<td style=\"text-align: left;\" data-col-size=\"sm\" data-end=\"1442\" data-start=\"1415\"><strong data-end=\"1441\" data-start=\"1417\">Plateforme domotique<\/strong><\/td>\n<td data-end=\"1456\" data-start=\"1442\" data-col-size=\"md\">Tuya Smart<\/td>\n<\/tr>\n<tr data-end=\"1521\" data-start=\"1457\">\n<td style=\"text-align: left;\" data-col-size=\"sm\" data-end=\"1485\" data-start=\"1457\"><strong data-end=\"1484\" data-start=\"1459\">Capacit\u00e9 d\u2019empreintes<\/strong><\/td>\n<td data-end=\"1521\" data-start=\"1485\" data-col-size=\"md\">Jusqu\u2019\u00e0 200 empreintes digitales<\/td>\n<\/tr>\n<tr data-end=\"1580\" data-start=\"1522\">\n<td style=\"text-align: left;\" data-col-size=\"sm\" data-end=\"1552\" data-start=\"1522\"><strong data-end=\"1551\" data-start=\"1524\">Capacit\u00e9 d\u2019utilisateurs<\/strong><\/td>\n<td data-end=\"1580\" data-start=\"1552\" data-col-size=\"md\">Jusqu\u2019\u00e0 200 utilisateurs<\/td>\n<\/tr>\n<tr data-end=\"1675\" data-start=\"1581\">\n<td style=\"text-align: left;\" data-col-size=\"sm\" data-end=\"1603\" data-start=\"1581\"><strong data-end=\"1602\" data-start=\"1583\">Cam\u00e9ra int\u00e9gr\u00e9e<\/strong><\/td>\n<td data-end=\"1675\" data-start=\"1603\" data-col-size=\"md\">Cam\u00e9ra UHD \u00e0 lumi\u00e8re structur\u00e9e binoculaire, 1.2 Mpx, vision nocturne<\/td>\n<\/tr>\n<tr data-end=\"1739\" data-start=\"1676\">\n<td style=\"text-align: left;\" data-col-size=\"sm\" data-end=\"1694\" data-start=\"1676\"><strong data-end=\"1693\" data-start=\"1678\">Appel vid\u00e9o<\/strong><\/td>\n<td data-end=\"1739\" data-start=\"1694\" data-col-size=\"md\">Oui \u2013 Interphone bidirectionnel via \u00e9cran<\/td>\n<\/tr>\n<tr data-end=\"1830\" data-start=\"1740\">\n<td style=\"text-align: left;\" data-col-size=\"sm\" data-end=\"1767\" data-start=\"1740\"><strong data-end=\"1766\" data-start=\"1742\">Enregistrement vid\u00e9o<\/strong><\/td>\n<td data-end=\"1830\" data-start=\"1767\" data-col-size=\"md\">Oui \u2013 Historique vid\u00e9o d\u2019acc\u00e8s disponible via l\u2019application<\/td>\n<\/tr>\n<tr data-end=\"1874\" data-start=\"1831\">\n<td style=\"text-align: left;\" data-col-size=\"sm\" data-end=\"1843\" data-start=\"1831\"><strong data-end=\"1842\" data-start=\"1833\">\u00c9cran<\/strong><\/td>\n<td data-end=\"1874\" data-start=\"1843\" data-col-size=\"md\">\u00c9cran tactile UHD 4,5 pouces<\/td>\n<\/tr>\n<tr data-end=\"1977\" data-start=\"1875\">\n<td style=\"text-align: left;\" data-col-size=\"sm\" data-end=\"1908\" data-start=\"1875\"><strong data-end=\"1907\" data-start=\"1877\">M\u00e9thodes de d\u00e9verrouillage<\/strong><\/td>\n<td data-end=\"1977\" data-start=\"1908\" data-col-size=\"md\">Reconnaissance faciale, Paume de main, Empreintes, Carte, Code, Cl\u00e9, Application mobile<\/td>\n<\/tr>\n<tr data-end=\"2059\" data-start=\"1978\">\n<td style=\"text-align: left;\" data-col-size=\"sm\" data-end=\"2003\" data-start=\"1978\"><strong data-end=\"2002\" data-start=\"1980\">Application mobile<\/strong><\/td>\n<td data-end=\"2059\" data-start=\"2003\" data-col-size=\"md\">Tuya Smart \u2013 Contr\u00f4le \u00e0 distance (Wi-Fi &#038; Bluetooth)<\/td>\n<\/tr>\n<tr data-end=\"2130\" data-start=\"2060\">\n<td style=\"text-align: left;\" data-col-size=\"sm\" data-end=\"2079\" data-start=\"2060\"><strong data-end=\"2078\" data-start=\"2062\">Alimentation<\/strong><\/td>\n<td data-col-size=\"md\" data-end=\"2130\" data-start=\"2079\">Batterie lithium int\u00e9gr\u00e9e 4200\u00a0mAh rechargeable<\/td>\n<\/tr>\n<tr data-end=\"2200\" data-start=\"2131\">\n<td style=\"text-align: left;\" data-col-size=\"sm\" data-end=\"2159\" data-start=\"2131\"><strong data-end=\"2158\" data-start=\"2133\">Autonomie de la batterie<\/strong><\/td>\n<td data-end=\"2200\" data-start=\"2159\" data-col-size=\"md\">4200\u00a0mWh \u2013 Plusieurs mois d\u2019autonomie<\/td>\n<\/tr>\n<tr data-end=\"2263\" data-start=\"2201\">\n<td style=\"text-align: left;\" data-col-size=\"sm\" data-end=\"2218\" data-start=\"2201\"><strong data-end=\"2217\" data-start=\"2203\">Chargement<\/strong><\/td>\n<td data-end=\"2263\" data-start=\"2218\" data-col-size=\"md\">Port USB de secours pour recharge externe<\/td>\n<\/tr>\n<tr data-end=\"2366\" data-start=\"2264\">\n<td style=\"text-align: left;\" data-col-size=\"sm\" data-end=\"2292\" data-start=\"2264\"><strong data-end=\"2291\" data-start=\"2266\">Alarmes intelligentes<\/strong><\/td>\n<td data-end=\"2366\" data-start=\"2292\" data-col-size=\"md\">Anti-intrusion, batterie faible, alarme d&#8217;erreur, tentative de for\u00e7age<\/td>\n<\/tr>\n<tr data-end=\"2418\" data-start=\"2367\">\n<td style=\"text-align: left;\" data-col-size=\"sm\" data-end=\"2382\" data-start=\"2367\"><strong data-end=\"2381\" data-start=\"2369\">Mat\u00e9riau<\/strong><\/td>\n<td data-end=\"2418\" data-start=\"2382\" data-col-size=\"md\">Alliage de zinc haute r\u00e9sistance<\/td>\n<\/tr>\n<tr data-end=\"2463\" data-start=\"2419\">\n<td style=\"text-align: left;\" data-col-size=\"sm\" data-end=\"2434\" data-start=\"2419\"><strong data-end=\"2433\" data-start=\"2421\">Mortaise<\/strong><\/td>\n<td data-end=\"2463\" data-start=\"2434\" data-col-size=\"md\">Acier inoxydable renforc\u00e9<\/td>\n<\/tr>\n<tr data-end=\"2534\" data-start=\"2464\">\n<td style=\"text-align: left;\" data-col-size=\"sm\" data-end=\"2481\" data-start=\"2464\"><strong data-end=\"2480\" data-start=\"2466\">Dimensions<\/strong><\/td>\n<td data-end=\"2534\" data-start=\"2481\" data-col-size=\"md\">Avant : 40 \u00d7 8 \u00d7 7.5 cm \/ Arri\u00e8re : 43.5 \u00d7 7.2 cm<\/td>\n<\/tr>\n<tr data-end=\"2621\" data-start=\"2535\">\n<td style=\"text-align: left;\" data-col-size=\"sm\" data-end=\"2552\" data-start=\"2535\"><strong data-end=\"2551\" data-start=\"2537\">R\u00e9sistance<\/strong><\/td>\n<td data-col-size=\"md\" data-end=\"2621\" data-start=\"2552\">Anti-oxydation (120h), anti-rayures, protection \u00e9lectromagn\u00e9tique<\/td>\n<\/tr>\n<tr data-end=\"2661\" data-start=\"2622\">\n<td style=\"text-align: left;\" data-col-size=\"sm\" data-end=\"2650\" data-start=\"2622\"><strong data-end=\"2649\" data-start=\"2624\">Langue interface \/ voix<\/strong><\/td>\n<td data-end=\"2661\" data-start=\"2650\" data-col-size=\"md\">Anglais \/ Fran\u00e7ais<\/td>\n<\/tr>\n<tr data-end=\"2746\" data-start=\"2662\">\n<td style=\"text-align: left;\" data-col-size=\"sm\" data-end=\"2696\" data-start=\"2662\"><strong data-end=\"2695\" data-start=\"2664\">Types de portes compatibles<\/strong><\/td>\n<td data-end=\"2746\" data-start=\"2696\" data-col-size=\"md\">Bois, acier, portes blind\u00e9es, doubles battants<\/td>\n<\/tr>\n<tr data-end=\"2840\" data-start=\"2747\">\n<td style=\"text-align: left;\" data-col-size=\"sm\" data-end=\"2776\" data-start=\"2747\"><strong data-end=\"2775\" data-start=\"2749\">Service d\u2019installation<\/strong><\/td>\n<td data-end=\"2840\" data-start=\"2776\" data-col-size=\"md\">Installation gratuite \u2013 Pose professionnelle disponible partout au Maroc<\/td>\n<\/tr>\n<tr data-end=\"2873\" data-start=\"2841\">\n<td style=\"text-align: left;\" data-col-size=\"sm\" data-end=\"2857\" data-start=\"2841\"><strong data-end=\"2856\" data-start=\"2843\">Vendu par<\/strong><\/td>\n<td data-end=\"2873\" data-start=\"2857\" data-col-size=\"md\"><a href=\"http:\/\/www.binaa.ma\" class=\"\" data-end=\"2871\" data-start=\"2859\" target=\"_blank\" rel=\"noopener\">www.binaa.ma<\/a><\/td>\n<\/tr>\n<\/tbody>\n<\/table>\n<\/div>\n<\/div>\n<p>\u00a0<\/p>\n<p data-end=\"313\" data-start=\"228\"><strong data-end=\"313\" data-start=\"232\">Serrure Intelligente Elite Pro Face ID \u2013 Vid\u00e9o, Paume de Main, Contr\u00f4le Total<\/strong><\/p>\n<p data-end=\"688\" data-start=\"315\"><em>Plus qu&#8217;une serrure : une centrale de s\u00e9curit\u00e9 intelligente.<\/em><\/p>\n<p data-end=\"688\" data-start=\"315\">Avec la\u00a0Elite Pro, entrez dans une nouvelle \u00e8re de la s\u00e9curit\u00e9 connect\u00e9e.<\/p>\n<p data-end=\"688\" data-start=\"315\">Elle int\u00e8gre les derni\u00e8res avanc\u00e9es en biom\u00e9trie, vid\u00e9o intelligente, contr\u00f4le mobile et d\u00e9verrouillage par paume de main.\u00a0<\/p>\n<p data-end=\"688\" data-start=\"315\">Parfaitement adapt\u00e9e aux r\u00e9sidences principales, bureaux haut de gamme et biens en location courte dur\u00e9e.<\/p>\n<p><meta charset=\"utf-8\"><\/p>\n<p data-end=\"688\" data-start=\"315\"><img loading=\"lazy\" decoding=\"async\" height=\"61\" width=\"171\" src=\"https:\/\/e-maestros.ma\/wp-content\/uploads\/2025\/11\/amazon-alexa-voice-assistance-voix-assistant-vocal-serrure-intelligente-connectee-poignee-digitale-x5-pro-wifi-tuya.png?v=1732632380\" alt=\"\"><\/p>\n<p><meta charset=\"utf-8\"><\/p>\n<p data-end=\"688\" data-start=\"315\"><img loading=\"lazy\" decoding=\"async\" height=\"61\" width=\"171\" src=\"https:\/\/e-maestros.ma\/wp-content\/uploads\/2025\/11\/google-home-voice-assistance-voix-assistant-vocal-serrure-intelligente-connectee-poignee-digitale-x5-pro-wifi-tuya.png?v=1732632429\" alt=\"\"><\/p>\n<p data-end=\"741\" data-start=\"695\"><strong data-end=\"741\" data-start=\"701\">Modes d&#8217;acc\u00e8s multiples et avanc\u00e9s :<\/strong><\/p>\n<ul data-end=\"1129\" data-start=\"743\">\n<li data-end=\"790\" data-start=\"743\">\n<p data-end=\"790\" data-start=\"745\">Reconnaissance faciale 3D AI ultra-rapide<\/p>\n<\/li>\n<li data-end=\"832\" data-start=\"791\">\n<p data-end=\"832\" data-start=\"793\">D\u00e9verrouillage par paume de la main<\/p>\n<\/li>\n<li data-end=\"859\" data-start=\"833\">\n<p data-end=\"859\" data-start=\"835\">Empreintes digitales<\/p>\n<\/li>\n<li data-end=\"877\" data-start=\"860\">\n<p data-end=\"877\" data-start=\"862\">Cartes RFID<\/p>\n<\/li>\n<li data-end=\"919\" data-start=\"878\">\n<p data-end=\"919\" data-start=\"880\">Codes PIN permanents et temporaires<\/p>\n<\/li>\n<li data-end=\"940\" data-start=\"920\">\n<p data-end=\"940\" data-start=\"922\">Cl\u00e9s physiques<\/p>\n<\/li>\n<li data-end=\"1002\" data-start=\"941\">\n<p data-end=\"1002\" data-start=\"943\">Contr\u00f4le \u00e0 distance via l\u2019application mobile Tuya Smart<\/p>\n<\/li>\n<li data-end=\"1049\" data-start=\"1003\">\n<p data-end=\"1049\" data-start=\"1005\">Appel vid\u00e9o bidirectionnel en temps r\u00e9el<\/p>\n<\/li>\n<li data-end=\"1129\" data-start=\"1050\">\n<p data-end=\"1129\" data-start=\"1052\">Vision cam\u00e9ra en direct + enregistrement vid\u00e9os dans l\u2019historique d\u2019acc\u00e8s<\/p>\n<\/li>\n<\/ul>\n<p data-end=\"2947\" data-start=\"2880\"><strong data-end=\"2947\" data-start=\"2887\">Technologie vid\u00e9o int\u00e9gr\u00e9e pour un contr\u00f4le visuel total<\/strong><\/p>\n<ul data-end=\"3131\" data-start=\"2949\">\n<li data-end=\"2978\" data-start=\"2949\">\n<p data-end=\"2978\" data-start=\"2951\">Judas num\u00e9rique int\u00e9gr\u00e9<\/p>\n<\/li>\n<li data-end=\"3036\" data-start=\"2979\">\n<p data-end=\"3036\" data-start=\"2981\">Appel vid\u00e9o en temps r\u00e9el d\u00e8s d\u00e9tection de pr\u00e9sence<\/p>\n<\/li>\n<li data-end=\"3087\" data-start=\"3037\">\n<p data-end=\"3087\" data-start=\"3039\">Historique d\u2019acc\u00e8s avec enregistrement vid\u00e9o<\/p>\n<\/li>\n<li data-end=\"3131\" data-start=\"3088\">\n<p data-end=\"3131\" data-start=\"3090\">Notification en direct sur smartphone<\/p>\n<\/li>\n<\/ul>\n<p><meta charset=\"utf-8\"><\/p>\n<p><img loading=\"lazy\" decoding=\"async\" height=\"61\" width=\"171\" src=\"https:\/\/e-maestros.ma\/wp-content\/uploads\/2025\/11\/app-mobile-appli-tuya-smart-serrure-intelligente-connectee-poignee-digitale-x5-pro-wifi-tuya.png?v=1732632043\" alt=\"\"><\/p>\n<p><meta charset=\"utf-8\"><\/p>\n<p><img loading=\"lazy\" decoding=\"async\" height=\"61\" width=\"171\" src=\"https:\/\/e-maestros.ma\/wp-content\/uploads\/2025\/11\/app-mobile-appli-smart-life-serrure-intelligente-connectee-poignee-digitale-x5-pro-wifi-tuya.png?v=1732632098\" alt=\"\"><\/p>\n<p data-end=\"3187\" data-start=\"3138\"><strong data-end=\"3187\" data-start=\"3145\">S\u00e9curit\u00e9, confort et innovation r\u00e9unis<\/strong><\/p>\n<ul data-end=\"3458\" data-start=\"3189\">\n<li data-end=\"3280\" data-start=\"3189\">\n<p data-end=\"3280\" data-start=\"3191\">D\u00e9verrouillage instantan\u00e9 via reconnaissance faciale ou palmaire en moins de 0.1 sec.<\/p>\n<\/li>\n<li data-end=\"3357\" data-start=\"3281\">\n<p data-end=\"3357\" data-start=\"3283\">Visibilit\u00e9 parfaite gr\u00e2ce \u00e0 l\u2019\u00e9cran HD et la vision nocturne int\u00e9gr\u00e9e.<\/p>\n<\/li>\n<li data-end=\"3458\" data-start=\"3358\">\n<p data-end=\"3458\" data-start=\"3360\">Contr\u00f4le total \u00e0 distance : cr\u00e9er, modifier ou d\u00e9sactiver des codes temporaires \u00e0 tout moment.<\/p>\n<\/li>\n<\/ul>\n<p><meta charset=\"utf-8\"><\/p>\n<p data-start=\"1313\" data-end=\"1469\"><strong data-end=\"1418\" data-start=\"1386\">Id\u00e9ale pour tous vos besoins<\/strong><\/p>\n<p data-start=\"1313\" data-end=\"1469\">Acc\u00e8s flexible et gestion facile via l'application mobile, avec possibilit\u00e9 d'ajouter jusqu'\u00e0 200 utilisateurs et cartes.<\/p>\n<p data-end=\"1584\" data-start=\"1555\"><strong data-end=\"1584\" data-start=\"1555\">Inclus dans votre colis :<\/strong><\/p>\n<ul><\/ul>\n<ul>\n<li data-start=\"3496\" data-end=\"3544\">\n<p data-start=\"3498\" data-end=\"3544\">1 \u00d7 Serrure intelligente Elite Pro Face ID<\/p>\n<\/li>\n<li data-start=\"3545\" data-end=\"3578\">\n<p data-start=\"3547\" data-end=\"3578\">2 \u00d7 Cl\u00e9s physiques de secours<\/p>\n<\/li>\n<li data-start=\"3579\" data-end=\"3598\">\n<p data-start=\"3581\" data-end=\"3598\">2 \u00d7 Cartes RFID<\/p>\n<\/li>\n<li data-start=\"3599\" data-end=\"3637\">\n<p data-start=\"3601\" data-end=\"3637\">1 \u00d7 Batterie longue dur\u00e9e int\u00e9gr\u00e9e<\/p>\n<\/li>\n<li data-start=\"3638\" data-end=\"3669\">\n<p data-start=\"3640\" data-end=\"3669\">1 \u00d7 Kit complet de fixation<\/p>\n<\/li>\n<li data-start=\"3670\" data-end=\"3697\">\n<p data-start=\"3672\" data-end=\"3697\">1 \u00d7 Manuel d\u2019installation<\/p>\n<\/li>\n<\/ul>\n<p>Commandez maintenant votre nouvelle serrure intelligente Elite Pro sur www.binaa.ma et profitez de la s\u00e9curit\u00e9 et de la commodit\u00e9 d\u2019une serrure connect\u00e9e avec installation personnalis\u00e9e.<\/p>\n<p>\u00a0<\/p>","protected":false},"excerpt":{"rendered":"<p>Marque Tuya Mod\u00e8le Elite Pro Face ID Certifications CE, FCC Technologie de reconnaissance 3D Face Recognition 3.0, reconnaissance palmaire AI,<\/p>","protected":false},"featured_media":32350,"comment_status":"open","ping_status":"closed","template":"","meta":[],"product_brand":[],"product_cat":[23],"product_tag":[911,913,918,919,1085,1066,1067,1068,1069,1070,1071,1072,1073,1074,1088,1076,1077,1078,1079,975,1080,1081,1082,1083,1084,989,920,921],"class_list":{"0":"post-32029","1":"product","2":"type-product","3":"status-publish","4":"has-post-thumbnail","6":"product_cat-default","7":"product_tag-accessoires-de-domotique","8":"product_tag-appareils-connectes","9":"product_tag-maison-intelligente","10":"product_tag-outils-pour-la-domotique","11":"product_tag-securite-maison","12":"product_tag-serrure-acces-mobile","13":"product_tag-serrure-avec-application","14":"product_tag-serrure-avec-camera","15":"product_tag-serrure-binaa-ma","16":"product_tag-serrure-biometrique","17":"product_tag-serrure-bluetooth","18":"product_tag-serrure-connectee","19":"product_tag-serrure-digitale-maroc","20":"product_tag-serrure-domotique","21":"product_tag-serrure-elite-pro","22":"product_tag-serrure-face-id","23":"product_tag-serrure-haut-de-gamme","24":"product_tag-serrure-intelligente","25":"product_tag-serrure-intelligente-avec-installation","26":"product_tag-serrure-intelligente-face-id","27":"product_tag-serrure-paume-de-main","28":"product_tag-serrure-porte-blindee","29":"product_tag-serrure-tuya","30":"product_tag-serrure-video-maroc","31":"product_tag-serrure-wifi","32":"product_tag-serrures-connectees","33":"product_tag-smart-home","34":"product_tag-solutions-de-maison-intelligente","36":"first","37":"instock","38":"sale","39":"shipping-taxable","40":"purchasable","41":"product-type-variable"},"jetpack_sharing_enabled":true,"_links":{"self":[{"href":"https:\/\/e-maestros.ma\/fr\/wp-json\/wp\/v2\/product\/32029","targetHints":{"allow":["GET"]}}],"collection":[{"href":"https:\/\/e-maestros.ma\/fr\/wp-json\/wp\/v2\/product"}],"about":[{"href":"https:\/\/e-maestros.ma\/fr\/wp-json\/wp\/v2\/types\/product"}],"replies":[{"embeddable":true,"href":"https:\/\/e-maestros.ma\/fr\/wp-json\/wp\/v2\/comments?post=32029"}],"version-history":[{"count":4,"href":"https:\/\/e-maestros.ma\/fr\/wp-json\/wp\/v2\/product\/32029\/revisions"}],"predecessor-version":[{"id":32349,"href":"https:\/\/e-maestros.ma\/fr\/wp-json\/wp\/v2\/product\/32029\/revisions\/32349"}],"wp:featuredmedia":[{"embeddable":true,"href":"https:\/\/e-maestros.ma\/fr\/wp-json\/wp\/v2\/media\/32350"}],"wp:attachment":[{"href":"https:\/\/e-maestros.ma\/fr\/wp-json\/wp\/v2\/media?parent=32029"}],"wp:term":[{"taxonomy":"product_brand","embeddable":true,"href":"https:\/\/e-maestros.ma\/fr\/wp-json\/wp\/v2\/product_brand?post=32029"},{"taxonomy":"product_cat","embeddable":true,"href":"https:\/\/e-maestros.ma\/fr\/wp-json\/wp\/v2\/product_cat?post=32029"},{"taxonomy":"product_tag","embeddable":true,"href":"https:\/\/e-maestros.ma\/fr\/wp-json\/wp\/v2\/product_tag?post=32029"}],"curies":[{"name":"wp","href":"https:\/\/api.w.org\/{rel}","templated":true}]}}