{"id":32031,"date":"2025-11-11T16:53:48","date_gmt":"2025-11-11T16:53:48","guid":{"rendered":"https:\/\/e-maestros.ma\/shop\/uncategorized\/serrure-intelligente-em21-wifi\/"},"modified":"2025-11-11T16:53:49","modified_gmt":"2025-11-11T16:53:49","slug":"serrure-intelligente-em21-wifi","status":"publish","type":"product","link":"https:\/\/e-maestros.ma\/fr\/boutique\/par-defaut\/serrure-intelligente-em21-wifi\/","title":{"rendered":"Serrure intelligente EM21 Wifi"},"content":{"rendered":"<div class=\"relative flex w-full flex-col lg:w-[calc(100%-115px)] agent-turn\">\n<div class=\"flex-col gap-1 md:gap-3\">\n<div class=\"flex flex-grow flex-col max-w-full\">\n<div class=\"text-message flex flex-col items-start gap-3 whitespace-pre-wrap break-words [.text-message+&#038;]:mt-5 overflow-x-auto\" data-message-id=\"6974cf99-b4e6-4150-b8d4-418f7d7450df\" data-message-author-role=\"assistant\">\n<div class=\"markdown prose w-full break-words dark:prose-invert dark\">\n<p>\u00a0<\/p>\n<table>\n<tbody>\n<tr>\n<td style=\"text-align: left;\"><strong>Marque<\/strong><\/td>\n<td>Tuya<\/td>\n<\/tr>\n<tr>\n<td style=\"text-align: left;\"><strong>Mod\u00e8le<\/strong><\/td>\n<td>EM21 Wifi Tuya<\/td>\n<\/tr>\n<tr>\n<td style=\"text-align: left;\"><strong>Porte Compatible<\/strong><\/td>\n<td>Porte en bois, en acier, en acier inoxydable, en aluminium, en laiton<\/td>\n<\/tr>\n<tr>\n<td style=\"text-align: left;\"><strong>R\u00e9seau<\/strong><\/td>\n<td>Wi-Fi\/Bluetooth<\/td>\n<\/tr>\n<tr>\n<td style=\"text-align: left;\"><strong>Stockage de Donn\u00e9es<\/strong><\/td>\n<td>Cloud, Carte m\u00e9moire<\/td>\n<\/tr>\n<tr>\n<td style=\"text-align: left;\"><strong>Certifications<\/strong><\/td>\n<td>CE, ROHS, FCC<\/td>\n<\/tr>\n<tr>\n<td style=\"text-align: left;\"><strong>Mat\u00e9riau<\/strong><\/td>\n<td>Alliage de zinc<\/td>\n<\/tr>\n<tr>\n<td style=\"text-align: left;\"><strong>Modes d&#8217;acc\u00e8s<\/strong><\/td>\n<td>Application mobile, Empreintes Digitales, Mots de Passe, Cartes, Cl\u00e9s m\u00e9caniques<\/td>\n<\/tr>\n<tr>\n<td style=\"text-align: left;\"><strong>Empreintes Digitales<\/strong><\/td>\n<td>200 (ensemble)<\/td>\n<\/tr>\n<tr>\n<td style=\"text-align: left;\"><strong>\u00c9paisseur de Porte<\/strong><\/td>\n<td>40-110mm<\/td>\n<\/tr>\n<tr>\n<td style=\"text-align: left;\"><strong>Alarme<\/strong><\/td>\n<td>Oui<\/td>\n<\/tr>\n<tr>\n<td style=\"text-align: left;\"><strong>Couleur<\/strong><\/td>\n<td>Gris<\/td>\n<\/tr>\n<tr>\n<td style=\"text-align: left;\"><strong>Batterie<\/strong><\/td>\n<td>Batterie au lithium-ion rechargeable 7.4V 4200mAh<\/td>\n<\/tr>\n<tr>\n<td style=\"text-align: left;\"><strong>Applications<\/strong><\/td>\n<td>Appartement, Villa, Bureau, H\u00f4tel<\/td>\n<\/tr>\n<tr>\n<td style=\"text-align: left;\"><strong>Garantie<\/strong><\/td>\n<td>24 mois<\/td>\n<\/tr>\n<tr>\n<td style=\"text-align: left;\"><strong>Vendu par<\/strong><\/td>\n<td>www.binaa.ma<\/td>\n<\/tr>\n<\/tbody>\n<\/table>\n<p>\u00a0<\/p>\n<p><strong>Serrure Intelligente EM21 Wifi\u00a0<\/strong><\/p>\n<p><em>S\u00e9curit\u00e9 Avanc\u00e9e et Commande Flexible<\/em><\/p>\n<p>\u00c9levez la s\u00e9curit\u00e9 de votre domicile ou bureau avec la serrure intelligente EM21 Wifi.<\/p>\n<p>Profitez d&#8217;un contr\u00f4le sans pr\u00e9c\u00e9dent gr\u00e2ce \u00e0 des options de verrouillage diversifi\u00e9es, incluant empreintes digitales, smartphone, cartes RFID, codes num\u00e9riques ou cl\u00e9s traditionnelles.<\/p>\n<p>Simplifiez votre quotidien avec cette technologie s\u00e9curis\u00e9e et polyvalente.<\/p>\n<p><strong>Installation et Utilisation Faciles<\/strong><\/p>\n<p>L&#8217;installation de la serrure EM21 Wifi de Tuya est un jeu d&#8217;enfant, s&#8217;adaptant \u00e0 toutes portes de 40 \u00e0 110 mm d&#8217;\u00e9paisseur.<\/p>\n<p>Certifi\u00e9e CE, ROHS, et FCC, elle offre une interface utilisateur intuitive et des commandes ais\u00e9es via l&#8217;application mobile d\u00e9di\u00e9e, compatible Wi-Fi et Bluetooth.<\/p>\n<p><strong>Caract\u00e9ristiques Innovantes pour une S\u00e9curit\u00e9 Renforc\u00e9e<\/strong><\/p>\n<ul>\n<li>\n<p><strong>Gestion \u00e0 Distance:<\/strong> Contr\u00f4lez l&#8217;acc\u00e8s via l&#8217;application Tuya Smart, assurant une gestion s\u00e9curis\u00e9e et \u00e0 distance.<\/p>\n<\/li>\n<li>\n<p><strong>Options Multiples de D\u00e9verrouillage:<\/strong> Empreintes digitales, codes PIN (jusqu&#8217;\u00e0 150), cartes magn\u00e9tiques (200), et cl\u00e9s physiques ou num\u00e9riques.<\/p>\n<\/li>\n<li>\n<p><strong>Haute Technologie:<\/strong> Cam\u00e9ra HD, alarme int\u00e9gr\u00e9e, et protection IP55 contre l&#8217;eau et la corrosion enrichissent ses fonctionnalit\u00e9s.<\/p>\n<\/li>\n<\/ul>\n<p><strong>Contenu de l&#8217;Emballage<\/strong><\/p>\n<p>Votre serrure EM21 Wifi de Tuya arrive avec tout le n\u00e9cessaire pour une installation imm\u00e9diate, y compris un pack de vis, deux cl\u00e9s m\u00e9caniques, deux cartes magn\u00e9tiques, et un manuel d&#8217;utilisation complet.<\/p>\n<p><strong>Pourquoi Choisir la Serrure EM21 Wifi ?<\/strong><\/p>\n<p>Achetez maintenant sur binaa.ma et b\u00e9n\u00e9ficiez de l&#8217;option d&#8217;installation professionnelle, du meilleur prix et d&#8217;une livraison rapide au Maroc.<\/p>\n<p>S\u00e9curisez votre espace avec la EM21 Wifi Tuya, la serrure intelligente qui allie technologie et confort, vous garantissant tranquillit\u00e9 d&#8217;esprit et contr\u00f4le total.<\/p>\n<p><strong>\u00a0<\/strong><\/p>\n<\/div>\n<\/div>\n<\/div>\n<\/div>\n<\/div>\n","protected":false},"excerpt":{"rendered":"<p>\u00a0 Marque Tuya Mod\u00e8le EM21 Wifi Tuya Porte Compatible Porte en bois, en acier, en acier inoxydable, en aluminium, en<\/p>","protected":false},"featured_media":32351,"comment_status":"open","ping_status":"closed","template":"","meta":[],"product_brand":[],"product_cat":[23],"product_tag":[911,913,1087,918,919,989,920,921],"class_list":{"0":"post-32031","1":"product","2":"type-product","3":"status-publish","4":"has-post-thumbnail","6":"product_cat-default","7":"product_tag-accessoires-de-domotique","8":"product_tag-appareils-connectes","9":"product_tag-face-id","10":"product_tag-maison-intelligente","11":"product_tag-outils-pour-la-domotique","12":"product_tag-serrures-connectees","13":"product_tag-smart-home","14":"product_tag-solutions-de-maison-intelligente","16":"first","17":"instock","18":"sale","19":"shipping-taxable","20":"purchasable","21":"product-type-variable"},"jetpack_sharing_enabled":true,"_links":{"self":[{"href":"https:\/\/e-maestros.ma\/fr\/wp-json\/wp\/v2\/product\/32031","targetHints":{"allow":["GET"]}}],"collection":[{"href":"https:\/\/e-maestros.ma\/fr\/wp-json\/wp\/v2\/product"}],"about":[{"href":"https:\/\/e-maestros.ma\/fr\/wp-json\/wp\/v2\/types\/product"}],"replies":[{"embeddable":true,"href":"https:\/\/e-maestros.ma\/fr\/wp-json\/wp\/v2\/comments?post=32031"}],"version-history":[{"count":0,"href":"https:\/\/e-maestros.ma\/fr\/wp-json\/wp\/v2\/product\/32031\/revisions"}],"wp:featuredmedia":[{"embeddable":true,"href":"https:\/\/e-maestros.ma\/fr\/wp-json\/wp\/v2\/media\/32351"}],"wp:attachment":[{"href":"https:\/\/e-maestros.ma\/fr\/wp-json\/wp\/v2\/media?parent=32031"}],"wp:term":[{"taxonomy":"product_brand","embeddable":true,"href":"https:\/\/e-maestros.ma\/fr\/wp-json\/wp\/v2\/product_brand?post=32031"},{"taxonomy":"product_cat","embeddable":true,"href":"https:\/\/e-maestros.ma\/fr\/wp-json\/wp\/v2\/product_cat?post=32031"},{"taxonomy":"product_tag","embeddable":true,"href":"https:\/\/e-maestros.ma\/fr\/wp-json\/wp\/v2\/product_tag?post=32031"}],"curies":[{"name":"wp","href":"https:\/\/api.w.org\/{rel}","templated":true}]}}