{"id":32041,"date":"2025-11-11T16:53:50","date_gmt":"2025-11-11T16:53:50","guid":{"rendered":"https:\/\/e-maestros.ma\/shop\/uncategorized\/serrure-intelligente-face-id-pro\/"},"modified":"2025-11-11T16:57:43","modified_gmt":"2025-11-11T16:57:43","slug":"serrure-intelligente-face-id-pro","status":"publish","type":"product","link":"https:\/\/e-maestros.ma\/fr\/boutique\/par-defaut\/serrure-intelligente-face-id-pro\/","title":{"rendered":"Serrure intelligente Face ID Pro"},"content":{"rendered":"<p>\u00a0<\/p>\n<table>\n<tbody>\n<tr>\n<td style=\"text-align: left;\"><strong>Marque<\/strong><\/td>\n<td>Tuya<\/td>\n<\/tr>\n<tr>\n<td style=\"text-align: left;\"><strong>Mod\u00e8le<\/strong><\/td>\n<td>Face ID Pro<\/td>\n<\/tr>\n<tr>\n<td style=\"text-align: left;\"><strong>Connectivit\u00e9<\/strong><\/td>\n<td>Wi-Fi<\/td>\n<\/tr>\n<tr>\n<td style=\"text-align: left;\"><strong>Mat\u00e9riaux<\/strong><\/td>\n<td>Alliage d&#8217;aluminium, finition IML<\/td>\n<\/tr>\n<tr>\n<td style=\"text-align: left;\"><strong>Couleur<\/strong><\/td>\n<td>Gris<\/td>\n<\/tr>\n<tr>\n<td style=\"text-align: left;\"><strong>Modes d'acc\u00e8s<\/strong><\/td>\n<td>App Xhome\/Tuya, carte, mot de passe, cl\u00e9, veine du doigt, reconnaissance faciale<\/td>\n<\/tr>\n<tr>\n<td style=\"text-align: left;\"><strong>\u00c9paisseur de Porte<\/strong><\/td>\n<td>40-110mm<\/td>\n<\/tr>\n<tr>\n<td style=\"text-align: left;\"><strong>Garantie<\/strong><\/td>\n<td>24 mois\n<\/td>\n<\/tr>\n<tr>\n<td style=\"text-align: left;\"><strong>Batterie<\/strong><\/td>\n<td>4200mAh, lithium-ion rechargeable<\/td>\n<\/tr>\n<tr>\n<td style=\"text-align: left;\"><strong>Dimensions<\/strong><\/td>\n<td>77mm (largeur \u00e9cran), 75mm (largeur poign\u00e9e), 430mm (hauteur)<\/td>\n<\/tr>\n<tr>\n<td style=\"text-align: left;\"><strong>Certifications<\/strong><\/td>\n<td>CE, ROHS<\/td>\n<\/tr>\n<tr>\n<td style=\"text-align: left;\"><strong>Vendu par<\/strong><\/td>\n<td>www.binaa.ma<\/td>\n<\/tr>\n<\/tbody>\n<\/table>\n<p>\u00a0<\/p>\n<p><meta charset=\"UTF-8\"><strong>S\u00e9curit\u00e9 et \u00c9l\u00e9gance \u00e0 la Pointe de la Technologie<\/strong><span> <\/span><\/p>\n<p><em>Quand l&#8217;innovation rencontre le design!<\/em><\/p>\n<p><meta charset=\"utf-8\">D\u00e9couvrez la serrure du futur &#8211; La garantie d&#8217;une maison s\u00e9curis\u00e9e et connect\u00e9e.<\/p>\n<p><meta charset=\"utf-8\">Dot\u00e9e d\u2019une cam\u00e9ra UHD, d\u2019un interphone vid\u00e9o en temps r\u00e9el et d\u2019un \u00e9cran HD, la Face ID Pro combine \u00e9l\u00e9gance et technologie avanc\u00e9e.<\/p>\n<p>Avec la reconnaissance faciale, profitez d\u2019un acc\u00e8s s\u00e9curis\u00e9 et personnalis\u00e9. Optez pour une s\u00e9curit\u00e9 de pointe d\u00e8s aujourd\u2019hui.<\/p>\n<p><meta charset=\"utf-8\"><img loading=\"lazy\" decoding=\"async\" alt=\"\" src=\"https:\/\/e-maestros.ma\/wp-content\/uploads\/2025\/11\/amazon-alexa-voice-assistance-voix-assistant-vocal-serrure-intelligente-connectee-poignee-digitale-x5-pro-wifi-tuya.png?v=1732632380\" width=\"171\" height=\"61\"> <meta charset=\"utf-8\"><img loading=\"lazy\" decoding=\"async\" alt=\"\" src=\"https:\/\/e-maestros.ma\/wp-content\/uploads\/2025\/11\/google-home-voice-assistance-voix-assistant-vocal-serrure-intelligente-connectee-poignee-digitale-x5-pro-wifi-tuya.png?v=1732632429\" width=\"171\" height=\"61\"><\/p>\n<p><strong>Au C\u0153ur de Votre Quotidien<\/strong><\/p>\n<ul>\n<li>\n<strong>Reconnaissance Biom\u00e9trique Avanc\u00e9e<\/strong>: Votre visage et vos empreintes digitales deviennent vos cl\u00e9s infaillibles.<\/li>\n<li>\n<strong>Contr\u00f4le Total depuis Votre Mobile<\/strong>: Ouvrez et surveillez votre porte o\u00f9 que vous soyez gr\u00e2ce \u00e0 l&#8217;application intuitive.<\/li>\n<li>\n<strong>Adaptable et Intelligente<\/strong>: Elle\u00a0s&#8217;ajuste \u00e0 la hauteur de chaque membre de la famille, du plus petit au plus grand.<\/li>\n<li>\n<strong>Une Fiabilit\u00e9 Sans Faille<\/strong>: Avec un taux de m\u00e9sidentification quasi nul, la s\u00e9curit\u00e9 est \u00e0 l&#8217;\u00e9preuve des erreurs.<\/li>\n<li>\n<strong>Vision Nocturne In\u00e9gal\u00e9e<\/strong>: La reconnaissance faciale se fait lumineuse de jour comme de nuit.<\/li>\n<\/ul>\n<p><meta charset=\"utf-8\"><img loading=\"lazy\" decoding=\"async\" alt=\"\" src=\"https:\/\/e-maestros.ma\/wp-content\/uploads\/2025\/11\/app-mobile-appli-tuya-smart-serrure-intelligente-connectee-poignee-digitale-x5-pro-wifi-tuya.png?v=1732632043\" width=\"171\" height=\"61\"> <meta charset=\"utf-8\"><img loading=\"lazy\" decoding=\"async\" alt=\"\" src=\"https:\/\/e-maestros.ma\/wp-content\/uploads\/2025\/11\/app-mobile-appli-smart-life-serrure-intelligente-connectee-poignee-digitale-x5-pro-wifi-tuya.png?v=1732632098\" width=\"171\" height=\"61\"><\/p>\n<p><strong>Service d'Installation en Option<\/strong><\/p>\n<p><span>Optez pour notre service d&#8217;installation personnalis\u00e9. Nos experts s&#8217;adaptent \u00e0 votre emploi du temps et \u00e0 la sp\u00e9cificit\u00e9 de vos besoins pour une mise en place sans accroc de votre serrure intelligente.<\/span><\/p>\n<p><strong>Un Monde de Fonctionnalit\u00e9s<\/strong><\/p>\n<ul>\n<li>\n<strong>\u00c9cran Tactile HD<\/strong>: Une clart\u00e9 cristalline pour une interaction fluide et agr\u00e9able.<\/li>\n<li>\n<strong>Reconnaissance Faciale 3D Bionique<\/strong>: Une s\u00e9curit\u00e9 qui \u00e9volue avec vous, reconnaissant chaque changement de votre visage.<\/li>\n<li>\n<strong>Capteurs de Veines du Doigt<\/strong>: Pour ceux qui d\u00e9sirent une couche suppl\u00e9mentaire de protection biom\u00e9trique.<\/li>\n<li>\n<strong>Alertes Intelligentes<\/strong>: Soyez inform\u00e9 en temps r\u00e9el des activit\u00e9s suspectes \u00e0 votre porte.<\/li>\n<\/ul>\n<p><img loading=\"lazy\" decoding=\"async\" height=\"62\" width=\"173\" src=\"https:\/\/e-maestros.ma\/wp-content\/uploads\/2025\/11\/7_3cf554d3-157e-4ffd-8873-ae31bb6cedf9.png?v=1734034579\" alt=\"\"> <meta charset=\"utf-8\"><img loading=\"lazy\" decoding=\"async\" alt=\"\" src=\"https:\/\/e-maestros.ma\/wp-content\/uploads\/2025\/11\/9_a3490073-3c45-4da8-a6f6-eb82050c9b54.png?v=1734034579\" width=\"173\" height=\"62\"><\/p>\n<p><img loading=\"lazy\" decoding=\"async\" style=\"font-family: -apple-system, BlinkMacSystemFont, 'San Francisco', 'Segoe UI', Roboto, 'Helvetica Neue', sans-serif; font-size: 0.875rem;\" alt=\"\" src=\"https:\/\/e-maestros.ma\/wp-content\/uploads\/2025\/11\/8_3ffc274e-36b8-46b5-9da7-2a5966345353.png?v=1734034580\" width=\"175\" height=\"63\"> <meta charset=\"utf-8\"><img loading=\"lazy\" decoding=\"async\" alt=\"\" src=\"https:\/\/e-maestros.ma\/wp-content\/uploads\/2025\/11\/5_fb2bf303-f22a-4c51-9972-93c0473de761.png?v=1734034579\" width=\"173\" height=\"62\"><\/p>\n<p><meta charset=\"UTF-8\"><strong>Le summum de la s\u00e9curit\u00e9!<\/strong><\/p>\n<ul>\n<li>\n<strong>Technologie Avanc\u00e9e<\/strong>: Capteurs biom\u00e9triques de pointe pour une reconnaissance imm\u00e9diate.<\/li>\n<li>\n<strong>Polyvalence<\/strong>: Multiple options de d\u00e9verrouillage, de la veine du doigt \u00e0 la cl\u00e9 m\u00e9canique traditionnelle.<\/li>\n<li>\n<strong>Connexion Permanente<\/strong>: Restez connect\u00e9 \u00e0 votre domicile gr\u00e2ce au Wi-Fi int\u00e9gr\u00e9.<\/li>\n<li>\n<strong>Alarmes Intuitives<\/strong> : Des alertes imm\u00e9diates pour toutes tentatives de for\u00e7age ou batteries faibles.<\/li>\n<li>\n<strong>\u00c9conomie d&#8217;\u00c9nergie<\/strong>: Une batterie longue dur\u00e9e pour moins de soucis et plus de s\u00e9curit\u00e9.<\/li>\n<li>\n<strong>Compatibilit\u00e9<\/strong>: Parfait pour une large gamme d&#8217;\u00e9paisseurs de portes, de 40 \u00e0 120 mm.<\/li>\n<\/ul>\n<p><meta charset=\"UTF-8\"><meta charset=\"UTF-8\"><strong>Tout ce dont Vous Avez Besoin!<\/strong><\/p>\n<ul>\n<li>\n<span><\/span>1 <meta charset=\"utf-8\"> <span>\u00d7 s<\/span>errure intelligente Face ID Pro<\/li>\n<li>2 <meta charset=\"utf-8\"> <span>\u00d7 <\/span>cl\u00e9s m\u00e9caniques<\/li>\n<li>2 <meta charset=\"utf-8\"> <span>\u00d7 <\/span>cartes magn\u00e9tiques<\/li>\n<li>1 <meta charset=\"utf-8\"> <span>\u00d7 k<\/span>it de montage complet<\/li>\n<li>1 <meta charset=\"utf-8\"> <span>\u00d7 m<\/span>anuel d&#8217;utilisation d\u00e9taill\u00e9\n<\/li>\n<\/ul>","protected":false},"excerpt":{"rendered":"<p>\u00a0 Marque Tuya Mod\u00e8le Face ID Pro Connectivit\u00e9 Wi-Fi Mat\u00e9riaux Alliage d'aluminium, finition IML Couleur Gris Modes d'acc\u00e8s App Xhome\/Tuya,<\/p>","protected":false},"featured_media":32369,"comment_status":"open","ping_status":"closed","template":"","meta":[],"product_brand":[],"product_cat":[23],"product_tag":[911,913,918,919,989,920,921],"class_list":{"0":"post-32041","1":"product","2":"type-product","3":"status-publish","4":"has-post-thumbnail","6":"product_cat-default","7":"product_tag-accessoires-de-domotique","8":"product_tag-appareils-connectes","9":"product_tag-maison-intelligente","10":"product_tag-outils-pour-la-domotique","11":"product_tag-serrures-connectees","12":"product_tag-smart-home","13":"product_tag-solutions-de-maison-intelligente","15":"first","16":"instock","17":"sale","18":"shipping-taxable","19":"purchasable","20":"product-type-variable"},"jetpack_sharing_enabled":true,"_links":{"self":[{"href":"https:\/\/e-maestros.ma\/fr\/wp-json\/wp\/v2\/product\/32041","targetHints":{"allow":["GET"]}}],"collection":[{"href":"https:\/\/e-maestros.ma\/fr\/wp-json\/wp\/v2\/product"}],"about":[{"href":"https:\/\/e-maestros.ma\/fr\/wp-json\/wp\/v2\/types\/product"}],"replies":[{"embeddable":true,"href":"https:\/\/e-maestros.ma\/fr\/wp-json\/wp\/v2\/comments?post=32041"}],"version-history":[{"count":8,"href":"https:\/\/e-maestros.ma\/fr\/wp-json\/wp\/v2\/product\/32041\/revisions"}],"predecessor-version":[{"id":32368,"href":"https:\/\/e-maestros.ma\/fr\/wp-json\/wp\/v2\/product\/32041\/revisions\/32368"}],"wp:featuredmedia":[{"embeddable":true,"href":"https:\/\/e-maestros.ma\/fr\/wp-json\/wp\/v2\/media\/32369"}],"wp:attachment":[{"href":"https:\/\/e-maestros.ma\/fr\/wp-json\/wp\/v2\/media?parent=32041"}],"wp:term":[{"taxonomy":"product_brand","embeddable":true,"href":"https:\/\/e-maestros.ma\/fr\/wp-json\/wp\/v2\/product_brand?post=32041"},{"taxonomy":"product_cat","embeddable":true,"href":"https:\/\/e-maestros.ma\/fr\/wp-json\/wp\/v2\/product_cat?post=32041"},{"taxonomy":"product_tag","embeddable":true,"href":"https:\/\/e-maestros.ma\/fr\/wp-json\/wp\/v2\/product_tag?post=32041"}],"curies":[{"name":"wp","href":"https:\/\/api.w.org\/{rel}","templated":true}]}}