{"id":32049,"date":"2025-11-11T16:53:50","date_gmt":"2025-11-11T16:53:50","guid":{"rendered":"https:\/\/e-maestros.ma\/shop\/uncategorized\/serrure-intelligente-i30-face-id\/"},"modified":"2025-11-11T16:57:54","modified_gmt":"2025-11-11T16:57:54","slug":"serrure-intelligente-i30-face-id","status":"publish","type":"product","link":"https:\/\/e-maestros.ma\/fr\/boutique\/par-defaut\/serrure-intelligente-i30-face-id\/","title":{"rendered":"Serrure intelligente I30 Face ID"},"content":{"rendered":"<p>\u00a0<\/p>\n<table style=\"width: 100.088%; height: 431.064px;\">\n<tbody>\n<tr style=\"height: 19.5938px;\">\n<td style=\"text-align: left; width: 46.4292%; height: 19.5938px;\"><strong>Marque<\/strong><\/td>\n<td style=\"width: 53.215%; height: 19.5938px;\">Tuya<\/td>\n<\/tr>\n<tr style=\"height: 19.5938px;\">\n<td style=\"text-align: left; width: 46.4292%; height: 19.5938px;\"><strong>Mod\u00e8le<\/strong><\/td>\n<td style=\"width: 53.215%; height: 19.5938px;\">\n<div>\n<span style=\"font-family: -apple-system, BlinkMacSystemFont, 'San Francisco', 'Segoe UI', Roboto, 'Helvetica Neue', sans-serif; font-size: 0.875rem;\">I30 Face ID<\/span><br \/><meta charset=\"utf-8\">\n<\/div>\n<\/td>\n<\/tr>\n<tr style=\"height: 19.5938px;\">\n<td style=\"text-align: left; width: 46.4292%; height: 19.5938px;\"><strong>Capacit\u00e9 d'empreintes digitales<\/strong><\/td>\n<td style=\"width: 53.215%; height: 19.5938px;\">200 empreintes<\/td>\n<\/tr>\n<tr style=\"height: 19.5938px;\">\n<td style=\"text-align: left; width: 46.4292%; height: 19.5938px;\"><strong>Capacit\u00e9 de cartes IC<\/strong><\/td>\n<td style=\"width: 53.215%; height: 19.5938px;\">200 cartes<\/td>\n<\/tr>\n<tr style=\"height: 19.5938px;\">\n<td style=\"text-align: left; width: 46.4292%; height: 19.5938px;\"><strong>Cam\u00e9ra<\/strong><\/td>\n<td style=\"width: 53.215%; height: 19.5938px;\">UHD, vision nocturne, 1080P<\/td>\n<\/tr>\n<tr style=\"height: 19.5938px;\">\n<td style=\"text-align: left; width: 46.4292%; height: 19.5938px;\"><strong>\u00c9cran<\/strong><\/td>\n<td style=\"width: 53.215%; height: 19.5938px;\">Tactile 5 pouces<\/td>\n<\/tr>\n<tr style=\"height: 19.5938px;\">\n<td style=\"text-align: left; width: 46.4292%; height: 19.5938px;\"><strong>Alimentation<\/strong><\/td>\n<td style=\"width: 53.215%; height: 19.5938px;\">Batterie lithium 5000mAh<\/td>\n<\/tr>\n<tr style=\"height: 19.5938px;\">\n<td style=\"text-align: left; width: 46.4292%; height: 19.5938px;\"><strong>Recharge<\/strong><\/td>\n<td style=\"width: 53.215%; height: 19.5938px;\">USB 5V<\/td>\n<\/tr>\n<tr style=\"height: 19.5938px;\">\n<td style=\"text-align: left; width: 46.4292%; height: 19.5938px;\"><strong>Distance de reconnaissance<\/strong><\/td>\n<td style=\"width: 53.215%; height: 19.5938px;\">30~80cm<\/td>\n<\/tr>\n<tr style=\"height: 19.5938px;\">\n<td style=\"text-align: left; width: 46.4292%; height: 19.5938px;\"><strong>Luminosit\u00e9 ambiante<\/strong><\/td>\n<td style=\"width: 53.215%; height: 19.5938px;\">0~5000Lux<\/td>\n<\/tr>\n<tr style=\"height: 19.5938px;\">\n<td style=\"text-align: left; width: 46.4292%; height: 19.5938px;\"><strong>Temp\u00e9rature d'op\u00e9ration<\/strong><\/td>\n<td style=\"width: 53.215%; height: 19.5938px;\">-30 \u00e0 60\u00b0C<\/td>\n<\/tr>\n<tr style=\"height: 19.5938px;\">\n<td style=\"text-align: left; width: 46.4292%; height: 19.5938px;\"><strong>Humidit\u00e9<\/strong><\/td>\n<td style=\"width: 53.215%; height: 19.5938px;\">\u226480%<\/td>\n<\/tr>\n<tr style=\"height: 19.5938px;\">\n<td style=\"text-align: left; width: 46.4292%; height: 19.5938px;\"><strong>Mat\u00e9riau<\/strong><\/td>\n<td style=\"width: 53.215%; height: 19.5938px;\">Alliage de zinc<\/td>\n<\/tr>\n<tr style=\"height: 19.5938px;\">\n<td style=\"text-align: left; width: 46.4292%; height: 19.5938px;\"><strong>Connectivit\u00e9<\/strong><\/td>\n<td style=\"width: 53.215%; height: 19.5938px;\">Wi-Fi<\/td>\n<\/tr>\n<tr style=\"height: 19.5938px;\">\n<td style=\"text-align: left; width: 46.4292%; height: 19.5938px;\"><strong>Compatibilit\u00e9 maison intelligente<\/strong><\/td>\n<td style=\"width: 53.215%; height: 19.5938px;\">Oui, multiplateformes<\/td>\n<\/tr>\n<tr style=\"height: 19.5938px;\">\n<td style=\"text-align: left; width: 46.4292%; height: 19.5938px;\"><strong>Dimensions (avant)<\/strong><\/td>\n<td style=\"width: 53.215%; height: 19.5938px;\">438mm x 70mm x 56mm<\/td>\n<\/tr>\n<tr style=\"height: 19.5938px;\">\n<td style=\"text-align: left; width: 46.4292%; height: 19.5938px;\"><strong>Dimensions (dos)<\/strong><\/td>\n<td style=\"width: 53.215%; height: 19.5938px;\">435mm x 80mm x 70mm<\/td>\n<\/tr>\n<tr style=\"height: 19.5938px;\">\n<td style=\"text-align: left; width: 46.4292%; height: 19.5938px;\"><strong>Couleur disponible<\/strong><\/td>\n<td style=\"width: 53.215%; height: 19.5938px;\">Noir<\/td>\n<\/tr>\n<tr style=\"height: 19.5938px;\">\n<td style=\"text-align: left; width: 46.4292%; height: 19.5938px;\"><strong>Type de porte<\/strong><\/td>\n<td style=\"width: 53.215%; height: 19.5938px;\">Acier, Bois, Laiton, Acier inoxydable, etc.<\/td>\n<\/tr>\n<tr style=\"height: 19.5938px;\">\n<td style=\"text-align: left; width: 46.4292%; height: 19.5938px;\"><strong>\u00c9paisseur de porte<\/strong><\/td>\n<td style=\"width: 53.215%; height: 19.5938px;\">35mm-120mm<\/td>\n<\/tr>\n<tr style=\"height: 19.5938px;\">\n<td style=\"text-align: left; width: 46.4292%; height: 19.5938px;\"><strong>Certifications<\/strong><\/td>\n<td style=\"width: 53.215%; height: 19.5938px;\">CE, FCC<\/td>\n<\/tr>\n<tr style=\"height: 19.5938px;\">\n<td style=\"text-align: left; width: 46.4292%; height: 19.5938px;\"><strong>Fonctionnalit\u00e9s sp\u00e9ciales<\/strong><\/td>\n<td style=\"width: 53.215%; height: 19.5938px;\">Sonnette int\u00e9gr\u00e9e, vid\u00e9o bidirectionnelle<\/td>\n<\/tr>\n<tr>\n<td style=\"width: 46.4292%; text-align: left;\"><strong>Vendu par<\/strong><\/td>\n<td style=\"width: 53.215%;\">www.binaa.ma<\/td>\n<\/tr>\n<\/tbody>\n<\/table>\n<p>\u00a0<\/p>\n<p><strong>Optez pour une technologie intelligente, garante de votre tranquillit\u00e9 future !<\/strong><\/p>\n<p><em>Une solution intelligente pour un avenir serein.<\/em><\/p>\n<p>R\u00e9volutionnez votre acc\u00e8s avec la serrure intelligente I30 Face ID, un symbole de s\u00e9curit\u00e9 avanc\u00e9e pour votre maison ou bureau.<\/p>\n<p>Cette serrure haute technologie int\u00e8gre un d\u00e9tecteur de mouvement, une cam\u00e9ra UHD, une sonnette vid\u00e9o, et Face ID pour une protection sans pr\u00e9c\u00e9dent.<\/p>\n<p><meta charset=\"utf-8\"><img loading=\"lazy\" decoding=\"async\" height=\"61\" width=\"171\" src=\"https:\/\/e-maestros.ma\/wp-content\/uploads\/2025\/11\/amazon-alexa-voice-assistance-voix-assistant-vocal-serrure-intelligente-connectee-poignee-digitale-x5-pro-wifi-tuya.png?v=1732632380\" alt=\"\"> <meta charset=\"utf-8\"><img loading=\"lazy\" decoding=\"async\" height=\"61\" width=\"171\" src=\"https:\/\/e-maestros.ma\/wp-content\/uploads\/2025\/11\/google-home-voice-assistance-voix-assistant-vocal-serrure-intelligente-connectee-poignee-digitale-x5-pro-wifi-tuya.png?v=1732632429\" alt=\"\"><\/p>\n<p><strong>Offrez-vous des options d'acc\u00e8s diversifi\u00e9es !<\/strong><\/p>\n<ul>\n<li>Reconnaissance faciale<\/li>\n<li>Code PIN<\/li>\n<li>Empreinte digitale<\/li>\n<li>Cartes RFID<\/li>\n<li>Cl\u00e9 physique<\/li>\n<li>Application mobile Wifi<\/li>\n<\/ul>\n<p><meta charset=\"utf-8\"><img loading=\"lazy\" decoding=\"async\" height=\"61\" width=\"171\" src=\"https:\/\/e-maestros.ma\/wp-content\/uploads\/2025\/11\/app-mobile-appli-tuya-smart-serrure-intelligente-connectee-poignee-digitale-x5-pro-wifi-tuya.png?v=1732632043\" alt=\"\"> <meta charset=\"utf-8\"><img loading=\"lazy\" decoding=\"async\" height=\"61\" width=\"171\" src=\"https:\/\/e-maestros.ma\/wp-content\/uploads\/2025\/11\/app-mobile-appli-smart-life-serrure-intelligente-connectee-poignee-digitale-x5-pro-wifi-tuya.png?v=1732632098\" alt=\"\"><\/p>\n<p><strong>Transformez votre quotidien en toute s\u00e9curit\u00e9<\/strong><\/p>\n<p><em>Des options d'acc\u00e8s modernes pour une vie plus simple.<\/em><\/p>\n<ul>\n<li>\n<p><strong>Acc\u00e8s Ultra-S\u00e9curis\u00e9<\/strong>: D\u00e9verrouillez votre porte gr\u00e2ce \u00e0 la reconnaissance faciale Face ID, l'empreinte digitale, ou l'application mobile. S\u00e9curit\u00e9 renforc\u00e9e pour vous et votre famille.<\/p>\n<\/li>\n<li>\n<p><strong>Surveillance 24\/7<\/strong>: La cam\u00e9ra UHD int\u00e9gr\u00e9e avec vision nocturne vous permet de surveiller l'entr\u00e9e de votre domicile en temps r\u00e9el, o\u00f9 que vous soyez.<\/p>\n<\/li>\n<li>\n<p><strong>Sonnette Vid\u00e9o Int\u00e9gr\u00e9e<\/strong>: Accueillez vos visiteurs en toute s\u00e9curit\u00e9 avec la fonction de vid\u00e9o bidirectionnelle. La sonnette intelligente envoie des notifications instantan\u00e9es \u00e0 votre smartphone.<\/p>\n<\/li>\n<li>\n<p><strong>Contr\u00f4le \u00e0 Distance<\/strong>: Gr\u00e2ce \u00e0 la connectivit\u00e9 Wi-Fi, g\u00e9rez l'acc\u00e8s \u00e0 votre domicile \u00e0 distance via une application mobile intuitive. Parfait pour les bureaux ou r\u00e9sidences secondaires.<\/p>\n<\/li>\n<li>\n<p><strong>Facilit\u00e9 d'Installation<\/strong>: Cette serrure s'adapte \u00e0 toutes les portes standard, qu'elles soient en bois, acier ou laiton.<\/p>\n<\/li>\n<\/ul>\n<p><img loading=\"lazy\" decoding=\"async\" height=\"60\" width=\"167\" src=\"https:\/\/e-maestros.ma\/wp-content\/uploads\/2025\/11\/6_d5468f79-1d27-4af2-b3dd-e188f6460f51.png?v=1734034579\" alt=\"\"> <img loading=\"lazy\" decoding=\"async\" height=\"60\" width=\"168\" src=\"https:\/\/e-maestros.ma\/wp-content\/uploads\/2025\/11\/7_3cf554d3-157e-4ffd-8873-ae31bb6cedf9.png?v=1734034579\" alt=\"\"><\/p>\n<p><img loading=\"lazy\" decoding=\"async\" height=\"59\" width=\"165\" src=\"https:\/\/e-maestros.ma\/wp-content\/uploads\/2025\/11\/5_fb2bf303-f22a-4c51-9972-93c0473de761.png?v=1734034579\" alt=\"\"> <img loading=\"lazy\" decoding=\"async\" height=\"60\" width=\"167\" src=\"https:\/\/e-maestros.ma\/wp-content\/uploads\/2025\/11\/8_3ffc274e-36b8-46b5-9da7-2a5966345353.png?v=1734034580\" alt=\"\"><\/p>\n<p><img loading=\"lazy\" decoding=\"async\" height=\"60\" width=\"167\" src=\"https:\/\/e-maestros.ma\/wp-content\/uploads\/2025\/11\/10_24d43d38-e116-4d9d-81b1-c4cdea206e4a.png?v=1734034580\" alt=\"\"> <img loading=\"lazy\" decoding=\"async\" height=\"60\" width=\"168\" src=\"https:\/\/e-maestros.ma\/wp-content\/uploads\/2025\/11\/9_a3490073-3c45-4da8-a6f6-eb82050c9b54.png?v=1734034579\" alt=\"\"><\/p>\n<p><strong>Laissez les experts faire le travail<\/strong><em><\/em><\/p>\n<p>Nos experts se chargent de l'installation compl\u00e8te de votre serrure intelligente, en s'assurant qu'elle fonctionne parfaitement et qu'elle est configur\u00e9e selon vos pr\u00e9f\u00e9rences.<\/p>\n<p>Profitez d'un service rapide, fiable, et adapt\u00e9 \u00e0 vos besoins sp\u00e9cifiques. Nous garantissons une satisfaction totale avec une s\u00e9curit\u00e9 renforc\u00e9e d\u00e8s la premi\u00e8re utilisation.<\/p>\n<p><strong>La Technologie au Service de Votre S\u00e9r\u00e9nit\u00e9<\/strong><\/p>\n<p><em>Des fonctionnalit\u00e9s avanc\u00e9es pour une protection maximale.<\/em><\/p>\n<ul>\n<li>\n<p><strong>Reconnaissance Faciale Avanc\u00e9e<\/strong>: Technologie Face ID pour un d\u00e9verrouillage rapide et s\u00e9curis\u00e9.<\/p>\n<\/li>\n<li>\n<p><strong>Cam\u00e9ra UHD avec Vision Nocturne<\/strong>: Surveillez l'entr\u00e9e de votre maison m\u00eame dans l'obscurit\u00e9 totale.<\/p>\n<\/li>\n<li>\n<p><strong>\u00c9cran Tactile Intuitif de 5 Pouces<\/strong>: Interface conviviale pour un contr\u00f4le simple et efficace.<\/p>\n<\/li>\n<li>\n<p><strong>Multiples Modes d'Acc\u00e8s<\/strong>: Empreinte digitale, carte IC, cl\u00e9 m\u00e9canique, mot de passe virtuel.<\/p>\n<\/li>\n<li>\n<p><strong>Connectivit\u00e9 Wi-Fi<\/strong>: Contr\u00f4le \u00e0 distance via une application mobile, notifications en temps r\u00e9el.<\/p>\n<\/li>\n<li>\n<p><strong>Autonomie Durable<\/strong>: Batterie rechargeable au lithium 5000mAh, longue dur\u00e9e de vie sans souci.<\/p>\n<\/li>\n<li>\n<p><strong>Mat\u00e9riaux de haute qualit\u00e9<\/strong>: Fabriqu\u00e9e en alliage de zinc pour une durabilit\u00e9 exceptionnelle.<\/p>\n<\/li>\n<li>\n<p><strong>Adaptabilit\u00e9<\/strong>: Compatible avec diverses plateformes de maison intelligente pour une int\u00e9gration facile.<\/p>\n<\/li>\n<\/ul>\n<p><strong>Recevez Tout Ce Qu'il Vous Faut<\/strong><\/p>\n<p><em>Chaque d\u00e9tail compte pour une s\u00e9curit\u00e9 compl\u00e8te.<\/em><\/p>\n<ul>\n<li>1 \u00d7 serrure intelligente I30 Face ID<\/li>\n<li>2\u00a0<span>\u00d7 <\/span>cl\u00e9s m\u00e9caniques<\/li>\n<li>\n<span>2 \u00d7 <\/span>cartes magn\u00e9tiques<\/li>\n<li>1\u00a0<span>\u00d7 <\/span>c\u00e2ble de charge USB<\/li>\n<li>1\u00a0<span>\u00d7 <\/span>garantie de 24 mois<\/li>\n<li>1\u00a0<span>\u00d7 <\/span>guide d'installation d\u00e9taill\u00e9<\/li>\n<\/ul>","protected":false},"excerpt":{"rendered":"<p>\u00a0 Marque Tuya Mod\u00e8le I30 Face ID Capacit\u00e9 d'empreintes digitales 200 empreintes Capacit\u00e9 de cartes IC 200 cartes Cam\u00e9ra UHD,<\/p>","protected":false},"featured_media":32388,"comment_status":"open","ping_status":"closed","template":"","meta":[],"product_brand":[],"product_cat":[23],"product_tag":[911,913,918,919,1095,989,920,921],"class_list":{"0":"post-32049","1":"product","2":"type-product","3":"status-publish","4":"has-post-thumbnail","6":"product_cat-default","7":"product_tag-accessoires-de-domotique","8":"product_tag-appareils-connectes","9":"product_tag-maison-intelligente","10":"product_tag-outils-pour-la-domotique","11":"product_tag-serrure-intelligente-i30-face-id","12":"product_tag-serrures-connectees","13":"product_tag-smart-home","14":"product_tag-solutions-de-maison-intelligente","16":"first","17":"instock","18":"sale","19":"shipping-taxable","20":"purchasable","21":"product-type-variable"},"jetpack_sharing_enabled":true,"_links":{"self":[{"href":"https:\/\/e-maestros.ma\/fr\/wp-json\/wp\/v2\/product\/32049","targetHints":{"allow":["GET"]}}],"collection":[{"href":"https:\/\/e-maestros.ma\/fr\/wp-json\/wp\/v2\/product"}],"about":[{"href":"https:\/\/e-maestros.ma\/fr\/wp-json\/wp\/v2\/types\/product"}],"replies":[{"embeddable":true,"href":"https:\/\/e-maestros.ma\/fr\/wp-json\/wp\/v2\/comments?post=32049"}],"version-history":[{"count":10,"href":"https:\/\/e-maestros.ma\/fr\/wp-json\/wp\/v2\/product\/32049\/revisions"}],"predecessor-version":[{"id":32387,"href":"https:\/\/e-maestros.ma\/fr\/wp-json\/wp\/v2\/product\/32049\/revisions\/32387"}],"wp:featuredmedia":[{"embeddable":true,"href":"https:\/\/e-maestros.ma\/fr\/wp-json\/wp\/v2\/media\/32388"}],"wp:attachment":[{"href":"https:\/\/e-maestros.ma\/fr\/wp-json\/wp\/v2\/media?parent=32049"}],"wp:term":[{"taxonomy":"product_brand","embeddable":true,"href":"https:\/\/e-maestros.ma\/fr\/wp-json\/wp\/v2\/product_brand?post=32049"},{"taxonomy":"product_cat","embeddable":true,"href":"https:\/\/e-maestros.ma\/fr\/wp-json\/wp\/v2\/product_cat?post=32049"},{"taxonomy":"product_tag","embeddable":true,"href":"https:\/\/e-maestros.ma\/fr\/wp-json\/wp\/v2\/product_tag?post=32049"}],"curies":[{"name":"wp","href":"https:\/\/api.w.org\/{rel}","templated":true}]}}