{"id":32051,"date":"2025-11-11T16:53:51","date_gmt":"2025-11-11T16:53:51","guid":{"rendered":"https:\/\/e-maestros.ma\/shop\/uncategorized\/serrure-intelligente-i40-face-id\/"},"modified":"2025-11-11T16:58:07","modified_gmt":"2025-11-11T16:58:07","slug":"serrure-intelligente-i40-face-id","status":"publish","type":"product","link":"https:\/\/e-maestros.ma\/fr\/boutique\/par-defaut\/serrure-intelligente-i40-face-id\/","title":{"rendered":"Serrure intelligente I40 Face ID"},"content":{"rendered":"<p>\u00a0<\/p>\n<table data-end=\"4748\" data-start=\"272\" class=\"min-w-full\">\n<tbody data-end=\"4748\" data-start=\"545\">\n<tr data-end=\"680\" data-start=\"545\">\n<td style=\"text-align: left;\" data-end=\"583\" data-start=\"545\" class=\"max-w-[calc(var(--thread-content-max-width)*2\/3)]\"><strong data-end=\"557\" data-start=\"547\">Marque<\/strong><\/td>\n<td data-end=\"680\" data-start=\"583\" class=\"max-w-[calc(var(--thread-content-max-width)*2\/3)]\">Tuya<\/td>\n<\/tr>\n<tr data-end=\"816\" data-start=\"681\">\n<td style=\"text-align: left;\" data-end=\"719\" data-start=\"681\" class=\"max-w-[calc(var(--thread-content-max-width)*2\/3)]\"><strong data-end=\"693\" data-start=\"683\">Mod\u00e8le<\/strong><\/td>\n<td data-end=\"816\" data-start=\"719\" class=\"max-w-[calc(var(--thread-content-max-width)*2\/3)]\">I40 Face ID<\/td>\n<\/tr>\n<tr data-end=\"1002\" data-start=\"817\">\n<td style=\"text-align: left;\" data-end=\"855\" data-start=\"817\" class=\"max-w-[calc(var(--thread-content-max-width)*2\/3)]\"><strong data-end=\"846\" data-start=\"819\">Modes de d\u00e9verrouillage<\/strong><\/td>\n<td data-end=\"1002\" data-start=\"855\" class=\"max-w-[calc(var(--thread-content-max-width)*2\/3)] min-w-[calc(var(--thread-content-max-width)\/2)]\">&#8211; Reconnaissance faciale 3D<br \/>&#8211; Empreinte digitale<br \/>&#8211; Code PIN<br \/>&#8211; Carte IC<br \/>&#8211; Cl\u00e9 m\u00e9canique<br \/>&#8211; Application mobile (Tuya Smart) \u2013 Paume de main<\/td>\n<\/tr>\n<tr data-end=\"1138\" data-start=\"1003\">\n<td style=\"text-align: left;\" data-end=\"1041\" data-start=\"1003\" class=\"max-w-[calc(var(--thread-content-max-width)*2\/3)]\"><strong data-end=\"1038\" data-start=\"1005\">Capacit\u00e9 empreintes digitales<\/strong><\/td>\n<td data-end=\"1138\" data-start=\"1041\" class=\"max-w-[calc(var(--thread-content-max-width)*2\/3)]\">Jusqu\u2019\u00e0 100 empreintes enregistrables<\/td>\n<\/tr>\n<tr data-end=\"1274\" data-start=\"1139\">\n<td style=\"text-align: left;\" data-end=\"1177\" data-start=\"1139\" class=\"max-w-[calc(var(--thread-content-max-width)*2\/3)]\"><strong data-end=\"1163\" data-start=\"1141\">Capacit\u00e9 cartes IC<\/strong><\/td>\n<td data-end=\"1274\" data-start=\"1177\" class=\"max-w-[calc(var(--thread-content-max-width)*2\/3)]\">Jusqu\u2019\u00e0 100 cartes magn\u00e9tiques<\/td>\n<\/tr>\n<tr data-end=\"1410\" data-start=\"1275\">\n<td style=\"text-align: left;\" data-end=\"1313\" data-start=\"1275\" class=\"max-w-[calc(var(--thread-content-max-width)*2\/3)]\"><strong data-end=\"1303\" data-start=\"1277\">Reconnaissance faciale<\/strong><\/td>\n<td data-end=\"1410\" data-start=\"1313\" class=\"max-w-[calc(var(--thread-content-max-width)*2\/3)] min-w-[calc(var(--thread-content-max-width)\/3)]\">Oui, avec distance de d\u00e9tection de 30 \u00e0 80 cm<\/td>\n<\/tr>\n<tr data-end=\"1546\" data-start=\"1411\">\n<td style=\"text-align: left;\" data-end=\"1449\" data-start=\"1411\" class=\"max-w-[calc(var(--thread-content-max-width)*2\/3)]\"><strong data-end=\"1430\" data-start=\"1413\">\u00c9cran int\u00e9gr\u00e9<\/strong><\/td>\n<td data-end=\"1546\" data-start=\"1449\" class=\"max-w-[calc(var(--thread-content-max-width)*2\/3)]\">\u00c9cran couleur tactile 4,5 pouces<\/td>\n<\/tr>\n<tr data-end=\"1682\" data-start=\"1547\">\n<td style=\"text-align: left;\" data-end=\"1585\" data-start=\"1547\" class=\"max-w-[calc(var(--thread-content-max-width)*2\/3)]\"><strong data-end=\"1559\" data-start=\"1549\">Cam\u00e9ra<\/strong><\/td>\n<td data-end=\"1682\" data-start=\"1585\" class=\"max-w-[calc(var(--thread-content-max-width)*2\/3)]\">HD 1080P avec vision nocturne<\/td>\n<\/tr>\n<tr data-end=\"1818\" data-start=\"1683\">\n<td style=\"text-align: left;\" data-end=\"1721\" data-start=\"1683\" class=\"max-w-[calc(var(--thread-content-max-width)*2\/3)]\"><strong data-end=\"1711\" data-start=\"1685\">Vid\u00e9o bidirectionnelle<\/strong><\/td>\n<td data-end=\"1818\" data-start=\"1721\" class=\"max-w-[calc(var(--thread-content-max-width)*2\/3)]\">Oui \u2013 Interphone audio et vid\u00e9o<\/td>\n<\/tr>\n<tr data-end=\"1952\" data-start=\"1819\">\n<td style=\"text-align: left;\" data-end=\"1856\" data-start=\"1819\" class=\"max-w-[calc(var(--thread-content-max-width)*2\/3)]\"><strong data-end=\"1844\" data-start=\"1821\">Stockage de donn\u00e9es<\/strong><\/td>\n<td data-end=\"1952\" data-start=\"1856\" class=\"max-w-[calc(var(--thread-content-max-width)*2\/3)] min-w-[calc(var(--thread-content-max-width)\/3)]\">&#8211; Cloud via Tuya<br \/>&#8211; Carte m\u00e9moire (emplacement d\u00e9di\u00e9)<\/td>\n<\/tr>\n<tr data-end=\"2090\" data-start=\"1953\">\n<td style=\"text-align: left;\" data-end=\"1991\" data-start=\"1953\" class=\"max-w-[calc(var(--thread-content-max-width)*2\/3)]\"><strong data-end=\"1978\" data-start=\"1955\">Alertes de s\u00e9curit\u00e9<\/strong><\/td>\n<td data-end=\"2090\" data-start=\"1991\" class=\"max-w-[calc(var(--thread-content-max-width)*2\/3)] min-w-[calc(var(--thread-content-max-width)\/2)]\">&#8211; Notifications en temps r\u00e9el<br \/>&#8211; Capture photo\/vid\u00e9o des visiteurs<br \/>&#8211; D\u00e9tection d\u2019intrusion<\/td>\n<\/tr>\n<tr data-end=\"2226\" data-start=\"2091\">\n<td style=\"text-align: left;\" data-end=\"2129\" data-start=\"2091\" class=\"max-w-[calc(var(--thread-content-max-width)*2\/3)]\"><strong data-end=\"2113\" data-start=\"2093\">Connexion r\u00e9seau<\/strong><\/td>\n<td data-end=\"2226\" data-start=\"2129\" class=\"max-w-[calc(var(--thread-content-max-width)*2\/3)]\">Wi-Fi (2.4GHz, compatible Tuya Smart)<\/td>\n<\/tr>\n<tr data-end=\"2361\" data-start=\"2227\">\n<td style=\"text-align: left;\" data-end=\"2265\" data-start=\"2227\" class=\"max-w-[calc(var(--thread-content-max-width)*2\/3)]\"><strong data-end=\"2241\" data-start=\"2229\">Mat\u00e9riau<\/strong><\/td>\n<td data-end=\"2361\" data-start=\"2265\" class=\"max-w-[calc(var(--thread-content-max-width)*2\/3)]\">Alliage d\u2019aluminium usin\u00e9 CNC<\/td>\n<\/tr>\n<tr data-end=\"2497\" data-start=\"2362\">\n<td style=\"text-align: left;\" data-end=\"2400\" data-start=\"2362\" class=\"max-w-[calc(var(--thread-content-max-width)*2\/3)]\"><strong data-end=\"2376\" data-start=\"2364\">Finition<\/strong><\/td>\n<td data-end=\"2497\" data-start=\"2400\" class=\"max-w-[calc(var(--thread-content-max-width)*2\/3)]\">Noir mat<\/td>\n<\/tr>\n<tr data-end=\"2633\" data-start=\"2498\">\n<td style=\"text-align: left;\" data-end=\"2536\" data-start=\"2498\" class=\"max-w-[calc(var(--thread-content-max-width)*2\/3)]\"><strong data-end=\"2527\" data-start=\"2500\">Dimensions partie avant<\/strong><\/td>\n<td data-end=\"2633\" data-start=\"2536\" class=\"max-w-[calc(var(--thread-content-max-width)*2\/3)] min-w-[calc(var(--thread-content-max-width)\/3)]\">Longueur : 438 mm<br \/>Largeur : 70 mm<br \/>Hauteur : 56 mm<\/td>\n<\/tr>\n<tr data-end=\"2769\" data-start=\"2634\">\n<td style=\"text-align: left;\" data-end=\"2672\" data-start=\"2634\" class=\"max-w-[calc(var(--thread-content-max-width)*2\/3)]\"><strong data-end=\"2665\" data-start=\"2636\">Dimensions partie arri\u00e8re<\/strong><\/td>\n<td data-end=\"2769\" data-start=\"2672\" class=\"max-w-[calc(var(--thread-content-max-width)*2\/3)] min-w-[calc(var(--thread-content-max-width)\/3)]\">Longueur : 435 mm<br \/>Largeur : 80 mm<br \/>Hauteur : 70 mm<\/td>\n<\/tr>\n<tr data-end=\"2905\" data-start=\"2770\">\n<td style=\"text-align: left;\" data-end=\"2808\" data-start=\"2770\" class=\"max-w-[calc(var(--thread-content-max-width)*2\/3)]\"><strong data-end=\"2784\" data-start=\"2772\">Mortaise<\/strong><\/td>\n<td data-end=\"2905\" data-start=\"2808\" class=\"max-w-[calc(var(--thread-content-max-width)*2\/3)] min-w-[calc(var(--thread-content-max-width)\/3)]\">\n<div><meta charset=\"utf-8\"><\/div>\n<p><span>6068*24*240 mm<\/span>\n<\/td>\n<\/tr>\n<tr data-end=\"3041\" data-start=\"2906\">\n<td style=\"text-align: left;\" data-end=\"2944\" data-start=\"2906\" class=\"max-w-[calc(var(--thread-content-max-width)*2\/3)]\"><strong data-end=\"2941\" data-start=\"2908\">\u00c9paisseur de porte compatible<\/strong><\/td>\n<td data-end=\"3041\" data-start=\"2944\" class=\"max-w-[calc(var(--thread-content-max-width)*2\/3)]\">40 mm \u00e0 110 mm<\/td>\n<\/tr>\n<tr data-end=\"3177\" data-start=\"3042\">\n<td style=\"text-align: left;\" data-end=\"3080\" data-start=\"3042\" class=\"max-w-[calc(var(--thread-content-max-width)*2\/3)]\"><strong data-end=\"3061\" data-start=\"3044\">Type de porte<\/strong><\/td>\n<td data-end=\"3177\" data-start=\"3080\" class=\"max-w-[calc(var(--thread-content-max-width)*2\/3)]\">Bois, Acier, Inox, Aluminium, Laiton<\/td>\n<\/tr>\n<tr data-end=\"3313\" data-start=\"3178\">\n<td style=\"text-align: left;\" data-end=\"3216\" data-start=\"3178\" class=\"max-w-[calc(var(--thread-content-max-width)*2\/3)]\"><strong data-end=\"3211\" data-start=\"3180\">Environnement d\u2019utilisation<\/strong><\/td>\n<td data-end=\"3313\" data-start=\"3216\" class=\"max-w-[calc(var(--thread-content-max-width)*2\/3)] min-w-[calc(var(--thread-content-max-width)\/3)]\">Temp\u00e9rature : -30\u00b0C \u00e0 +60\u00b0C<br \/>Humidit\u00e9 : \u2264 80%<\/td>\n<\/tr>\n<tr data-end=\"3449\" data-start=\"3314\">\n<td style=\"text-align: left;\" data-end=\"3352\" data-start=\"3314\" class=\"max-w-[calc(var(--thread-content-max-width)*2\/3)]\"><strong data-end=\"3328\" data-start=\"3316\">Batterie<\/strong><\/td>\n<td data-end=\"3449\" data-start=\"3352\" class=\"max-w-[calc(var(--thread-content-max-width)*2\/3)] min-w-[calc(var(--thread-content-max-width)\/3)]\">Batterie lithium-ion rechargeable 4200 mAh<\/td>\n<\/tr>\n<tr data-end=\"3585\" data-start=\"3450\">\n<td style=\"text-align: left;\" data-end=\"3488\" data-start=\"3450\" class=\"max-w-[calc(var(--thread-content-max-width)*2\/3)]\"><strong data-end=\"3465\" data-start=\"3452\">Autonomie<\/strong><\/td>\n<td data-end=\"3585\" data-start=\"3488\" class=\"max-w-[calc(var(--thread-content-max-width)*2\/3)]\">Jusqu\u2019\u00e0 6 mois (selon usage)<\/td>\n<\/tr>\n<tr data-end=\"3720\" data-start=\"3586\">\n<td style=\"text-align: left;\" data-end=\"3623\" data-start=\"3586\" class=\"max-w-[calc(var(--thread-content-max-width)*2\/3)]\"><strong data-end=\"3614\" data-start=\"3588\">Alimentation d&#8217;urgence<\/strong><\/td>\n<td data-end=\"3720\" data-start=\"3623\" class=\"max-w-[calc(var(--thread-content-max-width)*2\/3)]\">Port micro-USB 5V<\/td>\n<\/tr>\n<tr data-end=\"3856\" data-start=\"3721\">\n<td style=\"text-align: left;\" data-end=\"3759\" data-start=\"3721\" class=\"max-w-[calc(var(--thread-content-max-width)*2\/3)]\"><strong data-end=\"3739\" data-start=\"3723\">Installation<\/strong><\/td>\n<td data-end=\"3856\" data-start=\"3759\" class=\"max-w-[calc(var(--thread-content-max-width)*2\/3)] min-w-[calc(var(--thread-content-max-width)\/3)]\">R\u00e9versible \u2013 s\u2019adapte aux ouvertures \u00e0 gauche et \u00e0 droite<\/td>\n<\/tr>\n<tr data-end=\"3992\" data-start=\"3857\">\n<td style=\"text-align: left;\" data-end=\"3895\" data-start=\"3857\" class=\"max-w-[calc(var(--thread-content-max-width)*2\/3)]\"><strong data-end=\"3881\" data-start=\"3859\">Application mobile<\/strong><\/td>\n<td data-end=\"3992\" data-start=\"3895\" class=\"max-w-[calc(var(--thread-content-max-width)*2\/3)]\">Tuya Smart (iOS &#038; Android)<\/td>\n<\/tr>\n<tr data-end=\"4128\" data-start=\"3993\">\n<td style=\"text-align: left;\" data-end=\"4031\" data-start=\"3993\" class=\"max-w-[calc(var(--thread-content-max-width)*2\/3)]\"><strong data-end=\"4008\" data-start=\"3995\">Poids net<\/strong><\/td>\n<td data-end=\"4128\" data-start=\"4031\" class=\"max-w-[calc(var(--thread-content-max-width)*2\/3)]\">6 kg<\/td>\n<\/tr>\n<tr data-end=\"4264\" data-start=\"4129\">\n<td style=\"text-align: left;\" data-end=\"4167\" data-start=\"4129\" class=\"max-w-[calc(var(--thread-content-max-width)*2\/3)]\"><strong data-end=\"4143\" data-start=\"4131\">Garantie<\/strong><\/td>\n<td data-end=\"4264\" data-start=\"4167\" class=\"max-w-[calc(var(--thread-content-max-width)*2\/3)]\">2 ans<\/td>\n<\/tr>\n<tr data-end=\"4400\" data-start=\"4265\">\n<td style=\"text-align: left;\" data-end=\"4303\" data-start=\"4265\" class=\"max-w-[calc(var(--thread-content-max-width)*2\/3)]\"><strong data-end=\"4285\" data-start=\"4267\">Certifications<\/strong><\/td>\n<td data-end=\"4400\" data-start=\"4303\" class=\"max-w-[calc(var(--thread-content-max-width)*2\/3)]\">CE, FCC, RoHS<\/td>\n<\/tr>\n<tr data-end=\"4536\" data-start=\"4401\">\n<td style=\"text-align: left;\" data-end=\"4439\" data-start=\"4401\" class=\"max-w-[calc(var(--thread-content-max-width)*2\/3)]\"><strong data-end=\"4432\" data-start=\"4403\">Utilisations recommand\u00e9es<\/strong><\/td>\n<td data-end=\"4536\" data-start=\"4439\" class=\"max-w-[calc(var(--thread-content-max-width)*2\/3)]\">Appartement, Villa, Bureau, H\u00f4tel<\/td>\n<\/tr>\n<tr data-end=\"4748\" data-start=\"4537\">\n<td style=\"text-align: left;\" data-end=\"4575\" data-start=\"4537\" class=\"max-w-[calc(var(--thread-content-max-width)*2\/3)]\"><strong data-end=\"4561\" data-start=\"4539\">Contenu du coffret<\/strong><\/td>\n<td data-end=\"4748\" data-start=\"4575\" class=\"max-w-[calc(var(--thread-content-max-width)*2\/3)] min-w-[calc(var(--thread-content-max-width)\/2)]\">&#8211; 1 x Serrure I40 (face avant + arri\u00e8re)<br \/>&#8211; 2 x Cl\u00e9s m\u00e9caniques<br \/>&#8211; 2 x Cartes IC<br \/>&#8211; 1 x C\u00e2ble de recharge USB<br \/>&#8211; 1 x Kit de montage<br \/>&#8211; 1 x <span style=\"font-family: -apple-system, BlinkMacSystemFont, 'San Francisco', 'Segoe UI', Roboto, 'Helvetica Neue', sans-serif; font-size: 0.875rem;\">Batterie lithium rechargeable 4200mAh<\/span>\n<\/td>\n<\/tr>\n<\/tbody>\n<\/table>\n<p data-end=\"304\" data-start=\"226\">\u00a0<\/p>\n<p data-end=\"304\" data-start=\"226\"><strong data-end=\"304\" data-start=\"230\">Serrure Intelligente I40 Face ID \u2013 Contr\u00f4le Avanc\u00e9, S\u00e9curit\u00e9 Renforc\u00e9e<\/strong><\/p>\n<p data-end=\"355\" data-start=\"306\"><em>S\u00e9curit\u00e9 Visuelle et Polyvalence d\u2019Acc\u00e8s<\/em><\/p>\n<p data-end=\"653\" data-start=\"357\">Offrez \u00e0 votre porte une technologie de pointe avec la serrure intelligente I40 Face ID sign\u00e9e Tuya.<\/p>\n<p data-end=\"653\" data-start=\"357\">Gr\u00e2ce \u00e0 sa cam\u00e9ra HD avec vision nocturne, sa reconnaissance faciale 3D, et ses multiples modes d\u2019acc\u00e8s s\u00e9curis\u00e9s, g\u00e9rez votre s\u00e9curit\u00e9 depuis l\u2019application mobile, o\u00f9 que vous soyez.<\/p>\n<p><meta charset=\"utf-8\"><\/p>\n<p data-end=\"653\" data-start=\"357\"><img loading=\"lazy\" decoding=\"async\" height=\"61\" width=\"171\" src=\"https:\/\/e-maestros.ma\/wp-content\/uploads\/2025\/11\/amazon-alexa-voice-assistance-voix-assistant-vocal-serrure-intelligente-connectee-poignee-digitale-x5-pro-wifi-tuya.png?v=1732632380\" alt=\"\"><\/p>\n<p><meta charset=\"utf-8\"><\/p>\n<p data-end=\"653\" data-start=\"357\"><img loading=\"lazy\" decoding=\"async\" height=\"61\" width=\"171\" src=\"https:\/\/e-maestros.ma\/wp-content\/uploads\/2025\/11\/google-home-voice-assistance-voix-assistant-vocal-serrure-intelligente-connectee-poignee-digitale-x5-pro-wifi-tuya.png?v=1732632429\" alt=\"\"><\/p>\n<p data-end=\"684\" data-start=\"655\">\u2705 <strong data-end=\"682\" data-start=\"657\">D\u00e9verrouillage 6 en 1<\/strong> :<\/p>\n<ul>\n<li data-end=\"731\" data-start=\"687\">Reconnaissance faciale 3D avanc\u00e9e (30\u201380 cm)<\/li>\n<li data-end=\"771\" data-start=\"734\">Application mobile Tuya Smart (Wi-Fi)<\/li>\n<li data-end=\"819\" data-start=\"774\">Empreintes digitales (jusqu\u2019\u00e0 100 empreintes)<\/li>\n<li data-end=\"846\" data-start=\"822\">Code PIN personnalisable<\/li>\n<li data-end=\"889\" data-start=\"849\">Carte magn\u00e9tique IC (jusqu\u2019\u00e0 100 cartes)<\/li>\n<li class=\"\" data-end=\"916\" data-start=\"890\">\n<p data-end=\"916\" data-start=\"892\">Cl\u00e9 m\u00e9canique de secours<\/p>\n<\/li>\n<\/ul>\n<p><meta charset=\"utf-8\"><\/p>\n<p><img loading=\"lazy\" decoding=\"async\" height=\"61\" width=\"171\" src=\"https:\/\/e-maestros.ma\/wp-content\/uploads\/2025\/11\/app-mobile-appli-tuya-smart-serrure-intelligente-connectee-poignee-digitale-x5-pro-wifi-tuya.png?v=1732632043\" alt=\"\"><\/p>\n<p><meta charset=\"utf-8\"><\/p>\n<p><img loading=\"lazy\" decoding=\"async\" height=\"61\" width=\"171\" src=\"https:\/\/e-maestros.ma\/wp-content\/uploads\/2025\/11\/app-mobile-appli-smart-life-serrure-intelligente-connectee-poignee-digitale-x5-pro-wifi-tuya.png?v=1732632098\" alt=\"\"><\/p>\n<p data-end=\"982\" data-start=\"923\"><strong data-end=\"982\" data-start=\"928\">Un Concentr\u00e9 de Technologie dans un Design \u00c9l\u00e9gant<\/strong><\/p>\n<ul>\n<li data-end=\"1036\" data-start=\"986\">\n<strong data-end=\"1005\" data-start=\"986\">Cam\u00e9ra int\u00e9gr\u00e9e<\/strong> : HD 1080P avec vision de nuit<\/li>\n<li data-end=\"1103\" data-start=\"1039\">\n<strong data-end=\"1064\" data-start=\"1039\">\u00c9cran couleur tactile<\/strong> : 4,5 pouces pour une interface fluide<\/li>\n<li data-end=\"1188\" data-start=\"1106\">\n<strong data-end=\"1126\" data-start=\"1106\">Mat\u00e9riau premium<\/strong> : Alliage d\u2019aluminium sculpt\u00e9 CNC pour un rendu haut de gamme<\/li>\n<li data-end=\"1264\" data-start=\"1191\">\n<strong data-end=\"1215\" data-start=\"1191\">Stockage intelligent<\/strong> : Sauvegarde locale et cloud (via carte m\u00e9moire)<\/li>\n<li data-end=\"1371\" data-start=\"1267\">\n<strong data-end=\"1298\" data-start=\"1267\">Notifications en temps r\u00e9el<\/strong> : Alertes intrusion, rejets photo\/vid\u00e9o, interphone vid\u00e9o bidirectionnel<\/li>\n<\/ul>\n<p><img loading=\"lazy\" decoding=\"async\" height=\"60\" width=\"167\" src=\"https:\/\/e-maestros.ma\/wp-content\/uploads\/2025\/11\/6_d5468f79-1d27-4af2-b3dd-e188f6460f51.png?v=1734034579\" alt=\"\"> <img loading=\"lazy\" decoding=\"async\" height=\"60\" width=\"168\" src=\"https:\/\/e-maestros.ma\/wp-content\/uploads\/2025\/11\/7_3cf554d3-157e-4ffd-8873-ae31bb6cedf9.png?v=1734034579\" alt=\"\"><\/p>\n<p><img loading=\"lazy\" decoding=\"async\" height=\"59\" width=\"165\" src=\"https:\/\/e-maestros.ma\/wp-content\/uploads\/2025\/11\/5_fb2bf303-f22a-4c51-9972-93c0473de761.png?v=1734034579\" alt=\"\"> <img loading=\"lazy\" decoding=\"async\" height=\"61\" width=\"170\" src=\"https:\/\/e-maestros.ma\/wp-content\/uploads\/2025\/11\/8_3ffc274e-36b8-46b5-9da7-2a5966345353.png?v=1734034580\" alt=\"\"><\/p>\n<p><img loading=\"lazy\" decoding=\"async\" height=\"60\" width=\"167\" src=\"https:\/\/e-maestros.ma\/wp-content\/uploads\/2025\/11\/10_24d43d38-e116-4d9d-81b1-c4cdea206e4a.png?v=1734034580\" alt=\"\"> <img loading=\"lazy\" decoding=\"async\" height=\"60\" width=\"168\" src=\"https:\/\/e-maestros.ma\/wp-content\/uploads\/2025\/11\/9_a3490073-3c45-4da8-a6f6-eb82050c9b54.png?v=1734034579\" alt=\"\"><\/p>\n<p data-end=\"1409\" data-start=\"1378\"><strong data-end=\"1409\" data-start=\"1383\">Endurance et Fiabilit\u00e9<\/strong><\/p>\n<ul data-end=\"1592\" data-start=\"1411\">\n<li class=\"\" data-end=\"1454\" data-start=\"1411\">\n<p data-end=\"1454\" data-start=\"1413\"><strong data-end=\"1454\" data-start=\"1413\">Batterie lithium rechargeable 4200mAh<\/strong><\/p>\n<\/li>\n<li class=\"\" data-end=\"1497\" data-start=\"1455\">\n<p data-end=\"1497\" data-start=\"1457\"><strong data-end=\"1483\" data-start=\"1457\">Alimentation d\u2019urgence<\/strong> : Port USB 5V<\/p>\n<\/li>\n<li class=\"\" data-end=\"1526\" data-start=\"1498\">\n<p data-end=\"1526\" data-start=\"1500\"><strong data-end=\"1526\" data-start=\"1500\">Autonomie longue dur\u00e9e<\/strong><\/p>\n<\/li>\n<li class=\"\" data-end=\"1592\" data-start=\"1527\">\n<p data-end=\"1592\" data-start=\"1529\"><strong data-end=\"1560\" data-start=\"1529\">Environnement d\u2019utilisation<\/strong> : -30\u00b0C \u00e0 60\u00b0C, humidit\u00e9 \u2264 80 %<\/p>\n<\/li>\n<\/ul>\n<p data-end=\"1647\" data-start=\"1599\"><strong data-end=\"1647\" data-start=\"1604\">Installation sur mesure par nos experts<\/strong><\/p>\n<p data-end=\"1862\" data-start=\"1649\">Compatible avec les portes en bois, acier, inox, laiton et aluminium, d\u2019une \u00e9paisseur de 40 \u00e0 110 mm. Nos techniciens interviennent partout au Maroc pour une installation professionnelle, rapide et propre.<\/p>\n<p data-end=\"1906\" data-start=\"1869\"><strong data-end=\"1906\" data-start=\"1874\">Id\u00e9ale pour tous vos espaces<\/strong><\/p>\n<p data-end=\"1962\" data-start=\"1908\">\ud83c\udfe0 Appartements<br data-end=\"1926\" data-start=\"1923\">\ud83c\udfe1 Villas<br data-end=\"1938\" data-start=\"1935\">\ud83c\udfe2 Bureaux<br data-end=\"1951\" data-start=\"1948\">\ud83c\udfe8 H\u00f4tels<\/p>\n<p data-end=\"1996\" data-start=\"1969\"><strong data-end=\"1996\" data-start=\"1974\">Contenu du coffret<\/strong><\/p>\n<ul>\n<li data-end=\"2041\" data-start=\"2000\">1 \u00d7 Serrure I40 Face ID (avant + arri\u00e8re)<\/li>\n<li data-end=\"2063\" data-start=\"2044\">2 \u00d7 Cl\u00e9s m\u00e9caniques<\/li>\n<li data-end=\"2079\" data-start=\"2066\">2 \u00d7 Cartes IC<\/li>\n<li data-end=\"2107\" data-start=\"2082\">1 \u00d7 C\u00e2ble de recharge USB<\/li>\n<li data-end=\"2136\" data-start=\"2110\">1 \u00d7 Kit de montage complet<\/li>\n<li data-end=\"2163\" data-start=\"2139\">1 \u00d7 Guide d\u2019installation<\/li>\n<\/ul>\n<p data-end=\"3365\" data-start=\"3241\"><strong data-end=\"3365\" data-start=\"3245\">Commandez d\u00e8s maintenant sur binaa.ma et profitez d\u2019une s\u00e9curit\u00e9 intelligente haut de gamme.<\/strong><\/p>\n<p data-end=\"3453\" data-start=\"3367\">\ud83d\udce6 Livraison rapide au Maroc | \ud83d\udee0\ufe0f Installation en option | \ud83d\udcde Support technique d\u00e9di\u00e9<\/p>\n<p>\u00a0<\/p>\n<ul>\n<ul><\/ul>\n<\/ul>\n","protected":false},"excerpt":{"rendered":"<p>\u00a0 Marque Tuya Mod\u00e8le I40 Face ID Modes de d\u00e9verrouillage - Reconnaissance faciale 3D- Empreinte digitale- Code PIN- Carte IC-<\/p>","protected":false},"featured_media":32399,"comment_status":"open","ping_status":"closed","template":"","meta":[],"product_brand":[],"product_cat":[23],"product_tag":[911,913,1096,918,919,1097,1098,972,1099,1100,1101,1102,1103,1104,1105,1106,1107,975,1108,1109,1110,1111,1112,1113,1114,1115,989,1116,920,1117,1118,921],"class_list":{"0":"post-32051","1":"product","2":"type-product","3":"status-publish","4":"has-post-thumbnail","6":"product_cat-default","7":"product_tag-accessoires-de-domotique","8":"product_tag-appareils-connectes","9":"product_tag-installation-serrure-intelligente-maroc","10":"product_tag-maison-intelligente","11":"product_tag-outils-pour-la-domotique","12":"product_tag-poignee-digitale-i40-face-id","13":"product_tag-serrure-avec-application-mobile","14":"product_tag-serrure-avec-camera-hd","15":"product_tag-serrure-avec-empreinte-digitale","16":"product_tag-serrure-avec-interphone-video","17":"product_tag-serrure-biometrique-wifi","18":"product_tag-serrure-carte-magnetique-tuya","19":"product_tag-serrure-connectee-pour-villa","20":"product_tag-serrure-domotique-maroc","21":"product_tag-serrure-face-id-tuya","22":"product_tag-serrure-i40-face-id-maroc","23":"product_tag-serrure-intelligente-avec-ecran","24":"product_tag-serrure-intelligente-face-id","25":"product_tag-serrure-intelligente-i40-face-id","26":"product_tag-serrure-intelligente-maroc","27":"product_tag-serrure-pour-porte-en-bois","28":"product_tag-serrure-professionnelle-binaa-ma","29":"product_tag-serrure-securisee-appartement","30":"product_tag-serrure-securite-haute-technologie","31":"product_tag-serrure-tuya-smart-maroc","32":"product_tag-serrure-video-reconnaissance-faciale","33":"product_tag-serrures-connectees","34":"product_tag-service-installation-serrure-maroc","35":"product_tag-smart-home","36":"product_tag-smart-lock-i40","37":"product_tag-smart-lock-i40-face-id","38":"product_tag-solutions-de-maison-intelligente","40":"first","41":"instock","42":"sale","43":"shipping-taxable","44":"purchasable","45":"product-type-variable"},"jetpack_sharing_enabled":true,"_links":{"self":[{"href":"https:\/\/e-maestros.ma\/fr\/wp-json\/wp\/v2\/product\/32051","targetHints":{"allow":["GET"]}}],"collection":[{"href":"https:\/\/e-maestros.ma\/fr\/wp-json\/wp\/v2\/product"}],"about":[{"href":"https:\/\/e-maestros.ma\/fr\/wp-json\/wp\/v2\/types\/product"}],"replies":[{"embeddable":true,"href":"https:\/\/e-maestros.ma\/fr\/wp-json\/wp\/v2\/comments?post=32051"}],"version-history":[{"count":10,"href":"https:\/\/e-maestros.ma\/fr\/wp-json\/wp\/v2\/product\/32051\/revisions"}],"predecessor-version":[{"id":32398,"href":"https:\/\/e-maestros.ma\/fr\/wp-json\/wp\/v2\/product\/32051\/revisions\/32398"}],"wp:featuredmedia":[{"embeddable":true,"href":"https:\/\/e-maestros.ma\/fr\/wp-json\/wp\/v2\/media\/32399"}],"wp:attachment":[{"href":"https:\/\/e-maestros.ma\/fr\/wp-json\/wp\/v2\/media?parent=32051"}],"wp:term":[{"taxonomy":"product_brand","embeddable":true,"href":"https:\/\/e-maestros.ma\/fr\/wp-json\/wp\/v2\/product_brand?post=32051"},{"taxonomy":"product_cat","embeddable":true,"href":"https:\/\/e-maestros.ma\/fr\/wp-json\/wp\/v2\/product_cat?post=32051"},{"taxonomy":"product_tag","embeddable":true,"href":"https:\/\/e-maestros.ma\/fr\/wp-json\/wp\/v2\/product_tag?post=32051"}],"curies":[{"name":"wp","href":"https:\/\/api.w.org\/{rel}","templated":true}]}}