{"id":32055,"date":"2025-11-11T16:53:52","date_gmt":"2025-11-11T16:53:52","guid":{"rendered":"https:\/\/e-maestros.ma\/shop\/uncategorized\/serrure-intelligente-k10-face-id\/"},"modified":"2025-11-11T16:58:08","modified_gmt":"2025-11-11T16:58:08","slug":"serrure-intelligente-k10-face-id","status":"publish","type":"product","link":"https:\/\/e-maestros.ma\/fr\/boutique\/par-defaut\/serrure-intelligente-k10-face-id\/","title":{"rendered":"Serrure intelligente K10 Face ID"},"content":{"rendered":"<p>\u00a0<\/p>\n<table style=\"height: 744.563px; width: 100.088%;\">\n<tbody>\n<tr style=\"height: 19.5938px;\">\n<td style=\"width: 27.8876%; text-align: left; height: 19.5938px;\"><strong>Marque\u00a0<\/strong><\/td>\n<td style=\"width: 69.2883%; height: 19.5938px;\">Tuya<\/td>\n<\/tr>\n<tr style=\"height: 19.5938px;\">\n<td style=\"width: 27.8876%; text-align: left; height: 19.5938px;\"><strong>Mod\u00e8le<\/strong><\/td>\n<td style=\"width: 69.2883%; height: 19.5938px;\">K10 Face ID<\/td>\n<\/tr>\n<tr style=\"height: 39.1875px;\">\n<td style=\"width: 27.8876%; text-align: left; height: 39.1875px;\"><strong>Modes d'acc\u00e8s<\/strong><\/td>\n<td style=\"width: 69.2883%; height: 39.1875px;\">Empreinte digitale, reconnaissance faciale, application mobile, carte magn\u00e9tique IC, cl\u00e9 m\u00e9canique<\/td>\n<\/tr>\n<tr style=\"height: 39.1875px;\">\n<td style=\"width: 27.8876%; text-align: left; height: 39.1875px;\"><strong>Capacit\u00e9 de stockage d'empreintes digitales<\/strong><\/td>\n<td style=\"width: 69.2883%; height: 39.1875px;\">100 empreintes digitales<\/td>\n<\/tr>\n<tr style=\"height: 39.1875px;\">\n<td style=\"width: 27.8876%; text-align: left; height: 39.1875px;\"><strong>Capacit\u00e9 de stockage de cartes IC<\/strong><\/td>\n<td style=\"width: 69.2883%; height: 39.1875px;\">100 cartes IC<\/td>\n<\/tr>\n<tr style=\"height: 19.5938px;\">\n<td style=\"width: 27.8876%; text-align: left; height: 19.5938px;\"><strong>Cam\u00e9ra<\/strong><\/td>\n<td style=\"width: 69.2883%; height: 19.5938px;\">HD avec vision nocturne<\/td>\n<\/tr>\n<tr style=\"height: 39.1875px;\">\n<td style=\"width: 27.8876%; text-align: left; height: 39.1875px;\"><strong>R\u00e9solution de la cam\u00e9ra<\/strong><\/td>\n<td style=\"width: 69.2883%; height: 39.1875px;\">1080P<\/td>\n<\/tr>\n<tr style=\"height: 19.5938px;\">\n<td style=\"width: 27.8876%; text-align: left; height: 19.5938px;\"><strong>\u00c9cran<\/strong><\/td>\n<td style=\"width: 69.2883%; height: 19.5938px;\">4.5 pouces<\/td>\n<\/tr>\n<tr style=\"height: 19.5938px;\">\n<td style=\"width: 27.8876%; text-align: left; height: 19.5938px;\"><strong>Alimentation<\/strong><\/td>\n<td style=\"width: 69.2883%; height: 19.5938px;\">Batterie rechargeable au lithium<\/td>\n<\/tr>\n<tr style=\"height: 19.5938px;\">\n<td style=\"width: 27.8876%; text-align: left; height: 19.5938px;\"><strong>Capacit\u00e9 de la batterie<\/strong><\/td>\n<td style=\"width: 69.2883%; height: 19.5938px;\">4200mAh<\/td>\n<\/tr>\n<tr style=\"height: 39.1875px;\">\n<td style=\"width: 27.8876%; text-align: left; height: 39.1875px;\"><strong>Alimentation d'urgence<\/strong><\/td>\n<td style=\"width: 69.2883%; height: 39.1875px;\">5V USB<\/td>\n<\/tr>\n<tr style=\"height: 39.1875px;\">\n<td style=\"width: 27.8876%; text-align: left; height: 39.1875px;\"><strong>Distance de reconnaissance<\/strong><\/td>\n<td style=\"width: 69.2883%; height: 39.1875px;\">30~80cm<\/td>\n<\/tr>\n<tr style=\"height: 39.1875px;\">\n<td style=\"width: 27.8876%; text-align: left; height: 39.1875px;\"><strong>Environnement lumineux<\/strong><\/td>\n<td style=\"width: 69.2883%; height: 39.1875px;\">0~5000Lux<\/td>\n<\/tr>\n<tr style=\"height: 39.1875px;\">\n<td style=\"width: 27.8876%; text-align: left; height: 39.1875px;\"><strong>Environnement op\u00e9rationnel<\/strong><\/td>\n<td style=\"width: 69.2883%; height: 39.1875px;\">Humidit\u00e9 \u226480%, Temp\u00e9rature -30-60\u00b0C<\/td>\n<\/tr>\n<tr style=\"height: 19.5938px;\">\n<td style=\"width: 27.8876%; text-align: left; height: 19.5938px;\"><strong>Mat\u00e9riau<\/strong><\/td>\n<td style=\"width: 69.2883%; height: 19.5938px;\">Alliage de zinc<\/td>\n<\/tr>\n<tr style=\"height: 19.5938px;\">\n<td style=\"width: 27.8876%; text-align: left; height: 19.5938px;\"><strong>Connectivit\u00e9<\/strong><\/td>\n<td style=\"width: 69.2883%; height: 19.5938px;\">WiFi<\/td>\n<\/tr>\n<tr style=\"height: 39.1875px;\">\n<td style=\"width: 27.8876%; text-align: left; height: 39.1875px;\"><strong>Plateforme maison intelligente<\/strong><\/td>\n<td style=\"width: 69.2883%; height: 39.1875px;\">Tuya Smart<\/td>\n<\/tr>\n<tr style=\"height: 19.5938px;\">\n<td style=\"width: 27.8876%; text-align: left; height: 19.5938px;\"><strong>Certifications<\/strong><\/td>\n<td style=\"width: 69.2883%; height: 19.5938px;\">CE, FCC<\/td>\n<\/tr>\n<tr style=\"height: 39.1875px;\">\n<td style=\"width: 27.8876%; text-align: left; height: 39.1875px;\"><strong>Fonctions sp\u00e9ciales<\/strong><\/td>\n<td style=\"width: 69.2883%; height: 39.1875px;\">Sonnette int\u00e9gr\u00e9e, vid\u00e9o bidirectionnelle, rejet photo\/vid\u00e9o, capture d'\u00e9trangers, d\u00e9verrouillage par mot de passe virtuel<\/td>\n<\/tr>\n<tr style=\"height: 19.5938px;\">\n<td style=\"width: 27.8876%; text-align: left; height: 19.5938px;\"><strong>Dimensions (avant)<\/strong><\/td>\n<td style=\"width: 69.2883%; height: 19.5938px;\">L:438mm x W:70mm x H:56mm<\/td>\n<\/tr>\n<tr style=\"height: 19.5938px;\">\n<td style=\"width: 27.8876%; text-align: left; height: 19.5938px;\"><strong>Dimensions (dos)<\/strong><\/td>\n<td style=\"width: 69.2883%; height: 19.5938px;\">L:435mm x W:80mm x H:70mm<\/td>\n<\/tr>\n<tr style=\"height: 19.5938px;\">\n<td style=\"width: 27.8876%; text-align: left; height: 19.5938px;\"><strong>Couleurs disponibles<\/strong><\/td>\n<td style=\"width: 69.2883%; height: 19.5938px;\">Noir, Gris<\/td>\n<\/tr>\n<tr style=\"height: 39.1875px;\">\n<td style=\"width: 27.8876%; text-align: left; height: 39.1875px;\"><strong>Type de porte appropri\u00e9<\/strong><\/td>\n<td style=\"width: 69.2883%; height: 39.1875px;\">Acier, Bois, Laiton, Acier inoxydable, etc.<\/td>\n<\/tr>\n<tr style=\"height: 39.1875px;\">\n<td style=\"width: 27.8876%; text-align: left; height: 39.1875px;\"><strong>\u00c9paisseur de porte d\u2019ajustement<\/strong><\/td>\n<td style=\"width: 69.2883%; height: 39.1875px;\">35mm-120mm<\/td>\n<\/tr>\n<tr style=\"height: 19.5938px;\">\n<td style=\"width: 27.8876%; height: 19.5938px; text-align: left;\"><strong>Direction<\/strong><\/td>\n<td style=\"width: 69.2883%; height: 19.5938px;\">R\u00e9versible<\/td>\n<\/tr>\n<tr style=\"height: 19.5938px;\">\n<td style=\"width: 27.8876%; height: 19.5938px; text-align: left;\"><strong>Vendu par<\/strong><\/td>\n<td style=\"width: 69.2883%; height: 19.5938px;\">www.binaa.ma<\/td>\n<\/tr>\n<\/tbody>\n<\/table>\n<p>\u00a0<\/p>\n<p class=\"\" data-end=\"195\" data-start=\"105\"><strong data-end=\"195\" data-start=\"105\">La Serrure Intelligente K10 Face ID &#8211; S\u00e9curit\u00e9 Maximale et Simplicit\u00e9 d&#8217;Utilisation<\/strong><\/p>\n<p class=\"\" data-end=\"195\" data-start=\"105\"><em>Votre S\u00e9curit\u00e9, Notre Priorit\u00e9<\/em><\/p>\n<p class=\"\" data-end=\"195\" data-start=\"105\">Maximisez votre s\u00e9curit\u00e9 avec la Serrure Intelligente K10 Face ID Tuya \u2013 Interphone vid\u00e9o en temps r\u00e9el, cam\u00e9ra UHD, \u00e9cran haute d\u00e9finition, et reconnaissance faciale. Une protection avanc\u00e9e, maintenant \u00e0 port\u00e9e de main. Achetez d\u00e8s aujourd&#8217;hui !<\/p>\n<p><meta charset=\"utf-8\"><img loading=\"lazy\" decoding=\"async\" alt=\"\" src=\"https:\/\/e-maestros.ma\/wp-content\/uploads\/2025\/11\/amazon-alexa-voice-assistance-voix-assistant-vocal-serrure-intelligente-connectee-poignee-digitale-x5-pro-wifi-tuya.png?v=1732632380\" width=\"171\" height=\"61\"> <meta charset=\"utf-8\"><img loading=\"lazy\" decoding=\"async\" alt=\"\" src=\"https:\/\/e-maestros.ma\/wp-content\/uploads\/2025\/11\/google-home-voice-assistance-voix-assistant-vocal-serrure-intelligente-connectee-poignee-digitale-x5-pro-wifi-tuya.png?v=1732632429\" width=\"171\" height=\"61\"><\/p>\n<p class=\"\" data-end=\"540\" data-start=\"510\"><strong data-end=\"538\" data-start=\"510\">Acc\u00e8s Facile et Flexible<\/strong><\/p>\n<ul>\n<li data-end=\"626\" data-start=\"543\">Reconnaissance Faciale 3D : D\u00e9verrouillez votre porte d&#8217;un simple regard.<\/li>\n<li data-end=\"745\" data-start=\"629\">Application Mobile (Wi-Fi\/Bluetooth) : G\u00e9rez l&#8217;acc\u00e8s \u00e0 distance depuis votre smartphone, o\u00f9 que vous soyez.<\/li>\n<li data-end=\"820\" data-start=\"748\">Code PIN personnalisable : Jusqu&#8217;\u00e0 150 utilisateurs diff\u00e9rents.<\/li>\n<li data-end=\"905\" data-start=\"823\">Cartes Magn\u00e9tiques : Supporte jusqu&#8217;\u00e0 200 cartes pour un acc\u00e8s pratique.<\/li>\n<li data-end=\"991\" data-start=\"908\">Empreintes Digitales : Jusqu&#8217;\u00e0 200 empreintes pour un acc\u00e8s ultra-rapide.<\/li>\n<li data-end=\"1068\" data-start=\"994\">Cl\u00e9 M\u00e9canique : Pour une s\u00e9curit\u00e9 suppl\u00e9mentaire en cas de besoin.<\/li>\n<\/ul>\n<p><meta charset=\"utf-8\"><img loading=\"lazy\" decoding=\"async\" alt=\"\" src=\"https:\/\/e-maestros.ma\/wp-content\/uploads\/2025\/11\/app-mobile-appli-tuya-smart-serrure-intelligente-connectee-poignee-digitale-x5-pro-wifi-tuya.png?v=1732632043\" width=\"171\" height=\"61\"> <meta charset=\"utf-8\"><img loading=\"lazy\" decoding=\"async\" alt=\"\" src=\"https:\/\/e-maestros.ma\/wp-content\/uploads\/2025\/11\/app-mobile-appli-smart-life-serrure-intelligente-connectee-poignee-digitale-x5-pro-wifi-tuya.png?v=1732632098\" width=\"171\" height=\"61\"><\/p>\n<p class=\"\" data-end=\"1121\" data-start=\"1075\"><strong data-end=\"1119\" data-start=\"1075\">Technologie Avanc\u00e9e et Protection Totale<\/strong><\/p>\n<ul>\n<li data-end=\"1221\" data-start=\"1124\">Alertes en Temps R\u00e9el : Recevez instantan\u00e9ment des notifications d&#8217;acc\u00e8s et d&#8217;intrusion.<\/li>\n<li data-end=\"1321\" data-start=\"1224\">Autonomie Durable : Batterie lithium 4200mAh pour une utilisation prolong\u00e9e sans tracas.<\/li>\n<li data-end=\"1431\" data-start=\"1324\">Interphone Vid\u00e9o et Audio : Communiquez facilement avec vos visiteurs gr\u00e2ce \u00e0 l&#8217;interphone int\u00e9gr\u00e9.<\/li>\n<\/ul>\n<p><img loading=\"lazy\" decoding=\"async\" alt=\"\" src=\"https:\/\/e-maestros.ma\/wp-content\/uploads\/2025\/11\/6_d5468f79-1d27-4af2-b3dd-e188f6460f51.png?v=1734034579\" width=\"167\" height=\"60\"> <img loading=\"lazy\" decoding=\"async\" alt=\"\" src=\"https:\/\/e-maestros.ma\/wp-content\/uploads\/2025\/11\/7_3cf554d3-157e-4ffd-8873-ae31bb6cedf9.png?v=1734034579\" width=\"168\" height=\"60\"><\/p>\n<p><img loading=\"lazy\" decoding=\"async\" alt=\"\" src=\"https:\/\/e-maestros.ma\/wp-content\/uploads\/2025\/11\/5_fb2bf303-f22a-4c51-9972-93c0473de761.png?v=1734034579\" width=\"165\" height=\"59\"> <img loading=\"lazy\" decoding=\"async\" alt=\"\" src=\"https:\/\/e-maestros.ma\/wp-content\/uploads\/2025\/11\/8_3ffc274e-36b8-46b5-9da7-2a5966345353.png?v=1734034580\" width=\"170\" height=\"61\"><\/p>\n<p><img loading=\"lazy\" decoding=\"async\" alt=\"\" src=\"https:\/\/e-maestros.ma\/wp-content\/uploads\/2025\/11\/10_24d43d38-e116-4d9d-81b1-c4cdea206e4a.png?v=1734034580\" width=\"167\" height=\"60\"> <img loading=\"lazy\" decoding=\"async\" alt=\"\" src=\"https:\/\/e-maestros.ma\/wp-content\/uploads\/2025\/11\/9_a3490073-3c45-4da8-a6f6-eb82050c9b54.png?v=1734034579\" width=\"168\" height=\"60\"><\/p>\n<p><meta charset=\"utf-8\"><strong data-end=\"1493\" data-start=\"1438\">Installation Professionnelle, Utilisation Imm\u00e9diate<\/strong><\/p>\n<p>Nos experts assurent une installation rapide et efficace, adapt\u00e9e \u00e0 tous types de portes. Que ce soit pour un appartement, une villa ou un bureau, la Serrure Intelligente K10 Face ID s&#8217;int\u00e8gre parfaitement \u00e0 votre environnement et r\u00e9siste aux conditions les plus difficiles.<\/p>\n<p class=\"\" data-end=\"1829\" data-start=\"1799\"><strong data-end=\"1827\" data-start=\"1799\">Gestion Facile des Acc\u00e8s<\/strong><\/p>\n<ul>\n<li data-end=\"1878\" data-start=\"1832\">Acc\u00e8s invit\u00e9s temporaires en un clic.<\/li>\n<li data-end=\"1959\" data-start=\"1881\">Contr\u00f4le d&#8217;acc\u00e8s \u00e0 distance pour une gestion s\u00e9curis\u00e9e en temps r\u00e9el.<\/li>\n<li data-end=\"2091\" data-start=\"1962\">Options flexibles : appli mobile, reconnaissance faciale, empreintes, cartes, codes et cl\u00e9s m\u00e9caniques.<\/li>\n<\/ul>\n<p class=\"\" data-end=\"2154\" data-start=\"2098\"><strong data-end=\"2152\" data-start=\"2098\">Tout ce dont Vous Avez Besoin dans un Seul Coffret<\/strong><\/p>\n<ul>\n<li data-end=\"2198\" data-start=\"2157\">1 \u00d7 Serrure Intelligente K10 Face ID<\/li>\n<li data-end=\"2226\" data-start=\"2201\">2 \u00d7 Cl\u00e9s m\u00e9caniques<\/li>\n<li data-end=\"2257\" data-start=\"2229\">2 \u00d7 Cartes magn\u00e9tiques<\/li>\n<li data-end=\"2288\" data-start=\"2260\">1 \u00d7 C\u00e2ble de charge USB<\/li>\n<li data-end=\"2323\" data-start=\"2291\">1 \u00d7 Kit de montage complet<\/li>\n<li data-end=\"2362\" data-start=\"2326\">1 \u00d7 Guide d&#8217;installation d\u00e9taill\u00e9<\/li>\n<\/ul>\n<p><meta charset=\"utf-8\"><strong data-end=\"2416\" data-start=\"2369\">Adoptez la Technologie de S\u00e9curit\u00e9 du Futur<\/strong><\/p>\n<p>Prot\u00e9gez ce qui compte avec la Serrure Intelligente K10 Face ID. Vivez l&#8217;exp\u00e9rience d&#8217;une s\u00e9curit\u00e9 intelligente et simplifi\u00e9e, disponible d\u00e8s maintenant sur binaa.ma.<\/p>\n<p>\u00a0<\/p>\n<ul>\n<ul><\/ul>\n<\/ul>","protected":false},"excerpt":{"rendered":"<p>\u00a0 Marque Tuya Mod\u00e8le K10 Face ID Modes d'acc\u00e8s Empreinte digitale, reconnaissance faciale, application mobile, carte magn\u00e9tique IC, cl\u00e9 m\u00e9canique<\/p>","protected":false},"featured_media":32411,"comment_status":"open","ping_status":"closed","template":"","meta":[],"product_brand":[],"product_cat":[23],"product_tag":[911,913,918,919,1119,975,1120,989,920,1121,921],"class_list":{"0":"post-32055","1":"product","2":"type-product","3":"status-publish","4":"has-post-thumbnail","6":"product_cat-default","7":"product_tag-accessoires-de-domotique","8":"product_tag-appareils-connectes","9":"product_tag-maison-intelligente","10":"product_tag-outils-pour-la-domotique","11":"product_tag-poignee-digitale-k10-face-id","12":"product_tag-serrure-intelligente-face-id","13":"product_tag-serrure-intelligente-k10-face-id","14":"product_tag-serrures-connectees","15":"product_tag-smart-home","16":"product_tag-smart-lock-k10-face-id","17":"product_tag-solutions-de-maison-intelligente","19":"first","20":"instock","21":"sale","22":"shipping-taxable","23":"purchasable","24":"product-type-variable"},"jetpack_sharing_enabled":true,"_links":{"self":[{"href":"https:\/\/e-maestros.ma\/fr\/wp-json\/wp\/v2\/product\/32055","targetHints":{"allow":["GET"]}}],"collection":[{"href":"https:\/\/e-maestros.ma\/fr\/wp-json\/wp\/v2\/product"}],"about":[{"href":"https:\/\/e-maestros.ma\/fr\/wp-json\/wp\/v2\/types\/product"}],"replies":[{"embeddable":true,"href":"https:\/\/e-maestros.ma\/fr\/wp-json\/wp\/v2\/comments?post=32055"}],"version-history":[{"count":10,"href":"https:\/\/e-maestros.ma\/fr\/wp-json\/wp\/v2\/product\/32055\/revisions"}],"predecessor-version":[{"id":32410,"href":"https:\/\/e-maestros.ma\/fr\/wp-json\/wp\/v2\/product\/32055\/revisions\/32410"}],"wp:featuredmedia":[{"embeddable":true,"href":"https:\/\/e-maestros.ma\/fr\/wp-json\/wp\/v2\/media\/32411"}],"wp:attachment":[{"href":"https:\/\/e-maestros.ma\/fr\/wp-json\/wp\/v2\/media?parent=32055"}],"wp:term":[{"taxonomy":"product_brand","embeddable":true,"href":"https:\/\/e-maestros.ma\/fr\/wp-json\/wp\/v2\/product_brand?post=32055"},{"taxonomy":"product_cat","embeddable":true,"href":"https:\/\/e-maestros.ma\/fr\/wp-json\/wp\/v2\/product_cat?post=32055"},{"taxonomy":"product_tag","embeddable":true,"href":"https:\/\/e-maestros.ma\/fr\/wp-json\/wp\/v2\/product_tag?post=32055"}],"curies":[{"name":"wp","href":"https:\/\/api.w.org\/{rel}","templated":true}]}}