{"id":32069,"date":"2025-11-11T16:53:53","date_gmt":"2025-11-11T16:53:53","guid":{"rendered":"https:\/\/e-maestros.ma\/shop\/uncategorized\/serrure-intelligente-l2-wifi\/"},"modified":"2025-11-11T16:53:53","modified_gmt":"2025-11-11T16:53:53","slug":"serrure-intelligente-l2-wifi","status":"publish","type":"product","link":"https:\/\/e-maestros.ma\/fr\/boutique\/par-defaut\/serrure-intelligente-l2-wifi\/","title":{"rendered":"Serrure intelligente L2 Wifi"},"content":{"rendered":"<p><\/p>\n<div class=\"w-full text-token-text-primary\" data-testid=\"conversation-turn-9\">\n<div class=\"px-4 py-2 justify-center text-base md:gap-6 m-auto\">\n<div class=\"flex flex-1 text-base mx-auto gap-3 md:px-5 lg:px-1 xl:px-5 md:max-w-3xl lg:max-w-[40rem] xl:max-w-[48rem] group final-completion\">\n<div class=\"relative flex w-full flex-col lg:w-[calc(100%-115px)] agent-turn\">\n<div class=\"flex-col gap-1 md:gap-3\">\n<div class=\"flex flex-grow flex-col max-w-full\">\n<div data-message-author-role=\"assistant\" data-message-id=\"b9426e0a-18d7-471f-b9f0-57ce220caf1b\" class=\"min-h-[20px] text-message flex flex-col items-start gap-3 whitespace-pre-wrap break-words [.text-message+&#038;]:mt-5 overflow-x-auto\">\n<div class=\"markdown prose w-full break-words dark:prose-invert dark\">\n<table style=\"width: 100.088%;\">\n<tbody>\n<tr>\n<td style=\"text-align: left; width: 3.02373%;\"><strong>Marque<\/strong><\/td>\n<td style=\"width: 96.6191%;\">EZVIZ<\/td>\n<\/tr>\n<tr>\n<td style=\"text-align: left; width: 3.02373%;\"><strong>Mod\u00e8le<\/strong><\/td>\n<td style=\"width: 96.6191%;\">L2<\/td>\n<\/tr>\n<tr>\n<td style=\"width: 3.02373%;\"><strong>Certifications<\/strong><\/td>\n<td style=\"width: 96.6191%;\">CE, FCC<\/td>\n<\/tr>\n<tr>\n<td style=\"text-align: left; width: 3.02373%;\"><strong>Poids<\/strong><\/td>\n<td style=\"width: 96.6191%;\">688g<\/td>\n<\/tr>\n<tr>\n<td style=\"text-align: left; width: 3.02373%;\"><strong>Couleur<\/strong><\/td>\n<td style=\"width: 96.6191%;\">Noir<\/td>\n<\/tr>\n<tr>\n<td style=\"text-align: left; width: 3.02373%;\"><strong>Dimensions<\/strong><\/td>\n<td style=\"width: 96.6191%;\">L = 150mm, l = 66mm, P = 38,5mm<\/td>\n<\/tr>\n<tr>\n<td style=\"text-align: left; width: 3.02373%;\"><strong>Modes d&#8217;Acc\u00e8s<\/strong><\/td>\n<td style=\"width: 96.6191%;\">Application mobile, empreinte digitale, code PIN, carte magn\u00e9tique, cl\u00e9 m\u00e9canique<\/td>\n<\/tr>\n<tr>\n<td style=\"text-align: left; width: 3.02373%;\"><strong>Capacit\u00e9s<\/strong><\/td>\n<td style=\"width: 96.6191%;\">Empreintes digitales: 100 \/ Codes PIN: Illimit\u00e9s \/ Cartes RFID: 50<\/td>\n<\/tr>\n<tr>\n<td style=\"text-align: left; width: 3.02373%;\"><strong>Type de carte<\/strong><\/td>\n<td style=\"width: 96.6191%;\">Carte IC 13.56KHZ<\/td>\n<\/tr>\n<tr>\n<td style=\"text-align: left; width: 3.02373%;\"><strong>Alimentation<\/strong><\/td>\n<td style=\"width: 96.6191%;\">4 piles alcalines AA (Dur\u00e9e de vie environ 10 mois)<\/td>\n<\/tr>\n<tr>\n<td style=\"text-align: left; width: 3.02373%;\"><strong>Compatibilit\u00e9<\/strong><\/td>\n<td style=\"width: 96.6191%;\">Compatible avec d&#8217;autres produits Ezviz<\/td>\n<\/tr>\n<tr>\n<td style=\"width: 3.02373%; text-align: left;\"><strong>Vendu par<\/strong><\/td>\n<td style=\"width: 96.6191%;\">www.binaa.ma<\/td>\n<\/tr>\n<\/tbody>\n<\/table>\n<\/div>\n<\/div>\n<\/div>\n<\/div>\n<\/div>\n<\/div>\n<\/div>\n<\/div>\n<p>\u00a0<\/p>\n<p><strong>D\u00e9couvrez la Serrure Intelligente L2 &#8211; La S\u00e9curit\u00e9 Sans Cl\u00e9<\/strong><\/p>\n<p>Transformez votre quotidien avec la Serrure Intelligente L2, une solution r\u00e9volutionnaire pour s\u00e9curiser votre domicile. Oubliez les cl\u00e9s, adoptez la tranquillit\u00e9 d&#8217;esprit.<\/p>\n<p><strong>Des Modes de D\u00e9verrouillage Illimit\u00e9s:<\/strong><\/p>\n<ul>\n<li>Application mobile (Bluetooth)<\/li>\n<li>Code PIN (jusqu&#8217;\u00e0 150)<\/li>\n<li>Carte magn\u00e9tique (jusqu&#8217;\u00e0 200)<\/li>\n<li>Empreinte digitale (jusqu&#8217;\u00e0 200)<\/li>\n<li>Cl\u00e9 physique<\/li>\n<\/ul>\n<p><strong>Installation Simplifi\u00e9e\u00a0pour une Exp\u00e9rience Premium All Inclusive!<\/strong><\/p>\n<p><meta charset=\"UTF-8\"><span>Notre service d&#8217;installation en option simplifie votre exp\u00e9rience, assurant une utilisation optimale d\u00e8s le premier jour.<\/span><\/p>\n<p><strong>S\u00e9curit\u00e9 In\u00e9gal\u00e9e et Garantie de 24 Mois<\/strong><\/p>\n<p>Commandez d\u00e8s maintenant sur binaa.ma et profitez de la tranquillit\u00e9 d&#8217;esprit totale que la L2\u00a0peut offrir. Choisissez parmi les modes de d\u00e9verrouillage flexibles, y compris empreinte digitale, code PIN, carte magn\u00e9tique, cl\u00e9s virtuelles, et cl\u00e9 physique.<\/p>\n<p><strong>Usages Ing\u00e9nieux:<\/strong><\/p>\n<ul>\n<li>Acc\u00e8s facile pour les enfants ou les personnes \u00e2g\u00e9es<\/li>\n<li>Contr\u00f4le d&#8217;acc\u00e8s pour les entreprises<\/li>\n<li>S\u00e9curit\u00e9 renforc\u00e9e pour les propri\u00e9taires<\/li>\n<\/ul>\n<p><meta charset=\"UTF-8\"><strong>Caract\u00e9ristiques de Pointe:<\/strong><\/p>\n<ul>\n<li>Connectivit\u00e9 avanc\u00e9e, r\u00e9sistance aux intemp\u00e9ries.<\/li>\n<li>S\u00e9curit\u00e9 renforc\u00e9e : alarme antisabotage, poign\u00e9e avec m\u00e9canisme d&#8217;embrayage.<\/li>\n<li>Verrouillage automatique et avertissement de batterie faible.<\/li>\n<\/ul>\n<p><strong>Contenu de l&#8217;emballage &#8211; Tout ce Dont Vous Avez Besoin!<\/strong><\/p>\n<ul>\n<li>1 x Serrure intelligente\u00a0L2<\/li>\n<li>1 x Pack de vis pour l&#8217;installation<\/li>\n<li>2 x Cl\u00e9s m\u00e9caniques<\/li>\n<li>2 x Cartes magn\u00e9tiques<\/li>\n<li>1 x Instructions d&#8217;utilisation<\/li>\n<\/ul>\n<p><strong>Commandez Aujourd&#8217;hui et Red\u00e9finissez la S\u00e9curit\u00e9 de Votre Propri\u00e9t\u00e9!<\/strong><\/p>\n<p>B\u00e9n\u00e9ficiez d&#8217;une installation professionnelle en option, du meilleur prix garanti, et d&#8217;une livraison gratuite partout au Maroc. La L2 de Ezviz\u00a0&#8211; la serrure intelligente qui offre la tranquillit\u00e9 d&#8217;esprit \u00e0 port\u00e9e de main.<\/p>\n<div class=\"w-full text-token-text-primary\" data-testid=\"conversation-turn-9\">\n<div class=\"px-4 py-2 justify-center text-base md:gap-6 m-auto\">\n<div class=\"flex flex-1 text-base mx-auto gap-3 md:px-5 lg:px-1 xl:px-5 md:max-w-3xl lg:max-w-[40rem] xl:max-w-[48rem] group final-completion\">\n<div class=\"relative flex w-full flex-col lg:w-[calc(100%-115px)] agent-turn\">\n<div class=\"flex-col gap-1 md:gap-3\">\n<div class=\"flex flex-grow flex-col max-w-full\">\n<div data-message-author-role=\"assistant\" data-message-id=\"b9426e0a-18d7-471f-b9f0-57ce220caf1b\" class=\"min-h-[20px] text-message flex flex-col items-start gap-3 whitespace-pre-wrap break-words [.text-message+&#038;]:mt-5 overflow-x-auto\">\n<div class=\"markdown prose w-full break-words dark:prose-invert dark\">\n<strong><\/strong>\n<\/div>\n<\/div>\n<\/div>\n<\/div>\n<\/div>\n<\/div>\n<\/div>\n<\/div>\n","protected":false},"excerpt":{"rendered":"<p>Marque EZVIZ Mod\u00e8le L2 Certifications CE, FCC Poids 688g Couleur Noir Dimensions L = 150mm, l = 66mm, P =<\/p>","protected":false},"featured_media":32435,"comment_status":"open","ping_status":"closed","template":"","meta":[],"product_brand":[],"product_cat":[23],"product_tag":[911,913,918,919,978,989,920,921],"class_list":{"0":"post-32069","1":"product","2":"type-product","3":"status-publish","4":"has-post-thumbnail","6":"product_cat-default","7":"product_tag-accessoires-de-domotique","8":"product_tag-appareils-connectes","9":"product_tag-maison-intelligente","10":"product_tag-outils-pour-la-domotique","11":"product_tag-serrure-intelligente-l2","12":"product_tag-serrures-connectees","13":"product_tag-smart-home","14":"product_tag-solutions-de-maison-intelligente","16":"first","17":"instock","18":"shipping-taxable","19":"purchasable","20":"product-type-variable"},"jetpack_sharing_enabled":true,"_links":{"self":[{"href":"https:\/\/e-maestros.ma\/fr\/wp-json\/wp\/v2\/product\/32069","targetHints":{"allow":["GET"]}}],"collection":[{"href":"https:\/\/e-maestros.ma\/fr\/wp-json\/wp\/v2\/product"}],"about":[{"href":"https:\/\/e-maestros.ma\/fr\/wp-json\/wp\/v2\/types\/product"}],"replies":[{"embeddable":true,"href":"https:\/\/e-maestros.ma\/fr\/wp-json\/wp\/v2\/comments?post=32069"}],"version-history":[{"count":0,"href":"https:\/\/e-maestros.ma\/fr\/wp-json\/wp\/v2\/product\/32069\/revisions"}],"wp:featuredmedia":[{"embeddable":true,"href":"https:\/\/e-maestros.ma\/fr\/wp-json\/wp\/v2\/media\/32435"}],"wp:attachment":[{"href":"https:\/\/e-maestros.ma\/fr\/wp-json\/wp\/v2\/media?parent=32069"}],"wp:term":[{"taxonomy":"product_brand","embeddable":true,"href":"https:\/\/e-maestros.ma\/fr\/wp-json\/wp\/v2\/product_brand?post=32069"},{"taxonomy":"product_cat","embeddable":true,"href":"https:\/\/e-maestros.ma\/fr\/wp-json\/wp\/v2\/product_cat?post=32069"},{"taxonomy":"product_tag","embeddable":true,"href":"https:\/\/e-maestros.ma\/fr\/wp-json\/wp\/v2\/product_tag?post=32069"}],"curies":[{"name":"wp","href":"https:\/\/api.w.org\/{rel}","templated":true}]}}