{"id":32071,"date":"2025-11-11T16:53:55","date_gmt":"2025-11-11T16:53:55","guid":{"rendered":"https:\/\/e-maestros.ma\/shop\/uncategorized\/serrure-intelligente-m1-pro-face-id\/"},"modified":"2025-11-11T16:58:26","modified_gmt":"2025-11-11T16:58:26","slug":"serrure-intelligente-m1-pro-face-id","status":"publish","type":"product","link":"https:\/\/e-maestros.ma\/fr\/boutique\/par-defaut\/serrure-intelligente-m1-pro-face-id\/","title":{"rendered":"Serrure intelligente M1 Pro Face ID"},"content":{"rendered":"<p>\u00a0<\/p>\n<table style=\"width: 100.087%; height: 744.563px;\">\n<tbody>\n<tr style=\"height: 19.5938px;\">\n<td style=\"text-align: left; width: 21.5149%; height: 19.5938px;\"><strong>Marque<\/strong><\/td>\n<td style=\"width: 75.6255%; height: 19.5938px;\">Tuya<\/td>\n<\/tr>\n<tr style=\"height: 19.5938px;\">\n<td style=\"text-align: left; width: 21.5149%; height: 19.5938px;\"><strong>Mod\u00e8le<\/strong><\/td>\n<td style=\"width: 75.6255%; height: 19.5938px;\">M1 Pro Face ID<\/td>\n<\/tr>\n<tr style=\"height: 19.5938px;\">\n<td style=\"text-align: left; width: 21.5149%; height: 19.5938px;\"><strong>Mat\u00e9riau<\/strong><\/td>\n<td style=\"width: 75.6255%; height: 19.5938px;\">Alliage d'aluminium<\/td>\n<\/tr>\n<tr style=\"height: 19.5938px;\">\n<td style=\"text-align: left; width: 21.5149%; height: 19.5938px;\"><strong>Couleur<\/strong><\/td>\n<td style=\"width: 75.6255%; height: 19.5938px;\">Noir<\/td>\n<\/tr>\n<tr style=\"height: 39.1875px;\">\n<td style=\"text-align: left; width: 21.5149%; height: 39.1875px;\"><strong>Modes d'acc\u00e8s<\/strong><\/td>\n<td style=\"width: 75.6255%; height: 39.1875px;\">Wi-Fi, Bluetooth, reconnaissance faciale, empreinte digitale, carte magn\u00e9tique, code, cl\u00e9 virtuel, cl\u00e9 physique<\/td>\n<\/tr>\n<tr style=\"height: 58.7812px;\">\n<td style=\"text-align: left; width: 21.5149%; height: 58.7812px;\">\n<div>\n<meta charset=\"utf-8\"> \n<\/div>\n<p><strong>Vid\u00e9ophonie int\u00e9gr\u00e9e<\/strong>\n<\/td>\n<td style=\"width: 75.6255%; height: 58.7812px;\">Oui<\/td>\n<\/tr>\n<tr style=\"height: 78.375px;\">\n<td style=\"text-align: left; width: 21.5149%; height: 78.375px;\"><strong>Codes temporaires<\/strong><\/td>\n<td style=\"width: 75.6255%; height: 78.375px;\">\n<div>\n<meta charset=\"utf-8\"> \n<\/div>\n<div>\n<meta charset=\"utf-8\"> \n<\/div>\n<p>Oui, possibilit\u00e9 d&#8217;ajouter l&#8217;acc\u00e8s autonome (self check-in) sur Airbnb\/Booking<\/td>\n<\/tr>\n<tr style=\"height: 39.1875px;\">\n<td style=\"text-align: left; width: 21.5149%; height: 39.1875px;\"><strong>Codes permanents<\/strong><\/td>\n<td style=\"width: 75.6255%; height: 39.1875px;\">Oui<\/td>\n<\/tr>\n<tr style=\"height: 39.1875px;\">\n<td style=\"text-align: left; width: 21.5149%; height: 39.1875px;\"><strong>Application mobile<\/strong><\/td>\n<td style=\"width: 75.6255%; height: 39.1875px;\">Tuya Smart<\/td>\n<\/tr>\n<tr style=\"height: 19.5938px;\">\n<td style=\"text-align: left; width: 21.5149%; height: 19.5938px;\"><strong>Cam\u00e9ra<\/strong><\/td>\n<td style=\"width: 75.6255%; height: 19.5938px;\">UHD 1080p<\/td>\n<\/tr>\n<tr style=\"height: 39.1875px;\">\n<td style=\"text-align: left; width: 21.5149%; height: 39.1875px;\"><strong>Capacit\u00e9 utilisateur<\/strong><\/td>\n<td style=\"width: 75.6255%; height: 39.1875px;\">Empreinte digitale : 200 \/ Code PIN : 150 \/ Carte : 200 \/ Cl\u00e9 \u00e9lectronique : illimit\u00e9e<\/td>\n<\/tr>\n<tr style=\"height: 19.5938px;\">\n<td style=\"text-align: left; width: 21.5149%; height: 19.5938px;\"><strong>Type de carte<\/strong><\/td>\n<td style=\"width: 75.6255%; height: 19.5938px;\">Carte MF1 (13,56 MHz)<\/td>\n<\/tr>\n<tr style=\"height: 39.1875px;\">\n<td style=\"text-align: left; width: 21.5149%; height: 39.1875px;\"><strong>Lecteur d'empreintes<\/strong><\/td>\n<td style=\"width: 75.6255%; height: 39.1875px;\">Lecteur d'empreintes digitales FPC<\/td>\n<\/tr>\n<tr style=\"height: 39.1875px;\">\n<td style=\"text-align: left; width: 21.5149%; height: 39.1875px;\"><strong>Stockage de donn\u00e9es<\/strong><\/td>\n<td style=\"width: 75.6255%; height: 39.1875px;\">Nuage<\/td>\n<\/tr>\n<tr style=\"height: 39.1875px;\">\n<td style=\"text-align: left; width: 21.5149%; height: 39.1875px;\"><strong>\u00c9paisseur de la porte<\/strong><\/td>\n<td style=\"width: 75.6255%; height: 39.1875px;\">Convient pour une \u00e9paisseur de porte de 35-65mm<\/td>\n<\/tr>\n<tr style=\"height: 19.5938px;\">\n<td style=\"text-align: left; width: 21.5149%; height: 19.5938px;\"><strong>Portes adapt\u00e9es<\/strong><\/td>\n<td style=\"width: 75.6255%; height: 19.5938px;\">Porte en bois \/ Porte de s\u00e9curit\u00e9 \/ Porte composite \/ Porte blind\u00e9e<\/td>\n<\/tr>\n<tr style=\"height: 19.5938px;\">\n<td style=\"text-align: left; width: 21.5149%; height: 19.5938px;\"><strong>Batterie<\/strong><\/td>\n<td style=\"width: 75.6255%; height: 19.5938px;\">4200 mWh &#8211; Plusieurs mois d&#8217;autonomie<\/td>\n<\/tr>\n<tr style=\"height: 19.5938px;\">\n<td style=\"text-align: left; width: 21.5149%; height: 19.5938px;\"><strong>Tension de travail<\/strong><\/td>\n<td style=\"width: 75.6255%; height: 19.5938px;\">6V<\/td>\n<\/tr>\n<tr style=\"height: 39.1875px;\">\n<td style=\"text-align: left; width: 21.5149%; height: 39.1875px;\"><strong>R\u00e9sistance \u00e0 l'eau<\/strong><\/td>\n<td style=\"width: 75.6255%; height: 39.1875px;\">Oui<\/td>\n<\/tr>\n<tr style=\"height: 39.1875px;\">\n<td style=\"text-align: left; width: 21.5149%; height: 39.1875px;\"><strong>Commandes vocales<\/strong><\/td>\n<td style=\"width: 75.6255%; height: 39.1875px;\">Oui<\/td>\n<\/tr>\n<tr style=\"height: 19.5938px;\">\n<td style=\"text-align: left; width: 21.5149%; height: 19.5938px;\"><strong>Garantie<\/strong><\/td>\n<td style=\"width: 75.6255%; height: 19.5938px;\">2 ans<\/td>\n<\/tr>\n<tr style=\"height: 19.5938px;\">\n<td style=\"text-align: left; width: 21.5149%; height: 19.5938px;\"><strong>Certifications<\/strong><\/td>\n<td style=\"width: 75.6255%; height: 19.5938px;\">FCC, CE, RoHS, IP55<\/td>\n<\/tr>\n<tr style=\"height: 19.5938px;\">\n<td style=\"text-align: left; width: 21.5149%; height: 19.5938px;\"><strong>Dimensions<\/strong><\/td>\n<td style=\"width: 75.6255%; height: 19.5938px;\">374\u00a0mm (L) x 75\u00a0mm (l) x 21\u00a0mm (H)<\/td>\n<\/tr>\n<tr style=\"height: 19.5938px;\">\n<td style=\"text-align: left; width: 21.5149%; height: 19.5938px;\"><strong>Vendu par<\/strong><\/td>\n<td style=\"width: 75.6255%; height: 19.5938px;\">www.binaa.ma<\/td>\n<\/tr>\n<\/tbody>\n<\/table>\n<p data-start=\"246\" data-end=\"322\">\u00a0<\/p>\n<p data-start=\"246\" data-end=\"322\"><strong data-start=\"246\" data-end=\"320\">Serrure Intelligente M1 Pro Face ID \u2013 S\u00e9curit\u00e9 Ultime &#038; Contr\u00f4le Total<\/strong><\/p>\n<p data-start=\"324\" data-end=\"401\"><em>Reconnaissance Faciale UHD | Vid\u00e9ophonie HD | Cam\u00e9ra Int\u00e9gr\u00e9e Connect\u00e9e<\/em><\/p>\n<p data-start=\"403\" data-end=\"700\">Prot\u00e9gez votre entr\u00e9e avec la Serrure Intelligente M1 Pro Face ID et profitez d\u2019un niveau de s\u00e9curit\u00e9 avanc\u00e9.<\/p>\n<p data-start=\"403\" data-end=\"700\">Gr\u00e2ce \u00e0 sa reconnaissance faciale ultra-pr\u00e9cise, ouvrez la porte instantan\u00e9ment et voyez en direct qui sonne, sur l\u2019\u00e9cran int\u00e9gr\u00e9 ou via l\u2019application mobile Tuya Smart.<\/p>\n<p data-start=\"702\" data-end=\"836\">Id\u00e9ale pour maisons, bureaux, Airbnb et locations courtes dur\u00e9es au Maroc, elle offre un contr\u00f4le total 24\/7, o\u00f9 que vous soyez.<\/p>\n<p><img loading=\"lazy\" decoding=\"async\" height=\"61\" width=\"171\" src=\"https:\/\/e-maestros.ma\/wp-content\/uploads\/2025\/11\/amazon-alexa-voice-assistance-voix-assistant-vocal-serrure-intelligente-connectee-poignee-digitale-x5-pro-wifi-tuya.png?v=1732632380\" alt=\"\"><\/p>\n<p><img loading=\"lazy\" decoding=\"async\" height=\"60\" width=\"168\" src=\"https:\/\/e-maestros.ma\/wp-content\/uploads\/2025\/11\/google-home-voice-assistance-voix-assistant-vocal-serrure-intelligente-connectee-poignee-digitale-x5-pro-wifi-tuya.png?v=1732632429\" alt=\"\"><\/p>\n<p data-start=\"843\" data-end=\"876\"><strong data-start=\"847\" data-end=\"876\">6 Modes d\u2019Acc\u00e8s S\u00e9curis\u00e9s<\/strong><\/p>\n<ul data-start=\"877\" data-end=\"1207\">\n<li data-start=\"877\" data-end=\"935\">\n<p data-start=\"879\" data-end=\"935\">Reconnaissance faciale \u2013 D\u00e9verrouillage instantan\u00e9<\/p>\n<\/li>\n<li data-start=\"936\" data-end=\"995\">\n<p data-start=\"938\" data-end=\"995\">Empreinte digitale \u2013 Acc\u00e8s biom\u00e9trique ultra-fiable<\/p>\n<\/li>\n<li data-start=\"996\" data-end=\"1046\">\n<p data-start=\"998\" data-end=\"1046\">Code PIN \u2013 Jusqu\u2019\u00e0 150 codes personnalis\u00e9s<\/p>\n<\/li>\n<li data-start=\"1047\" data-end=\"1100\">\n<p data-start=\"1049\" data-end=\"1100\">Carte magn\u00e9tique \u2013 Gestion jusqu\u2019\u00e0 200 cartes<\/p>\n<\/li>\n<li data-start=\"1101\" data-end=\"1149\">\n<p data-start=\"1103\" data-end=\"1149\">Cl\u00e9 m\u00e9canique \u2013 Acc\u00e8s de secours garanti<\/p>\n<\/li>\n<li data-start=\"1150\" data-end=\"1207\">\n<p data-start=\"1152\" data-end=\"1207\">Appli Tuya Smart \u2013 Contr\u00f4le et gestion \u00e0 distance<\/p>\n<\/li>\n<\/ul>\n<p><img loading=\"lazy\" decoding=\"async\" height=\"61\" width=\"171\" src=\"https:\/\/e-maestros.ma\/wp-content\/uploads\/2025\/11\/app-mobile-appli-tuya-smart-serrure-intelligente-connectee-poignee-digitale-x5-pro-wifi-tuya.png?v=1732632043\" alt=\"\"><\/p>\n<p><img loading=\"lazy\" decoding=\"async\" height=\"61\" width=\"171\" src=\"https:\/\/e-maestros.ma\/wp-content\/uploads\/2025\/11\/app-mobile-appli-smart-life-serrure-intelligente-connectee-poignee-digitale-x5-pro-wifi-tuya.png?v=1732632098\" alt=\"\"><\/p>\n<p data-start=\"1214\" data-end=\"1259\"><strong data-start=\"1218\" data-end=\"1259\">S\u00e9curit\u00e9 &#038; Surveillance en Temps R\u00e9el<\/strong><\/p>\n<ul data-start=\"1260\" data-end=\"1456\">\n<li data-start=\"1260\" data-end=\"1315\">\n<p data-start=\"1262\" data-end=\"1315\">Cam\u00e9ra UHD int\u00e9gr\u00e9e \u2013 Vision nette jour et nuit<\/p>\n<\/li>\n<li data-start=\"1316\" data-end=\"1397\">\n<p data-start=\"1318\" data-end=\"1397\">Sonnette vid\u00e9o connect\u00e9e \u2013 R\u00e9pondez aux visiteurs depuis votre smartphone<\/p>\n<\/li>\n<li data-start=\"1398\" data-end=\"1456\">\n<p data-start=\"1400\" data-end=\"1456\">Alertes instantan\u00e9es \u2013 Notifications en temps r\u00e9el<\/p>\n<\/li>\n<\/ul>\n<p data-start=\"1463\" data-end=\"1496\"><strong data-start=\"1467\" data-end=\"1496\">Adapt\u00e9e \u00e0 Tous les Usages<\/strong><\/p>\n<ul data-start=\"1497\" data-end=\"1713\">\n<li data-start=\"1497\" data-end=\"1573\">\n<p data-start=\"1499\" data-end=\"1573\">Airbnb &#038; locations temporaires \u2013 Gestion facile des acc\u00e8s \u00e0 distance<\/p>\n<\/li>\n<li data-start=\"1574\" data-end=\"1645\">\n<p data-start=\"1576\" data-end=\"1645\">Familles &#038; seniors \u2013 S\u00e9curit\u00e9 renforc\u00e9e et confort au quotidien<\/p>\n<\/li>\n<li data-start=\"1646\" data-end=\"1713\">\n<p data-start=\"1648\" data-end=\"1713\">Entreprises &#038; bureaux \u2013 Protection des acc\u00e8s professionnels<\/p>\n<\/li>\n<\/ul>\n<p data-start=\"1720\" data-end=\"1773\"><strong data-start=\"1724\" data-end=\"1773\">Installation Professionnelle Partout au Maroc<\/strong><\/p>\n<ul data-start=\"1774\" data-end=\"2008\">\n<li data-start=\"1774\" data-end=\"1839\">\n<p data-start=\"1776\" data-end=\"1839\">Compatible avec toutes les portes \u2013 Bois, acier, blind\u00e9es<\/p>\n<\/li>\n<li data-start=\"1840\" data-end=\"1890\">\n<p data-start=\"1842\" data-end=\"1890\">Pose sur mesure par nos techniciens agr\u00e9\u00e9s<\/p>\n<\/li>\n<li data-start=\"1891\" data-end=\"1958\">\n<p data-start=\"1893\" data-end=\"1958\">Formation incluse pour ma\u00eetriser toutes les fonctionnalit\u00e9s<\/p>\n<\/li>\n<li data-start=\"1959\" data-end=\"2008\">\n<p data-start=\"1961\" data-end=\"2008\">Support client d\u00e9di\u00e9 et assistance rapide<\/p>\n<\/li>\n<\/ul>\n<p data-start=\"2015\" data-end=\"2038\"><strong data-start=\"2019\" data-end=\"2038\">Contenu du Pack<\/strong><\/p>\n<ul data-start=\"2039\" data-end=\"2220\">\n<li data-start=\"2039\" data-end=\"2086\">\n<p data-start=\"2041\" data-end=\"2086\">1 \u00d7 Serrure intelligente M1 Pro Face ID<\/p>\n<\/li>\n<li data-start=\"2087\" data-end=\"2110\">\n<p data-start=\"2089\" data-end=\"2110\">2 \u00d7 Cl\u00e9s m\u00e9caniques<\/p>\n<\/li>\n<li data-start=\"2111\" data-end=\"2137\">\n<p data-start=\"2113\" data-end=\"2137\">2 \u00d7 Cartes magn\u00e9tiques<\/p>\n<\/li>\n<li data-start=\"2138\" data-end=\"2163\">\n<p data-start=\"2140\" data-end=\"2163\">1 \u00d7 Batterie 4200 mAh<\/p>\n<\/li>\n<li data-start=\"2164\" data-end=\"2191\">\n<p data-start=\"2166\" data-end=\"2191\">1 \u00d7 Pack d\u2019installation<\/p>\n<\/li>\n<li data-start=\"2192\" data-end=\"2220\">\n<p data-start=\"2194\" data-end=\"2220\">1 \u00d7 Manuel d\u2019utilisation<\/p>\n<\/li>\n<\/ul>\n<p data-start=\"2227\" data-end=\"2396\">\ud83d\udee0 Installation professionnelle disponible<\/p>\n<p data-start=\"2227\" data-end=\"2396\">\u2705 Garantie 24 mois<\/p>\n<p data-start=\"2227\" data-end=\"2396\"><meta charset=\"utf-8\">\ud83d\udce6 Livraison rapide partout au Maroc \u2013 Casablanca, Rabat, Marrakech, F\u00e8s, Tanger, Agadir\u2026\u00a0<\/p>\n<p data-start=\"2398\" data-end=\"2532\">Commandez d\u00e8s maintenant sur binaa.ma et profitez du meilleur prix, d\u2019une installation experte et d\u2019une s\u00e9curit\u00e9 haut de gamme !<strong data-start=\"127\" data-end=\"194\"><\/strong><\/p>","protected":false},"excerpt":{"rendered":"<p>\u00a0 Marque Tuya Mod\u00e8le M1 Pro Face ID Mat\u00e9riau Alliage d'aluminium Couleur Noir Modes d'acc\u00e8s Wi-Fi, Bluetooth, reconnaissance faciale, empreinte<\/p>","protected":false},"featured_media":32440,"comment_status":"open","ping_status":"closed","template":"","meta":[],"product_brand":[],"product_cat":[23],"product_tag":[911,913,918,919,1124,989,920,921],"class_list":{"0":"post-32071","1":"product","2":"type-product","3":"status-publish","4":"has-post-thumbnail","6":"product_cat-default","7":"product_tag-accessoires-de-domotique","8":"product_tag-appareils-connectes","9":"product_tag-maison-intelligente","10":"product_tag-outils-pour-la-domotique","11":"product_tag-serrure-intelligente-m1-pro-face-id","12":"product_tag-serrures-connectees","13":"product_tag-smart-home","14":"product_tag-solutions-de-maison-intelligente","16":"first","17":"instock","18":"sale","19":"shipping-taxable","20":"purchasable","21":"product-type-variable"},"jetpack_sharing_enabled":true,"_links":{"self":[{"href":"https:\/\/e-maestros.ma\/fr\/wp-json\/wp\/v2\/product\/32071","targetHints":{"allow":["GET"]}}],"collection":[{"href":"https:\/\/e-maestros.ma\/fr\/wp-json\/wp\/v2\/product"}],"about":[{"href":"https:\/\/e-maestros.ma\/fr\/wp-json\/wp\/v2\/types\/product"}],"replies":[{"embeddable":true,"href":"https:\/\/e-maestros.ma\/fr\/wp-json\/wp\/v2\/comments?post=32071"}],"version-history":[{"count":4,"href":"https:\/\/e-maestros.ma\/fr\/wp-json\/wp\/v2\/product\/32071\/revisions"}],"predecessor-version":[{"id":32439,"href":"https:\/\/e-maestros.ma\/fr\/wp-json\/wp\/v2\/product\/32071\/revisions\/32439"}],"wp:featuredmedia":[{"embeddable":true,"href":"https:\/\/e-maestros.ma\/fr\/wp-json\/wp\/v2\/media\/32440"}],"wp:attachment":[{"href":"https:\/\/e-maestros.ma\/fr\/wp-json\/wp\/v2\/media?parent=32071"}],"wp:term":[{"taxonomy":"product_brand","embeddable":true,"href":"https:\/\/e-maestros.ma\/fr\/wp-json\/wp\/v2\/product_brand?post=32071"},{"taxonomy":"product_cat","embeddable":true,"href":"https:\/\/e-maestros.ma\/fr\/wp-json\/wp\/v2\/product_cat?post=32071"},{"taxonomy":"product_tag","embeddable":true,"href":"https:\/\/e-maestros.ma\/fr\/wp-json\/wp\/v2\/product_tag?post=32071"}],"curies":[{"name":"wp","href":"https:\/\/api.w.org\/{rel}","templated":true}]}}