{"id":32073,"date":"2025-11-11T16:53:55","date_gmt":"2025-11-11T16:53:55","guid":{"rendered":"https:\/\/e-maestros.ma\/shop\/uncategorized\/serrure-intelligente-m1-pro-visio\/"},"modified":"2025-11-11T16:58:27","modified_gmt":"2025-11-11T16:58:27","slug":"serrure-intelligente-m1-pro-visio","status":"publish","type":"product","link":"https:\/\/e-maestros.ma\/fr\/boutique\/par-defaut\/serrure-intelligente-m1-pro-visio\/","title":{"rendered":"Serrure intelligente M1 Pro Visio"},"content":{"rendered":"<p>\u00a0<\/p>\n<table>\n<tbody>\n<tr>\n<td style=\"text-align: left;\"><strong>Marque<\/strong><\/td>\n<td>Tuya<\/td>\n<\/tr>\n<tr>\n<td style=\"text-align: left;\"><strong>Mod\u00e8le<\/strong><\/td>\n<td>M1 Pro Visio<\/td>\n<\/tr>\n<tr>\n<td style=\"text-align: left;\"><strong>Mat\u00e9riau<\/strong><\/td>\n<td>Alliage d'aluminium<\/td>\n<\/tr>\n<tr>\n<td style=\"text-align: left;\"><strong>Couleur<\/strong><\/td>\n<td>Noir<\/td>\n<\/tr>\n<tr>\n<td style=\"text-align: left;\"><strong>Modes d'acc\u00e8s<\/strong><\/td>\n<td>Wi-Fi, Bluetooth, empreinte digitale, carte magn\u00e9tique, code, cl\u00e9 virtuel, cl\u00e9 physique<\/td>\n<\/tr>\n<tr>\n<td style=\"text-align: left;\">\n<div><meta charset=\"utf-8\"><\/div>\n<p><strong>Vid\u00e9ophonie int\u00e9gr\u00e9e<\/strong>\n<\/td>\n<td>Oui<\/td>\n<\/tr>\n<tr>\n<td style=\"text-align: left;\"><strong>Codes temporaires<\/strong><\/td>\n<td>\n<div><meta charset=\"utf-8\"><\/div>\n<div><meta charset=\"utf-8\"><\/div>\n<p>Oui, possibilit\u00e9 d&#8217;ajouter l&#8217;acc\u00e8s autonome (self check-in) sur Airbnb\/Booking<\/td>\n<\/tr>\n<tr>\n<td style=\"text-align: left;\"><strong>Codes permanents<\/strong><\/td>\n<td>Oui<\/td>\n<\/tr>\n<tr>\n<td style=\"text-align: left;\"><strong>Application mobile<\/strong><\/td>\n<td>Tuya Smart<\/td>\n<\/tr>\n<tr>\n<td style=\"text-align: left;\"><strong>Cam\u00e9ra<\/strong><\/td>\n<td>HD 720p<\/td>\n<\/tr>\n<tr>\n<td style=\"text-align: left;\"><strong>Capacit\u00e9 utilisateur<\/strong><\/td>\n<td>Empreinte digitale : 200 \/ Code PIN : 150 \/ Carte : 200 \/ Cl\u00e9 \u00e9lectronique : illimit\u00e9e<\/td>\n<\/tr>\n<tr>\n<td style=\"text-align: left;\"><strong>Type de carte<\/strong><\/td>\n<td>Carte MF1 (13,56 MHz)<\/td>\n<\/tr>\n<tr>\n<td style=\"text-align: left;\"><strong>Lecteur d'empreintes<\/strong><\/td>\n<td>Lecteur d'empreintes digitales FPC<\/td>\n<\/tr>\n<tr>\n<td style=\"text-align: left;\"><strong>Stockage de donn\u00e9es<\/strong><\/td>\n<td>Nuage<\/td>\n<\/tr>\n<tr>\n<td style=\"text-align: left;\"><strong>\u00c9paisseur de la porte<\/strong><\/td>\n<td>Convient pour une \u00e9paisseur de porte de 35-65mm<\/td>\n<\/tr>\n<tr>\n<td style=\"text-align: left;\"><strong>Portes adapt\u00e9es<\/strong><\/td>\n<td>Porte en bois \/ Porte de s\u00e9curit\u00e9 \/ Porte composite \/ Porte blind\u00e9e<\/td>\n<\/tr>\n<tr>\n<td style=\"text-align: left;\"><strong>Batterie<\/strong><\/td>\n<td>4 piles AA (dur\u00e9e de vie normale de 18 mois)<\/td>\n<\/tr>\n<tr>\n<td style=\"text-align: left;\"><strong>Tension de travail<\/strong><\/td>\n<td>6V<\/td>\n<\/tr>\n<tr>\n<td style=\"text-align: left;\"><strong>R\u00e9sistance \u00e0 l'eau<\/strong><\/td>\n<td>Oui<\/td>\n<\/tr>\n<tr>\n<td style=\"text-align: left;\"><strong>Commandes vocales<\/strong><\/td>\n<td>Oui<\/td>\n<\/tr>\n<tr>\n<td style=\"text-align: left;\"><strong>Garantie<\/strong><\/td>\n<td>2 ans<\/td>\n<\/tr>\n<tr>\n<td style=\"text-align: left;\"><strong>Certifications<\/strong><\/td>\n<td>FCC, CE, RoHS, IP55<\/td>\n<\/tr>\n<tr>\n<td style=\"text-align: left;\"><strong>Dimensions<\/strong><\/td>\n<td>374\u00a0mm (L) x 75\u00a0mm (l) x 21\u00a0mm (H)<\/td>\n<\/tr>\n<tr>\n<td style=\"text-align: left;\"><strong>Vendu par<\/strong><\/td>\n<td>www.binaa.ma<\/td>\n<\/tr>\n<\/tbody>\n<\/table>\n<p>\u00a0<\/p>\n<p class=\"\" data-end=\"194\" data-start=\"127\"><strong data-end=\"194\" data-start=\"127\">Serrure Intelligente M1 Pro Visio &#8211; Ma\u00eetrisez Votre S\u00e9curit\u00e9<\/strong><\/p>\n<p class=\"\" data-end=\"519\" data-start=\"196\"><em>Vid\u00e9ophonie HD &#038; Cam\u00e9ra Int\u00e9gr\u00e9e. Contr\u00f4le Total \u00e0 Port\u00e9e de Main!<\/em><\/p>\n<p class=\"\" data-end=\"519\" data-start=\"196\">D\u00e9couvrez en un instant qui se trouve \u00e0 votre porte, que ce soit sur l&#8217;\u00e9cran int\u00e9gr\u00e9 ou directement depuis l\u2019appli mobile Tuya Smart.\u00a0<\/p>\n<p class=\"\" data-end=\"519\" data-start=\"196\">Profitez d\u2019une s\u00e9curit\u00e9 avanc\u00e9e avec une sonnette connect\u00e9e et un contr\u00f4le 24\/7, o\u00f9 que vous soyez !<\/p>\n<p><meta charset=\"utf-8\"><meta charset=\"utf-8\"><\/p>\n<p><img loading=\"lazy\" decoding=\"async\" alt=\"\" src=\"https:\/\/e-maestros.ma\/wp-content\/uploads\/2025\/11\/amazon-alexa-voice-assistance-voix-assistant-vocal-serrure-intelligente-connectee-poignee-digitale-x5-pro-wifi-tuya.png?v=1732632380\" width=\"171\" height=\"61\"><\/p>\n<p><meta charset=\"utf-8\"><\/p>\n<p><img loading=\"lazy\" decoding=\"async\" alt=\"\" src=\"https:\/\/e-maestros.ma\/wp-content\/uploads\/2025\/11\/google-home-voice-assistance-voix-assistant-vocal-serrure-intelligente-connectee-poignee-digitale-x5-pro-wifi-tuya.png?v=1732632429\" width=\"168\" height=\"60\"><\/p>\n<p class=\"\" data-end=\"558\" data-start=\"526\"><strong data-end=\"558\" data-start=\"526\">5 Modes d\u2019Acc\u00e8s Innovants \ud83d\udca1<\/strong><\/p>\n<ul>\n<li data-end=\"613\" data-start=\"562\">Empreinte digitale \u2013 Acc\u00e8s ultra-s\u00e9curis\u00e9<\/li>\n<li data-end=\"658\" data-start=\"616\">Code PIN \u2013 S\u00e9curit\u00e9 personnalis\u00e9e<\/li>\n<li data-end=\"711\" data-start=\"661\">Carte magn\u00e9tique \u2013 Simplicit\u00e9 &#038; rapidit\u00e9<\/li>\n<li data-end=\"758\" data-start=\"714\">Cl\u00e9 m\u00e9canique \u2013 Acc\u00e8s traditionnel<\/li>\n<li data-end=\"815\" data-start=\"761\">Appli mobile Tuya Smart \u2013 Contr\u00f4le \u00e0 distance<\/li>\n<\/ul>\n<p class=\"\" data-end=\"902\" data-start=\"817\">Installation partout au Maroc ! Garantie 2 ans &#038; support client d\u00e9di\u00e9.<\/p>\n<p><meta charset=\"utf-8\"><meta charset=\"utf-8\"><\/p>\n<p><img loading=\"lazy\" decoding=\"async\" alt=\"\" src=\"https:\/\/e-maestros.ma\/wp-content\/uploads\/2025\/11\/app-mobile-appli-tuya-smart-serrure-intelligente-connectee-poignee-digitale-x5-pro-wifi-tuya.png?v=1732632043\" width=\"171\" height=\"61\"><\/p>\n<p><meta charset=\"utf-8\"><\/p>\n<p><img loading=\"lazy\" decoding=\"async\" alt=\"\" src=\"https:\/\/e-maestros.ma\/wp-content\/uploads\/2025\/11\/app-mobile-appli-smart-life-serrure-intelligente-connectee-poignee-digitale-x5-pro-wifi-tuya.png?v=1732632098\" width=\"171\" height=\"61\"><\/p>\n<p class=\"\" data-end=\"950\" data-start=\"909\"><strong data-end=\"950\" data-start=\"909\">D\u00e9verrouillage Flexible &#038; S\u00e9curis\u00e9<\/strong><\/p>\n<ul>\n<li data-end=\"1015\" data-start=\"954\">G\u00e9rez l&#8217;acc\u00e8s depuis votre smartphone, o\u00f9 que vous soyez<\/li>\n<li data-end=\"1064\" data-start=\"1018\">Authentification biom\u00e9trique avanc\u00e9e<\/li>\n<li data-end=\"1128\" data-start=\"1067\">Jusqu\u2019\u00e0 150 codes PIN &#038; 200 cartes magn\u00e9tiques<\/li>\n<\/ul>\n<p data-start=\"1135\" data-end=\"1179\" class=\"\"><strong data-start=\"1135\" data-end=\"1179\">Surveillance &#038; S\u00e9curit\u00e9 en Temps R\u00e9el \ud83d\udc40<\/strong><\/p>\n<ul>\n<li data-start=\"1183\" data-end=\"1252\">Cam\u00e9ra HD int\u00e9gr\u00e9e \u2013 Vision nette de jour comme de nuit<\/li>\n<li data-start=\"1255\" data-end=\"1332\">Sonnette vid\u00e9o connect\u00e9e \u2013 R\u00e9pondez aux visiteurs o\u00f9 que vous soyez\u00a0<\/li>\n<\/ul>\n<p data-start=\"1339\" data-end=\"1377\" class=\"\"><strong data-start=\"1339\" data-end=\"1377\">Adaptabilit\u00e9 &#038; Facilit\u00e9 d\u2019Usage \ud83c\udfe0<\/strong><\/p>\n<ul>\n<li data-start=\"1381\" data-end=\"1463\">Id\u00e9al pour Airbnb &#038; locations temporaires \u2013 Gestion simplifi\u00e9e des acc\u00e8s<\/li>\n<li data-start=\"1466\" data-end=\"1554\">Parfait pour les familles &#038; seniors \u2013 S\u00e9curit\u00e9 &#038; confort au quotidien\u00a0<\/li>\n<\/ul>\n<p><img loading=\"lazy\" decoding=\"async\" alt=\"\" src=\"https:\/\/e-maestros.ma\/wp-content\/uploads\/2025\/11\/7_3cf554d3-157e-4ffd-8873-ae31bb6cedf9.png?v=1734034579\" width=\"173\" height=\"62\"><\/p>\n<p><meta charset=\"utf-8\"><\/p>\n<p><img loading=\"lazy\" decoding=\"async\" height=\"62\" width=\"173\" src=\"https:\/\/e-maestros.ma\/wp-content\/uploads\/2025\/11\/9_a3490073-3c45-4da8-a6f6-eb82050c9b54.png?v=1734034579\" alt=\"\"><\/p>\n<p><img loading=\"lazy\" decoding=\"async\" height=\"62\" width=\"172\" src=\"https:\/\/e-maestros.ma\/wp-content\/uploads\/2025\/11\/8_3ffc274e-36b8-46b5-9da7-2a5966345353.png?v=1734034580\" alt=\"\" style=\"font-family: -apple-system, BlinkMacSystemFont, 'San Francisco', 'Segoe UI', Roboto, 'Helvetica Neue', sans-serif; font-size: 0.875rem;\"><\/p>\n<p><meta charset=\"utf-8\"><\/p>\n<p><img loading=\"lazy\" decoding=\"async\" height=\"62\" width=\"173\" src=\"https:\/\/e-maestros.ma\/wp-content\/uploads\/2025\/11\/5_fb2bf303-f22a-4c51-9972-93c0473de761.png?v=1734034579\" alt=\"\"><\/p>\n<p data-start=\"1561\" data-end=\"1605\" class=\"\"><strong data-start=\"1561\" data-end=\"1605\">Installation &#038; Support Professionnels\u00a0<\/strong><\/p>\n<ul>\n<li data-start=\"1609\" data-end=\"1681\">Installation sur mesure \u2013 Compatible avec toutes les portes<\/li>\n<li data-start=\"1684\" data-end=\"1755\">Formation personnalis\u00e9e \u2013 Ma\u00eetrisez toutes les fonctionnalit\u00e9s<\/li>\n<li data-start=\"1758\" data-end=\"1823\">Support apr\u00e8s installation \u2013 Assistance rapide et efficace<\/li>\n<\/ul>\n<p data-start=\"1830\" data-end=\"1860\" class=\"\"><strong data-start=\"1830\" data-end=\"1860\">Inclus dans Votre Achat<\/strong><\/p>\n<ul>\n<li data-start=\"1864\" data-end=\"1910\">1 \u00d7 Serrure intelligente M1 Pro Visio<\/li>\n<li data-start=\"1913\" data-end=\"1942\">2 \u00d7 Cl\u00e9s m\u00e9caniques<\/li>\n<li data-start=\"1945\" data-end=\"1977\">2 \u00d7 Cartes magn\u00e9tiques<\/li>\n<li data-start=\"1980\" data-end=\"2013\">1 \u00d7 Pack d\u2019installation<\/li>\n<li data-start=\"2016\" data-end=\"2049\">1 \u00d7 Manuel d\u2019utilisation<\/li>\n<\/ul>\n<p><meta charset=\"utf-8\"><meta charset=\"utf-8\"><\/p>\n<p><strong data-start=\"2056\" data-end=\"2114\">Commandez d\u00e8s maintenant en exclusivit\u00e9 sur binaa.ma !<\/strong><\/p>\n<p>Livraison &#038; installation \u00e0 Casablanca, Rabat, Marrakech, F\u00e8s, Tanger et partout au Maroc !<\/p>","protected":false},"excerpt":{"rendered":"<p>\u00a0 Marque Tuya Mod\u00e8le M1 Pro Visio Mat\u00e9riau Alliage d'aluminium Couleur Noir Modes d'acc\u00e8s Wi-Fi, Bluetooth, empreinte digitale, carte magn\u00e9tique,<\/p>","protected":false},"featured_media":32449,"comment_status":"open","ping_status":"closed","template":"","meta":[],"product_brand":[],"product_cat":[23],"product_tag":[911,913,918,919,979,1125,989,920,921],"class_list":{"0":"post-32073","1":"product","2":"type-product","3":"status-publish","4":"has-post-thumbnail","6":"product_cat-default","7":"product_tag-accessoires-de-domotique","8":"product_tag-appareils-connectes","9":"product_tag-maison-intelligente","10":"product_tag-outils-pour-la-domotique","11":"product_tag-serrure-intelligente-m1-pro","12":"product_tag-serrure-intelligente-m1-pro-visio","13":"product_tag-serrures-connectees","14":"product_tag-smart-home","15":"product_tag-solutions-de-maison-intelligente","17":"first","18":"instock","19":"sale","20":"shipping-taxable","21":"purchasable","22":"product-type-variable"},"jetpack_sharing_enabled":true,"_links":{"self":[{"href":"https:\/\/e-maestros.ma\/fr\/wp-json\/wp\/v2\/product\/32073","targetHints":{"allow":["GET"]}}],"collection":[{"href":"https:\/\/e-maestros.ma\/fr\/wp-json\/wp\/v2\/product"}],"about":[{"href":"https:\/\/e-maestros.ma\/fr\/wp-json\/wp\/v2\/types\/product"}],"replies":[{"embeddable":true,"href":"https:\/\/e-maestros.ma\/fr\/wp-json\/wp\/v2\/comments?post=32073"}],"version-history":[{"count":8,"href":"https:\/\/e-maestros.ma\/fr\/wp-json\/wp\/v2\/product\/32073\/revisions"}],"predecessor-version":[{"id":32448,"href":"https:\/\/e-maestros.ma\/fr\/wp-json\/wp\/v2\/product\/32073\/revisions\/32448"}],"wp:featuredmedia":[{"embeddable":true,"href":"https:\/\/e-maestros.ma\/fr\/wp-json\/wp\/v2\/media\/32449"}],"wp:attachment":[{"href":"https:\/\/e-maestros.ma\/fr\/wp-json\/wp\/v2\/media?parent=32073"}],"wp:term":[{"taxonomy":"product_brand","embeddable":true,"href":"https:\/\/e-maestros.ma\/fr\/wp-json\/wp\/v2\/product_brand?post=32073"},{"taxonomy":"product_cat","embeddable":true,"href":"https:\/\/e-maestros.ma\/fr\/wp-json\/wp\/v2\/product_cat?post=32073"},{"taxonomy":"product_tag","embeddable":true,"href":"https:\/\/e-maestros.ma\/fr\/wp-json\/wp\/v2\/product_tag?post=32073"}],"curies":[{"name":"wp","href":"https:\/\/api.w.org\/{rel}","templated":true}]}}