{"id":32075,"date":"2025-11-11T16:53:55","date_gmt":"2025-11-11T16:53:55","guid":{"rendered":"https:\/\/e-maestros.ma\/shop\/uncategorized\/serrure-intelligente-m10-face-id-luxury\/"},"modified":"2025-11-11T16:53:56","modified_gmt":"2025-11-11T16:53:56","slug":"serrure-intelligente-m10-face-id-luxury","status":"publish","type":"product","link":"https:\/\/e-maestros.ma\/fr\/boutique\/par-defaut\/serrure-intelligente-m10-face-id-luxury\/","title":{"rendered":"Serrure intelligente M10 Face ID Luxe"},"content":{"rendered":"<p>\u00a0<\/p>\n<p>\u00a0<\/p>\n<table style=\"height: 722px;\">\n<tbody>\n<tr style=\"height: 19px;\">\n<td style=\"width: 157.84375px;\"><strong>Marque<\/strong><\/td>\n<td style=\"width: 392.171875px;\">Tuya<\/td>\n<\/tr>\n<tr style=\"height: 19px;\">\n<td style=\"width: 157.84375px;\"><strong>Mod\u00e8le<\/strong><\/td>\n<td style=\"width: 392.171875px;\">M10\u00a0Face ID Luxury<\/td>\n<\/tr>\n<tr style=\"height: 38px;\">\n<td style=\"width: 157.84375px;\"><strong>Modes d'acc\u00e8s<\/strong><\/td>\n<td style=\"width: 392.171875px;\">Empreinte digitale, reconnaissance faciale, application mobile, carte magn\u00e9tique IC, cl\u00e9 m\u00e9canique<\/td>\n<\/tr>\n<tr style=\"height: 38px;\">\n<td style=\"width: 157.84375px;\"><strong>Capacit\u00e9 de stockage d'empreintes digitales<\/strong><\/td>\n<td style=\"width: 392.171875px;\">100 empreintes digitales<\/td>\n<\/tr>\n<tr style=\"height: 38px;\">\n<td style=\"width: 157.84375px;\"><strong>Capacit\u00e9 de stockage de cartes IC<\/strong><\/td>\n<td style=\"width: 392.171875px;\">100 cartes IC<\/td>\n<\/tr>\n<tr style=\"height: 19px;\">\n<td style=\"width: 157.84375px;\"><strong>Cam\u00e9ra<\/strong><\/td>\n<td style=\"width: 392.171875px;\">HD avec vision nocturne<\/td>\n<\/tr>\n<tr style=\"height: 38px;\">\n<td style=\"width: 157.84375px;\"><strong>R\u00e9solution de la cam\u00e9ra<\/strong><\/td>\n<td style=\"width: 392.171875px;\">1080P<\/td>\n<\/tr>\n<tr style=\"height: 19px;\">\n<td style=\"width: 157.84375px;\"><strong>\u00c9cran<\/strong><\/td>\n<td style=\"width: 392.171875px;\">4.5 pouces<\/td>\n<\/tr>\n<tr style=\"height: 19px;\">\n<td style=\"width: 157.84375px;\"><strong>Alimentation<\/strong><\/td>\n<td style=\"width: 392.171875px;\">Batterie rechargeable au lithium<\/td>\n<\/tr>\n<tr style=\"height: 19px;\">\n<td style=\"width: 157.84375px;\"><strong>Capacit\u00e9 de la batterie<\/strong><\/td>\n<td style=\"width: 392.171875px;\">4200mAh<\/td>\n<\/tr>\n<tr style=\"height: 38px;\">\n<td style=\"width: 157.84375px;\"><strong>Alimentation d'urgence<\/strong><\/td>\n<td style=\"width: 392.171875px;\">5V USB<\/td>\n<\/tr>\n<tr style=\"height: 38px;\">\n<td style=\"width: 157.84375px;\"><strong>Distance de reconnaissance<\/strong><\/td>\n<td style=\"width: 392.171875px;\">30~80cm<\/td>\n<\/tr>\n<tr style=\"height: 38px;\">\n<td style=\"width: 157.84375px;\"><strong>Environnement lumineux<\/strong><\/td>\n<td style=\"width: 392.171875px;\">0~5000Lux<\/td>\n<\/tr>\n<tr style=\"height: 38px;\">\n<td style=\"width: 157.84375px;\"><strong>Environnement op\u00e9rationnel<\/strong><\/td>\n<td style=\"width: 392.171875px;\">Humidit\u00e9 \u226480%, Temp\u00e9rature -30-60\u00b0C<\/td>\n<\/tr>\n<tr style=\"height: 19px;\">\n<td style=\"width: 157.84375px;\"><strong>Mat\u00e9riau<\/strong><\/td>\n<td style=\"width: 392.171875px;\">Alliage de zinc<\/td>\n<\/tr>\n<tr style=\"height: 19px;\">\n<td style=\"width: 157.84375px;\"><strong>Connectivit\u00e9<\/strong><\/td>\n<td style=\"width: 392.171875px;\">WiFi<\/td>\n<\/tr>\n<tr style=\"height: 38px;\">\n<td style=\"width: 157.84375px;\"><strong>Plateforme maison intelligente<\/strong><\/td>\n<td style=\"width: 392.171875px;\">Tuya Smart<\/td>\n<\/tr>\n<tr style=\"height: 19px;\">\n<td style=\"width: 157.84375px;\"><strong>Certifications<\/strong><\/td>\n<td style=\"width: 392.171875px;\">CE, FCC<\/td>\n<\/tr>\n<tr style=\"height: 38px;\">\n<td style=\"width: 157.84375px;\"><strong>Fonctions sp\u00e9ciales<\/strong><\/td>\n<td style=\"width: 392.171875px;\">Sonnette int\u00e9gr\u00e9e, vid\u00e9o bidirectionnelle, rejet photo\/vid\u00e9o, capture d'\u00e9trangers, d\u00e9verrouillage par mot de passe virtuel<\/td>\n<\/tr>\n<tr style=\"height: 19px;\">\n<td style=\"width: 157.84375px;\"><strong>Dimensions (avant)<\/strong><\/td>\n<td style=\"width: 392.171875px;\">L:438mm x W:70mm x H:56mm<\/td>\n<\/tr>\n<tr style=\"height: 19px;\">\n<td style=\"width: 157.84375px;\"><strong>Dimensions (dos)<\/strong><\/td>\n<td style=\"width: 392.171875px;\">L:435mm x W:80mm x H:70mm<\/td>\n<\/tr>\n<tr style=\"height: 19px;\">\n<td style=\"width: 157.84375px;\"><strong>Couleurs disponibles<\/strong><\/td>\n<td style=\"width: 392.171875px;\">Noir, Gris<\/td>\n<\/tr>\n<tr style=\"height: 38px;\">\n<td style=\"width: 157.84375px;\"><strong>Type de porte appropri\u00e9<\/strong><\/td>\n<td style=\"width: 392.171875px;\">Acier, Bois, Laiton, Acier inoxydable, etc.<\/td>\n<\/tr>\n<tr style=\"height: 38px;\">\n<td style=\"width: 157.84375px;\"><strong>\u00c9paisseur de porte d\u2019ajustement<\/strong><\/td>\n<td style=\"width: 392.171875px;\">35mm-120mm<\/td>\n<\/tr>\n<tr style=\"height: 19px;\">\n<td style=\"width: 157.84375px;\"><strong>Direction<\/strong><\/td>\n<td style=\"width: 392.171875px;\">R\u00e9versible<\/td>\n<\/tr>\n<tr>\n<td style=\"width: 157.844px; text-align: left;\"><strong>Vendu par<\/strong><\/td>\n<td style=\"width: 392.172px;\">www.binaa.ma<\/td>\n<\/tr>\n<\/tbody>\n<\/table>\n<p>\u00a0<\/p>\n<p><strong>La Serrure Intelligente M10\u00a0Face ID Luxury &#8211;\u00a0<\/strong><strong>S\u00e9curit\u00e9 Maximale et Simplicit\u00e9 d&#8217;Utilisation<\/strong><\/p>\n<p><em>Votre S\u00e9curit\u00e9, Notre Priorit\u00e9<\/em><\/p>\n<p>Maximisez votre s\u00e9curit\u00e9 avec la Serrure Intelligente M10\u00a0Face ID\u00a0Luxury Tuya &#8211; Interphone vid\u00e9o en temps r\u00e9el, cam\u00e9ra UHD, \u00e9cran haute d\u00e9finition, et reconnaissance faciale.<\/p>\n<p>Une protection avanc\u00e9e, maintenant \u00e0 port\u00e9e de main. Achetez d\u00e8s aujourd&#8217;hui!<\/p>\n<p><strong>Acc\u00e8s Facile et Flexible<\/strong><\/p>\n<ul>\n<li>\n<p><strong>Reconnaissance Faciale 3D<\/strong>: D\u00e9verrouillez votre porte d&#8217;un simple regard.<\/p>\n<\/li>\n<li>\n<p><strong>Application Mobile<\/strong> (Wi-Fi\/Bluetooth): G\u00e9rez l&#8217;acc\u00e8s \u00e0 distance depuis votre smartphone, o\u00f9 que vous soyez.<\/p>\n<\/li>\n<li>\n<p><strong>Code PIN personnalisable<\/strong>: Jusqu&#8217;\u00e0 150 utilisateurs diff\u00e9rents.<\/p>\n<\/li>\n<li>\n<p><strong>Cartes Magn\u00e9tiques<\/strong>: Supporte jusqu&#8217;\u00e0 200 cartes pour un acc\u00e8s pratique.<\/p>\n<\/li>\n<li>\n<p><strong>Empreintes num\u00e9riques<\/strong>: Jusqu&#8217;\u00e0 200 empreintes pour un acc\u00e8s ultra-rapide.<\/p>\n<\/li>\n<li>\n<p><strong>Cl\u00e9 M\u00e9canique<\/strong>: Pour une s\u00e9curit\u00e9 suppl\u00e9mentaire en cas de besoin.<\/p>\n<\/li>\n<\/ul>\n<p><strong>Technologie Avanc\u00e9e et Protection Totale<\/strong><\/p>\n<ul>\n<li>\n<p><strong>Alertes en Temps R\u00e9el<\/strong>: Recevez instantan\u00e9ment des notifications d&#8217;acc\u00e8s et d&#8217;intrusion.<\/p>\n<\/li>\n<li>\n<p><strong>Autonomie Durable<\/strong>: Batterie lithium 4200mAh pour une utilisation prolong\u00e9e sans tracas.<\/p>\n<\/li>\n<li>\n<p><strong>Interphone Vid\u00e9o et Audio<\/strong>: Communiquez facilement avec vos visiteurs gr\u00e2ce \u00e0 l&#8217;interphone int\u00e9gr\u00e9.<\/p>\n<\/li>\n<\/ul>\n<p><strong>Installation Professionnelle, Utilisation Imm\u00e9diate<\/strong><\/p>\n<p>Nos experts assurent une installation rapide et efficace, adapt\u00e9e \u00e0 tous types de portes.<\/p>\n<p>Que ce soit pour un appartement, une villa ou un bureau, la Serrure Intelligente Face ID M10 Luxury\u00a0s&#8217;int\u00e8gre parfaitement \u00e0 votre environnement et r\u00e9siste aux conditions les plus difficiles.<\/p>\n<p><strong>Gestion Facile des Acc\u00e8s<\/strong><\/p>\n<ul>\n<li>\n<p>Acc\u00e8s invit\u00e9s temporaires en un clic.<\/p>\n<\/li>\n<li>\n<p>Contr\u00f4le d&#8217;acc\u00e8s \u00e0 distance pour une gestion s\u00e9curis\u00e9e en temps r\u00e9el.<\/p>\n<\/li>\n<li>\n<p>Options flexibles: appli mobile, reconnaissance faciale, empreintes, cartes, codes et cl\u00e9s m\u00e9caniques.<\/p>\n<\/li>\n<\/ul>\n<p><strong>Tout ce dont Vous Avez Besoin dans un Seul Coffret<\/strong><\/p>\n<ul>\n<ul>\n<li>\n<p>1\u00a0<span>\u00d7 <\/span>\u00a0M10\u00a0Face ID Luxury<\/p>\n<\/li>\n<\/ul>\n<\/ul>\n<ul>\n<ul>\n<li>\n<p>2\u00a0<span>\u00d7 <\/span>cl\u00e9s m\u00e9caniques<\/p>\n<\/li>\n<\/ul>\n<\/ul>\n<ul>\n<ul>\n<li>\n<p>2\u00a0<span>\u00d7 <\/span>cartes magn\u00e9tiques<\/p>\n<\/li>\n<\/ul>\n<\/ul>\n<ul>\n<ul>\n<li>\n<p>1\u00a0<span>\u00d7 c<\/span>\u00e2ble de charge USB<\/p>\n<\/li>\n<\/ul>\n<\/ul>\n<ul>\n<ul>\n<li>\n<p>1\u00a0<span>\u00d7 k<\/span>it de montage complet<\/p>\n<\/li>\n<\/ul>\n<\/ul>\n<ul>\n<ul>\n<li>\n<p>1\u00a0<span>\u00d7 g<\/span>uide d&#8217;installation d\u00e9taill\u00e9<\/p>\n<\/li>\n<\/ul>\n<\/ul>\n<p><strong>Adoptez la Technologie de S\u00e9curit\u00e9 du Futur<\/strong><\/p>\n<p>Prot\u00e9gez ce qui compte avec la Serrure Intelligente M10\u00a0Face\u00a0ID. Vivez l&#8217;exp\u00e9rience d&#8217;une s\u00e9curit\u00e9 intelligente et simplifi\u00e9e, disponible d\u00e8s maintenant sur binaa.ma.<\/p>\n<p>\u00a0<\/p>\n<ul>\n<ul><\/ul>\n<\/ul>","protected":false},"excerpt":{"rendered":"<p>\u00a0 \u00a0 Marque Tuya Mod\u00e8le M10 Face ID Luxury Modes d'acc\u00e8s Empreinte digitale, reconnaissance faciale, application mobile, carte magn\u00e9tique IC, cl\u00e9<\/p>","protected":false},"featured_media":32450,"comment_status":"open","ping_status":"closed","template":"","meta":[],"product_brand":[],"product_cat":[23],"product_tag":[911,913,918,919,975,989,920,921],"class_list":{"0":"post-32075","1":"product","2":"type-product","3":"status-publish","4":"has-post-thumbnail","6":"product_cat-default","7":"product_tag-accessoires-de-domotique","8":"product_tag-appareils-connectes","9":"product_tag-maison-intelligente","10":"product_tag-outils-pour-la-domotique","11":"product_tag-serrure-intelligente-face-id","12":"product_tag-serrures-connectees","13":"product_tag-smart-home","14":"product_tag-solutions-de-maison-intelligente","16":"first","17":"instock","18":"sale","19":"shipping-taxable","20":"purchasable","21":"product-type-variable"},"jetpack_sharing_enabled":true,"_links":{"self":[{"href":"https:\/\/e-maestros.ma\/fr\/wp-json\/wp\/v2\/product\/32075","targetHints":{"allow":["GET"]}}],"collection":[{"href":"https:\/\/e-maestros.ma\/fr\/wp-json\/wp\/v2\/product"}],"about":[{"href":"https:\/\/e-maestros.ma\/fr\/wp-json\/wp\/v2\/types\/product"}],"replies":[{"embeddable":true,"href":"https:\/\/e-maestros.ma\/fr\/wp-json\/wp\/v2\/comments?post=32075"}],"version-history":[{"count":0,"href":"https:\/\/e-maestros.ma\/fr\/wp-json\/wp\/v2\/product\/32075\/revisions"}],"wp:featuredmedia":[{"embeddable":true,"href":"https:\/\/e-maestros.ma\/fr\/wp-json\/wp\/v2\/media\/32450"}],"wp:attachment":[{"href":"https:\/\/e-maestros.ma\/fr\/wp-json\/wp\/v2\/media?parent=32075"}],"wp:term":[{"taxonomy":"product_brand","embeddable":true,"href":"https:\/\/e-maestros.ma\/fr\/wp-json\/wp\/v2\/product_brand?post=32075"},{"taxonomy":"product_cat","embeddable":true,"href":"https:\/\/e-maestros.ma\/fr\/wp-json\/wp\/v2\/product_cat?post=32075"},{"taxonomy":"product_tag","embeddable":true,"href":"https:\/\/e-maestros.ma\/fr\/wp-json\/wp\/v2\/product_tag?post=32075"}],"curies":[{"name":"wp","href":"https:\/\/api.w.org\/{rel}","templated":true}]}}