{"id":32115,"date":"2025-11-11T16:54:03","date_gmt":"2025-11-11T16:54:03","guid":{"rendered":"https:\/\/e-maestros.ma\/shop\/uncategorized\/serrure-intelligente-x24-face-id\/"},"modified":"2025-11-12T14:05:49","modified_gmt":"2025-11-12T14:05:49","slug":"serrure-intelligente-x24-face-id","status":"publish","type":"product","link":"https:\/\/e-maestros.ma\/fr\/boutique\/eclairage\/eclairage-dmx\/accessoires-et-cablage\/serrure-intelligente-x24-face-id\/","title":{"rendered":"Serrure intelligente X24 Face ID"},"content":{"rendered":"<p>\u00a0<\/p>\n<table style=\"width: 100.088%;height: 431.064px\">\n<tbody>\n<tr style=\"height: 19.5938px\">\n<td style=\"text-align: left;width: 46.4292%;height: 19.5938px\"><strong>Marque<\/strong><\/td>\n<td style=\"width: 53.215%;height: 19.5938px\">WizHome<\/td>\n<\/tr>\n<tr style=\"height: 19.5938px\">\n<td style=\"text-align: left;width: 46.4292%;height: 19.5938px\"><strong>Mod\u00e8le<\/strong><\/td>\n<td style=\"width: 53.215%;height: 19.5938px\">\n<div>\n<span style=\"font-family: -apple-system, BlinkMacSystemFont, 'San Francisco', 'Segoe UI', Roboto, 'Helvetica Neue', sans-serif;font-size: 0.875rem\">X24 Face ID<\/span>\n<\/div>\n<\/td>\n<\/tr>\n<tr>\n<td style=\"text-align: left;width: 46.4292%\"><strong>Garantie<\/strong><\/td>\n<td style=\"width: 53.215%\">\n<div><span style=\"font-family: -apple-system, BlinkMacSystemFont, 'San Francisco', 'Segoe UI', Roboto, 'Helvetica Neue', sans-serif;font-size: 0.875rem\">2 ans<\/span><\/div>\n<\/td>\n<\/tr>\n<tr>\n<td style=\"text-align: left;width: 46.4292%\"><strong>Application mobile<\/strong><\/td>\n<td style=\"width: 53.215%\">\n<div><span style=\"font-family: -apple-system, BlinkMacSystemFont, 'San Francisco', 'Segoe UI', Roboto, 'Helvetica Neue', sans-serif;font-size: 0.875rem\">WisHome (App Store, Google Play Store)<\/span><\/div>\n<\/td>\n<\/tr>\n<tr style=\"height: 19.5938px\">\n<td style=\"text-align: left;width: 46.4292%;height: 19.5938px\"><strong>Capacit\u00e9 de codes<\/strong><\/td>\n<td style=\"width: 53.215%;height: 19.5938px\">150 codes\u00a0<\/td>\n<\/tr>\n<tr>\n<td style=\"text-align: left;width: 46.4292%\">\n<div><\/div>\n<p><strong>Capacit\u00e9 d'empreintes digitales<\/strong>\n<\/td>\n<td style=\"width: 53.215%\">\n<div><\/div>\n<p>200 empreintes<\/td>\n<\/tr>\n<tr style=\"height: 19.5938px\">\n<td style=\"text-align: left;width: 46.4292%;height: 19.5938px\"><strong>Capacit\u00e9 de cartes IC<\/strong><\/td>\n<td style=\"width: 53.215%;height: 19.5938px\">200 cartes<\/td>\n<\/tr>\n<tr>\n<td style=\"text-align: left;width: 46.4292%\">\n<div><\/div>\n<p><strong>Codes permanents<\/strong>\n<\/td>\n<td style=\"width: 53.215%\">\n<div><\/div>\n<p>Oui<\/td>\n<\/tr>\n<tr>\n<td style=\"text-align: left;width: 46.4292%\">\n<div><\/div>\n<p><strong>Codes temporaires<\/strong>\n<\/td>\n<td style=\"width: 53.215%\">\n<div><\/div>\n<p>Non<\/td>\n<\/tr>\n<tr style=\"height: 19.5938px\">\n<td style=\"text-align: left;width: 46.4292%;height: 19.5938px\"><strong>Cam\u00e9ra<\/strong><\/td>\n<td style=\"width: 53.215%;height: 19.5938px\">UHD, vision nocturne, 1080P<\/td>\n<\/tr>\n<tr style=\"height: 19.5938px\">\n<td style=\"text-align: left;width: 46.4292%;height: 19.5938px\"><strong>\u00c9cran<\/strong><\/td>\n<td style=\"width: 53.215%;height: 19.5938px\">5 pouces<\/td>\n<\/tr>\n<tr style=\"height: 19.5938px\">\n<td style=\"text-align: left;width: 46.4292%;height: 19.5938px\"><strong>Alimentation<\/strong><\/td>\n<td style=\"width: 53.215%;height: 19.5938px\">Batterie lithium 5000mAh<\/td>\n<\/tr>\n<tr style=\"height: 19.5938px\">\n<td style=\"text-align: left;width: 46.4292%;height: 19.5938px\"><strong>Recharge<\/strong><\/td>\n<td style=\"width: 53.215%;height: 19.5938px\">USB 5V<\/td>\n<\/tr>\n<tr style=\"height: 19.5938px\">\n<td style=\"text-align: left;width: 46.4292%;height: 19.5938px\"><strong>Distance de reconnaissance<\/strong><\/td>\n<td style=\"width: 53.215%;height: 19.5938px\">30~80cm<\/td>\n<\/tr>\n<tr style=\"height: 19.5938px\">\n<td style=\"text-align: left;width: 46.4292%;height: 19.5938px\"><strong>Luminosit\u00e9 ambiante<\/strong><\/td>\n<td style=\"width: 53.215%;height: 19.5938px\">0~5000Lux<\/td>\n<\/tr>\n<tr style=\"height: 19.5938px\">\n<td style=\"text-align: left;width: 46.4292%;height: 19.5938px\"><strong>Temp\u00e9rature d'op\u00e9ration<\/strong><\/td>\n<td style=\"width: 53.215%;height: 19.5938px\">-30 \u00e0 60\u00b0C<\/td>\n<\/tr>\n<tr style=\"height: 19.5938px\">\n<td style=\"text-align: left;width: 46.4292%;height: 19.5938px\"><strong>Humidit\u00e9<\/strong><\/td>\n<td style=\"width: 53.215%;height: 19.5938px\">\u226480%<\/td>\n<\/tr>\n<tr style=\"height: 19.5938px\">\n<td style=\"text-align: left;width: 46.4292%;height: 19.5938px\"><strong>Mat\u00e9riau<\/strong><\/td>\n<td style=\"width: 53.215%;height: 19.5938px\">Alliage de zinc<\/td>\n<\/tr>\n<tr style=\"height: 19.5938px\">\n<td style=\"text-align: left;width: 46.4292%;height: 19.5938px\"><strong>Connectivit\u00e9<\/strong><\/td>\n<td style=\"width: 53.215%;height: 19.5938px\">Wi-Fi<\/td>\n<\/tr>\n<tr style=\"height: 19.5938px\">\n<td style=\"text-align: left;width: 46.4292%;height: 19.5938px\"><strong>Compatibilit\u00e9 maison intelligente<\/strong><\/td>\n<td style=\"width: 53.215%;height: 19.5938px\">Oui, multiplateformes<\/td>\n<\/tr>\n<tr style=\"height: 19.5938px\">\n<td style=\"text-align: left;width: 46.4292%;height: 19.5938px\"><strong>Dimensions (avant)<\/strong><\/td>\n<td style=\"width: 53.215%;height: 19.5938px\">438mm x 70mm x 56mm<\/td>\n<\/tr>\n<tr style=\"height: 19.5938px\">\n<td style=\"text-align: left;width: 46.4292%;height: 19.5938px\"><strong>Dimensions (dos)<\/strong><\/td>\n<td style=\"width: 53.215%;height: 19.5938px\">435mm x 80mm x 70mm<\/td>\n<\/tr>\n<tr style=\"height: 19.5938px\">\n<td style=\"text-align: left;width: 46.4292%;height: 19.5938px\"><strong>Couleur disponible<\/strong><\/td>\n<td style=\"width: 53.215%;height: 19.5938px\">Noir<\/td>\n<\/tr>\n<tr style=\"height: 19.5938px\">\n<td style=\"text-align: left;width: 46.4292%;height: 19.5938px\"><strong>Type de porte<\/strong><\/td>\n<td style=\"width: 53.215%;height: 19.5938px\">Acier, Bois, Laiton, Acier inoxydable, etc.<\/td>\n<\/tr>\n<tr style=\"height: 19.5938px\">\n<td style=\"text-align: left;width: 46.4292%;height: 19.5938px\"><strong>\u00c9paisseur de porte<\/strong><\/td>\n<td style=\"width: 53.215%;height: 19.5938px\">35mm-120mm<\/td>\n<\/tr>\n<tr style=\"height: 19.5938px\">\n<td style=\"text-align: left;width: 46.4292%;height: 19.5938px\"><strong>Certifications<\/strong><\/td>\n<td style=\"width: 53.215%;height: 19.5938px\">CE, FCC<\/td>\n<\/tr>\n<tr style=\"height: 19.5938px\">\n<td style=\"text-align: left;width: 46.4292%;height: 19.5938px\"><strong>Fonctionnalit\u00e9s sp\u00e9ciales<\/strong><\/td>\n<td style=\"width: 53.215%;height: 19.5938px\">Sonnette int\u00e9gr\u00e9e<\/td>\n<\/tr>\n<tr>\n<td style=\"width: 46.4292%;text-align: left\"><strong>Vendu par<\/strong><\/td>\n<td style=\"width: 53.215%\">www.binaa.ma<\/td>\n<\/tr>\n<\/tbody>\n<\/table>\n<p>\u00a0<\/p>\n<p class=\"\" data-end=\"144\" data-start=\"92\"><strong data-end=\"144\" data-start=\"92\">D\u00e9couvrez la Serrure Intelligente X24 Face ID<\/strong><\/p>\n<p class=\"\" data-end=\"443\" data-start=\"146\"><em>Contr\u00f4le total, s\u00e9r\u00e9nit\u00e9 absolue... ouvrez la porte \u00e0 une nouvelle \u00e8re de protection<\/em><\/p>\n<p class=\"\" data-end=\"443\" data-start=\"146\">Prot\u00e9gez votre maison ou votre espace professionnel gr\u00e2ce \u00e0 la X24 Face ID Tuya Smart. B\u00e9n\u00e9ficiez d'une s\u00e9curit\u00e9 optimale, d'un contr\u00f4le simplifi\u00e9 et d'une gestion int\u00e9grale de vos acc\u00e8s.<\/p>\n<p><img loading=\"lazy\" decoding=\"async\" height=\"61\" width=\"171\" src=\"https:\/\/e-maestros.ma\/wp-content\/uploads\/2025\/11\/amazon-alexa-voice-assistance-voix-assistant-vocal-serrure-intelligente-connectee-poignee-digitale-x5-pro-wifi-tuya.png?v=1732632380\" alt=\"\"> <img loading=\"lazy\" decoding=\"async\" height=\"61\" width=\"171\" src=\"https:\/\/e-maestros.ma\/wp-content\/uploads\/2025\/11\/google-home-voice-assistance-voix-assistant-vocal-serrure-intelligente-connectee-poignee-digitale-x5-pro-wifi-tuya.png?v=1732632429\" alt=\"\"><\/p>\n<p class=\"\" data-end=\"517\" data-start=\"450\"><strong data-end=\"517\" data-start=\"450\">Reconnaissance Faciale et Commande \u00e0 Distance via Smartphone<\/strong><\/p>\n<ul>\n<li data-end=\"919\" data-start=\"519\">\u00c9quip\u00e9e d'une technologie de reconnaissance faciale avanc\u00e9e, la X24 Face ID \u00e9limine les risques d'intrusion.<\/li>\n<li data-end=\"919\" data-start=\"519\">Gr\u00e2ce \u00e0 sa cam\u00e9ra UHD, contr\u00f4lez vos entr\u00e9es et sorties \u00e0 distance directement depuis votre smartphone.<\/li>\n<\/ul>\n<p><img loading=\"lazy\" decoding=\"async\" height=\"60\" width=\"168\" src=\"https:\/\/e-maestros.ma\/wp-content\/uploads\/2025\/11\/serrure-intelligente-x24-faceid-wishome-mobile-app-binaa.png?v=1733948667\" alt=\"\"> <img loading=\"lazy\" decoding=\"async\" height=\"60\" width=\"168\" src=\"https:\/\/e-maestros.ma\/wp-content\/uploads\/2025\/11\/google-play-application-app-mobile-serrure-intelligente-connectee-poignee-digitale-x5-pro-wifi-tuya.png?v=1732636580\" alt=\"\"><\/p>\n<p><img loading=\"lazy\" decoding=\"async\" height=\"60\" width=\"168\" src=\"https:\/\/e-maestros.ma\/wp-content\/uploads\/2025\/11\/app-store-application-app-mobile-serrure-intelligente-connectee-poignee-digitale-x5-pro-wifi-tuya.png?v=1732636630\" alt=\"\"> <img loading=\"lazy\" decoding=\"async\" height=\"59\" width=\"165\" src=\"https:\/\/e-maestros.ma\/wp-content\/uploads\/2025\/11\/app-gallery-application-app-mobile-serrure-intelligente-connectee-poignee-digitale-x5-pro-wifi-tuya.png?v=1732636681\" alt=\"\"><\/p>\n<p class=\"\" data-end=\"964\" data-start=\"926\"><strong data-end=\"962\" data-start=\"926\">Caract\u00e9ristiques Principales<\/strong>\u00a0:<\/p>\n<ul>\n<li data-end=\"1068\" data-start=\"968\">Reconnaissance Faciale : D\u00e9verrouillage rapide et s\u00e9curis\u00e9 gr\u00e2ce \u00e0 la technologie Face ID.<\/li>\n<li data-end=\"1196\" data-start=\"1071\">Acc\u00e8s Multiples : Empreinte digitale, code PIN, cartes RFID, et cl\u00e9 physique pour une flexibilit\u00e9 maximale.<\/li>\n<li data-end=\"1314\" data-start=\"1199\">Cam\u00e9ra Ultra Haute D\u00e9finition : Surveillance en temps r\u00e9el de votre entr\u00e9e, de jour comme de nuit.<\/li>\n<li data-end=\"1463\" data-start=\"1317\">Contr\u00f4le Total \u00e0 Distance : G\u00e9rez les acc\u00e8s via l'application mobile WisHome, id\u00e9al pour les r\u00e9sidences secondaires ou les bureaux.<\/li>\n<li data-end=\"1641\" data-start=\"1466\">Installation Professionnelle : Nos experts assurent une mise en place rapide et conforme \u00e0 vos besoins, garantissant une utilisation optimale d\u00e8s le premier jour.<\/li>\n<li data-end=\"1751\" data-start=\"1644\">Interface intuitive : \u00c9cran de 5 pouces pour une gestion facile de toutes les fonctionnalit\u00e9s.<\/li>\n<li data-end=\"1865\" data-start=\"1754\">Connectivit\u00e9 \u00c9tendue : Compatible avec divers syst\u00e8mes de domotique pour une int\u00e9gration transparente.<\/li>\n<li data-end=\"1971\" data-start=\"1868\">Autonomie \u00c9lev\u00e9e : Batterie lithium 5000mAh pour une long\u00e9vit\u00e9 accrue sans entretien fr\u00e9quent.<\/li>\n<li data-end=\"2057\" data-start=\"1974\">Construction Robuste : Con\u00e7ue pour r\u00e9sister aux tentatives d'effraction.<\/li>\n<\/ul>\n<p><img loading=\"lazy\" decoding=\"async\" height=\"60\" width=\"167\" src=\"https:\/\/e-maestros.ma\/wp-content\/uploads\/2025\/11\/6_d5468f79-1d27-4af2-b3dd-e188f6460f51.png?v=1734034579\" alt=\"\"> <img loading=\"lazy\" decoding=\"async\" height=\"59\" width=\"165\" src=\"https:\/\/e-maestros.ma\/wp-content\/uploads\/2025\/11\/7_3cf554d3-157e-4ffd-8873-ae31bb6cedf9.png?v=1734034579\" alt=\"\"><\/p>\n<p><img loading=\"lazy\" decoding=\"async\" height=\"60\" width=\"168\" src=\"https:\/\/e-maestros.ma\/wp-content\/uploads\/2025\/11\/5_fb2bf303-f22a-4c51-9972-93c0473de761.png?v=1734034579\" alt=\"\"> <img loading=\"lazy\" decoding=\"async\" height=\"59\" width=\"164\" src=\"https:\/\/e-maestros.ma\/wp-content\/uploads\/2025\/11\/8_3ffc274e-36b8-46b5-9da7-2a5966345353.png?v=1734034580\" alt=\"\"><\/p>\n<p><img loading=\"lazy\" decoding=\"async\" height=\"60\" width=\"167\" src=\"https:\/\/e-maestros.ma\/wp-content\/uploads\/2025\/11\/10_24d43d38-e116-4d9d-81b1-c4cdea206e4a.png?v=1734034580\" alt=\"\"> <img loading=\"lazy\" decoding=\"async\" height=\"59\" width=\"165\" src=\"https:\/\/e-maestros.ma\/wp-content\/uploads\/2025\/11\/9_a3490073-3c45-4da8-a6f6-eb82050c9b54.png?v=1734034579\" alt=\"\"><\/p>\n<p class=\"\" data-end=\"2116\" data-start=\"2064\"><strong data-end=\"2116\" data-start=\"2064\">Installation Experte &amp; Certifi\u00e9e, Ultra-Rapide<\/strong><\/p>\n<p class=\"\" data-end=\"2226\" data-start=\"2118\">Nos sp\u00e9cialistes garantissent une installation \u00e9clair de votre serrure intelligente partout au Maroc.<\/p>\n<p class=\"\" data-end=\"2267\" data-start=\"2233\"><strong data-end=\"2263\" data-start=\"2233\">Inclus dans Votre Achat\u00a0<\/strong>:<\/p>\n<ul>\n<li data-end=\"2315\" data-start=\"2270\">1 \u00d7 Serrure intelligente X24 Face ID\u00a0<\/li>\n<li data-end=\"2355\" data-start=\"2318\">1 \u00d7 Batterie lithium 5000mAh\u00a0<\/li>\n<li data-end=\"2387\" data-start=\"2358\">2 \u00d7 Cl\u00e9s m\u00e9caniques\u00a0<\/li>\n<li data-end=\"2422\" data-start=\"2390\">2 \u00d7 Cartes magn\u00e9tiques\u00a0<\/li>\n<li data-end=\"2457\" data-start=\"2425\">1 \u00d7 C\u00e2ble de charge USB\u00a0<\/li>\n<li data-end=\"2488\" data-start=\"2460\">1 \u00d7 Kit de montage\u00a0<\/li>\n<li data-end=\"2530\" data-start=\"2491\">1 \u00d7 Guide d'installation complet\u00a0<\/li>\n<\/ul>\n<p><strong data-end=\"2596\" data-start=\"2537\">Commandez d\u00e8s maintenant en exclusivit\u00e9 sur binaa.ma\u00a0<\/strong><\/p>\n<p>Livraison &amp; installation \u00e0 Casablanca, Rabat, Marrakech, F\u00e8s, Tanger et partout au Maroc !<\/p>","protected":false},"excerpt":{"rendered":"<p>\u00a0 Marque WizHome Mod\u00e8le X24 Face ID Garantie 2 ans Application mobile WisHome (App Store, Google Play Store) Capacit\u00e9 de<\/p>","protected":false},"featured_media":32518,"comment_status":"open","ping_status":"closed","template":"","meta":[],"product_brand":[320],"product_cat":[875,889,865,860,851,904,842,880,868,855,836,882,887,858,881,839,846,862,833,831,869,902,23,834,849,906,830,892,850,905,901,898,895,897,894,896,893,899,845,883,863,874,832,854,852,837,890,871,866,856,857,864,886,844,884,835,841,847,903,885,838,879,840,843,853,900,867,888,891,848,878,861],"product_tag":[1089,911,913,918,919,975,1140,989,920,921],"class_list":{"0":"post-32115","1":"product","2":"type-product","3":"status-publish","4":"has-post-thumbnail","6":"product_brand-abb","7":"product_cat-accessoires-badges-cartes-cablage","8":"product_cat-accessoires-connecteurs-mc4-cables-solaires","9":"product_cat-accessoires-supports-cables-connecteurs","10":"product_cat-accessoires-de-montage-supports-boitiers-racks","11":"product_cat-accessoires-de-pose-gaines-boites-dominos","12":"product_cat-accessoires-et-cablage","13":"product_cat-accessoires-reseau-connecteurs-cordons-panneaux-de-brassage","14":"product_cat-alarme-intrusion-incendie","15":"product_cat-alimentation-et-poe","16":"product_cat-amplificateurs","17":"product_cat-automatisation-et-scenarios","18":"product_cat-baies-techniques-et-coffrets","19":"product_cat-batteries-et-stockage","20":"product_cat-cablage-audio","21":"product_cat-cablage-et-connectique","22":"product_cat-cablage-reseau-rj45-fibres-optiques-baies-de-brassage","23":"product_cat-cables-et-fils-electriques","24":"product_cat-cameras-ip-analogiques","25":"product_cat-chauffage-climatisation-connectes","26":"product_cat-commande-declairage","27":"product_cat-controle-dacces","28":"product_cat-controleurs-et-interfaces-dmx","29":"product_cat-default","30":"product_cat-detecteurs-mouvement-presence-temperature-fumee-fuite-deau","31":"product_cat-disjoncteurs-differentiels-et-protections","32":"product_cat-documentation-et-formation","33":"product_cat-domotique","34":"product_cat-eclairage","35":"product_cat-eclairage-interieur-exterieur","36":"product_cat-eclairage-architectural-dynamique-dmx-pixel","37":"product_cat-eclairage-autonome-solaire","38":"product_cat-eclairage-connecte-domotique","39":"product_cat-eclairage-dmx","40":"product_cat-eclairage-exterieur","41":"product_cat-eclairage-industriel","42":"product_cat-eclairage-interieur","43":"product_cat-eclairage-residentiel","44":"product_cat-eclairage-technique-et-professionnel","45":"product_cat-electricite","46":"product_cat-energie-solaire","47":"product_cat-enregistreurs-nvr-dvr","48":"product_cat-gestion-centralisee-logiciels-controleurs","49":"product_cat-gestion-des-volets-et-stores","50":"product_cat-haut-parleurs-et-enceintes","51":"product_cat-instrumentation-et-mesure","52":"product_cat-interfaces-utilisateur-ecrans-tactiles-applications-assistants-vocaux","53":"product_cat-kits-solaires-autonomes","54":"product_cat-lecteurs-de-badges-rfid","55":"product_cat-logiciels-de-supervision","56":"product_cat-microphones-et-accessoires","57":"product_cat-mixeurs-tables-de-mixage","58":"product_cat-moniteurs-et-ecrans","59":"product_cat-onduleurs-micro-onduleurs","60":"product_cat-outils-de-mesure-et-test-reseau","61":"product_cat-panneaux-solaires-photovoltaiques","62":"product_cat-passerelles-et-centrales-domotiques","63":"product_cat-points-dacces-wi-fi","64":"product_cat-prises-interrupteurs-appareillage-mural","65":"product_cat-projecteurs-et-effets-dmx","66":"product_cat-regulateurs-de-charge","67":"product_cat-reseau-informatique","68":"product_cat-reseau-informatique-multimedia","69":"product_cat-routeurs-switchs-hubs","70":"product_cat-securite-reseau-pare-feux-vpn-nas","71":"product_cat-sonorisation","72":"product_cat-sources-lumineuses-et-composants","73":"product_cat-stockage-disques-durs-nas","74":"product_cat-structures-de-montage","75":"product_cat-surveillance-et-gestion-denergie","76":"product_cat-tableaux-electriques-et-coffrets","77":"product_cat-telephonie-ip-interphonie","78":"product_cat-videosurveillance","79":"product_tag-acces-par-reconnaissance-faciale","80":"product_tag-accessoires-de-domotique","81":"product_tag-appareils-connectes","82":"product_tag-maison-intelligente","83":"product_tag-outils-pour-la-domotique","84":"product_tag-serrure-intelligente-face-id","85":"product_tag-serrure-intelligente-x24-face-id","86":"product_tag-serrures-connectees","87":"product_tag-smart-home","88":"product_tag-solutions-de-maison-intelligente","90":"first","91":"instock","92":"sale","93":"shipping-taxable","94":"purchasable","95":"product-type-variable"},"jetpack_sharing_enabled":true,"_links":{"self":[{"href":"https:\/\/e-maestros.ma\/fr\/wp-json\/wp\/v2\/product\/32115","targetHints":{"allow":["GET"]}}],"collection":[{"href":"https:\/\/e-maestros.ma\/fr\/wp-json\/wp\/v2\/product"}],"about":[{"href":"https:\/\/e-maestros.ma\/fr\/wp-json\/wp\/v2\/types\/product"}],"replies":[{"embeddable":true,"href":"https:\/\/e-maestros.ma\/fr\/wp-json\/wp\/v2\/comments?post=32115"}],"version-history":[{"count":12,"href":"https:\/\/e-maestros.ma\/fr\/wp-json\/wp\/v2\/product\/32115\/revisions"}],"predecessor-version":[{"id":32517,"href":"https:\/\/e-maestros.ma\/fr\/wp-json\/wp\/v2\/product\/32115\/revisions\/32517"}],"wp:featuredmedia":[{"embeddable":true,"href":"https:\/\/e-maestros.ma\/fr\/wp-json\/wp\/v2\/media\/32518"}],"wp:attachment":[{"href":"https:\/\/e-maestros.ma\/fr\/wp-json\/wp\/v2\/media?parent=32115"}],"wp:term":[{"taxonomy":"product_brand","embeddable":true,"href":"https:\/\/e-maestros.ma\/fr\/wp-json\/wp\/v2\/product_brand?post=32115"},{"taxonomy":"product_cat","embeddable":true,"href":"https:\/\/e-maestros.ma\/fr\/wp-json\/wp\/v2\/product_cat?post=32115"},{"taxonomy":"product_tag","embeddable":true,"href":"https:\/\/e-maestros.ma\/fr\/wp-json\/wp\/v2\/product_tag?post=32115"}],"curies":[{"name":"wp","href":"https:\/\/api.w.org\/{rel}","templated":true}]}}