{"id":32119,"date":"2025-11-11T16:54:03","date_gmt":"2025-11-11T16:54:03","guid":{"rendered":"https:\/\/e-maestros.ma\/shop\/uncategorized\/serrure-intelligente-x3-pro-wifi\/"},"modified":"2025-11-12T14:05:50","modified_gmt":"2025-11-12T14:05:50","slug":"serrure-intelligente-x3-pro-wifi","status":"publish","type":"product","link":"https:\/\/e-maestros.ma\/fr\/boutique\/eclairage\/eclairage-dmx\/accessoires-et-cablage\/serrure-intelligente-x3-pro-wifi\/","title":{"rendered":"Serrure intelligente X3 Pro Wifi"},"content":{"rendered":"<p>\u00a0<\/p>\n<ul>\n<ul><\/ul>\n<\/ul>\n<table>\n<tbody>\n<tr>\n<td style=\"text-align: left\"><strong>Marque<\/strong><\/td>\n<td>Tuya<\/td>\n<\/tr>\n<tr>\n<td style=\"text-align: left\">\n<div>\n \n<\/div>\n<p><strong>Mod\u00e8le <\/strong>\n<\/td>\n<td>\n<div>\n \n<\/div>\n<p><span>X3 Pro Wifi<\/span>\n<\/td>\n<\/tr>\n<tr>\n<td style=\"text-align: left\"><strong>Certification<\/strong><\/td>\n<td>CE, FCC<\/td>\n<\/tr>\n<tr>\n<td style=\"text-align: left\"><strong>Garantie<\/strong><\/td>\n<td>24 mois<\/td>\n<\/tr>\n<tr>\n<td style=\"text-align: left\"><strong>Dimensions<\/strong><\/td>\n<td>L = 368mm, l = 77mm, P = 32mm<\/td>\n<\/tr>\n<tr>\n<td style=\"text-align: left\"><strong>Modes d'acc\u00e8s<\/strong><\/td>\n<td>Empreinte digitale, application mobile, code PIN, carte magn\u00e9tique, cl\u00e9 m\u00e9canique<\/td>\n<\/tr>\n<tr>\n<td style=\"text-align: left\"><strong>Empreintes digitales<\/strong><\/td>\n<td>100<\/td>\n<\/tr>\n<tr>\n<td style=\"text-align: left\"><strong>Codes PIN<\/strong><\/td>\n<td>Sans limites<\/td>\n<\/tr>\n<tr>\n<td style=\"text-align: left\"><strong>Cartes RFID<\/strong><\/td>\n<td>50<\/td>\n<\/tr>\n<tr>\n<td style=\"text-align: left\"><strong>Type de carte<\/strong><\/td>\n<td>Carte IC 13.56KHZ<\/td>\n<\/tr>\n<tr>\n<td style=\"text-align: left\"><strong>Source de courant<\/strong><\/td>\n<td>4 piles alcalines AA<\/td>\n<\/tr>\n<tr>\n<td style=\"text-align: left\"><strong>Alimentation de secours USB<\/strong><\/td>\n<td>Oui<\/td>\n<\/tr>\n<tr>\n<td style=\"text-align: left\"><strong>Alarme basse tension<\/strong><\/td>\n<td>4.8V<\/td>\n<\/tr>\n<tr>\n<td style=\"text-align: left\"><strong>Utilisation<\/strong><\/td>\n<td>Logements, \u00e9coles, bureaux, cliniques<\/td>\n<\/tr>\n<tr>\n<td style=\"text-align: left\"><strong>Compatibilit\u00e9<\/strong><\/td>\n<td>Porte m\u00e9tallique, porte en bois, porte en aluminium, porte antivol<\/td>\n<\/tr>\n<tr>\n<td style=\"text-align: left\"><strong>Mat\u00e9riau<\/strong><\/td>\n<td>Alliage de zinc<\/td>\n<\/tr>\n<tr>\n<td style=\"text-align: left\"><strong>R\u00e9seau<\/strong><\/td>\n<td>Bluetooth\/Wi-Fi<\/td>\n<\/tr>\n<tr>\n<td style=\"text-align: left\"><strong>\u00c9paisseur de porte<\/strong><\/td>\n<td>38mm - 120mm<\/td>\n<\/tr>\n<tr>\n<td style=\"text-align: left\"><strong>Vendu par<\/strong><\/td>\n<td>www.binaa.ma<\/td>\n<\/tr>\n<\/tbody>\n<\/table>\n<p>\u00a0<\/p>\n<p data-start=\"125\" data-end=\"181\" class=\"\"><strong data-start=\"125\" data-end=\"181\">D\u00e9couvrez la R\u00e9volution de la S\u00e9curit\u00e9 Domestique \ud83d\udd12<\/strong><\/p>\n<p data-start=\"183\" data-end=\"238\" class=\"\"><em>Optez pour l'Innovation, Optez pour la S\u00e9r\u00e9nit\u00e9 \ud83c\udf1f.<\/em><\/p>\n<p data-start=\"240\" data-end=\"398\" class=\"\">Ouvrez votre monde \u00e0 de nouvelles possibilit\u00e9s avec la Serrure Intelligente X3 Pro Wifi \ud83c\udf10, votre alli\u00e9e ultime pour une maison connect\u00e9e et s\u00e9curis\u00e9e \ud83c\udfe0.<\/p>\n<p><img loading=\"lazy\" decoding=\"async\" alt=\"\" src=\"https:\/\/e-maestros.ma\/wp-content\/uploads\/2025\/11\/amazon-alexa-voice-assistance-voix-assistant-vocal-serrure-intelligente-connectee-poignee-digitale-x5-pro-wifi-tuya.png?v=1732632380\" width=\"171\" height=\"61\"> <img loading=\"lazy\" decoding=\"async\" alt=\"\" src=\"https:\/\/e-maestros.ma\/wp-content\/uploads\/2025\/11\/google-home-voice-assistance-voix-assistant-vocal-serrure-intelligente-connectee-poignee-digitale-x5-pro-wifi-tuya.png?v=1732632429\" width=\"171\" height=\"61\"><\/p>\n<p data-start=\"405\" data-end=\"448\" class=\"\"><strong data-start=\"405\" data-end=\"448\">Modes d'Acc\u00e8s, Polyvalence Red\u00e9finie \ud83d\udca1<\/strong><\/p>\n<ul>\n<li data-start=\"452\" data-end=\"498\">Application mobile (Wi-Fi, Bluetooth) \ud83d\udcf1<\/li>\n<li data-start=\"501\" data-end=\"532\">Code PIN (jusqu'\u00e0 150) \ud83d\udd22<\/li>\n<li data-start=\"535\" data-end=\"575\">Carte magn\u00e9tique (jusqu'\u00e0 200) \ud83c\udff7\ufe0f<\/li>\n<li data-start=\"578\" data-end=\"620\">Empreinte digitale (jusqu'\u00e0 200) \ud83d\udd90\ufe0f<\/li>\n<li data-start=\"623\" data-end=\"643\">Cl\u00e9 physique \ud83d\udddd\ufe0f<\/li>\n<\/ul>\n<p><img loading=\"lazy\" decoding=\"async\" alt=\"\" src=\"https:\/\/e-maestros.ma\/wp-content\/uploads\/2025\/11\/app-mobile-appli-tuya-smart-serrure-intelligente-connectee-poignee-digitale-x5-pro-wifi-tuya.png?v=1732632043\" width=\"171\" height=\"61\"> <img loading=\"lazy\" decoding=\"async\" alt=\"\" src=\"https:\/\/e-maestros.ma\/wp-content\/uploads\/2025\/11\/app-mobile-appli-smart-life-serrure-intelligente-connectee-poignee-digitale-x5-pro-wifi-tuya.png?v=1732632098\" width=\"171\" height=\"61\"><\/p>\n<p data-start=\"650\" data-end=\"675\" class=\"\"><strong data-start=\"650\" data-end=\"673\">Usages Ing\u00e9nieux \u2699\ufe0f<\/strong> :<\/p>\n<ul>\n<li data-start=\"678\" data-end=\"742\">Acc\u00e8s facile pour les enfants \ud83d\udc76 ou les personnes \u00e2g\u00e9es \ud83d\udc75<\/li>\n<li data-start=\"745\" data-end=\"791\">Contr\u00f4le d'acc\u00e8s pour les entreprises \ud83c\udfe2<\/li>\n<li data-start=\"794\" data-end=\"839\">Location de propri\u00e9t\u00e9 \u00e0 court terme \ud83c\udfd8\ufe0f<\/li>\n<li data-start=\"842\" data-end=\"892\">S\u00e9curit\u00e9 renforc\u00e9e pour les propri\u00e9taires \ud83d\udd10<\/li>\n<li data-start=\"895\" data-end=\"941\">Acc\u00e8s pour les travailleurs \u00e0 distance \ud83d\udee0\ufe0f<\/li>\n<\/ul>\n<p><img loading=\"lazy\" decoding=\"async\" alt=\"\" src=\"https:\/\/e-maestros.ma\/wp-content\/uploads\/2025\/11\/7_3cf554d3-157e-4ffd-8873-ae31bb6cedf9.png?v=1734034579\" width=\"173\" height=\"62\"> <img loading=\"lazy\" decoding=\"async\" height=\"62\" width=\"173\" src=\"https:\/\/e-maestros.ma\/wp-content\/uploads\/2025\/11\/9_a3490073-3c45-4da8-a6f6-eb82050c9b54.png?v=1734034579\" alt=\"\"><\/p>\n<p><img loading=\"lazy\" decoding=\"async\" height=\"62\" width=\"172\" src=\"https:\/\/e-maestros.ma\/wp-content\/uploads\/2025\/11\/8_3ffc274e-36b8-46b5-9da7-2a5966345353.png?v=1734034580\" alt=\"\" style=\"font-family: -apple-system, BlinkMacSystemFont, 'San Francisco', 'Segoe UI', Roboto, 'Helvetica Neue', sans-serif;font-size: 0.875rem\"> <img loading=\"lazy\" decoding=\"async\" height=\"62\" width=\"173\" src=\"https:\/\/e-maestros.ma\/wp-content\/uploads\/2025\/11\/5_fb2bf303-f22a-4c51-9972-93c0473de761.png?v=1734034579\" alt=\"\"><\/p>\n<p data-start=\"948\" data-end=\"1011\" class=\"\"><strong data-start=\"948\" data-end=\"1011\">Utilisation Simplifi\u00e9e, Une Serrure Pour Chaque Sc\u00e9nario \ud83d\udd11<\/strong><\/p>\n<ul>\n<li data-start=\"1015\" data-end=\"1078\">Gestion des Invit\u00e9s : Des acc\u00e8s temporaires sans tracas \u23f3<\/li>\n<li data-start=\"1081\" data-end=\"1170\">Contr\u00f4le d'Acc\u00e8s \u00e0 Distance : Surveillez et autorisez l'entr\u00e9e o\u00f9 que vous soyez \ud83d\udcf1<\/li>\n<li data-start=\"1173\" data-end=\"1256\">S\u00e9curit\u00e9 am\u00e9lior\u00e9e : Fonctionnalit\u00e9s avanc\u00e9es pour une tranquillit\u00e9 totale \ud83c\udf1f<\/li>\n<li data-start=\"1259\" data-end=\"1386\">Flexibilit\u00e9 d'Options d'Acc\u00e8s : Application mobile \ud83d\udcf1, empreintes digitales \ud83d\udd90\ufe0f, cartes \ud83c\udff7\ufe0f, codes \ud83d\udd22 et cl\u00e9s physiques \ud83d\udddd\ufe0f<\/li>\n<\/ul>\n<p data-start=\"1393\" data-end=\"1467\" class=\"\"><strong data-start=\"1393\" data-end=\"1467\">Installation simplifi\u00e9e pour une Exp\u00e9rience Premium All Inclusive ! \ud83d\udee0\ufe0f<\/strong><\/p>\n<p data-start=\"1469\" data-end=\"1593\" class=\"\">Notre service d'installation en option simplifie votre exp\u00e9rience, assurant une utilisation optimale d\u00e8s le premier jour \ud83c\udfc6.<\/p>\n<p data-start=\"1600\" data-end=\"1636\" class=\"\"><strong data-start=\"1600\" data-end=\"1634\">Caract\u00e9ristiques Techniques \ud83d\udcdd<\/strong> :<\/p>\n<ul>\n<li data-start=\"1640\" data-end=\"1674\">6 modes de d\u00e9verrouillage \ud83d\udd12<\/li>\n<li data-start=\"1677\" data-end=\"1727\">Gestion pratique via l'application mobile \ud83d\udcf1<\/li>\n<li data-start=\"1730\" data-end=\"1795\">Gestion de plusieurs serrures avec une seule application \ud83d\udcf2<\/li>\n<li data-start=\"1798\" data-end=\"1835\">Mots de passe \u00e0 dur\u00e9e limit\u00e9e \u23f3<\/li>\n<li data-start=\"1838\" data-end=\"1898\">Administrateurs multiples pour une gestion optimale \ud83d\udc65<\/li>\n<li data-start=\"1901\" data-end=\"1970\">Consultation des enregistrements \u00e0 tout moment, n'importe o\u00f9 \ud83c\udf0d<\/li>\n<li data-start=\"1973\" data-end=\"2044\">Lecteur d'empreintes digitales FPC pour une s\u00e9curit\u00e9 maximale \ud83d\udd90\ufe0f<\/li>\n<li data-start=\"2047\" data-end=\"2106\">Alimentation de secours en cas de panne de courant \ud83d\udd0b<\/li>\n<li data-start=\"2109\" data-end=\"2157\">\u00c9tanche avec indice de protection IP55 \ud83c\udf27\ufe0f<\/li>\n<li data-start=\"2160\" data-end=\"2205\">R\u00e9sistance aux chocs et \u00e0 la corrosion \ud83d\udcaa<\/li>\n<\/ul>\n<p data-start=\"2212\" data-end=\"2256\" class=\"\"><strong data-start=\"2212\" data-end=\"2254\">Contenu de l'Emballage, Tout y est ! \ud83d\udce6<\/strong><\/p>\n<ul>\n<li data-start=\"2259\" data-end=\"2304\">1 \u00d7 Serrure intelligente X3 Pro Wifi \ud83d\udd12<\/li>\n<li data-start=\"2307\" data-end=\"2352\">1 \u00d7 Pack de vis pour l'installation \ud83d\udee0\ufe0f<\/li>\n<li data-start=\"2355\" data-end=\"2384\">2 \u00d7 Cl\u00e9s m\u00e9caniques \ud83d\udddd\ufe0f<\/li>\n<li data-start=\"2387\" data-end=\"2419\">2 \u00d7 Cartes magn\u00e9tiques \ud83c\udff7\ufe0f<\/li>\n<li data-start=\"2422\" data-end=\"2459\">1 \u00d7 Instructions d'utilisation \ud83d\udcd8<\/li>\n<\/ul>\n<p data-start=\"2466\" data-end=\"2542\" class=\"\"><strong data-start=\"2466\" data-end=\"2542\">Commandez Aujourd'hui et Red\u00e9finissez la S\u00e9curit\u00e9 de Votre Propri\u00e9t\u00e9 ! \ud83d\ude80<\/strong><\/p>\n<p data-start=\"2544\" data-end=\"2870\" class=\"\">Optez pour la X3 Pro Wifi Tuya Smart, votre porte vers un avenir s\u00e9curis\u00e9 \ud83d\udd10. Profitez de l'installation professionnelle en option, du meilleur prix \ud83d\udcb8, et de la livraison partout au Maroc \ud83c\uddf2\ud83c\udde6.\u00a0<\/p>\n<p data-start=\"2544\" data-end=\"2870\" class=\"\">Ne laissez rien au hasard, choisissez l'excellence de la s\u00e9curit\u00e9 intelligente \ud83d\udd11. Commandez sur binaa.ma d\u00e8s maintenant !<\/p>\n<p>\u00a0<\/p>","protected":false},"excerpt":{"rendered":"<p>\u00a0 Marque Tuya Mod\u00e8le X3 Pro Wifi Certification CE, FCC Garantie 24 mois Dimensions L = 368mm, l = 77mm,<\/p>","protected":false},"featured_media":32528,"comment_status":"open","ping_status":"closed","template":"","meta":[],"product_brand":[320],"product_cat":[875,889,865,860,851,904,842,880,868,855,836,882,887,858,881,839,846,862,833,831,869,902,23,834,849,906,830,892,850,905,901,898,895,897,894,896,893,899,845,883,863,874,832,854,852,837,890,871,866,856,857,864,886,844,884,835,841,847,903,885,838,879,840,843,853,900,867,888,891,848,878,861],"product_tag":[911,913,918,919,989,920,921],"class_list":{"0":"post-32119","1":"product","2":"type-product","3":"status-publish","4":"has-post-thumbnail","6":"product_brand-abb","7":"product_cat-accessoires-badges-cartes-cablage","8":"product_cat-accessoires-connecteurs-mc4-cables-solaires","9":"product_cat-accessoires-supports-cables-connecteurs","10":"product_cat-accessoires-de-montage-supports-boitiers-racks","11":"product_cat-accessoires-de-pose-gaines-boites-dominos","12":"product_cat-accessoires-et-cablage","13":"product_cat-accessoires-reseau-connecteurs-cordons-panneaux-de-brassage","14":"product_cat-alarme-intrusion-incendie","15":"product_cat-alimentation-et-poe","16":"product_cat-amplificateurs","17":"product_cat-automatisation-et-scenarios","18":"product_cat-baies-techniques-et-coffrets","19":"product_cat-batteries-et-stockage","20":"product_cat-cablage-audio","21":"product_cat-cablage-et-connectique","22":"product_cat-cablage-reseau-rj45-fibres-optiques-baies-de-brassage","23":"product_cat-cables-et-fils-electriques","24":"product_cat-cameras-ip-analogiques","25":"product_cat-chauffage-climatisation-connectes","26":"product_cat-commande-declairage","27":"product_cat-controle-dacces","28":"product_cat-controleurs-et-interfaces-dmx","29":"product_cat-default","30":"product_cat-detecteurs-mouvement-presence-temperature-fumee-fuite-deau","31":"product_cat-disjoncteurs-differentiels-et-protections","32":"product_cat-documentation-et-formation","33":"product_cat-domotique","34":"product_cat-eclairage","35":"product_cat-eclairage-interieur-exterieur","36":"product_cat-eclairage-architectural-dynamique-dmx-pixel","37":"product_cat-eclairage-autonome-solaire","38":"product_cat-eclairage-connecte-domotique","39":"product_cat-eclairage-dmx","40":"product_cat-eclairage-exterieur","41":"product_cat-eclairage-industriel","42":"product_cat-eclairage-interieur","43":"product_cat-eclairage-residentiel","44":"product_cat-eclairage-technique-et-professionnel","45":"product_cat-electricite","46":"product_cat-energie-solaire","47":"product_cat-enregistreurs-nvr-dvr","48":"product_cat-gestion-centralisee-logiciels-controleurs","49":"product_cat-gestion-des-volets-et-stores","50":"product_cat-haut-parleurs-et-enceintes","51":"product_cat-instrumentation-et-mesure","52":"product_cat-interfaces-utilisateur-ecrans-tactiles-applications-assistants-vocaux","53":"product_cat-kits-solaires-autonomes","54":"product_cat-lecteurs-de-badges-rfid","55":"product_cat-logiciels-de-supervision","56":"product_cat-microphones-et-accessoires","57":"product_cat-mixeurs-tables-de-mixage","58":"product_cat-moniteurs-et-ecrans","59":"product_cat-onduleurs-micro-onduleurs","60":"product_cat-outils-de-mesure-et-test-reseau","61":"product_cat-panneaux-solaires-photovoltaiques","62":"product_cat-passerelles-et-centrales-domotiques","63":"product_cat-points-dacces-wi-fi","64":"product_cat-prises-interrupteurs-appareillage-mural","65":"product_cat-projecteurs-et-effets-dmx","66":"product_cat-regulateurs-de-charge","67":"product_cat-reseau-informatique","68":"product_cat-reseau-informatique-multimedia","69":"product_cat-routeurs-switchs-hubs","70":"product_cat-securite-reseau-pare-feux-vpn-nas","71":"product_cat-sonorisation","72":"product_cat-sources-lumineuses-et-composants","73":"product_cat-stockage-disques-durs-nas","74":"product_cat-structures-de-montage","75":"product_cat-surveillance-et-gestion-denergie","76":"product_cat-tableaux-electriques-et-coffrets","77":"product_cat-telephonie-ip-interphonie","78":"product_cat-videosurveillance","79":"product_tag-accessoires-de-domotique","80":"product_tag-appareils-connectes","81":"product_tag-maison-intelligente","82":"product_tag-outils-pour-la-domotique","83":"product_tag-serrures-connectees","84":"product_tag-smart-home","85":"product_tag-solutions-de-maison-intelligente","87":"first","88":"instock","89":"sale","90":"shipping-taxable","91":"purchasable","92":"product-type-variable"},"jetpack_sharing_enabled":true,"_links":{"self":[{"href":"https:\/\/e-maestros.ma\/fr\/wp-json\/wp\/v2\/product\/32119","targetHints":{"allow":["GET"]}}],"collection":[{"href":"https:\/\/e-maestros.ma\/fr\/wp-json\/wp\/v2\/product"}],"about":[{"href":"https:\/\/e-maestros.ma\/fr\/wp-json\/wp\/v2\/types\/product"}],"replies":[{"embeddable":true,"href":"https:\/\/e-maestros.ma\/fr\/wp-json\/wp\/v2\/comments?post=32119"}],"version-history":[{"count":8,"href":"https:\/\/e-maestros.ma\/fr\/wp-json\/wp\/v2\/product\/32119\/revisions"}],"predecessor-version":[{"id":32527,"href":"https:\/\/e-maestros.ma\/fr\/wp-json\/wp\/v2\/product\/32119\/revisions\/32527"}],"wp:featuredmedia":[{"embeddable":true,"href":"https:\/\/e-maestros.ma\/fr\/wp-json\/wp\/v2\/media\/32528"}],"wp:attachment":[{"href":"https:\/\/e-maestros.ma\/fr\/wp-json\/wp\/v2\/media?parent=32119"}],"wp:term":[{"taxonomy":"product_brand","embeddable":true,"href":"https:\/\/e-maestros.ma\/fr\/wp-json\/wp\/v2\/product_brand?post=32119"},{"taxonomy":"product_cat","embeddable":true,"href":"https:\/\/e-maestros.ma\/fr\/wp-json\/wp\/v2\/product_cat?post=32119"},{"taxonomy":"product_tag","embeddable":true,"href":"https:\/\/e-maestros.ma\/fr\/wp-json\/wp\/v2\/product_tag?post=32119"}],"curies":[{"name":"wp","href":"https:\/\/api.w.org\/{rel}","templated":true}]}}