{"id":32135,"date":"2025-11-11T16:54:06","date_gmt":"2025-11-11T16:54:06","guid":{"rendered":"https:\/\/e-maestros.ma\/shop\/uncategorized\/serrure-intelligente-x8-wifi\/"},"modified":"2025-11-12T14:05:42","modified_gmt":"2025-11-12T14:05:42","slug":"serrure-intelligente-x8-wifi","status":"publish","type":"product","link":"https:\/\/e-maestros.ma\/fr\/boutique\/eclairage\/eclairage-dmx\/accessoires-et-cablage\/serrure-intelligente-x8-wifi\/","title":{"rendered":"Serrure intelligente X8 Wifi"},"content":{"rendered":"<p><\/p>\n<table>\n<tbody>\n<tr>\n<td style=\"text-align: left;\"><strong>Marque<\/strong><\/td>\n<td>Tuya\n<\/td>\n<\/tr>\n<tr>\n<td style=\"text-align: left;\"><strong>Mod\u00e8le<\/strong><\/td>\n<td>X8 Wifi<\/td>\n<\/tr>\n<tr>\n<td style=\"text-align: left;\"><strong>Mat\u00e9riaux<\/strong><\/td>\n<td>Alliage d'aluminium (Panneau), Acier inoxydable pur sp\u00e9cial (Corps de la serrure)<\/td>\n<\/tr>\n<tr>\n<td style=\"text-align: left;\"><strong>Cartes RFID<\/strong><\/td>\n<td>\u2264 100<\/td>\n<\/tr>\n<tr>\n<td style=\"text-align: left;\"><strong>Face ID<\/strong><\/td>\n<td>\u2264 100<\/td>\n<\/tr>\n<tr>\n<td style=\"text-align: left;\"><strong>Empreintes digitales<\/strong><\/td>\n<td>\u2264 100<\/td>\n<\/tr>\n<tr>\n<td style=\"text-align: left;\"><strong>Alimentation<\/strong><\/td>\n<td>6.8 ~ 8.4V<\/td>\n<\/tr>\n<tr>\n<td style=\"text-align: left;\"><strong>\u00c9paisseur de Porte<\/strong><\/td>\n<td>Environ 2.8cm - 10cm (Roulements suppl\u00e9mentaires n\u00e9cessaires au-del\u00e0 de l'\u00e9paisseur)<\/td>\n<\/tr>\n<tr>\n<td style=\"text-align: left;\"><strong>Type de Porte<\/strong><\/td>\n<td>Portes en bois, portes en m\u00e9tal, portes en verre<\/td>\n<\/tr>\n<tr>\n<td style=\"text-align: left;\"><strong>Modes d'acc\u00e8s<\/strong><\/td>\n<td>Empreinte digitale, mot de passe, carte, cl\u00e9 de d\u00e9verrouillage, application mobile, reconnaissance faciale<\/td>\n<\/tr>\n<tr>\n<td style=\"text-align: left;\"><strong>Application mobile<\/strong><\/td>\n<td>Tuya Smart<\/td>\n<\/tr>\n<tr>\n<td style=\"text-align: left;\"><strong>Fonctionnalit\u00e9s\u00a0<\/strong><\/td>\n<td>Cam\u00e9ra int\u00e9gr\u00e9e, d\u00e9verrouillage \u00e0 distance, gestion via smartphone, notifications en temps r\u00e9el<\/td>\n<\/tr>\n<tr>\n<td style=\"text-align: left;\"><strong>Vendu par<\/strong><\/td>\n<td>www.binaa.ma<\/td>\n<\/tr>\n<\/tbody>\n<\/table>\n<p>\u00a0<\/p>\n<p><strong>L'\u00e9l\u00e9gance de la s\u00e9curit\u00e9 moderne !<\/strong><\/p>\n<p><em>D\u00e9couvrez la Serrure Intelligente X8 Wifi<\/em><\/p>\n<p>Contr\u00f4lez-la \u00e0 distance, surveillez en temps r\u00e9el et profitez d'une tranquillit\u00e9 d'esprit totale avec la Serrure Intelligente X8 Wifi, un bijou d'ing\u00e9nierie en alliage d'aluminium et acier inoxydable pur sp\u00e9cial.<\/p>\n<p><strong>Modes d'Acc\u00e8s, Polyvalence Red\u00e9finie<\/strong><\/p>\n<ul>\n<li>Application mobile (Wi-Fi, Bluetooth)<\/li>\n<li>Code PIN (jusqu'\u00e0 150)<\/li>\n<li>Carte magn\u00e9tique (jusqu'\u00e0 200)<\/li>\n<li>Empreinte digitale (jusqu'\u00e0 200)<\/li>\n<li>Cl\u00e9 physique<\/li>\n<\/ul>\n<p><meta charset=\"UTF-8\"><strong>Usages Ing\u00e9nieux :<\/strong><\/p>\n<ul>\n<li>Acc\u00e8s facile pour les enfants ou les personnes \u00e2g\u00e9es<\/li>\n<li>Contr\u00f4le d'acc\u00e8s pour les entreprises<\/li>\n<li>Location de propri\u00e9t\u00e9 \u00e0 court terme<\/li>\n<li>S\u00e9curit\u00e9 renforc\u00e9e pour les propri\u00e9taires<\/li>\n<li>Acc\u00e8s pour les travailleurs \u00e0 distance<\/li>\n<\/ul>\n<p><strong>Utilisation Simplifi\u00e9e, Une Serrure Pour Chaque Sc\u00e9nario<\/strong><\/p>\n<ul>\n<li>Gestion des Invit\u00e9s : Des acc\u00e8s temporaires sans tracas.<\/li>\n<li>Contr\u00f4le d'Acc\u00e8s \u00e0 Distance : Surveillez et autorisez l'entr\u00e9e o\u00f9 que vous soyez.<\/li>\n<li>S\u00e9curit\u00e9 am\u00e9lior\u00e9e : Fonctionnalit\u00e9s avanc\u00e9es pour une tranquillit\u00e9 totale.<\/li>\n<li>Flexibilit\u00e9 d'Options d'Acc\u00e8s : Application mobile, empreintes digitales, cartes, codes, et cl\u00e9s physiques.<\/li>\n<\/ul>\n<p><strong>Installation simplifi\u00e9e pour une Exp\u00e9rience Premium All Inclusive !<\/strong><\/p>\n<p><meta charset=\"UTF-8\"><span>Notre service d'installation en option simplifie votre exp\u00e9rience, assurant une utilisation optimale d\u00e8s le premier jour.<\/span><\/p>\n<p><strong>Caract\u00e9ristiques Techniques :<\/strong><\/p>\n<ul>\n<li>6 modes de d\u00e9verrouillage<\/li>\n<li>Gestion pratique via l'application mobile<\/li>\n<li>Gestion de plusieurs serrures avec une seule application<\/li>\n<li>Mots de passe \u00e0 dur\u00e9e limit\u00e9e<\/li>\n<li>Administrateurs multiples pour une gestion optimale<\/li>\n<li>Consultation des enregistrements \u00e0 tout moment, n'importe o\u00f9<\/li>\n<li>Lecteur d'empreintes digitales FPC pour une s\u00e9curit\u00e9 maximale<\/li>\n<li>Alimentation de secours en cas de panne de courant<\/li>\n<li>\u00c9tanche avec indice de protection IP55<\/li>\n<li>R\u00e9sistance aux chocs et \u00e0 la corrosion<\/li>\n<\/ul>\n<p><strong>Contenu de l'Emballage, Tout y est !<\/strong><\/p>\n<ul>\n<li>1 x Serrure intelligente X8 Wifi<\/li>\n<li>1 x Pack de vis pour l'installation<\/li>\n<li>2 x Cl\u00e9s m\u00e9caniques<\/li>\n<li>2 x Cartes magn\u00e9tiques<\/li>\n<li>1 x Instructions d'utilisation<\/li>\n<\/ul>\n<p><meta charset=\"UTF-8\"><strong>Commandez Aujourd'hui et Red\u00e9finissez la S\u00e9curit\u00e9 de Votre Propri\u00e9t\u00e9 !<\/strong><\/p>\n<p>Optez pour la X8 Wifi de Tuya, votre porte vers un avenir s\u00e9curis\u00e9. Profitez de l'installation professionnelle en option, du meilleur prix, et de la livraison partout au Maroc. Ne laissez rien au hasard, choisissez l'excellence de la s\u00e9curit\u00e9 intelligente. Commandez sur binaa.ma d\u00e8s maintenant.<\/p>\n<p>\u00a0<\/p>","protected":false},"excerpt":{"rendered":"<p>Marque Tuya Mod\u00e8le X8 Wifi Mat\u00e9riaux Alliage d'aluminium (Panneau), Acier inoxydable pur sp\u00e9cial (Corps de la serrure) Cartes RFID \u2264<\/p>","protected":false},"featured_media":32560,"comment_status":"open","ping_status":"closed","template":"","meta":[],"product_brand":[320],"product_cat":[875,889,865,860,851,904,842,880,868,855,836,882,887,858,881,839,846,862,833,831,869,902,23,834,849,906,830,892,850,905,901,898,895,897,894,896,893,899,845,883,863,874,832,854,852,837,890,871,866,856,857,864,886,844,884,835,841,847,903,885,838,879,840,843,853,900,867,888,891,848,878,861],"product_tag":[911,913,918,919,1151,989,920,921],"class_list":{"0":"post-32135","1":"product","2":"type-product","3":"status-publish","4":"has-post-thumbnail","6":"product_brand-abb","7":"product_cat-accessoires-badges-cartes-cablage","8":"product_cat-accessoires-connecteurs-mc4-cables-solaires","9":"product_cat-accessoires-supports-cables-connecteurs","10":"product_cat-accessoires-de-montage-supports-boitiers-racks","11":"product_cat-accessoires-de-pose-gaines-boites-dominos","12":"product_cat-accessoires-et-cablage","13":"product_cat-accessoires-reseau-connecteurs-cordons-panneaux-de-brassage","14":"product_cat-alarme-intrusion-incendie","15":"product_cat-alimentation-et-poe","16":"product_cat-amplificateurs","17":"product_cat-automatisation-et-scenarios","18":"product_cat-baies-techniques-et-coffrets","19":"product_cat-batteries-et-stockage","20":"product_cat-cablage-audio","21":"product_cat-cablage-et-connectique","22":"product_cat-cablage-reseau-rj45-fibres-optiques-baies-de-brassage","23":"product_cat-cables-et-fils-electriques","24":"product_cat-cameras-ip-analogiques","25":"product_cat-chauffage-climatisation-connectes","26":"product_cat-commande-declairage","27":"product_cat-controle-dacces","28":"product_cat-controleurs-et-interfaces-dmx","29":"product_cat-default","30":"product_cat-detecteurs-mouvement-presence-temperature-fumee-fuite-deau","31":"product_cat-disjoncteurs-differentiels-et-protections","32":"product_cat-documentation-et-formation","33":"product_cat-domotique","34":"product_cat-eclairage","35":"product_cat-eclairage-interieur-exterieur","36":"product_cat-eclairage-architectural-dynamique-dmx-pixel","37":"product_cat-eclairage-autonome-solaire","38":"product_cat-eclairage-connecte-domotique","39":"product_cat-eclairage-dmx","40":"product_cat-eclairage-exterieur","41":"product_cat-eclairage-industriel","42":"product_cat-eclairage-interieur","43":"product_cat-eclairage-residentiel","44":"product_cat-eclairage-technique-et-professionnel","45":"product_cat-electricite","46":"product_cat-energie-solaire","47":"product_cat-enregistreurs-nvr-dvr","48":"product_cat-gestion-centralisee-logiciels-controleurs","49":"product_cat-gestion-des-volets-et-stores","50":"product_cat-haut-parleurs-et-enceintes","51":"product_cat-instrumentation-et-mesure","52":"product_cat-interfaces-utilisateur-ecrans-tactiles-applications-assistants-vocaux","53":"product_cat-kits-solaires-autonomes","54":"product_cat-lecteurs-de-badges-rfid","55":"product_cat-logiciels-de-supervision","56":"product_cat-microphones-et-accessoires","57":"product_cat-mixeurs-tables-de-mixage","58":"product_cat-moniteurs-et-ecrans","59":"product_cat-onduleurs-micro-onduleurs","60":"product_cat-outils-de-mesure-et-test-reseau","61":"product_cat-panneaux-solaires-photovoltaiques","62":"product_cat-passerelles-et-centrales-domotiques","63":"product_cat-points-dacces-wi-fi","64":"product_cat-prises-interrupteurs-appareillage-mural","65":"product_cat-projecteurs-et-effets-dmx","66":"product_cat-regulateurs-de-charge","67":"product_cat-reseau-informatique","68":"product_cat-reseau-informatique-multimedia","69":"product_cat-routeurs-switchs-hubs","70":"product_cat-securite-reseau-pare-feux-vpn-nas","71":"product_cat-sonorisation","72":"product_cat-sources-lumineuses-et-composants","73":"product_cat-stockage-disques-durs-nas","74":"product_cat-structures-de-montage","75":"product_cat-surveillance-et-gestion-denergie","76":"product_cat-tableaux-electriques-et-coffrets","77":"product_cat-telephonie-ip-interphonie","78":"product_cat-videosurveillance","79":"product_tag-accessoires-de-domotique","80":"product_tag-appareils-connectes","81":"product_tag-maison-intelligente","82":"product_tag-outils-pour-la-domotique","83":"product_tag-serrure-intelligente-x8-wifi","84":"product_tag-serrures-connectees","85":"product_tag-smart-home","86":"product_tag-solutions-de-maison-intelligente","88":"first","89":"instock","90":"sale","91":"shipping-taxable","92":"purchasable","93":"product-type-variable"},"jetpack_sharing_enabled":true,"_links":{"self":[{"href":"https:\/\/e-maestros.ma\/fr\/wp-json\/wp\/v2\/product\/32135","targetHints":{"allow":["GET"]}}],"collection":[{"href":"https:\/\/e-maestros.ma\/fr\/wp-json\/wp\/v2\/product"}],"about":[{"href":"https:\/\/e-maestros.ma\/fr\/wp-json\/wp\/v2\/types\/product"}],"replies":[{"embeddable":true,"href":"https:\/\/e-maestros.ma\/fr\/wp-json\/wp\/v2\/comments?post=32135"}],"version-history":[{"count":1,"href":"https:\/\/e-maestros.ma\/fr\/wp-json\/wp\/v2\/product\/32135\/revisions"}],"predecessor-version":[{"id":32796,"href":"https:\/\/e-maestros.ma\/fr\/wp-json\/wp\/v2\/product\/32135\/revisions\/32796"}],"wp:featuredmedia":[{"embeddable":true,"href":"https:\/\/e-maestros.ma\/fr\/wp-json\/wp\/v2\/media\/32560"}],"wp:attachment":[{"href":"https:\/\/e-maestros.ma\/fr\/wp-json\/wp\/v2\/media?parent=32135"}],"wp:term":[{"taxonomy":"product_brand","embeddable":true,"href":"https:\/\/e-maestros.ma\/fr\/wp-json\/wp\/v2\/product_brand?post=32135"},{"taxonomy":"product_cat","embeddable":true,"href":"https:\/\/e-maestros.ma\/fr\/wp-json\/wp\/v2\/product_cat?post=32135"},{"taxonomy":"product_tag","embeddable":true,"href":"https:\/\/e-maestros.ma\/fr\/wp-json\/wp\/v2\/product_tag?post=32135"}],"curies":[{"name":"wp","href":"https:\/\/api.w.org\/{rel}","templated":true}]}}