{"id":32145,"date":"2025-11-11T16:54:08","date_gmt":"2025-11-11T16:54:08","guid":{"rendered":"https:\/\/e-maestros.ma\/shop\/uncategorized\/serrure-intelligente-z24-face-id\/"},"modified":"2025-11-12T14:05:40","modified_gmt":"2025-11-12T14:05:40","slug":"serrure-intelligente-z24-face-id","status":"publish","type":"product","link":"https:\/\/e-maestros.ma\/fr\/boutique\/eclairage\/eclairage-dmx\/accessoires-et-cablage\/serrure-intelligente-z24-face-id\/","title":{"rendered":"Serrure intelligente Z24 Face ID"},"content":{"rendered":"<p>\u00a0<\/p>\n<table>\n<tbody>\n<tr>\n<td style=\"text-align: left\"><strong>Marque<\/strong><\/td>\n<td>Tuya<\/td>\n<\/tr>\n<tr>\n<td style=\"text-align: left\"><strong>Mod\u00e8le<\/strong><\/td>\n<td>Z24 Face ID<\/td>\n<\/tr>\n<tr>\n<td style=\"text-align: left\"><strong>Certification<\/strong><\/td>\n<td>CE, FCC<\/td>\n<\/tr>\n<tr>\n<td style=\"text-align: left\"><strong>Plateforme de maison intelligente<\/strong><\/td>\n<td>Tuya Smart<\/td>\n<\/tr>\n<tr>\n<td style=\"text-align: left\"><strong>Technologie de reconnaissance<\/strong><\/td>\n<td>3D Face Recognition 3.0, reconnaissance d'empreintes digitales, reconnaissance faciale AI<\/td>\n<\/tr>\n<tr>\n<td style=\"text-align: left\"><strong>Capacit\u00e9 de stockage<\/strong><\/td>\n<td>Jusqu'\u00e0 100 empreintes digitales<\/td>\n<\/tr>\n<tr>\n<td style=\"text-align: left\"><strong>Cam\u00e9ra<\/strong><\/td>\n<td>Cam\u00e9ra binoculaire HD \u00e0 lumi\u00e8re structur\u00e9e, 1,2 m\u00e9gapixels<\/td>\n<\/tr>\n<tr>\n<td style=\"text-align: left\"><strong>\u00c9cran<\/strong><\/td>\n<td>\u00c9cran HD de 4,5 pouces<\/td>\n<\/tr>\n<tr>\n<td style=\"text-align: left\"><strong>Alimentation<\/strong><\/td>\n<td>Batterie au lithium rechargeable int\u00e9gr\u00e9e de 5200 mA<\/td>\n<\/tr>\n<tr>\n<td style=\"text-align: left\"><strong>Dur\u00e9e de vie de la batterie<\/strong><\/td>\n<td>Capacit\u00e9 de 5200 mWh, supporte des recharges multiples<\/td>\n<\/tr>\n<tr>\n<td style=\"text-align: left\"><strong>M\u00e9thodes de d\u00e9verrouillage<\/strong><\/td>\n<td>Reconnaissance faciale, APP, cl\u00e9s m\u00e9caniques, carte IC, mot de passe, empreinte digitale<\/td>\n<\/tr>\n<tr>\n<td style=\"text-align: left\"><strong>Connectivit\u00e9<\/strong><\/td>\n<td>Bluetooth, WiFi<\/td>\n<\/tr>\n<tr>\n<td style=\"text-align: left\"><strong>Fonctionnalit\u00e9s suppl\u00e9mentaires<\/strong><\/td>\n<td>Sonnette int\u00e9gr\u00e9e, cam\u00e9ra int\u00e9gr\u00e9e, Judas int\u00e9gr\u00e9, \u00e9cran int\u00e9gr\u00e9, support de passerelle<\/td>\n<\/tr>\n<tr>\n<td style=\"text-align: left\"><strong>Mat\u00e9riau<\/strong><\/td>\n<td>Alliage de zinc<\/td>\n<\/tr>\n<tr>\n<td style=\"text-align: left\"><strong>Mortaise<\/strong><\/td>\n<td>Mortaise en acier inoxydable<\/td>\n<\/tr>\n<tr>\n<td style=\"text-align: left\"><strong>Dimensions<\/strong><\/td>\n<td>Hauteur totale : 40 cm, Largeur avant : 8 cm, \u00c9paisseur lat\u00e9rale : 7,5 cm, Largeur arri\u00e8re : 7,2 cm, Hauteur totale arri\u00e8re : 43,5 cm<\/td>\n<\/tr>\n<tr>\n<td style=\"text-align: left\"><strong>Alarmes<\/strong><\/td>\n<td>Alarme anti-cambriolage, alarme basse tension, alarme d'erreur<\/td>\n<\/tr>\n<tr>\n<td style=\"text-align: left\"><strong>Protection de l'environnement<\/strong><\/td>\n<td>R\u00e9sistance \u00e0 l'oxydation (test de brouillard salin de 120 heures), r\u00e9sistance \u00e0 l'abrasion, protection contre les attaques \u00e9lectromagn\u00e9tiques<\/td>\n<\/tr>\n<tr>\n<td style=\"text-align: left\"><strong>Langue<\/strong><\/td>\n<td>Anglais pour la voix et le menu<\/td>\n<\/tr>\n<tr>\n<td style=\"text-align: left\"><strong>Service d'installation<\/strong><\/td>\n<td>Optionnel, personnalis\u00e9 selon le besoin du client<\/td>\n<\/tr>\n<tr>\n<td style=\"text-align: left\"><strong>Types de portes<\/strong><\/td>\n<td>Portes en bois, en acier inoxydable, en bronze, portes doubles, portes de s\u00e9curit\u00e9 traditionnelles<\/td>\n<\/tr>\n<tr>\n<td style=\"text-align: left\"><strong>Chargement<\/strong><\/td>\n<td>Support de charge USB<\/td>\n<\/tr>\n<tr>\n<td style=\"text-align: left\"><strong>Vendu par<\/strong><\/td>\n<td>www.binaa.ma<\/td>\n<\/tr>\n<\/tbody>\n<\/table>\n<p>\u00a0<\/p>\n<p data-start=\"98\" data-end=\"173\" class=\"\"><strong data-start=\"98\" data-end=\"173\">Serrure Intelligente Z24 Face ID - S\u00e9curit\u00e9 Avanc\u00e9e \u00e0 Port\u00e9e de Main<\/strong><\/p>\n<p data-start=\"175\" data-end=\"475\" class=\"\">Dot\u00e9e de la technologie Face ID, elle offre six modes d'acc\u00e8s pour une s\u00e9curit\u00e9 maximale, incluant la reconnaissance faciale, les empreintes digitales, les cartes RFID, les codes PIN, les cl\u00e9s physiques, et un contr\u00f4le \u00e0 distance via l'appli mobile Tuya Smart (Wi-Fi\/Bluetooth).<\/p>\n<ul>\n<li data-start=\"499\" data-end=\"520\">Application mobile<\/li>\n<li data-start=\"523\" data-end=\"547\">Empreintes digitales<\/li>\n<li data-start=\"550\" data-end=\"561\">Face ID<\/li>\n<li data-start=\"564\" data-end=\"579\">Cartes RFID<\/li>\n<li data-start=\"582\" data-end=\"598\">Cl\u00e9 physique<\/li>\n<li data-start=\"601\" data-end=\"620\">Codes num\u00e9riques<\/li>\n<\/ul>\n<p><img loading=\"lazy\" decoding=\"async\" alt=\"\" src=\"https:\/\/e-maestros.ma\/wp-content\/uploads\/2025\/11\/amazon-alexa-voice-assistance-voix-assistant-vocal-serrure-intelligente-connectee-poignee-digitale-x5-pro-wifi-tuya.png?v=1732632380\" width=\"171\" height=\"61\"> <img loading=\"lazy\" decoding=\"async\" alt=\"\" src=\"https:\/\/e-maestros.ma\/wp-content\/uploads\/2025\/11\/google-home-voice-assistance-voix-assistant-vocal-serrure-intelligente-connectee-poignee-digitale-x5-pro-wifi-tuya.png?v=1732632429\" width=\"171\" height=\"61\"><\/p>\n<p data-start=\"622\" data-end=\"656\" class=\"\"><strong data-start=\"622\" data-end=\"656\">Caract\u00e9ristiques principales :<\/strong><\/p>\n<ul>\n<li data-start=\"659\" data-end=\"768\">Acc\u00e8s s\u00e9curis\u00e9 : Face ID, empreintes digitales, carte RFID, cl\u00e9 physique, et code PIN.<\/li>\n<li data-start=\"771\" data-end=\"888\">Technologie avanc\u00e9e : Cam\u00e9ra UHD, interphone vid\u00e9o capteur de mouvement, vision nocturne infrarouge.<\/li>\n<li data-start=\"891\" data-end=\"989\">Installation rapide : Mont\u00e9e et configur\u00e9e par nos experts pour une exp\u00e9rience sans tracas.<\/li>\n<li data-start=\"992\" data-end=\"1089\">Autonomie et robustesse : Batterie longue dur\u00e9e (5200mA), serrure en acier inoxydable.<\/li>\n<\/ul>\n<p><img loading=\"lazy\" decoding=\"async\" alt=\"\" src=\"https:\/\/e-maestros.ma\/wp-content\/uploads\/2025\/11\/app-mobile-appli-tuya-smart-serrure-intelligente-connectee-poignee-digitale-x5-pro-wifi-tuya.png?v=1732632043\" width=\"171\" height=\"61\"> <img loading=\"lazy\" decoding=\"async\" alt=\"\" src=\"https:\/\/e-maestros.ma\/wp-content\/uploads\/2025\/11\/app-mobile-appli-smart-life-serrure-intelligente-connectee-poignee-digitale-x5-pro-wifi-tuya.png?v=1732632098\" width=\"171\" height=\"61\"><\/p>\n<p data-end=\"1065\" data-start=\"1020\"><strong data-start=\"1091\" data-end=\"1134\">S\u00e9curisez et simplifiez votre quotidien<\/strong><\/p>\n<p data-end=\"1065\" data-start=\"1020\">Reconnaissance faciale 3D ultra-rapide pour un d\u00e9verrouillage instantan\u00e9 (&lt;0.01 sec). \u00c9cran HD 4.5&quot; pour une visibilit\u00e9 parfaite jour et nuit. Alertes de s\u00e9curit\u00e9 : Anti-effraction, batterie faible, et tentatives infructueuses.<\/p>\n<p data-end=\"1469\" data-start=\"1313\"><strong data-start=\"1386\" data-end=\"1418\">Id\u00e9ale pour tous vos besoins<\/strong><\/p>\n<p data-end=\"1469\" data-start=\"1313\">Acc\u00e8s flexible et gestion facile via l'application mobile, avec possibilit\u00e9 d'ajouter jusqu'\u00e0 200 utilisateurs et cartes.<\/p>\n<p><img loading=\"lazy\" decoding=\"async\" alt=\"\" src=\"https:\/\/e-maestros.ma\/wp-content\/uploads\/2025\/11\/6_d5468f79-1d27-4af2-b3dd-e188f6460f51.png?v=1734034579\" width=\"167\" height=\"60\"> <img loading=\"lazy\" decoding=\"async\" alt=\"\" src=\"https:\/\/e-maestros.ma\/wp-content\/uploads\/2025\/11\/7_3cf554d3-157e-4ffd-8873-ae31bb6cedf9.png?v=1734034579\" width=\"168\" height=\"60\"><\/p>\n<p><img loading=\"lazy\" decoding=\"async\" alt=\"\" src=\"https:\/\/e-maestros.ma\/wp-content\/uploads\/2025\/11\/5_fb2bf303-f22a-4c51-9972-93c0473de761.png?v=1734034579\" width=\"165\" height=\"59\"> <img loading=\"lazy\" decoding=\"async\" alt=\"\" src=\"https:\/\/e-maestros.ma\/wp-content\/uploads\/2025\/11\/8_3ffc274e-36b8-46b5-9da7-2a5966345353.png?v=1734034580\" width=\"170\" height=\"61\"><\/p>\n<p><img loading=\"lazy\" decoding=\"async\" alt=\"\" src=\"https:\/\/e-maestros.ma\/wp-content\/uploads\/2025\/11\/10_24d43d38-e116-4d9d-81b1-c4cdea206e4a.png?v=1734034580\" width=\"167\" height=\"60\"> <img loading=\"lazy\" decoding=\"async\" alt=\"\" src=\"https:\/\/e-maestros.ma\/wp-content\/uploads\/2025\/11\/9_a3490073-3c45-4da8-a6f6-eb82050c9b54.png?v=1734034579\" width=\"168\" height=\"60\"><\/p>\n<p data-start=\"1555\" data-end=\"1584\" class=\"\"><strong data-start=\"1555\" data-end=\"1584\">Inclus dans votre colis :<\/strong><\/p>\n<ul>\n<li data-start=\"1587\" data-end=\"1612\">1 \u00d7 Serrure Z24 Face ID<\/li>\n<li data-start=\"1615\" data-end=\"1640\">2 \u00d7 Cl\u00e9s m\u00e9caniques\u00a0<\/li>\n<li data-start=\"1643\" data-end=\"1671\">2 \u00d7 Cartes magn\u00e9tiques\u00a0<\/li>\n<li data-start=\"1674\" data-end=\"1713\">1 \u00d7 Batterie longue dur\u00e9e (5200mA)\u00a0<\/li>\n<li data-start=\"1716\" data-end=\"1740\">1 \u00d7 Kit de montage\u00a0<\/li>\n<li data-start=\"1743\" data-end=\"1771\">1 \u00d7 Manuel d'installation\u00a0\u00a0<\/li>\n<\/ul>\n<p data-end=\"1767\" data-start=\"1640\">Commandez maintenant sur www.binaa.ma et profitez de la s\u00e9curit\u00e9 et de la commodit\u00e9 d'une serrure connect\u00e9e avec installation personnalis\u00e9e.<\/p>","protected":false},"excerpt":{"rendered":"<p>\u00a0 Marque Tuya Mod\u00e8le Z24 Face ID Certification CE, FCC Plateforme de maison intelligente Tuya Smart Technologie de reconnaissance 3D<\/p>","protected":false},"featured_media":32585,"comment_status":"open","ping_status":"closed","template":"","meta":[],"product_brand":[320],"product_cat":[875,889,865,860,851,904,842,880,868,855,836,882,887,858,881,839,846,862,833,831,869,902,23,834,849,906,830,892,850,905,901,898,895,897,894,896,893,899,845,883,863,874,832,854,852,837,890,871,866,856,857,864,886,844,884,835,841,847,903,885,838,879,840,843,853,900,867,888,891,848,878,861],"product_tag":[911,913,918,919,975,1154,989,920,921],"class_list":{"0":"post-32145","1":"product","2":"type-product","3":"status-publish","4":"has-post-thumbnail","6":"product_brand-abb","7":"product_cat-accessoires-badges-cartes-cablage","8":"product_cat-accessoires-connecteurs-mc4-cables-solaires","9":"product_cat-accessoires-supports-cables-connecteurs","10":"product_cat-accessoires-de-montage-supports-boitiers-racks","11":"product_cat-accessoires-de-pose-gaines-boites-dominos","12":"product_cat-accessoires-et-cablage","13":"product_cat-accessoires-reseau-connecteurs-cordons-panneaux-de-brassage","14":"product_cat-alarme-intrusion-incendie","15":"product_cat-alimentation-et-poe","16":"product_cat-amplificateurs","17":"product_cat-automatisation-et-scenarios","18":"product_cat-baies-techniques-et-coffrets","19":"product_cat-batteries-et-stockage","20":"product_cat-cablage-audio","21":"product_cat-cablage-et-connectique","22":"product_cat-cablage-reseau-rj45-fibres-optiques-baies-de-brassage","23":"product_cat-cables-et-fils-electriques","24":"product_cat-cameras-ip-analogiques","25":"product_cat-chauffage-climatisation-connectes","26":"product_cat-commande-declairage","27":"product_cat-controle-dacces","28":"product_cat-controleurs-et-interfaces-dmx","29":"product_cat-default","30":"product_cat-detecteurs-mouvement-presence-temperature-fumee-fuite-deau","31":"product_cat-disjoncteurs-differentiels-et-protections","32":"product_cat-documentation-et-formation","33":"product_cat-domotique","34":"product_cat-eclairage","35":"product_cat-eclairage-interieur-exterieur","36":"product_cat-eclairage-architectural-dynamique-dmx-pixel","37":"product_cat-eclairage-autonome-solaire","38":"product_cat-eclairage-connecte-domotique","39":"product_cat-eclairage-dmx","40":"product_cat-eclairage-exterieur","41":"product_cat-eclairage-industriel","42":"product_cat-eclairage-interieur","43":"product_cat-eclairage-residentiel","44":"product_cat-eclairage-technique-et-professionnel","45":"product_cat-electricite","46":"product_cat-energie-solaire","47":"product_cat-enregistreurs-nvr-dvr","48":"product_cat-gestion-centralisee-logiciels-controleurs","49":"product_cat-gestion-des-volets-et-stores","50":"product_cat-haut-parleurs-et-enceintes","51":"product_cat-instrumentation-et-mesure","52":"product_cat-interfaces-utilisateur-ecrans-tactiles-applications-assistants-vocaux","53":"product_cat-kits-solaires-autonomes","54":"product_cat-lecteurs-de-badges-rfid","55":"product_cat-logiciels-de-supervision","56":"product_cat-microphones-et-accessoires","57":"product_cat-mixeurs-tables-de-mixage","58":"product_cat-moniteurs-et-ecrans","59":"product_cat-onduleurs-micro-onduleurs","60":"product_cat-outils-de-mesure-et-test-reseau","61":"product_cat-panneaux-solaires-photovoltaiques","62":"product_cat-passerelles-et-centrales-domotiques","63":"product_cat-points-dacces-wi-fi","64":"product_cat-prises-interrupteurs-appareillage-mural","65":"product_cat-projecteurs-et-effets-dmx","66":"product_cat-regulateurs-de-charge","67":"product_cat-reseau-informatique","68":"product_cat-reseau-informatique-multimedia","69":"product_cat-routeurs-switchs-hubs","70":"product_cat-securite-reseau-pare-feux-vpn-nas","71":"product_cat-sonorisation","72":"product_cat-sources-lumineuses-et-composants","73":"product_cat-stockage-disques-durs-nas","74":"product_cat-structures-de-montage","75":"product_cat-surveillance-et-gestion-denergie","76":"product_cat-tableaux-electriques-et-coffrets","77":"product_cat-telephonie-ip-interphonie","78":"product_cat-videosurveillance","79":"product_tag-accessoires-de-domotique","80":"product_tag-appareils-connectes","81":"product_tag-maison-intelligente","82":"product_tag-outils-pour-la-domotique","83":"product_tag-serrure-intelligente-face-id","84":"product_tag-serrure-intelligente-z24-face-id","85":"product_tag-serrures-connectees","86":"product_tag-smart-home","87":"product_tag-solutions-de-maison-intelligente","89":"first","90":"instock","91":"sale","92":"shipping-taxable","93":"purchasable","94":"product-type-variable"},"jetpack_sharing_enabled":true,"_links":{"self":[{"href":"https:\/\/e-maestros.ma\/fr\/wp-json\/wp\/v2\/product\/32145","targetHints":{"allow":["GET"]}}],"collection":[{"href":"https:\/\/e-maestros.ma\/fr\/wp-json\/wp\/v2\/product"}],"about":[{"href":"https:\/\/e-maestros.ma\/fr\/wp-json\/wp\/v2\/types\/product"}],"replies":[{"embeddable":true,"href":"https:\/\/e-maestros.ma\/fr\/wp-json\/wp\/v2\/comments?post=32145"}],"version-history":[{"count":10,"href":"https:\/\/e-maestros.ma\/fr\/wp-json\/wp\/v2\/product\/32145\/revisions"}],"predecessor-version":[{"id":32584,"href":"https:\/\/e-maestros.ma\/fr\/wp-json\/wp\/v2\/product\/32145\/revisions\/32584"}],"wp:featuredmedia":[{"embeddable":true,"href":"https:\/\/e-maestros.ma\/fr\/wp-json\/wp\/v2\/media\/32585"}],"wp:attachment":[{"href":"https:\/\/e-maestros.ma\/fr\/wp-json\/wp\/v2\/media?parent=32145"}],"wp:term":[{"taxonomy":"product_brand","embeddable":true,"href":"https:\/\/e-maestros.ma\/fr\/wp-json\/wp\/v2\/product_brand?post=32145"},{"taxonomy":"product_cat","embeddable":true,"href":"https:\/\/e-maestros.ma\/fr\/wp-json\/wp\/v2\/product_cat?post=32145"},{"taxonomy":"product_tag","embeddable":true,"href":"https:\/\/e-maestros.ma\/fr\/wp-json\/wp\/v2\/product_tag?post=32145"}],"curies":[{"name":"wp","href":"https:\/\/api.w.org\/{rel}","templated":true}]}}