{"id":32149,"date":"2025-11-11T16:54:09","date_gmt":"2025-11-11T16:54:09","guid":{"rendered":"https:\/\/e-maestros.ma\/shop\/uncategorized\/sonnette-intelligente-videophone-ezviz-dp2c-display-4-3-wi-fi\/"},"modified":"2026-01-21T12:37:10","modified_gmt":"2026-01-21T12:37:10","slug":"sonnette-intelligente-videophone-ezviz-dp2c-display-4-3-wi-fi","status":"publish","type":"product","link":"https:\/\/e-maestros.ma\/fr\/boutique\/eclairage\/eclairage-dmx\/accessoires-et-cablage\/sonnette-intelligente-videophone-ezviz-dp2c-display-4-3-wi-fi\/","title":{"rendered":"Sonnette intelligente vid\u00e9ophone Ezviz DP2C Display 4.3\u201d Wi-Fi"},"content":{"rendered":"<div class=\"relative flex w-full flex-col lg:w-[calc(100%-115px)] agent-turn\">\n<div class=\"flex-col gap-1 md:gap-3\"><\/div>\n<\/div>\n<p>\u00a0<\/p>\n<table>\n<tbody>\n<tr>\n<td style=\"text-align: left;\"><strong>Marque<\/strong><\/td>\n<td>EZVIZ<\/td>\n<\/tr>\n<tr>\n<td style=\"text-align: left;\"><strong>Mod\u00e8le<\/strong><\/td>\n<td>CS-DP2C<\/td>\n<\/tr>\n<tr>\n<td style=\"text-align: left;\"><strong>Diam\u00e8tre du trou<\/strong><\/td>\n<td>16,5 \u00e0 50 mm (0,65 \u00e0 1,97 pouce)<\/td>\n<\/tr>\n<tr>\n<td style=\"text-align: left;\"><strong>Diam\u00e8tre de la porte<\/strong><\/td>\n<td>35 \u00e0 105 mm (1,38 \u00e0 4,13 pouces)<\/td>\n<\/tr>\n<tr>\n<td style=\"text-align: left;\"><strong>Capteur<\/strong><\/td>\n<td>CMOS \u00e0 balayage progressif de 1\/3&#8243;<\/td>\n<\/tr>\n<tr>\n<td style=\"text-align: left;\"><strong>Objectif<\/strong><\/td>\n<td>2,0 mm @ F2.2, angle visuel (diagonal) : 155\u00b0<\/td>\n<\/tr>\n<tr>\n<td style=\"text-align: left;\"><strong>Commutateur Jour\/Nuit<\/strong><\/td>\n<td>Filtre infrarouge ICR<\/td>\n<\/tr>\n<tr>\n<td style=\"text-align: left;\"><strong>Distance IR<\/strong><\/td>\n<td>Max. 5m<\/td>\n<\/tr>\n<tr>\n<td style=\"text-align: left;\"><strong>Max. R\u00e9solution<\/strong><\/td>\n<td>1080p \/ 2MP<\/td>\n<\/tr>\n<tr>\n<td style=\"text-align: left;\"><strong>Fr\u00e9quence d&#8217;images vid\u00e9o<\/strong><\/td>\n<td>15 images par seconde<\/td>\n<\/tr>\n<tr>\n<td style=\"text-align: left;\"><strong>Angle<\/strong><\/td>\n<td>110\u00b0<\/td>\n<\/tr>\n<tr>\n<td style=\"text-align: left;\"><strong>Distance<\/strong><\/td>\n<td>Max. 6m (20 pi)<\/td>\n<\/tr>\n<tr>\n<td style=\"text-align: left;\"><strong>Sensibilit\u00e9<\/strong><\/td>\n<td>R\u00e9glable<\/td>\n<\/tr>\n<tr>\n<td style=\"text-align: left;\"><strong>Interface de stockage<\/strong><\/td>\n<td>Emplacement pour carte MicroSD (max. 256 Go)<\/td>\n<\/tr>\n<tr>\n<td style=\"text-align: left;\"><strong>Entr\u00e9e audio<\/strong><\/td>\n<td>Microphone haute sensibilit\u00e9 int\u00e9gr\u00e9<\/td>\n<\/tr>\n<tr>\n<td style=\"text-align: left;\"><strong>Sortie audio<\/strong><\/td>\n<td>Haut-parleur haute puissance int\u00e9gr\u00e9<\/td>\n<\/tr>\n<tr>\n<td style=\"text-align: left;\"><strong>Boutons<\/strong><\/td>\n<td>Bouton de sonnette, bouton d&#8217;alimentation, bouton de r\u00e9veil de l&#8217;\u00e9cran<\/td>\n<\/tr>\n<tr>\n<td style=\"text-align: left;\"><strong>Alarme de renseignement<\/strong><\/td>\n<td>D\u00e9tection de mouvement PIR<\/td>\n<\/tr>\n<tr>\n<td style=\"text-align: left;\"><strong>Protocole<\/strong><\/td>\n<td>Protocole propri\u00e9taire du cloud EZVIZ<\/td>\n<\/tr>\n<tr>\n<td style=\"text-align: left;\"><strong>Interphone vid\u00e9o<\/strong><\/td>\n<td>Interphone vid\u00e9o local et distant<\/td>\n<\/tr>\n<tr>\n<td style=\"text-align: left;\"><strong>Fonction g\u00e9n\u00e9rale<\/strong><\/td>\n<td>Chiffrement vid\u00e9o dans le cloud et cryptage d&#8217;image<\/td>\n<\/tr>\n<tr>\n<td style=\"text-align: left;\"><strong>Wi-Fi standard<\/strong><\/td>\n<td>IEEE802.11b, 802.11g, 802.11n<\/td>\n<\/tr>\n<tr>\n<td style=\"text-align: left;\"><strong>Gamme de fr\u00e9quences<\/strong><\/td>\n<td>2,4 GHz ~ 2,4835 GHz<\/td>\n<\/tr>\n<tr>\n<td style=\"text-align: left;\"><strong>Bande passante du canal<\/strong><\/td>\n<td>Prend en charge 20 MHz<\/td>\n<\/tr>\n<tr>\n<td style=\"text-align: left;\"><strong>S\u00e9curit\u00e9<\/strong><\/td>\n<td>64\/128 bits WEP, WPA\/WPA2, WPA-PSK\/WPA2-PSK, WPS<\/td>\n<\/tr>\n<tr>\n<td style=\"text-align: left;\"><strong>\u00c9cran<\/strong><\/td>\n<td>\u00c9cran couleur de 4,3 pouces<\/td>\n<\/tr>\n<tr>\n<td style=\"text-align: left;\"><strong>Couleur<\/strong><\/td>\n<td>Argent<\/td>\n<\/tr>\n<tr>\n<td style=\"text-align: left;\"><strong>Alimentation \u00e9lectrique<\/strong><\/td>\n<td>DC 5V (\u00b110%)<\/td>\n<\/tr>\n<tr>\n<td style=\"text-align: left;\"><strong>Consommation d&#8217;\u00e9nergie<\/strong><\/td>\n<td>Max. 2.2W<\/td>\n<\/tr>\n<tr>\n<td style=\"text-align: left;\"><strong>Dimensions<\/strong><\/td>\n<td>\u00c9cran et base: 115,5 x 85,5 x 24,5 mm (4,55 x 3,37 x 0,96 pouce),\u00a0Sonnette \u00e0 \u0153il : 71 x 71 x 48,3 mm (2,80 x 2,80 x 1,90 pouce)<\/td>\n<\/tr>\n<tr>\n<td style=\"text-align: left;\"><strong>Poids<\/strong><\/td>\n<td>302 g (10,65 oz)<\/td>\n<\/tr>\n<tr>\n<td style=\"text-align: left;\"><strong>Contenu de la Bo\u00eete<\/strong><\/td>\n<td>Sonnette \u00e0 \u0153il DP2C,\u00a0Panneau,\u00a0Base de montage,\u00a0C\u00e2ble d&#8217;alimentation,\u00a0Vis \u00d7 6,\u00a0Guide de d\u00e9marrage rapide<\/td>\n<\/tr>\n<tr>\n<td style=\"text-align: left;\"><strong>Certifications<\/strong><\/td>\n<td>UL \/ FCC \/ CE \/ DEEE \/ REACH \/ RoHS<\/td>\n<\/tr>\n<tr>\n<td style=\"text-align: left;\"><strong>Vendu par<\/strong><\/td>\n<td>www.binaa.ma<\/td>\n<\/tr>\n<\/tbody>\n<\/table>\n<p>\u00a0<\/p>\n<p><strong>Votre Porte, Votre S\u00e9curit\u00e9!<\/strong><\/p>\n<p><em>DP2C &#8211; La S\u00e9curit\u00e9 au Bout de Vos Doigts<\/em><\/p>\n<p>D\u00e9couvrez notre dernier bijou de technologie: la Sonnette Intelligente Visiophone DP2C Display 4.3&#8221; Wi-Fi.<\/p>\n<p><strong>Profitez de la S\u00e9curit\u00e9 Visible en Tout Temps et en Tout Lieu<\/strong><\/p>\n<p>Imaginez une sonnette qui va au-del\u00e0 du simple son de cloche. La DP2C est \u00e0 la fois une cam\u00e9ra et une sonnette, combinant design moderne, imagerie claire et fonctionnalit\u00e9s intelligentes pour garder un \u0153il sur votre entr\u00e9e.<\/p>\n<p>Vous pouvez voir et parler aux visiteurs via l&#8217;\u00e9cran couleur int\u00e9rieur ou l&#8217;application mobile EZVIZ, et recevoir des alertes en cas d&#8217;activit\u00e9 suspecte.<\/p>\n<p><strong>Caract\u00e9ristiques Impressionnantes<\/strong><\/p>\n<ul>\n<li>Vid\u00e9o 1080p pour une qualit\u00e9 d&#8217;image exceptionnelle.<\/li>\n<li>Vue ultra grand angle \u00e0 155\u00b0 pour \u00e9liminer les angles morts.<\/li>\n<li>D\u00e9tection de mouvement PIR pour des alertes en temps r\u00e9el.<\/li>\n<li>\u00c9cran couleur de 4,3 pouces pour une vision claire.<\/li>\n<li>Vision nocturne jusqu&#8217;\u00e0 5 m\u00e8tres pour une surveillance 24\/7.<\/li>\n<li>Sonnette \u00e9lectronique int\u00e9gr\u00e9e pour ne jamais manquer de visiteurs.<\/li>\n<li>Batterie au lithium rechargeable de 4600 mAh pour une installation sans fil.<\/li>\n<li>Technologie vid\u00e9o H.265 pour un stockage efficace.<\/li>\n<li>Prend en charge les cartes MicroSD jusqu&#8217;\u00e0 256 Go.<\/li>\n<\/ul>\n<p><strong>Une Installation Facile et Un Design Robuste<\/strong><\/p>\n<p>Le DP2C s&#8217;int\u00e8gre parfaitement \u00e0 votre porte avec une installation facile, offrant une protection inviolable gr\u00e2ce \u00e0 son design anti-insertion.<\/p>\n<p><strong>Protection de Votre Vie Priv\u00e9e<\/strong><\/p>\n<p>Toutes les donn\u00e9es entre l&#8217;appareil et le cloud Ezviz sont crypt\u00e9es de bout en bout. Vos donn\u00e9es sont entre de bonnes mains.<\/p>\n<p>Faites de la DP2C votre gardien de porte intelligent et s\u00fbr. Offrez-vous une tranquillit\u00e9 d&#8217;esprit totale avec notre Sonnette Intelligente Visiophone DP2C.<\/p>\n<p><strong>Contenu de l&#8217;Emballage<\/strong><\/p>\n<ul>\n<li>Sonnette connect\u00e9e DP2C<\/li>\n<li>Afficheur 4.3 pouces<\/li>\n<li>Base de Montage<\/li>\n<li>C\u00e2ble d&#8217;Alimentation<\/li>\n<li>Vis x 6<\/li>\n<li>Guide de D\u00e9marrage Rapide<\/li>\n<\/ul>\n<p>\u00a0<\/p>\n<div class=\"flex-shrink-0 flex flex-col relative items-end\">\n<div>\n<div class=\"pt-0.5\">\n<div class=\"gizmo-shadow-stroke flex h-6 w-6 items-center justify-center overflow-hidden rounded-full\">\n<div class=\"relative p-1 rounded-sm h-9 w-9 text-white flex items-center justify-center\">Investissez dans la s\u00e9curit\u00e9, investissez dans votre tranquillit\u00e9 d&#8217;esprit. Optez pour notre Service d&#8217;Installation en Option pour une exp\u00e9rience sans souci.<\/div>\n<\/div>\n<\/div>\n<\/div>\n<\/div>\n<div class=\"relative flex w-full flex-col lg:w-[calc(100%-115px)] agent-turn\">\n<div class=\"flex-col gap-1 md:gap-3\">\n<div class=\"flex flex-grow flex-col max-w-full\">\n<div class=\"min-h-[20px] text-message flex flex-col items-start gap-3 whitespace-pre-wrap break-words [.text-message+&#038;]:mt-5 overflow-x-auto\" data-message-id=\"c75c5078-4995-444b-bd0f-da6f1113df14\" data-message-author-role=\"assistant\">\n<div class=\"markdown prose w-full break-words dark:prose-invert dark\"><\/div>\n<\/div>\n<\/div>\n<\/div>\n<\/div>\n<p><\/p>\n","protected":false},"excerpt":{"rendered":"<p>\u00a0 Marque EZVIZ Mod\u00e8le CS-DP2C Diam\u00e8tre du trou 16,5 \u00e0 50 mm (0,65 \u00e0 1,97 pouce) Diam\u00e8tre de la porte<\/p>","protected":false},"featured_media":32587,"comment_status":"open","ping_status":"closed","template":"","meta":[],"product_brand":[320],"product_cat":[904,842,836,830,901,898,894,896,893,857,838],"product_tag":[911,913,1158,918,1155,919,920,921,1156,1157],"class_list":{"0":"post-32149","1":"product","2":"type-product","3":"status-publish","4":"has-post-thumbnail","6":"product_brand-abb","7":"product_cat-accessoires-et-cablage","8":"product_cat-accessoires-reseau-connecteurs-cordons-panneaux-de-brassage","9":"product_cat-automatisation-et-scenarios","10":"product_cat-domotique","11":"product_cat-eclairage-autonome-solaire","12":"product_cat-eclairage-connecte-domotique","13":"product_cat-eclairage-industriel","14":"product_cat-eclairage-interieur","15":"product_cat-eclairage-residentiel","16":"product_cat-mixeurs-tables-de-mixage","17":"product_cat-reseau-informatique","18":"product_tag-accessoires-de-domotique","19":"product_tag-appareils-connectes","20":"product_tag-ecrans-tactiles","21":"product_tag-maison-intelligente","22":"product_tag-moniteurs-tactiles","23":"product_tag-outils-pour-la-domotique","24":"product_tag-smart-home","25":"product_tag-solutions-de-maison-intelligente","26":"product_tag-sonnettes-intelligentes","27":"product_tag-visiophones-connectes","29":"first","30":"instock","31":"sale","32":"shipping-taxable","33":"purchasable","34":"product-type-variable"},"jetpack_sharing_enabled":true,"_links":{"self":[{"href":"https:\/\/e-maestros.ma\/fr\/wp-json\/wp\/v2\/product\/32149","targetHints":{"allow":["GET"]}}],"collection":[{"href":"https:\/\/e-maestros.ma\/fr\/wp-json\/wp\/v2\/product"}],"about":[{"href":"https:\/\/e-maestros.ma\/fr\/wp-json\/wp\/v2\/types\/product"}],"replies":[{"embeddable":true,"href":"https:\/\/e-maestros.ma\/fr\/wp-json\/wp\/v2\/comments?post=32149"}],"version-history":[{"count":1,"href":"https:\/\/e-maestros.ma\/fr\/wp-json\/wp\/v2\/product\/32149\/revisions"}],"predecessor-version":[{"id":32791,"href":"https:\/\/e-maestros.ma\/fr\/wp-json\/wp\/v2\/product\/32149\/revisions\/32791"}],"wp:featuredmedia":[{"embeddable":true,"href":"https:\/\/e-maestros.ma\/fr\/wp-json\/wp\/v2\/media\/32587"}],"wp:attachment":[{"href":"https:\/\/e-maestros.ma\/fr\/wp-json\/wp\/v2\/media?parent=32149"}],"wp:term":[{"taxonomy":"product_brand","embeddable":true,"href":"https:\/\/e-maestros.ma\/fr\/wp-json\/wp\/v2\/product_brand?post=32149"},{"taxonomy":"product_cat","embeddable":true,"href":"https:\/\/e-maestros.ma\/fr\/wp-json\/wp\/v2\/product_cat?post=32149"},{"taxonomy":"product_tag","embeddable":true,"href":"https:\/\/e-maestros.ma\/fr\/wp-json\/wp\/v2\/product_tag?post=32149"}],"curies":[{"name":"wp","href":"https:\/\/api.w.org\/{rel}","templated":true}]}}