{"id":32157,"date":"2025-11-11T16:54:11","date_gmt":"2025-11-11T16:54:11","guid":{"rendered":"https:\/\/e-maestros.ma\/shop\/uncategorized\/sonnette-intelligente-videophone-smart-wi-fi-tuya-doorbell-1080p\/"},"modified":"2025-11-11T16:54:11","modified_gmt":"2025-11-11T16:54:11","slug":"sonnette-intelligente-videophone-smart-wi-fi-tuya-doorbell-1080p","status":"publish","type":"product","link":"https:\/\/e-maestros.ma\/fr\/boutique\/par-defaut\/sonnette-intelligente-videophone-smart-wi-fi-tuya-doorbell-1080p\/","title":{"rendered":"Sonnette intelligente vid\u00e9ophone Smart Wi-Fi Tuya Doorbell 1080p"},"content":{"rendered":"<p>\u00a0<\/p>\n<table>\n<tbody>\n<tr>\n<td style=\"text-align: left;\">Marque<\/td>\n<td>Tuya<\/td>\n<\/tr>\n<tr>\n<td style=\"text-align: left;\">Certification<\/td>\n<td>CE, FCC<\/td>\n<\/tr>\n<tr>\n<td style=\"text-align: left;\">Moniteur<\/td>\n<td>\u00c9cran tactile ACL TFT 7\/10<\/td>\n<\/tr>\n<tr>\n<td style=\"text-align: left;\">R\u00e9solution<\/td>\n<td>1024 x 600<\/td>\n<\/tr>\n<tr>\n<td style=\"text-align: left;\">Mode de communication<\/td>\n<td>Wi-Fi<\/td>\n<\/tr>\n<tr>\n<td style=\"text-align: left;\">Interphone<\/td>\n<td>Bidirectionnel<\/td>\n<\/tr>\n<tr>\n<td style=\"text-align: left;\">R\u00e9solution de la cam\u00e9ra<\/td>\n<td>1080 MP<\/td>\n<\/tr>\n<tr>\n<td style=\"text-align: left;\">Vision nocturne<\/td>\n<td>Oui<\/td>\n<\/tr>\n<tr>\n<td style=\"text-align: left;\">Source de courant<\/td>\n<td>Alimentation externe CC, Alimentation int\u00e9gr\u00e9e AC100-240V<\/td>\n<\/tr>\n<tr>\n<td style=\"text-align: left;\">Installation<\/td>\n<td>Montage en surface<\/td>\n<\/tr>\n<tr>\n<td style=\"text-align: left;\">Capacit\u00e9 de stockage<\/td>\n<td>Carte TF de classe 10 de 2 Go (carte micro SD)<\/td>\n<\/tr>\n<tr>\n<td style=\"text-align: left;\">Application<\/td>\n<td>Logements, \u00c9coles, Bureaux<\/td>\n<\/tr>\n<tr>\n<td style=\"text-align: left;\">Vendu par<\/td>\n<td>www.binaa.ma<\/td>\n<\/tr>\n<\/tbody>\n<\/table>\n<p>\u00a0<\/p>\n<p>D\u00e9couvrez la sonnette intelligente Smart Wifi Doorbell Interphone 1080p IP65 de Tuya pour une surveillance \u00e0 distance et une conversation claire avec vos visiteurs.<\/p>\n<p>Avec une qualit\u00e9 d&#8217;image HD, l&#8217;angle de vue sauvage de 110\u00b0 et la fonction de d\u00e9tection de mouvement, vous serez alert\u00e9 via votre t\u00e9l\u00e9phone mobile d\u00e8s qu&#8217;un visiteur sonne \u00e0 votre porte.<\/p>\n<p>\u00a0<\/p>\n<p><span>Le Moniteur \u00e9cran tactile ACL TFT 7\/10 dispose d&#8217;un affichage ACL TFT de 7\/10 pouces, offrant une r\u00e9solution \u00e9lev\u00e9e et des couleurs vives pour une exp\u00e9rience visuelle agr\u00e9able. <\/span><\/p>\n<p><span>Il est \u00e9galement \u00e9quip\u00e9 d&#8217;une fonction tactile sensible pour une utilisation facile et pratique, et peut \u00eatre utilis\u00e9 avec divers appareils pour afficher des vid\u00e9os, des images et d&#8217;autres contenus.<\/span><\/p>\n<p><span>Gr\u00e2ce \u00e0 l&#8217;application Tuya Smart, vous pouvez surveiller et contr\u00f4ler \u00e0 distance, prendre des photos, enregistrer des vid\u00e9os, discuter avec votre visiteur et d\u00e9verrouiller la porte. <br \/><\/span><\/p>\n<p><span>\u00c9quip\u00e9e d&#8217;une m\u00e9moire int\u00e9gr\u00e9e et \u00e9tendue, la sonnette peut stocker des vid\u00e9os et des images. <\/span><\/p>\n<p><span>La sonnette est \u00e9tanche et r\u00e9siste aux temp\u00eates, ce qui vous permet de laisser votre propri\u00e9t\u00e9 en s\u00e9curit\u00e9, m\u00eame par mauvais temps. <\/span><\/p>\n<p><span>Compatible avec les d\u00e9tecteurs PIR, la cam\u00e9ra analogique et le verrou \u00e9lectronique, la sonnette est facile \u00e0 connecter avec votre routeur Wifi pour une utilisation plus stable. <br \/><\/span><\/p>\n<p><span>La sonnette est disponible en plusieurs langues et peut \u00eatre connect\u00e9e avec un module RJ45.<\/span><\/p>\n<p>Voici quelques exemples d&#8217;utilisation de la sonnette intelligente Smart Wi-Fi Doorbell de Tuya:<\/p>\n<ol>\n<li>\n<p>Surveiller l&#8217;entr\u00e9e de votre domicile: Vous pouvez installer la sonnette intelligente \u00e0 l&#8217;entr\u00e9e de votre domicile pour surveiller les all\u00e9es et venues. Lorsque quelqu&#8217;un sonne \u00e0 votre porte, vous pouvez voir qui se trouve \u00e0 l&#8217;ext\u00e9rieur de chez vous sur votre smartphone ou votre tablette.<\/p>\n<\/li>\n<li>\n<p>Recevoir des alertes en temps r\u00e9el: La sonnette intelligente envoie une notification \u00e0 votre smartphone chaque fois que quelqu&#8217;un sonne \u00e0 votre porte ou que les capteurs de mouvement d\u00e9tectent une activit\u00e9. Vous pouvez ainsi rester inform\u00e9 en temps r\u00e9el de tout ce qui se passe \u00e0 l&#8217;entr\u00e9e de votre domicile.<\/p>\n<\/li>\n<li>\n<p>Interagir avec les visiteurs \u00e0 distance: La sonnette intelligente est \u00e9quip\u00e9e d&#8217;un haut-parleur et d&#8217;un microphone, ce qui vous permet de parler avec les visiteurs \u00e0 distance. Vous pouvez ainsi donner des instructions \u00e0 un livreur ou demander \u00e0 un visiteur de patienter quelques instants pendant que vous arrivez.<\/p>\n<\/li>\n<li>\n<p>Surveiller votre domicile \u00e0 distance: La sonnette intelligente est \u00e9galement \u00e9quip\u00e9e d&#8217;une cam\u00e9ra haute d\u00e9finition qui vous permet de surveiller votre domicile \u00e0 distance. Vous pouvez ainsi v\u00e9rifier en temps r\u00e9el qui se trouve \u00e0 l&#8217;entr\u00e9e de chez vous et si tout va bien \u00e0 l&#8217;int\u00e9rieur de votre domicile.<\/p>\n<\/li>\n<li>\n<p>Prot\u00e9ger votre domicile: En plus de surveiller votre domicile, la sonnette intelligente peut \u00e9galement contribuer \u00e0 le prot\u00e9ger. En effet, les capteurs de mouvement peuvent d\u00e9clencher une alarme ou envoyer une notification \u00e0 votre smartphone en cas de tentative d&#8217;intrusion.<\/p>\n<\/li>\n<\/ol>\n<p>Voici les points forts et les caract\u00e9ristiques de la sonnette Intelligente Smart Wi-Fi Doorbell:<\/p>\n<ul>\n<li>Cam\u00e9ra HD 1080p pour une qualit\u00e9 vid\u00e9o claire<\/li>\n<li>Vision nocturne pour une surveillance 24\/24<\/li>\n<li>D\u00e9tection de mouvement avec alertes push sur smartphone<\/li>\n<li>Audio bidirectionnel pour communiquer avec les visiteurs<\/li>\n<li>Fonctionne avec le Wi-Fi pour une installation sans fil<\/li>\n<li>Compatible avec les appareils iOS et Android<\/li>\n<li>Certifi\u00e9 IP65 pour r\u00e9sister aux intemp\u00e9ries<\/li>\n<li>Stockage des enregistrements sur carte SD ou sur le cloud<\/li>\n<li>Installation facile gr\u00e2ce \u00e0 un support mural et des vis incluses<\/li>\n<li>Design \u00e9l\u00e9gant et moderne pour s&#8217;int\u00e9grer \u00e0 tous les styles de maison.<\/li>\n<\/ul>\n<p class=\"p1\">Voici le contenu de l&#8217;emballage de la<span class=\"Apple-converted-space\">\u00a0s<\/span>onnette intelligente Smart Wi-Fi Doorbell:<\/p>\n<p>\u00a0<\/p>\n<ul>\n<ul>\n<li><span>1 x Sonnette intelligente Smart Wi-Fi Doorbell Interphone 1080p IP65<\/span><\/li>\n<li>1 x Moniteur \u00e9cran tactile ACL TFT 7\/10 [BEG TECH]<\/li>\n<li>\n<span>1 x Pack de v<\/span>is et chevilles pour l&#8217;installation<\/li>\n<li>\n<span>1 x\u00a0<\/span>Guide d&#8217;installation et d&#8217;utilisation\n<\/li>\n<\/ul>\n<\/ul>\n","protected":false},"excerpt":{"rendered":"<p>\u00a0 Marque Tuya Certification CE, FCC Moniteur \u00c9cran tactile ACL TFT 7\/10 R\u00e9solution 1024 x 600 Mode de communication Wi-Fi<\/p>","protected":false},"featured_media":32591,"comment_status":"open","ping_status":"closed","template":"","meta":[],"product_brand":[],"product_cat":[23],"product_tag":[911,913,1158,918,1155,919,920,921,1156,1157],"class_list":{"0":"post-32157","1":"product","2":"type-product","3":"status-publish","4":"has-post-thumbnail","6":"product_cat-default","7":"product_tag-accessoires-de-domotique","8":"product_tag-appareils-connectes","9":"product_tag-ecrans-tactiles","10":"product_tag-maison-intelligente","11":"product_tag-moniteurs-tactiles","12":"product_tag-outils-pour-la-domotique","13":"product_tag-smart-home","14":"product_tag-solutions-de-maison-intelligente","15":"product_tag-sonnettes-intelligentes","16":"product_tag-visiophones-connectes","18":"first","19":"instock","20":"sale","21":"shipping-taxable","22":"purchasable","23":"product-type-variable"},"jetpack_sharing_enabled":true,"_links":{"self":[{"href":"https:\/\/e-maestros.ma\/fr\/wp-json\/wp\/v2\/product\/32157","targetHints":{"allow":["GET"]}}],"collection":[{"href":"https:\/\/e-maestros.ma\/fr\/wp-json\/wp\/v2\/product"}],"about":[{"href":"https:\/\/e-maestros.ma\/fr\/wp-json\/wp\/v2\/types\/product"}],"replies":[{"embeddable":true,"href":"https:\/\/e-maestros.ma\/fr\/wp-json\/wp\/v2\/comments?post=32157"}],"version-history":[{"count":0,"href":"https:\/\/e-maestros.ma\/fr\/wp-json\/wp\/v2\/product\/32157\/revisions"}],"wp:featuredmedia":[{"embeddable":true,"href":"https:\/\/e-maestros.ma\/fr\/wp-json\/wp\/v2\/media\/32591"}],"wp:attachment":[{"href":"https:\/\/e-maestros.ma\/fr\/wp-json\/wp\/v2\/media?parent=32157"}],"wp:term":[{"taxonomy":"product_brand","embeddable":true,"href":"https:\/\/e-maestros.ma\/fr\/wp-json\/wp\/v2\/product_brand?post=32157"},{"taxonomy":"product_cat","embeddable":true,"href":"https:\/\/e-maestros.ma\/fr\/wp-json\/wp\/v2\/product_cat?post=32157"},{"taxonomy":"product_tag","embeddable":true,"href":"https:\/\/e-maestros.ma\/fr\/wp-json\/wp\/v2\/product_tag?post=32157"}],"curies":[{"name":"wp","href":"https:\/\/api.w.org\/{rel}","templated":true}]}}