{"id":32159,"date":"2025-11-11T16:54:11","date_gmt":"2025-11-11T16:54:11","guid":{"rendered":"https:\/\/e-maestros.ma\/shop\/uncategorized\/sonnette-intelligente-videophone-wi-fi-doorbell-tuya-1080p-ip65\/"},"modified":"2025-11-11T16:54:11","modified_gmt":"2025-11-11T16:54:11","slug":"sonnette-intelligente-videophone-wi-fi-doorbell-tuya-1080p-ip65","status":"publish","type":"product","link":"https:\/\/e-maestros.ma\/fr\/boutique\/par-defaut\/sonnette-intelligente-videophone-wi-fi-doorbell-tuya-1080p-ip65\/","title":{"rendered":"Sonnette intelligente vid\u00e9ophone Wi-Fi Doorbell Tuya 1080p IP65"},"content":{"rendered":"<p>\u00a0<\/p>\n<table>\n<tbody>\n<tr>\n<td>Marque<\/td>\n<td>TUYA<\/td>\n<\/tr>\n<tr>\n<td>Cam\u00e9ra<\/td>\n<td>1080p<\/td>\n<\/tr>\n<tr>\n<td>Audio<\/td>\n<td>Bidirectionnel via haut-parleur et microphone int\u00e9gr\u00e9s<\/td>\n<\/tr>\n<tr>\n<td>Vision nocturne<\/td>\n<td>Infrarouge jusqu&#8217;\u00e0 10 m\u00e8tres<\/td>\n<\/tr>\n<tr>\n<td>D\u00e9tection de mouvement<\/td>\n<td>Oui, avec notification push sur votre smartphone<\/td>\n<\/tr>\n<tr>\n<td>Enregistrement photo\/vid\u00e9o<\/td>\n<td>Oui, avec stockage sur votre smartphone<\/td>\n<\/tr>\n<tr>\n<td>\u00c9tanch\u00e9it\u00e9<\/td>\n<td>IP65<\/td>\n<\/tr>\n<tr>\n<td>Alimentation<\/td>\n<td>Batterie rechargeable ou connexion \u00e0 votre r\u00e9seau d&#8217;appel existant<\/td>\n<\/tr>\n<tr>\n<td>Application mobile<\/td>\n<td>Tuya Smart, disponible sur Apple Store et Google Play Store<\/td>\n<\/tr>\n<tr>\n<td>Compatibilit\u00e9<\/td>\n<td>Google Home ou Amazon Alexa pour diffuser l&#8217;image en direct sur un appareil compatible en utilisant votre assistant vocal<\/td>\n<\/tr>\n<tr>\n<td style=\"text-align: left;\">Vendu par<\/td>\n<td>www.binaa.ma<\/td>\n<\/tr>\n<\/tbody>\n<\/table>\n<p class=\"p1\">\u00a0<\/p>\n<p class=\"p1\">La sonnette intelligente Tuya Smart Wi-fi Doorbell 1080p IP65 est l&#8217;accessoire de s\u00e9curit\u00e9 ultime pour votre maison. Avec cette sonnette connect\u00e9e, vous savez toujours qui est \u00e0 votre porte, o\u00f9 que vous soyez.<\/p>\n<p class=\"p1\">D\u00e8s que votre visiteur sonne \u00e0 la porte, vous recevez une notification push sur votre smartphone. M\u00eame avec la d\u00e9tection de mouvement activ\u00e9e, lorsque quelqu&#8217;un s&#8217;approche de votre porte d&#8217;entr\u00e9e, vous recevez une notification push sur votre smartphone.<\/p>\n<p class=\"p1\">Vous pouvez ensuite lancer un appel vid\u00e9o, demander \u00e0 d\u00e9poser un produit achet\u00e9 en ligne chez vos voisins ou dire que vous n&#8217;\u00eates pas chez vous ou m\u00eame dire que vous n&#8217;\u00eates pas int\u00e9ress\u00e9 par l&#8217;achat d&#8217;un produit, le tout sans ouvrir la porte.<\/p>\n<p class=\"p1\">Cette sonnette intelligente\u00a0est plug-and-play, vous pouvez la connecter directement \u00e0 votre r\u00e9seau domestique sans utiliser de passerelle ou de concentrateur. Elle peut \u00eatre aliment\u00e9e par batterie et rechargeable ou connect\u00e9e \u00e0 votre r\u00e9seau d&#8217;appel existant.<\/p>\n<p class=\"p1\">Elle dispose de notifications instantan\u00e9es (option pour d\u00e9sactiver la notification de mouvement) et audio bidirectionnel via le haut-parleur et le microphone int\u00e9gr\u00e9s.<\/p>\n<p class=\"p1\">Regardez ce qui se passe \u00e0 votre porte d&#8217;entr\u00e9e, en Full HD 1080P, o\u00f9 que vous soyez avec l\u2019application mobile Tuya Smart disponible sur le Apple Store et sur le Google Play Store. L&#8217;image en direct est claire, m\u00eame de nuit, gr\u00e2ce \u00e0 la vision nocturne infrarouge jusqu&#8217;\u00e0 10 m\u00e8tres.<\/p>\n<p class=\"p1\">Vous pouvez prendre une photo ou un film en Full HD et les enregistrer via votre smartphone ou prendre automatiquement une photo ou enregistrer une vid\u00e9o lorsque quelqu&#8217;un sonne \u00e0 la porte.<\/p>\n<p class=\"p1\">La sonnette intelligente Tuya Smart Wi-fi Doorbell 1080p IP65 est prot\u00e9g\u00e9e contre les intemp\u00e9ries avec une \u00e9tanch\u00e9it\u00e9 IP54. Elle peut \u00eatre associ\u00e9e \u00e0 d&#8217;autres produits connect\u00e9es pour des fonctionnalit\u00e9s suppl\u00e9mentaires comme faire clignoter les lampes 3x lorsque quelqu&#8217;un sonne \u00e0 la porte ou allumer vos lumi\u00e8res dans le hall le soir lorsque vous approchez de votre porte d&#8217;entr\u00e9e.<\/p>\n<p class=\"p1\">Elle est \u00e9galement compatible avec Google Home ou Amazon Alexa pour diffuser l&#8217;image en direct sur un appareil compatible en utilisant votre assistant vocal. Commandez d\u00e8s maintenant pour b\u00e9n\u00e9ficier d&#8217;une surveillance \u00e0 distance de votre maison en toutes circonstances avec la Sonnette Intelligente Tuya Smart Wi-fi Doorbell 1080p IP65.<span class=\"Apple-converted-space\">\u00a0<\/span><\/p>\n<p class=\"p1\">Obtenez la tranquillit\u00e9 d&#8217;esprit en sachant qui est \u00e0 votre porte \u00e0 tout moment, et prenez des d\u00e9cisions \u00e9clair\u00e9es en temps r\u00e9el avec les fonctionnalit\u00e9s avanc\u00e9es de surveillance et de communication de cette sonnette vid\u00e9o intelligente. Commandez d\u00e8s maintenant et profitez de la tranquillit\u00e9 d&#8217;esprit de savoir que votre maison est en s\u00e9curit\u00e9, o\u00f9 que vous soyez.<\/p>\n<p class=\"p1\">Avec cette sonnette connect\u00e9e, vous pouvez \u00eatre s\u00fbr que vous ne manquerez jamais un visiteur important et vous serez en mesure de r\u00e9pondre rapidement \u00e0 toute situation d&#8217;urgence. Commandez d\u00e8s maintenant pour b\u00e9n\u00e9ficier de la meilleure technologie de s\u00e9curit\u00e9 pour votre maison.<\/p>\n<p>Voici quelques exemples d&#8217;utilisation de la sonnette intelligente <meta charset=\"utf-8\"><span>Tuya Smart Wi-fi Doorbell<\/span>:<\/p>\n<ol>\n<li>Recevez des notifications push lorsque quelqu&#8217;un sonne \u00e0 votre porte ou s&#8217;approche de votre porte d&#8217;entr\u00e9e, puis utilisez l&#8217;appel vid\u00e9o pour v\u00e9rifier qui est \u00e0 la porte avant de l&#8217;ouvrir.<\/li>\n<li>Demandez \u00e0 vos livreurs de d\u00e9poser les colis chez vos voisins ou dites-leur que vous n&#8217;\u00eates pas chez vous lorsqu&#8217;ils sonnent \u00e0 la porte.<\/li>\n<li>\u00c9vitez les d\u00e9marchages commerciaux, dites aux vendeurs \u00e0 domicile que vous n&#8217;\u00eates pas int\u00e9ress\u00e9 par l&#8217;achat de produits en utilisant l&#8217;appel vid\u00e9o sans avoir \u00e0 ouvrir la porte.<\/li>\n<li>Surveillez votre maison en temps r\u00e9el, regardez ce qui se passe \u00e0 votre porte d&#8217;entr\u00e9e \u00e0 distance en utilisant l&#8217;application mobile Tuya Smart.<\/li>\n<li>Utilisez la sonnette connect\u00e9e avec d&#8217;autres produits connect\u00e9s pour des fonctionnalit\u00e9s suppl\u00e9mentaires comme faire clignoter les lampes lorsque quelqu&#8217;un sonne \u00e0 la porte ou allumer les lumi\u00e8res dans le hall le soir.<\/li>\n<li>Utilisez la sonnette intelligente avec Google Home ou Amazon Alexa pour diffuser l&#8217;image en direct sur un appareil compatible en utilisant votre assistant vocal.<\/li>\n<\/ol>\n<p class=\"p1\">Voici les points forts et caract\u00e9ristiques cl\u00e9s de la<span class=\"Apple-converted-space\">\u00a0s<\/span>onnette intelligente Smart Wi-Fi Doorbell [TUYA]:<\/p>\n<ul>\n<li>Image en direct en Full HD<\/li>\n<li>Cam\u00e9ra 1080 MP pour une surveillance en haute d\u00e9finition<\/li>\n<li>Enregistrement photo et vid\u00e9o<\/li>\n<li>Appel vid\u00e9o<\/li>\n<li>Compatibilit\u00e9 avec les assistants vocaux<\/li>\n<li>Vision nocturne infrarouge<\/li>\n<li>Audio bidirectionnel<\/li>\n<li>\u00c9tanch\u00e9it\u00e9 IP65<\/li>\n<li>D\u00e9tection de mouvement<\/li>\n<li>Surveillance \u00e0 distance via l&#8217;application mobile<\/li>\n<li>Notification instantan\u00e9e<\/li>\n<li>Facilit\u00e9 d&#8217;utilisation<\/li>\n<\/ul>\n<p class=\"p1\">Voici le contenu de l&#8217;emballage de la<span class=\"Apple-converted-space\">\u00a0s<\/span>onnette intelligente Smart Wi-Fi Doorbell [TUYA]:<\/p>\n<ul>\n<li>\n<meta charset=\"utf-8\"> <meta charset=\"utf-8\"> <span>1 x\u00a0<\/span><span>Sonnette intelligente Tuya Smart Wi-fi Doorbell<\/span>\n<\/li>\n<li><span><meta charset=\"utf-8\"> <meta charset=\"utf-8\">1 x\u00a0<meta charset=\"utf-8\">Carillon int\u00e9rieur\u00a0<meta charset=\"utf-8\">Tuya Smart Wi-fi Doorbell<\/span><\/li>\n<li><span>2 x Batteries 18650 lithium-ion rechargeables 18mm<\/span><\/li>\n<li>\n<meta charset=\"utf-8\"> <span>1 x <meta charset=\"utf-8\">C\u00e2ble USB<\/span>\n<\/li>\n<li>\n<span>1 x Pack de v<\/span>is et chevilles pour l&#8217;installation<\/li>\n<li>\n<meta charset=\"utf-8\"> <span>1 x\u00a0<\/span>Guide d&#8217;installation et d&#8217;utilisation\u00a0\n<\/li>\n<\/ul>\n","protected":false},"excerpt":{"rendered":"<p>\u00a0 Marque TUYA Cam\u00e9ra 1080p Audio Bidirectionnel via haut-parleur et microphone int\u00e9gr\u00e9s Vision nocturne Infrarouge jusqu'\u00e0 10 m\u00e8tres D\u00e9tection de<\/p>","protected":false},"featured_media":32592,"comment_status":"open","ping_status":"closed","template":"","meta":[],"product_brand":[],"product_cat":[23],"product_tag":[911,913,918,919,920,921,1156,1157],"class_list":{"0":"post-32159","1":"product","2":"type-product","3":"status-publish","4":"has-post-thumbnail","6":"product_cat-default","7":"product_tag-accessoires-de-domotique","8":"product_tag-appareils-connectes","9":"product_tag-maison-intelligente","10":"product_tag-outils-pour-la-domotique","11":"product_tag-smart-home","12":"product_tag-solutions-de-maison-intelligente","13":"product_tag-sonnettes-intelligentes","14":"product_tag-visiophones-connectes","16":"first","17":"instock","18":"sale","19":"shipping-taxable","20":"purchasable","21":"product-type-variable"},"jetpack_sharing_enabled":true,"_links":{"self":[{"href":"https:\/\/e-maestros.ma\/fr\/wp-json\/wp\/v2\/product\/32159","targetHints":{"allow":["GET"]}}],"collection":[{"href":"https:\/\/e-maestros.ma\/fr\/wp-json\/wp\/v2\/product"}],"about":[{"href":"https:\/\/e-maestros.ma\/fr\/wp-json\/wp\/v2\/types\/product"}],"replies":[{"embeddable":true,"href":"https:\/\/e-maestros.ma\/fr\/wp-json\/wp\/v2\/comments?post=32159"}],"version-history":[{"count":0,"href":"https:\/\/e-maestros.ma\/fr\/wp-json\/wp\/v2\/product\/32159\/revisions"}],"wp:featuredmedia":[{"embeddable":true,"href":"https:\/\/e-maestros.ma\/fr\/wp-json\/wp\/v2\/media\/32592"}],"wp:attachment":[{"href":"https:\/\/e-maestros.ma\/fr\/wp-json\/wp\/v2\/media?parent=32159"}],"wp:term":[{"taxonomy":"product_brand","embeddable":true,"href":"https:\/\/e-maestros.ma\/fr\/wp-json\/wp\/v2\/product_brand?post=32159"},{"taxonomy":"product_cat","embeddable":true,"href":"https:\/\/e-maestros.ma\/fr\/wp-json\/wp\/v2\/product_cat?post=32159"},{"taxonomy":"product_tag","embeddable":true,"href":"https:\/\/e-maestros.ma\/fr\/wp-json\/wp\/v2\/product_tag?post=32159"}],"curies":[{"name":"wp","href":"https:\/\/api.w.org\/{rel}","templated":true}]}}