{"id":33235,"date":"2026-04-29T16:22:50","date_gmt":"2026-04-29T16:22:50","guid":{"rendered":"https:\/\/e-maestros.ma\/?post_type=product&#038;p=33235"},"modified":"2026-04-29T16:31:53","modified_gmt":"2026-04-29T16:31:53","slug":"lecteur-et-copieur-rfid125khz13-56mhzprogremmeur-usbnfc-intelligent10-frequences","status":"publish","type":"product","link":"https:\/\/e-maestros.ma\/fr\/boutique\/controle-dacces\/lecteurs-de-badges-rfid\/lecteur-et-copieur-rfid125khz13-56mhzprogremmeur-usbnfc-intelligent10-frequences\/","title":{"rendered":"Lecteur et copieur RFID,125KHz,13.56MHz,Progremmeur USB,NFC intelligent,10 fr\u00e9quences"},"content":{"rendered":"<p>Le NFC Smart Card Reader Writer est un appareil professionnel con\u00e7u pour lire, \u00e9crire et copier les cartes intelligentes (NFC\/RFID) avec rapidit\u00e9 et pr\u00e9cision. Gr\u00e2ce \u00e0 son \u00e9cran couleur de 2,8 pouces et son clavier int\u00e9gr\u00e9, il offre une utilisation simple et intuitive.<br \/>\nCet appareil est id\u00e9al pour :<br \/>\nLes syst\u00e8mes de contr\u00f4le d\u2019acc\u00e8s<br \/>\nLa gestion de pr\u00e9sence<br \/>\nLa programmation de cartes NFC\/RFID<br \/>\nLes projets de s\u00e9curit\u00e9 et de surveillance<br \/>\n\u2714\ufe0f Utilisation facile<br \/>\n\u2714\ufe0f Lecture et \u00e9criture rapides<br \/>\n\u2714\ufe0f Compatible avec plusieurs types de cartes<\/p>\n<p>Type : Lecteur \/ \u00c9crivain de cartes NFC<br \/>\n\u00c9cran : 2.8 pouces couleur HD<br \/>\nFr\u00e9quences support\u00e9es :<br \/>\n125KHz \/ 250KHz \/ 375KHz \/ 500KHz \/ 625KHz \/ 750KHz \/ 875KHz \/ 1000KHz<br \/>\nCartes compatibles : HID, IC, RFID<br \/>\nAlimentation : 4 piles AAA<br \/>\nFonctionnalit\u00e9s : Lecture \/ \u00c9criture \/ Copie de cartes<br \/>\nInterface : Clavier + \u00e9cran<br \/>\nLogiciel : D\u00e9codage int\u00e9gr\u00e9<br \/>\nUtilisation : S\u00e9curit\u00e9, contr\u00f4le d\u2019acc\u00e8s, duplication de cartes<\/p>","protected":false},"excerpt":{"rendered":"<p>Lecteur carte NFC professionnel pour lire, \u00e9crire et copier les cartes RFID facilement. Id\u00e9al pour contr\u00f4le d\u2019acc\u00e8s et syst\u00e8mes de s\u00e9curit\u00e9.<\/p>","protected":false},"featured_media":33236,"comment_status":"open","ping_status":"closed","template":"","meta":[],"product_brand":[],"product_cat":[871],"product_tag":[],"class_list":{"0":"post-33235","1":"product","2":"type-product","3":"status-publish","4":"has-post-thumbnail","6":"product_cat-lecteurs-de-badges-rfid","8":"first","9":"instock","10":"sale","11":"shipping-taxable","12":"purchasable","13":"product-type-simple"},"jetpack_sharing_enabled":true,"_links":{"self":[{"href":"https:\/\/e-maestros.ma\/fr\/wp-json\/wp\/v2\/product\/33235","targetHints":{"allow":["GET"]}}],"collection":[{"href":"https:\/\/e-maestros.ma\/fr\/wp-json\/wp\/v2\/product"}],"about":[{"href":"https:\/\/e-maestros.ma\/fr\/wp-json\/wp\/v2\/types\/product"}],"replies":[{"embeddable":true,"href":"https:\/\/e-maestros.ma\/fr\/wp-json\/wp\/v2\/comments?post=33235"}],"version-history":[{"count":1,"href":"https:\/\/e-maestros.ma\/fr\/wp-json\/wp\/v2\/product\/33235\/revisions"}],"predecessor-version":[{"id":33240,"href":"https:\/\/e-maestros.ma\/fr\/wp-json\/wp\/v2\/product\/33235\/revisions\/33240"}],"wp:featuredmedia":[{"embeddable":true,"href":"https:\/\/e-maestros.ma\/fr\/wp-json\/wp\/v2\/media\/33236"}],"wp:attachment":[{"href":"https:\/\/e-maestros.ma\/fr\/wp-json\/wp\/v2\/media?parent=33235"}],"wp:term":[{"taxonomy":"product_brand","embeddable":true,"href":"https:\/\/e-maestros.ma\/fr\/wp-json\/wp\/v2\/product_brand?post=33235"},{"taxonomy":"product_cat","embeddable":true,"href":"https:\/\/e-maestros.ma\/fr\/wp-json\/wp\/v2\/product_cat?post=33235"},{"taxonomy":"product_tag","embeddable":true,"href":"https:\/\/e-maestros.ma\/fr\/wp-json\/wp\/v2\/product_tag?post=33235"}],"curies":[{"name":"wp","href":"https:\/\/api.w.org\/{rel}","templated":true}]}}